{"id":1018601,"date":"2024-06-17T15:18:33","date_gmt":"2024-06-17T07:18:33","guid":{"rendered":"https:\/\/vimaterial.de\/product\/vanadate-de-strontium\/"},"modified":"2025-09-18T11:19:22","modified_gmt":"2025-09-18T03:19:22","slug":"vanadate-de-strontium","status":"publish","type":"product","link":"https:\/\/vimaterial.de\/fr\/product\/vanadate-de-strontium\/","title":{"rendered":"Vanadate de strontium"},"content":{"rendered":"<h2><span style=\"font-size: 14pt;\">Pr\u00e9sentation du produit\u00a0: cible de pulv\u00e9risation cathodique en vanadate de strontium (Sr\u2082V\u2082O\u2087)<\/span><\/h2>\n<p>La cible de pulv\u00e9risation cathodique en <span style=\"color: #0000ff;\"><a style=\"color: #0000ff;\" href=\"https:\/\/vimaterial.de\/fr\/search\/?type=name&#038;keyword=Sr%E2%82%82V%E2%82%82O%E2%82%87\">vanadate de strontium<\/a> <\/span>est un oxyde inorganique de haute puret\u00e9, couramment utilis\u00e9 pour le d\u00e9p\u00f4t de couches minces, les rev\u00eatements optiques et la fabrication de dispositifs \u00e9lectroniques de pointe. Sa structure cristalline unique en vanadate lui conf\u00e8re d&#8217;excellentes propri\u00e9t\u00e9s optiques et \u00e9lectriques, ce qui la rend id\u00e9ale pour les applications dans les c\u00e9ramiques fonctionnelles et les couches minces opto\u00e9lectroniques.<\/p>\n<h2><span style=\"font-size: 14pt;\">Sp\u00e9cifications techniques du vanadate de strontium<\/span><\/h2>\n<table style=\"border-collapse: collapse; width: 41.8884%;\">\n<tbody>\n<tr>\n<td style=\"width: 14.8871%; text-align: center;\">Article<\/td>\n<td style=\"width: 27.002%; text-align: center;\">Param\u00e8tre<\/td>\n<\/tr>\n<tr>\n<td style=\"width: 14.8871%; text-align: center;\">Formule chimique<\/td>\n<td style=\"width: 27.002%; text-align: center;\">Sr\u2082V\u2082O\u2087<\/td>\n<\/tr>\n<tr>\n<td style=\"width: 14.8871%; text-align: center;\">Puret\u00e9<\/td>\n<td style=\"width: 27.002%; text-align: center;\">99,9 %<\/td>\n<\/tr>\n<tr>\n<td style=\"width: 14.8871%; text-align: center;\">Morphologie<\/td>\n<td style=\"width: 27.002%; text-align: center;\">Cible ronde \/ Cible carr\u00e9e \/ Personnalis\u00e9e<\/td>\n<\/tr>\n<tr>\n<td style=\"width: 14.8871%; text-align: center;\">Densit\u00e9<\/td>\n<td style=\"width: 27.002%; text-align: center;\">\u2265 95 % de densit\u00e9 th\u00e9orique<\/td>\n<\/tr>\n<tr>\n<td style=\"width: 14.8871%; text-align: center;\">Dimensions<\/td>\n<td style=\"width: 27.002%; text-align: center;\">Personnalisable<\/td>\n<\/tr>\n<tr>\n<td style=\"width: 14.8871%; text-align: center;\">Plaque de support<\/td>\n<td style=\"width: 27.002%; text-align: center;\">En option<\/td>\n<\/tr>\n<\/tbody>\n<\/table>\n<h2><span style=\"font-size: 14pt;\">Avantages des cibles de pulv\u00e9risation Sr\u2082V\u2082O\u2087 de VIMATERIAL<\/span><\/h2>\n<p><strong>Excellente stabilit\u00e9 cristalline\u00a0:<\/strong> Performances fiables dans des conditions de pulv\u00e9risation \u00e0 haute temp\u00e9rature, garantissant une qualit\u00e9 de couche mince uniforme.<\/p>\n<p><strong>Hautes performances optiques\u00a0:<\/strong> Am\u00e9liore la transmittance et la r\u00e9flectivit\u00e9 des couches optiques, r\u00e9duisant ainsi les pertes optiques.<\/p>\n<p><strong>Excellentes propri\u00e9t\u00e9s \u00e9lectriques\u00a0:<\/strong> Convient au d\u00e9p\u00f4t de couches minces de c\u00e9ramiques fonctionnelles et de composants opto\u00e9lectroniques.<\/p>\n<p><strong>Haute densit\u00e9 et faible porosit\u00e9\u00a0:<\/strong> R\u00e9duit les projections et la contamination particulaire, convient aux \u00e9quipements de pulv\u00e9risation plan\u00e9taire et rotative.<\/p>\n<p><strong>Tailles et formes personnalisables\u00a0:<\/strong> Compatible avec les cibles rondes et carr\u00e9es, ainsi que les sp\u00e9cifications sp\u00e9cifiques, avec options de plaque de support.<\/p>\n<p><strong>Approvisionnement stable \u00e0 long terme\u00a0:<\/strong> Des syst\u00e8mes de production et de contr\u00f4le qualit\u00e9 \u00e9prouv\u00e9s garantissent la coh\u00e9rence des lots.<\/p>\n<h2><span style=\"font-size: 14pt;\">Principales applications des cibles en vanadate de strontium<\/span><\/h2>\n<p><strong>Couches minces semi-conductrices\u00a0:<\/strong> Utilis\u00e9es pour le d\u00e9p\u00f4t de couches minces dans les dispositifs \u00e9lectroniques et micro\u00e9lectroniques.<\/p>\n<p><strong><span style=\"color: #0000ff;\"><a style=\"color: #0000ff;\" href=\"https:\/\/en.wikipedia.org\/wiki\/Optical_coating\" rel=\"nofollow noopener\" target=\"_blank\">Rev\u00eatements optiques<\/a><\/span>\u00a0:<\/strong> Am\u00e9liorent les performances optiques des filtres optiques, des films transmissifs et des films r\u00e9fl\u00e9chissants. C\u00e9ramiques fonctionnelles\u00a0: Le Sr\u2082V\u2082O\u2087, un mat\u00e9riau \u00e0 base de vanadate, pr\u00e9sente une excellente stabilit\u00e9 thermique.<\/p>\n<p><strong>Dispositifs \u00e9lectro-optiques\u00a0:<\/strong> Utilis\u00e9 dans les lasers, les capteurs et les dispositifs de conversion photo\u00e9lectrique.<\/p>\n<h2><span style=\"font-size: 14pt;\">Emballage et livraison des cibles de pulv\u00e9risation cathodique en vanadate de strontium<\/span><\/h2>\n<p>Pour garantir la protection des cibles contre la contamination et les dommages pendant le transport, nous utilisons des emballages sous vide et r\u00e9sistants aux chocs et \u00e0 l&#8217;humidit\u00e9. Des fiches de donn\u00e9es de s\u00e9curit\u00e9 (FDS) et des rapports d&#8217;inspection qualit\u00e9 sont fournis.<\/p>\n<h2><span style=\"font-size: 14pt;\">Produits recommand\u00e9s<\/span><\/h2>\n<p><span style=\"color: #0000ff;\"><a style=\"color: #0000ff;\" href=\"https:\/\/vimaterial.de\/fr\/product\/titanate-de-strontium-oxyde-de-strontium-et-de-titane-2\/\">Cible de pulv\u00e9risation SrTiO\u2083<\/a><\/span><\/p>\n<p><span style=\"color: #0000ff;\"><a style=\"color: #0000ff;\" href=\"https:\/\/vimaterial.de\/fr\/product\/oxyde-de-vanadium-3\/\">Cible de pulv\u00e9risation V\u2082O\u2085<\/a><\/span><\/p>\n<p><span style=\"color: #0000ff;\"><a style=\"color: #0000ff;\" href=\"https:\/\/vimaterial.de\/fr\/product\/titanate-de-baryum-oxyde-de-baryum-et-de-titane-2\/\">Cible de pulv\u00e9risation BaTiO\u2083<\/a><\/span><\/p>\n<h2><span style=\"font-size: 14pt;\">Foire aux questions (FAQ) sur les cibles de pulv\u00e9risation Sr\u2082V\u2082O\u2087<\/span><\/h2>\n<h3><span style=\"font-size: 12pt;\">Q1\u00a0: Quels sont les niveaux de puret\u00e9 disponibles pour les cibles Sr\u2082V\u2082O\u2087\u00a0?<\/span><\/h3>\n<p>R1\u00a0: Nous proposons g\u00e9n\u00e9ralement un degr\u00e9 de puret\u00e9 \u00e9lev\u00e9 de 99,9\u00a0% et nous prenons en charge des exigences personnalis\u00e9es pour des puret\u00e9s sup\u00e9rieures.<\/p>\n<h3><span style=\"font-size: 12pt;\">Q2\u00a0: Proposez-vous des tailles ou des formes personnalis\u00e9es\u00a0?<\/span><\/h3>\n<p>R2\u00a0: Oui, nous pouvons personnaliser diff\u00e9rents diam\u00e8tres, \u00e9paisseurs et formes en fonction des besoins de nos clients en mati\u00e8re d&#8217;\u00e9quipement de rev\u00eatement.<\/p>\n<h3><span style=\"font-size: 12pt;\">Q3\u00a0: Quels types de plaques de support sont disponibles\u00a0?<\/span><\/h3>\n<p>R3\u00a0: Nous proposons diff\u00e9rentes options de plaques de support, notamment en Mo, Cu et Ti. Voir Options de plaques de support pour plus de d\u00e9tails.<\/p>\n<h2><span style=\"font-size: 14pt;\">Pourquoi nous choisir\u00a0?<\/span><\/h2>\n<h3><span style=\"font-size: 12pt;\">Choisir les cibles de pulv\u00e9risation cathodique Sr2V2O7 de VIMATERIAL offre les avantages suivants\u00a0:<\/span><\/h3>\n<p><strong>Haute puret\u00e9 garantie\u00a0:<\/strong> Nous proposons des cibles de pulv\u00e9risation cathodique Sr2V2O7 d&#8217;une puret\u00e9 de 99,9\u00a0% ou plus, garantissant la qualit\u00e9 et la r\u00e9gularit\u00e9 du d\u00e9p\u00f4t de couches minces.<\/p>\n<p><strong>Personnalisation\u00a0:<\/strong> Nous prenons en charge une vari\u00e9t\u00e9 de formes et de tailles, y compris des cibles rondes et carr\u00e9es, ainsi que des sp\u00e9cifications sp\u00e9cifiques. Diff\u00e9rentes plaques de support peuvent \u00eatre s\u00e9lectionn\u00e9es en fonction de l&#8217;\u00e9quipement du client.<\/p>\n<p><strong><span style=\"color: #0000ff;\"><a style=\"color: #0000ff;\" href=\"https:\/\/vimaterial.de\/fr\/controle-qualite\/\">Contr\u00f4le qualit\u00e9 rigoureux\u00a0<\/a><\/span>:<\/strong> Chaque lot de produits est soumis \u00e0 une mesure de densit\u00e9, une analyse de composition chimique et une inspection visuelle afin de garantir sa conformit\u00e9 aux normes internationales. Une fiche signal\u00e9tique compl\u00e8te et un rapport d&#8217;inspection qualit\u00e9 sont fournis.<\/p>\n<p><strong>Emballage s\u00fbr et fiable\u00a0:<\/strong> Un emballage sous vide, \u00e9tanche \u00e0 l&#8217;humidit\u00e9 et r\u00e9sistant aux chocs garantit l&#8217;int\u00e9grit\u00e9 des cibles pendant le transport.<\/p>\n<p><strong>Vaste exp\u00e9rience industrielle\u00a0:<\/strong> Forts de nombreuses ann\u00e9es d&#8217;exp\u00e9rience dans le domaine des cibles de pulv\u00e9risation cathodique, nous servons nos clients dans le monde entier et fournissons des conseils techniques et un<span style=\"color: #0000ff;\"><a style=\"color: #0000ff;\" href=\"https:\/\/vimaterial.de\/fr\/contact\/\"> service apr\u00e8s-vente.<\/a><\/span><\/p>\n","protected":false},"excerpt":{"rendered":"<p>La cible de pulv\u00e9risation cathodique en <span style=\"color: #0000ff;\"><a style=\"color: #0000ff;\" href=\"https:\/\/vimaterial.de\/fr\/search\/?type=name&#038;keyword=Sr%E2%82%82V%E2%82%82O%E2%82%87\">vanadate de strontium<\/a> <\/span>est un oxyde inorganique de haute puret\u00e9, couramment utilis\u00e9 pour le d\u00e9p\u00f4t de couches minces, les rev\u00eatements optiques et la fabrication de dispositifs \u00e9lectroniques de pointe. Sa structure cristalline unique en vanadate lui conf\u00e8re d&#8217;excellentes propri\u00e9t\u00e9s optiques et \u00e9lectriques, ce qui la rend id\u00e9ale pour les applications dans les c\u00e9ramiques fonctionnelles et les couches minces opto\u00e9lectroniques.<\/p>\n","protected":false},"featured_media":1004539,"comment_status":"open","ping_status":"closed","template":"","meta":{"_acf_changed":false},"product_brand":[],"product_cat":[235],"product_tag":[],"class_list":{"0":"post-1018601","1":"product","2":"type-product","3":"status-publish","4":"has-post-thumbnail","6":"product_cat-cibles-de-pulverisation-planaire","8":"first","9":"instock","10":"shipping-taxable","11":"product-type-variable"},"acf":[],"_links":{"self":[{"href":"https:\/\/vimaterial.de\/fr\/wp-json\/wp\/v2\/product\/1018601","targetHints":{"allow":["GET"]}}],"collection":[{"href":"https:\/\/vimaterial.de\/fr\/wp-json\/wp\/v2\/product"}],"about":[{"href":"https:\/\/vimaterial.de\/fr\/wp-json\/wp\/v2\/types\/product"}],"replies":[{"embeddable":true,"href":"https:\/\/vimaterial.de\/fr\/wp-json\/wp\/v2\/comments?post=1018601"}],"wp:featuredmedia":[{"embeddable":true,"href":"https:\/\/vimaterial.de\/fr\/wp-json\/wp\/v2\/media\/1004539"}],"wp:attachment":[{"href":"https:\/\/vimaterial.de\/fr\/wp-json\/wp\/v2\/media?parent=1018601"}],"wp:term":[{"taxonomy":"product_brand","embeddable":true,"href":"https:\/\/vimaterial.de\/fr\/wp-json\/wp\/v2\/product_brand?post=1018601"},{"taxonomy":"product_cat","embeddable":true,"href":"https:\/\/vimaterial.de\/fr\/wp-json\/wp\/v2\/product_cat?post=1018601"},{"taxonomy":"product_tag","embeddable":true,"href":"https:\/\/vimaterial.de\/fr\/wp-json\/wp\/v2\/product_tag?post=1018601"}],"curies":[{"name":"wp","href":"https:\/\/api.w.org\/{rel}","templated":true}]}}