{"id":1018571,"date":"2024-06-17T15:04:29","date_gmt":"2024-06-17T07:04:29","guid":{"rendered":"https:\/\/vimaterial.de\/product\/alliage-daluminium-et-de-zinc-3\/"},"modified":"2025-03-26T15:58:46","modified_gmt":"2025-03-26T07:58:46","slug":"alliage-daluminium-et-de-zinc-3","status":"publish","type":"product","link":"https:\/\/vimaterial.de\/fr\/product\/alliage-daluminium-et-de-zinc-3\/","title":{"rendered":"Alliage de zinc et d\u2019aluminium"},"content":{"rendered":"<p><span style=\"font-family: arial, helvetica, sans-serif; font-size: 12pt;\">La poudre alliage de zinc et d\u2019aluminium est un alliage pour lequel il n\u2019existe pas de formule mol\u00e9culaire unique ; il se compose principalement de zinc (Zn) et d\u2019aluminium (Al), et contient g\u00e9n\u00e9ralement de petites quantit\u00e9s d\u2019autres \u00e9l\u00e9ments.<\/span><\/p>\n<p><span style=\"font-family: arial, helvetica, sans-serif; font-size: 12pt;\">VIMATERIAL peut fournir un alliage d\u2019aluminium et de zinc dans divers emballages et sp\u00e9cifications, l\u2019alliage d\u2019aluminium et de zinc produit par notre soci\u00e9t\u00e9 pr\u00e9sente les caract\u00e9ristiques d\u2019une grande puret\u00e9 et d\u2019une excellente qualit\u00e9, et la r\u00e9ponse de nos clients au produit est tr\u00e8s bonne. <\/span><\/p>\n<p><span style=\"font-family: arial, helvetica, sans-serif; font-size: 12pt;\">Il poss\u00e8de les propri\u00e9t\u00e9s de stabilit\u00e9 chimique et de r\u00e9sistance \u00e0 l\u2019oxydation, et joue un r\u00f4le indispensable dans la production industrielle pratique. Il a une stabilit\u00e9 chimique et des propri\u00e9t\u00e9s antioxydantes, et joue un r\u00f4le indispensable dans la production industrielle pratique. <\/span><\/p>\n<p><a href=\"https:\/\/vimaterial.de\/fr\/contact\/\"><span style=\"font-family: arial, helvetica, sans-serif; font-size: 12pt; color: #0000ff;\">Contactez-nous.<\/span><\/a><\/p>\n<h2><span style=\"font-family: arial, helvetica, sans-serif; font-size: 14pt;\">Propri\u00e9t\u00e9s physiques\u00a0:<\/span><\/h2>\n<p><span style=\"font-family: arial, helvetica, sans-serif; font-size: 12pt;\">Formule mol\u00e9culaire : ZnAl<\/span><\/p>\n<p><span style=\"font-family: arial, helvetica, sans-serif; font-size: 12pt;\">Apparence et morphologie : La poudre d\u2019alliage zinc-aluminium a une vari\u00e9t\u00e9 d\u2019apparence et de morphologie, les plus courantes sont sph\u00e9riques, floconneuses, en forme d\u2019aiguilles, etc.<\/span><\/p>\n<p><span style=\"font-family: arial, helvetica, sans-serif; font-size: 12pt;\">Densit\u00e9 : Les poudres d\u2019alliage zinc-aluminium ont une densit\u00e9 relativement faible, g\u00e9n\u00e9ralement entre 2,5 et 6,0 g\/cm\u00b3.<\/span><\/p>\n<p><span style=\"font-family: arial, helvetica, sans-serif; font-size: 12pt;\">Point de fusion : Les alliages zinc-aluminium ont un point de fusion relativement bas, g\u00e9n\u00e9ralement entre 300 et 400 \u00b0C.<\/span><\/p>\n<h2><span style=\"font-family: arial, helvetica, sans-serif; font-size: 14pt;\">Application:<\/span><\/h2>\n<p><span style=\"font-family: arial, helvetica, sans-serif; font-size: 12pt;\">Domaine des rev\u00eatements : la poudre d\u2019alliage zinc-aluminium peut \u00eatre utilis\u00e9e comme charge dans les rev\u00eatements anticorrosion pour prot\u00e9ger les structures m\u00e9talliques de la corrosion.<\/span><\/p>\n<p><span style=\"font-family: arial, helvetica, sans-serif; font-size: 12pt;\">Domaine de soudage : La poudre d\u2019alliage zinc-aluminium peut \u00eatre utilis\u00e9e comme mat\u00e9riau de soudage pour le soudage de m\u00e9taux tels que l\u2019aluminium et le zinc.<\/span><\/p>\n<p><span style=\"font-family: arial, helvetica, sans-serif; font-size: 12pt;\">Domaine de la m\u00e9tallurgie des poudres : La poudre d\u2019alliage zinc-aluminium peut \u00eatre pr\u00e9par\u00e9e en diverses pi\u00e8ces, telles que des engrenages, des roulements, des curseurs, etc., par proc\u00e9d\u00e9 de m\u00e9tallurgie des poudres.<\/span><\/p>\n<p><span style=\"font-family: arial, helvetica, sans-serif; font-size: 12pt;\">Domaine \u00e9lectronique : Dans le domaine \u00e9lectronique, la poudre d\u2019alliage zinc-aluminium peut \u00eatre utilis\u00e9e pour pr\u00e9parer des p\u00e2tes \u00e9lectroniques, des adh\u00e9sifs conducteurs et d\u2019autres mat\u00e9riaux pour l\u2019encapsulation et la connexion de composants \u00e9lectroniques.<\/span><\/p>\n<h2><span style=\"font-family: arial, helvetica, sans-serif; font-size: 14pt;\">Emballage et stockage :<\/span><\/h2>\n<p><span style=\"font-family: arial, helvetica, sans-serif; font-size: 12pt;\">L\u2019emballage peut \u00eatre personnalis\u00e9. Les mat\u00e9riaux en poudre peuvent \u00eatre emball\u00e9s dans des sacs sous vide, des bocaux sous vide, des bouteilles sous vide, etc. <\/span><\/p>\n<p><span style=\"font-family: arial, helvetica, sans-serif; font-size: 12pt;\">Les mat\u00e9riaux en poudre sont stock\u00e9s au sec et emball\u00e9s dans des emballages scell\u00e9s pour assurer la stabilit\u00e9 du mat\u00e9riau.<\/span><\/p>\n<h2><span style=\"font-family: arial, helvetica, sans-serif; font-size: 14pt;\">Contr\u00f4le qualit\u00e9:<\/span><\/h2>\n<p><span style=\"font-family: arial, helvetica, sans-serif; font-size: 12pt;\">Chaque lot de marchandises est accompagn\u00e9 d\u2019un certificat d\u2019authenticit\u00e9 et d\u2019un rapport d\u2019analyse, les marchandises sont toutes qualifi\u00e9es, soyez assur\u00e9 que la commande.<\/span><\/p>\n","protected":false},"excerpt":{"rendered":"<p><span style=\"font-family: arial, helvetica, sans-serif; font-size: 12pt;\">La poudre alliage de zinc et d\u2019aluminium est un alliage pour lequel il n\u2019existe pas de formule mol\u00e9culaire unique ; il se compose principalement de zinc (Zn) et d\u2019aluminium (Al), et contient g\u00e9n\u00e9ralement de petites quantit\u00e9s d\u2019autres \u00e9l\u00e9ments.<\/span><\/p>\n<p><span style=\"font-family: arial, helvetica, sans-serif; font-size: 12pt;\">VIMATERIAL peut fournir un alliage d\u2019aluminium et de zinc dans divers emballages et sp\u00e9cifications, l\u2019alliage d\u2019aluminium et de zinc produit par notre soci\u00e9t\u00e9 pr\u00e9sente les caract\u00e9ristiques d\u2019une grande puret\u00e9 et d\u2019une excellente qualit\u00e9, et la r\u00e9ponse de nos clients au produit est tr\u00e8s bonne.<\/span><\/p>\n","protected":false},"featured_media":1003524,"comment_status":"open","ping_status":"closed","template":"","meta":{"_acf_changed":false},"product_brand":[],"product_cat":[250],"product_tag":[],"class_list":{"0":"post-1018571","1":"product","2":"type-product","3":"status-publish","4":"has-post-thumbnail","6":"product_cat-poudre-de-metal-pur-et-dalliage","8":"first","9":"instock","10":"shipping-taxable","11":"purchasable","12":"product-type-variable"},"acf":[],"_links":{"self":[{"href":"https:\/\/vimaterial.de\/fr\/wp-json\/wp\/v2\/product\/1018571","targetHints":{"allow":["GET"]}}],"collection":[{"href":"https:\/\/vimaterial.de\/fr\/wp-json\/wp\/v2\/product"}],"about":[{"href":"https:\/\/vimaterial.de\/fr\/wp-json\/wp\/v2\/types\/product"}],"replies":[{"embeddable":true,"href":"https:\/\/vimaterial.de\/fr\/wp-json\/wp\/v2\/comments?post=1018571"}],"wp:featuredmedia":[{"embeddable":true,"href":"https:\/\/vimaterial.de\/fr\/wp-json\/wp\/v2\/media\/1003524"}],"wp:attachment":[{"href":"https:\/\/vimaterial.de\/fr\/wp-json\/wp\/v2\/media?parent=1018571"}],"wp:term":[{"taxonomy":"product_brand","embeddable":true,"href":"https:\/\/vimaterial.de\/fr\/wp-json\/wp\/v2\/product_brand?post=1018571"},{"taxonomy":"product_cat","embeddable":true,"href":"https:\/\/vimaterial.de\/fr\/wp-json\/wp\/v2\/product_cat?post=1018571"},{"taxonomy":"product_tag","embeddable":true,"href":"https:\/\/vimaterial.de\/fr\/wp-json\/wp\/v2\/product_tag?post=1018571"}],"curies":[{"name":"wp","href":"https:\/\/api.w.org\/{rel}","templated":true}]}}