{"id":1018328,"date":"2024-06-17T15:04:29","date_gmt":"2024-06-17T07:04:29","guid":{"rendered":"https:\/\/vimaterial.de\/product\/alliage-daluminium-et-de-zinc-2\/"},"modified":"2025-03-26T15:10:35","modified_gmt":"2025-03-26T07:10:35","slug":"alliage-daluminium-et-de-zinc-2","status":"publish","type":"product","link":"https:\/\/vimaterial.de\/fr\/product\/alliage-daluminium-et-de-zinc-2\/","title":{"rendered":"Alliage de zinc et d\u2019aluminium"},"content":{"rendered":"<p><span style=\"font-family: arial, helvetica, sans-serif; font-size: 12pt;\">Alliage de zinc et d&#8217;aluminium est une cible de pulv\u00e9risation en alliage importante avec de nombreuses propri\u00e9t\u00e9s et une large gamme d\u2019applications.<\/span><\/p>\n<p><span style=\"font-family: arial, helvetica, sans-serif; font-size: 12pt;\">VIMATERIAL peut fournir une cible en alliage d\u2019aluminium et de zinc dans divers emballages et sp\u00e9cifications, elle produite par notre soci\u00e9t\u00e9 pr\u00e9sente les caract\u00e9ristiques d\u2019une grande puret\u00e9 et d\u2019une excellente qualit\u00e9, et la r\u00e9ponse de nos clients \u00e0 ce produit est tr\u00e8s bonne. Il pr\u00e9sente une grande puret\u00e9 et d\u2019excellentes propri\u00e9t\u00e9s de pulv\u00e9risation, indispensables dans la production industrielle pratique.<\/span><\/p>\n<p><span style=\"color: #0000ff;\"><a style=\"color: #0000ff;\" href=\"https:\/\/vimaterial.de\/fr\/contact\/\">Contactez-nous.<\/a><\/span><\/p>\n<h2><span style=\"font-family: arial, helvetica, sans-serif; font-size: 14pt;\">Propri\u00e9t\u00e9s physiques\u00a0:<\/span><\/h2>\n<p><span style=\"font-family: arial, helvetica, sans-serif; font-size: 12pt;\">Apparence\u00a0: G\u00e9n\u00e9ralement des granules gris argent\u00e9 ou blanc cass\u00e9.<\/span><\/p>\n<p><span style=\"font-family: arial, helvetica, sans-serif; font-size: 12pt;\">Densit\u00e9 : La densit\u00e9 est comprise entre celle du zinc et de l\u2019aluminium. La densit\u00e9 des particules d\u2019alliage zinc-aluminium varie avec le rapport zinc\/aluminium. <\/span><\/p>\n<p><span style=\"font-family: arial, helvetica, sans-serif; font-size: 12pt;\">Point de fusion : Il a un point de fusion plus bas que le zinc pur.<\/span><\/p>\n<h2><span style=\"font-family: arial, helvetica, sans-serif; font-size: 14pt;\">Application:<\/span><\/h2>\n<p><span style=\"font-family: arial, helvetica, sans-serif; font-size: 12pt;\">Industrie \u00e9lectronique\u00a0: Dans la fabrication de circuits int\u00e9gr\u00e9s \u00e0 semi-conducteurs, les cibles en alliage de zinc et d\u2019aluminium peuvent \u00eatre utilis\u00e9es pour pr\u00e9parer des films conducteurs.<\/span><\/p>\n<p><span style=\"font-family: arial, helvetica, sans-serif; font-size: 12pt;\">Champ optique : il peut \u00eatre utilis\u00e9 pour la pr\u00e9paration de films optiques, tels que le film d\u2019am\u00e9lioration de la transmittance et le film r\u00e9fl\u00e9chissant.<\/span><\/p>\n<p><span style=\"font-family: arial, helvetica, sans-serif; font-size: 12pt;\">Champ de l\u2019\u00e9nergie solaire\u00a0: dans la fabrication de cellules solaires, les cibles en alliage de zinc et d\u2019aluminium peuvent \u00eatre utilis\u00e9es dans la pr\u00e9paration des cellules solaires.<\/span><\/p>\n<p><span style=\"font-family: arial, helvetica, sans-serif; font-size: 12pt;\">Domaine de rev\u00eatement d\u00e9coratif : Il peut \u00eatre utilis\u00e9 pour le rev\u00eatement d\u00e9coratif \u00e0 la surface du m\u00e9tal, du verre, de la c\u00e9ramique et d\u2019autres mat\u00e9riaux.<\/span><\/p>\n<h2><span style=\"font-family: arial, helvetica, sans-serif; font-size: 14pt;\">Emballage et stockage :<\/span><\/h2>\n<p><span style=\"font-family: arial, helvetica, sans-serif; font-size: 12pt;\">L\u2019emballage et le stockage des mat\u00e9riaux cibles seront effectu\u00e9s en stricte conformit\u00e9 avec les exigences pertinentes, en s\u00e9lectionnant des mat\u00e9riaux d\u2019emballage et des conditions de stockage appropri\u00e9s, en adoptant des m\u00e9thodes de stockage scientifiques et raisonnables, et en effectuant des inspections et un entretien r\u00e9guliers, afin de garantir que la qualit\u00e9 et les performances des mat\u00e9riaux cibles sont stables, prolongent leur dur\u00e9e de vie et r\u00e9pondent aux besoins de la production et de la recherche scientifique.<\/span><\/p>\n<h2><span style=\"font-family: arial, helvetica, sans-serif; font-size: 14pt;\">Contr\u00f4le qualit\u00e9:<\/span><\/h2>\n<p><span style=\"font-family: arial, helvetica, sans-serif; font-size: 12pt;\">Chaque lot de marchandises est accompagn\u00e9 d\u2019un certificat d\u2019authenticit\u00e9 et d\u2019un rapport d\u2019analyse, les marchandises sont toutes qualifi\u00e9es, soyez assur\u00e9 que la commande.<\/span><\/p>\n","protected":false},"excerpt":{"rendered":"<p><span style=\"font-family: arial, helvetica, sans-serif; font-size: 12pt;\">Alliage de zinc et d&#8217;aluminium est une cible de pulv\u00e9risation en alliage importante avec de nombreuses propri\u00e9t\u00e9s et une large gamme d\u2019applications.<\/span><\/p>\n<p><span style=\"font-family: arial, helvetica, sans-serif; font-size: 12pt;\">VIMATERIAL peut fournir une cible en alliage d\u2019aluminium et de zinc dans divers emballages et sp\u00e9cifications, elle produite par notre soci\u00e9t\u00e9 pr\u00e9sente les caract\u00e9ristiques d\u2019une grande puret\u00e9 et d\u2019une excellente qualit\u00e9, et la r\u00e9ponse de nos clients \u00e0 ce produit est tr\u00e8s bonne. Il pr\u00e9sente une grande puret\u00e9 et d\u2019excellentes propri\u00e9t\u00e9s de pulv\u00e9risation, indispensables dans la production industrielle pratique.<\/span><\/p>\n","protected":false},"featured_media":1003539,"comment_status":"open","ping_status":"closed","template":"","meta":{"_acf_changed":false},"product_brand":[],"product_cat":[235],"product_tag":[],"class_list":{"0":"post-1018328","1":"product","2":"type-product","3":"status-publish","4":"has-post-thumbnail","6":"product_cat-cibles-de-pulverisation-planaire","8":"first","9":"instock","10":"shipping-taxable","11":"product-type-variable"},"acf":[],"_links":{"self":[{"href":"https:\/\/vimaterial.de\/fr\/wp-json\/wp\/v2\/product\/1018328","targetHints":{"allow":["GET"]}}],"collection":[{"href":"https:\/\/vimaterial.de\/fr\/wp-json\/wp\/v2\/product"}],"about":[{"href":"https:\/\/vimaterial.de\/fr\/wp-json\/wp\/v2\/types\/product"}],"replies":[{"embeddable":true,"href":"https:\/\/vimaterial.de\/fr\/wp-json\/wp\/v2\/comments?post=1018328"}],"wp:featuredmedia":[{"embeddable":true,"href":"https:\/\/vimaterial.de\/fr\/wp-json\/wp\/v2\/media\/1003539"}],"wp:attachment":[{"href":"https:\/\/vimaterial.de\/fr\/wp-json\/wp\/v2\/media?parent=1018328"}],"wp:term":[{"taxonomy":"product_brand","embeddable":true,"href":"https:\/\/vimaterial.de\/fr\/wp-json\/wp\/v2\/product_brand?post=1018328"},{"taxonomy":"product_cat","embeddable":true,"href":"https:\/\/vimaterial.de\/fr\/wp-json\/wp\/v2\/product_cat?post=1018328"},{"taxonomy":"product_tag","embeddable":true,"href":"https:\/\/vimaterial.de\/fr\/wp-json\/wp\/v2\/product_tag?post=1018328"}],"curies":[{"name":"wp","href":"https:\/\/api.w.org\/{rel}","templated":true}]}}