{"id":1018296,"date":"2024-06-17T15:04:30","date_gmt":"2024-06-17T07:04:30","guid":{"rendered":"https:\/\/vimaterial.de\/product\/bromure-de-zinc-hydrate\/"},"modified":"2025-03-26T14:48:15","modified_gmt":"2025-03-26T06:48:15","slug":"bromure-de-zinc-hydrate","status":"publish","type":"product","link":"https:\/\/vimaterial.de\/fr\/product\/bromure-de-zinc-hydrate\/","title":{"rendered":"Bromure de zinc hydrat\u00e9"},"content":{"rendered":"<p><span style=\"font-family: arial, helvetica, sans-serif;\">L\u2019hydrate de bromure de zinc est un hydrate de bromure de zinc, c\u2019est-\u00e0-dire un compos\u00e9 de bromure de zinc contenant de l\u2019eau de cristallisation.<\/span><\/p>\n<p><span style=\"font-family: arial, helvetica, sans-serif;\">VIMATERIAL peut fournir de la poudre d\u2019oxyde de zinc dans divers emballages et sp\u00e9cifications, notre soci\u00e9t\u00e9 produit de la poudre d\u2019hydrate de bromure de zinc de haute puret\u00e9 et d\u2019excellente qualit\u00e9, nos clients ont une bonne r\u00e9ponse \u00e0 la qualit\u00e9 du produit. L\u2019hydrate de bromure de zinc peut \u00eatre utilis\u00e9 comme catalyseur pour am\u00e9liorer les propri\u00e9t\u00e9s du mat\u00e9riau, et il a un hydrate de bromure de zinc comme catalyseur peut am\u00e9liorer les propri\u00e9t\u00e9s des mat\u00e9riaux et joue un r\u00f4le indispensable dans la production industrielle pratique.<\/span><\/p>\n<p><span style=\"color: #0000ff;\"><a style=\"color: #0000ff;\" href=\"https:\/\/vimaterial.de\/fr\/contact\/\">Contactez-nous.<\/a><\/span><\/p>\n<h2><span style=\"font-family: arial, helvetica, sans-serif; font-size: 14pt;\"> Propri\u00e9t\u00e9s physiques\u00a0:<\/span><\/h2>\n<p><span style=\"font-family: arial, helvetica, sans-serif;\">Formule mol\u00e9culaire : g\u00e9n\u00e9ralement exprim\u00e9e en ZnBr<sub>2-xH<\/sub> <sub>2<\/sub>O, o\u00f9 x est le nombre de mol\u00e9cules hydrat\u00e9es, g\u00e9n\u00e9ralement pour le bromure de zinc dihydrat\u00e9, c\u2019est-\u00e0-dire x = 2, auquel cas la formule mol\u00e9culaire est ZnBr<sub>2-2H<\/sub> <sub>2<\/sub>O.<\/span><\/p>\n<p><span style=\"font-family: arial, helvetica, sans-serif;\">Poids mol\u00e9culaire : Pour le bromure de zinc dihydrat\u00e9, le poids mol\u00e9culaire est de 261,22.<\/span><\/p>\n<p><span style=\"font-family: arial, helvetica, sans-serif;\">Apparence\u00a0: G\u00e9n\u00e9ralement des cristaux blancs.<\/span><\/p>\n<p><span style=\"font-family: arial, helvetica, sans-serif;\">Densit\u00e9 : La densit\u00e9 de l\u2019hydrate de bromure de zinc peut varier en fonction du degr\u00e9 d\u2019hydratation, mais aucune donn\u00e9e exacte n\u2019est disponible.<\/span><\/p>\n<p><span style=\"font-family: arial, helvetica, sans-serif;\">Point de fusion : Le bromure de zinc dihydrat\u00e9 a un point de fusion sup\u00e9rieur \u00e0 300 \u00b0C.<\/span><\/p>\n<p><span style=\"font-family: arial, helvetica, sans-serif;\">Point d\u2019\u00e9bullition : Aucune information sp\u00e9cifique n\u2019est disponible.<\/span><\/p>\n<p><span style=\"font-family: arial, helvetica, sans-serif;\">Structure cristalline : Les donn\u00e9es sp\u00e9cifiques sur la structure cristalline sont plus sp\u00e9cialis\u00e9es et complexes, et doivent g\u00e9n\u00e9ralement \u00eatre d\u00e9termin\u00e9es par des m\u00e9thodes de recherche cristallographique sp\u00e9cialis\u00e9es.<\/span><\/p>\n<h2><span style=\"font-family: arial, helvetica, sans-serif; font-size: 14pt;\">Applications:<\/span><\/h2>\n<p><span style=\"font-family: arial, helvetica, sans-serif;\">Catalyseur : Il peut \u00eatre utilis\u00e9 comme catalyseur pour participer \u00e0 une vari\u00e9t\u00e9 de r\u00e9actions organiques, telles que la r\u00e9action d\u2019alkylation de Friedel-Crafts, la r\u00e9action d\u2019\u00e9th\u00e9rification de Friedel-Crafts, etc. Il favorise la r\u00e9action de condensation entre les hydrocarbures aromatiques et les alcools, les acides ou les \u00e9thers, et est utilis\u00e9 pour la synth\u00e8se de compos\u00e9s aromatiques, et ces produits sont largement utilis\u00e9s dans les industries pharmaceutiques, des parfums et des colorants. <\/span><\/p>\n<p><span style=\"font-family: arial, helvetica, sans-serif;\">R\u00e9actifs de bromation : Fournissent des ions brome pour participer \u00e0 la r\u00e9action de bromation des compos\u00e9s organiques, aidant \u00e0 introduire des atomes de brome dans des mol\u00e9cules organiques, afin de synth\u00e9tiser des bromures organiques avec des structures et des fonctions sp\u00e9cifiques.<\/span><\/p>\n<p><span style=\"font-family: arial, helvetica, sans-serif;\">Participer \u00e0 la construction de compos\u00e9s h\u00e9t\u00e9rocycliques : Il a un effet facilitateur sur la r\u00e9action de synth\u00e8se de certains compos\u00e9s h\u00e9t\u00e9rocycliques tels que le carbazole et le thioph\u00e8ne, ce qui est d\u2019une grande importance dans la recherche et le d\u00e9veloppement de m\u00e9dicaments et la synth\u00e8se de mati\u00e8res organiques.<\/span><\/p>\n<h2><span style=\"font-family: arial, helvetica, sans-serif; font-size: 14pt;\">Emballage et stockage\u00a0<\/span><\/h2>\n<p><span style=\"font-family: arial, helvetica, sans-serif;\">L\u2019emballage peut \u00eatre personnalis\u00e9. Les mat\u00e9riaux en poudre peuvent \u00eatre emball\u00e9s dans des sacs sous vide, des bocaux sous vide, des bouteilles sous vide, etc. <\/span><\/p>\n<p><span style=\"font-family: arial, helvetica, sans-serif;\">Les mat\u00e9riaux en poudre sont stock\u00e9s au sec et emball\u00e9s dans des emballages scell\u00e9s pour assurer la stabilit\u00e9 du mat\u00e9riau.<\/span><\/p>\n<h2><span style=\"font-family: arial, helvetica, sans-serif; font-size: 14pt;\">Contr\u00f4le qualit\u00e9:<\/span><\/h2>\n<p><span style=\"font-family: arial, helvetica, sans-serif;\">Chaque lot de marchandises est accompagn\u00e9 d\u2019un certificat d\u2019authenticit\u00e9 et d\u2019un rapport d\u2019analyse, les marchandises sont toutes qualifi\u00e9es, soyez assur\u00e9 que la commande.<\/span><\/p>\n","protected":false},"excerpt":{"rendered":"<p>Bromure de zinc hydrat\u00e9 est un hydrate de bromure de zinc, c\u2019est-\u00e0-dire un compos\u00e9 de bromure de zinc contenant de l\u2019eau de cristallisation.<\/p>\n<p><span style=\"font-family: arial, helvetica, sans-serif;\">VIMATERIAL peut fournir de la poudre d\u2019oxyde de zinc dans divers emballages et sp\u00e9cifications, notre soci\u00e9t\u00e9 produit de la poudre d\u2019hydrate de bromure de zinc de haute puret\u00e9 et d\u2019excellente qualit\u00e9, nos clients ont une bonne r\u00e9ponse \u00e0 la qualit\u00e9 du produit. L\u2019hydrate de bromure de zinc peut \u00eatre utilis\u00e9 comme catalyseur pour am\u00e9liorer les propri\u00e9t\u00e9s du mat\u00e9riau, et il a un hydrate de bromure de zinc comme catalyseur peut am\u00e9liorer les propri\u00e9t\u00e9s des mat\u00e9riaux et joue un r\u00f4le indispensable dans la production industrielle pratique.<\/span><\/p>\n","protected":false},"featured_media":1003552,"comment_status":"open","ping_status":"closed","template":"","meta":{"_acf_changed":false},"product_brand":[],"product_cat":[239],"product_tag":[],"class_list":{"0":"post-1018296","1":"product","2":"type-product","3":"status-publish","4":"has-post-thumbnail","6":"product_cat-materiaux-halogenes","8":"first","9":"instock","10":"shipping-taxable","11":"product-type-variable"},"acf":[],"_links":{"self":[{"href":"https:\/\/vimaterial.de\/fr\/wp-json\/wp\/v2\/product\/1018296","targetHints":{"allow":["GET"]}}],"collection":[{"href":"https:\/\/vimaterial.de\/fr\/wp-json\/wp\/v2\/product"}],"about":[{"href":"https:\/\/vimaterial.de\/fr\/wp-json\/wp\/v2\/types\/product"}],"replies":[{"embeddable":true,"href":"https:\/\/vimaterial.de\/fr\/wp-json\/wp\/v2\/comments?post=1018296"}],"wp:featuredmedia":[{"embeddable":true,"href":"https:\/\/vimaterial.de\/fr\/wp-json\/wp\/v2\/media\/1003552"}],"wp:attachment":[{"href":"https:\/\/vimaterial.de\/fr\/wp-json\/wp\/v2\/media?parent=1018296"}],"wp:term":[{"taxonomy":"product_brand","embeddable":true,"href":"https:\/\/vimaterial.de\/fr\/wp-json\/wp\/v2\/product_brand?post=1018296"},{"taxonomy":"product_cat","embeddable":true,"href":"https:\/\/vimaterial.de\/fr\/wp-json\/wp\/v2\/product_cat?post=1018296"},{"taxonomy":"product_tag","embeddable":true,"href":"https:\/\/vimaterial.de\/fr\/wp-json\/wp\/v2\/product_tag?post=1018296"}],"curies":[{"name":"wp","href":"https:\/\/api.w.org\/{rel}","templated":true}]}}