{"id":1018277,"date":"2024-06-17T15:05:17","date_gmt":"2024-06-17T07:05:17","guid":{"rendered":"https:\/\/vimaterial.de\/product\/chlorure-de-zinc\/"},"modified":"2025-03-26T14:28:45","modified_gmt":"2025-03-26T06:28:45","slug":"chlorure-de-zinc","status":"publish","type":"product","link":"https:\/\/vimaterial.de\/fr\/product\/chlorure-de-zinc\/","title":{"rendered":"Chlorure de zinc"},"content":{"rendered":"<p><span style=\"color: #3366ff;\"><a style=\"color: #3366ff;\" href=\"https:\/\/vimaterial.de\/fr\/product\/zinc-metal\/\">La poudre de chlorure de zinc<\/a><\/span> est une poudre de compos\u00e9 inorganique blanche, hygroscoque et inodore de formule chimique ZnCl\u2082, facilement soluble dans l\u2019eau et l\u2019ac\u00e9tone, et a un large \u00e9ventail d\u2019applications dans de nombreux domaines tels que les produits chimiques, la m\u00e9decine et l\u2019agriculture.<\/p>\n<p>La poudre d\u2019oxyde de zinc de VIMATERIAL est disponible \u00e0 la fois en puret\u00e9 g\u00e9n\u00e9rale et en haute puret\u00e9, nos produits de faible puret\u00e9 sont bon march\u00e9 et de bonne qualit\u00e9. Les produits de haute puret\u00e9 ont d\u2019excellentes performances, une grande puret\u00e9 et un stock complet de produits. Si vous en avez besoin, n\u2019h\u00e9sitez pas \u00e0<span style=\"color: #3366ff;\"><a style=\"color: #3366ff;\" href=\"https:\/\/vimaterial.de\/fr\/contact\/\"> nous contacter.<\/a><\/span><\/p>\n<h2><span style=\"font-size: 14pt;\">Propri\u00e9t\u00e9s physiques<\/span><\/h2>\n<p><span style=\"font-size: 12pt;\">Formule mol\u00e9culaire : ZnCl\u2082<\/span><\/p>\n<p><span style=\"font-size: 12pt;\">Poids mol\u00e9culaire : 136,3<\/span><\/p>\n<p><span style=\"font-size: 12pt;\">Apparence\u00a0: Poudre granulaire blanche hexagonale syst\u00e8me de cristaux<\/span><\/p>\n<p><span style=\"font-size: 12pt;\">Densit\u00e9 : Densit\u00e9 relative 2,905-2,91, c\u2019est-\u00e0-dire 2,905-2,91g\/cm\u00b3, densit\u00e9 relative 2,91 \u00e0 25\u00b0C (25\/4\u00b0C)<\/span><\/p>\n<p><span style=\"font-size: 12pt;\">Point de fusion : 283\u00b0C<\/span><\/p>\n<p><span style=\"font-size: 12pt;\">Point d\u2019\u00e9bullition : 732\u00b0C<\/span><\/p>\n<p><span style=\"font-size: 12pt;\">Structure cristalline : Le chlorure de zinc est un compos\u00e9 ionique \u00e0 structure cristalline dans laquelle les ions zinc (Zn\u00b2\u207a) et les ions chlorure (Cl-) sont li\u00e9s par des liaisons ioniques. Chaque ion zinc est entour\u00e9 de six ions chlorure, formant une structure de coordination octa\u00e9drique, tandis que chaque ion chlorure est coordonn\u00e9 \u00e0 trois ions zinc, formant une structure de r\u00e9seau tridimensionnelle. <\/span><\/p>\n<h2><span style=\"font-size: 14pt;\">Composition chimique<\/span><\/h2>\n<table style=\"border-collapse: collapse; width: 100%; height: 100px;\">\n<tbody>\n<tr style=\"height: 52px;\">\n<td style=\"width: 99.9999%; height: 52px;\" colspan=\"9\">\n<p style=\"text-align: center;\"><strong><span style=\"font-size: 12pt;\">composition du chlorure de zinc (\u00a0% en poids)<\/span><\/strong><\/p>\n<\/td>\n<\/tr>\n<tr style=\"height: 24px;\">\n<td style=\"width: 11.1111%; height: 24px; text-align: center;\"><span style=\"font-size: 12pt;\">ZnCl\u2082<\/span><\/td>\n<td style=\"width: 11.1111%; height: 24px; text-align: center;\">Fe<\/td>\n<td style=\"width: 11.1111%; height: 24px; text-align: center;\">Al<\/td>\n<td style=\"width: 11.1111%; height: 24px; text-align: center;\">Cu<\/td>\n<td style=\"width: 11.1111%; height: 24px; text-align: center;\">Mg<\/td>\n<td style=\"width: 11.1111%; height: 24px; text-align: center;\">Na<\/td>\n<td style=\"width: 11.1111%; height: 24px; text-align: center;\">K<\/td>\n<td style=\"width: 11.1111%; height: 24px; text-align: center;\">Pb<\/td>\n<td style=\"width: 11.1111%; height: 24px; text-align: center;\">Cd<\/td>\n<\/tr>\n<tr style=\"height: 24px;\">\n<td style=\"width: 11.1111%; height: 24px; text-align: center;\">99.99<\/td>\n<td style=\"width: 11.1111%; height: 24px; text-align: center;\">0.0005<\/td>\n<td style=\"width: 11.1111%; height: 24px; text-align: center;\">0.0003<\/td>\n<td style=\"width: 11.1111%; height: 24px; text-align: center;\">0.0001<\/td>\n<td style=\"width: 11.1111%; height: 24px; text-align: center;\">0.0001<\/td>\n<td style=\"width: 11.1111%; height: 24px; text-align: center;\">0.0001<\/td>\n<td style=\"width: 11.1111%; height: 24px; text-align: center;\">0.0001<\/td>\n<td style=\"width: 11.1111%; height: 24px; text-align: center;\">0.00003<\/td>\n<td style=\"width: 11.1111%; height: 24px; text-align: center;\">0.0003<\/td>\n<\/tr>\n<\/tbody>\n<\/table>\n<h2><span style=\"font-size: 14pt;\">Applications<\/span><\/h2>\n<p><span style=\"font-size: 12pt;\">Industrie chimique : utilis\u00e9 en synth\u00e8se organique comme agent d\u00e9shydratant et agent de condensation pour favoriser la r\u00e9action ; agissent comme catalyseur pour acc\u00e9l\u00e9rer la r\u00e9action chimique, comme dans la r\u00e9action entre le m\u00e9thanol et le chlorure d\u2019hydrog\u00e8ne pour former du dichlorom\u00e9thane.<\/span><\/p>\n<p><span style=\"font-size: 12pt;\">Industrie de l\u2019impression et de la teinture textiles\u00a0: utilis\u00e9 comme mordant pour am\u00e9liorer la force de liaison entre les colorants et les fibres, am\u00e9liorer la fermet\u00e9 et la vivacit\u00e9 de la teinture\u00a0; utilis\u00e9 comme agent mercerisant pour am\u00e9liorer l\u2019\u00e9clat et le toucher des fibres de coton\u00a0; \u00c9galement utilis\u00e9 comme agent d\u2019encollage et agent de pond\u00e9ration pour augmenter la r\u00e9sistance des fils et la texture des tissus.<\/span><\/p>\n<p><span style=\"font-size: 12pt;\">Domaine pharmaceutique : en tant qu\u2019astringent m\u00e9dicinal \u00e0 faible concentration, il peut \u00eatre utilis\u00e9 pour formuler une solution astringente topique pour favoriser la cicatrisation des plaies ; en tant que d\u00e9sinfectant \u00e0 haute concentration, il est utilis\u00e9 pour d\u00e9sinfecter le mat\u00e9riel m\u00e9dical\u00a0; C\u2019est aussi la mati\u00e8re premi\u00e8re pour la synth\u00e8se de certains m\u00e9dicaments.<\/span><\/p>\n<p><span style=\"font-size: 12pt;\">Industrie de la galvanoplastie\u00a0: Il est utilis\u00e9 comme additif d\u2019ion zinc dans la galvanisation au sel d\u2019ammonium pour assurer la qualit\u00e9 de la couche de galvanoplastie et rendre la surface des pi\u00e8ces plaqu\u00e9es uniforme, lisse et \u00e0 forte adh\u00e9rence rev\u00eatement de zinc.<\/span><br \/>\n<span style=\"font-size: 12pt;\">Industrie de transformation du bois\u00a0: utilis\u00e9 pour impr\u00e9gner le bois, le rendre avec des propri\u00e9t\u00e9s anticorrosives et ignifuges, prolonger la dur\u00e9e de vie du bois.<\/span><\/p>\n<h2><span style=\"font-size: 14pt;\">Emballage<\/span><\/h2>\n<p><span style=\"font-size: 12pt;\">Sac ou bouteille sous vide double couche, la contenance de la plus petite unit\u00e9 est de 10g. F\u00fbt ou bo\u00eete de 25kg pour les grandes quantit\u00e9s. <\/span><\/p>\n<h2><span style=\"font-size: 14pt;\">Contr\u00f4le de la qualit\u00e9<\/span><\/h2>\n<p><span style=\"font-size: 12pt;\"><span style=\"color: #3366ff;\"><a style=\"color: #3366ff;\" href=\"https:\/\/vimaterial.de\/fr\/controle-qualite\/\">Chaque lot<\/a> <\/span>de produit est test\u00e9 et accompagn\u00e9 de rapports de test, y compris GDMS, PSD, XRD et d\u2019autres rapports, nous prenons \u00e9galement en charge les tests par des tiers. Chaque lot de produits est accompagn\u00e9 d\u2019\u00e9chantillons, et nous aidons les clients \u00e0 r\u00e9inspecter. <\/span><\/p>\n<h2><span style=\"font-size: 14pt;\">Stockage<\/span><\/h2>\n<p><span style=\"font-size: 12pt;\">La poudre de chlorure de zinc doit \u00eatre stock\u00e9e dans un entrep\u00f4t sec et bien ventil\u00e9, \u00e0 l\u2019abri du feu et des sources de chaleur, l\u2019emballage doit \u00eatre scell\u00e9, doit \u00eatre stock\u00e9 s\u00e9par\u00e9ment des oxydants et des produits chimiques comestibles, et doit \u00eatre \u00e9quip\u00e9 des quantit\u00e9s et<\/span>des quantit\u00e9s appropri\u00e9es d\u2019\u00e9quipement de lutte contre l\u2019incendie.<\/p>\n","protected":false},"excerpt":{"rendered":"<p><span style=\"color: #3366ff;\"><a style=\"color: #3366ff;\" href=\"https:\/\/vimaterial.de\/fr\/product\/zinc-metal\/\">La poudre de chlorure de zinc<\/a><\/span> est une poudre de compos\u00e9 inorganique blanche, hygroscoque et inodore de formule chimique ZnCl\u2082, facilement soluble dans l\u2019eau et l\u2019ac\u00e9tone, et a un large \u00e9ventail d\u2019applications dans de nombreux domaines tels que les produits chimiques, la m\u00e9decine et l\u2019agriculture.<\/p>\n<p>La poudre d\u2019oxyde de zinc de VIMATERIAL est disponible \u00e0 la fois en puret\u00e9 g\u00e9n\u00e9rale et en haute puret\u00e9, nos produits de faible puret\u00e9 sont bon march\u00e9 et de bonne qualit\u00e9. Les produits de haute puret\u00e9 ont d\u2019excellentes performances, une grande puret\u00e9 et un stock complet de produits. Si vous en avez besoin, n\u2019h\u00e9sitez pas \u00e0<span style=\"color: #3366ff;\"><a style=\"color: #3366ff;\" href=\"https:\/\/vimaterial.de\/fr\/contact\/\"> nous contacter.<\/a><\/span><\/p>\n","protected":false},"featured_media":1003561,"comment_status":"open","ping_status":"closed","template":"","meta":{"_acf_changed":false},"product_brand":[],"product_cat":[239],"product_tag":[],"class_list":{"0":"post-1018277","1":"product","2":"type-product","3":"status-publish","4":"has-post-thumbnail","6":"product_cat-materiaux-halogenes","8":"first","9":"instock","10":"shipping-taxable","11":"purchasable","12":"product-type-variable"},"acf":[],"_links":{"self":[{"href":"https:\/\/vimaterial.de\/fr\/wp-json\/wp\/v2\/product\/1018277","targetHints":{"allow":["GET"]}}],"collection":[{"href":"https:\/\/vimaterial.de\/fr\/wp-json\/wp\/v2\/product"}],"about":[{"href":"https:\/\/vimaterial.de\/fr\/wp-json\/wp\/v2\/types\/product"}],"replies":[{"embeddable":true,"href":"https:\/\/vimaterial.de\/fr\/wp-json\/wp\/v2\/comments?post=1018277"}],"wp:featuredmedia":[{"embeddable":true,"href":"https:\/\/vimaterial.de\/fr\/wp-json\/wp\/v2\/media\/1003561"}],"wp:attachment":[{"href":"https:\/\/vimaterial.de\/fr\/wp-json\/wp\/v2\/media?parent=1018277"}],"wp:term":[{"taxonomy":"product_brand","embeddable":true,"href":"https:\/\/vimaterial.de\/fr\/wp-json\/wp\/v2\/product_brand?post=1018277"},{"taxonomy":"product_cat","embeddable":true,"href":"https:\/\/vimaterial.de\/fr\/wp-json\/wp\/v2\/product_cat?post=1018277"},{"taxonomy":"product_tag","embeddable":true,"href":"https:\/\/vimaterial.de\/fr\/wp-json\/wp\/v2\/product_tag?post=1018277"}],"curies":[{"name":"wp","href":"https:\/\/api.w.org\/{rel}","templated":true}]}}