{"id":1018248,"date":"2024-06-17T15:05:18","date_gmt":"2024-06-17T07:05:18","guid":{"rendered":"https:\/\/vimaterial.de\/product\/alliage-de-zinc-et-de-gallium\/"},"modified":"2025-03-26T14:04:41","modified_gmt":"2025-03-26T06:04:41","slug":"alliage-de-zinc-et-de-gallium","status":"publish","type":"product","link":"https:\/\/vimaterial.de\/fr\/product\/alliage-de-zinc-et-de-gallium\/","title":{"rendered":"Alliage de zinc et de gallium"},"content":{"rendered":"<p>La cible de pulv\u00e9risation en <span style=\"color: #0000ff;\"><a style=\"color: #0000ff;\" href=\"https:\/\/vimaterial.de\/fr\/product\/gallium-metal-3\/\">alliage de zinc et de gallium <\/a><\/span>est une sorte de mat\u00e9riau fonctionnel avec l\u2019alliage de zinc-gallium comme composant principal, qui est utilis\u00e9 pour la technique de d\u00e9p\u00f4t physique en phase vapeur pour fabriquer les atomes de zinc gallium d\u00e9pos\u00e9s sur le mat\u00e9riau du substrat par bombardement ionique, afin de pr\u00e9parer le film mince utilis\u00e9 dans le domaine des semi-conducteurs, de l\u2019opto\u00e9lectronique, etc.<\/p>\n<p>La cible de pulv\u00e9risation en alliage zinc gallium a une grande puret\u00e9 et le rapport zinc\/gallium dans la cible peut \u00eatre ajust\u00e9 en fonction des besoins sp\u00e9cifiques de l\u2019application, r\u00e9gulant ainsi avec pr\u00e9cision les caract\u00e9ristiques de la cible de pulv\u00e9risation. La cible de pulv\u00e9risation en alliage de zinc-gallium produite par VIMATERIAL a une bonne homog\u00e9n\u00e9it\u00e9 et peut \u00eatre un service de liaison est disponible.<\/p>\n<h2><span style=\"font-size: 14pt;\">Propri\u00e9t\u00e9s physiques<\/span><\/h2>\n<p>Formule mol\u00e9culaire : ZnGa<\/p>\n<p>Apparence\u00a0: G\u00e9n\u00e9ralement gris argent\u00e9 mat\u00e9riau cible<\/p>\n<h2><span style=\"font-size: 14pt;\">Composition chimique<\/span><\/h2>\n<table style=\"border-collapse: collapse; width: 100%; height: 72px;\">\n<tbody>\n<tr style=\"height: 24px;\">\n<td style=\"width: 14.2857%; text-align: center; height: 24px;\" colspan=\"7\"><strong><span style=\"font-size: 12pt;\">composition de l\u2019alliage de zinc-gallium (\u00a0% en poids)<\/span><\/strong><\/td>\n<\/tr>\n<tr style=\"height: 24px;\">\n<td style=\"width: 14.2857%; height: 24px; text-align: center;\">ZnGa<\/td>\n<td style=\"width: 14.2857%; height: 24px; text-align: center;\">Fe<\/td>\n<td style=\"width: 14.2857%; height: 24px; text-align: center;\">Cu<\/td>\n<td style=\"width: 14.2857%; height: 24px; text-align: center;\">Al<\/td>\n<td style=\"width: 14.2857%; height: 24px; text-align: center;\">Mg<\/td>\n<td style=\"width: 14.2857%; height: 24px; text-align: center;\">Si<\/td>\n<td style=\"width: 14.2857%; height: 24px; text-align: center;\">Pb<\/td>\n<\/tr>\n<tr style=\"height: 24px;\">\n<td style=\"width: 14.2857%; height: 24px; text-align: center;\">99.99<\/td>\n<td style=\"width: 14.2857%; height: 24px; text-align: center;\">0.0008<\/td>\n<td style=\"width: 14.2857%; height: 24px; text-align: center;\">0.0004<\/td>\n<td style=\"width: 14.2857%; height: 24px; text-align: center;\">0.0001<\/td>\n<td style=\"width: 14.2857%; height: 24px; text-align: center;\">0.0001<\/td>\n<td style=\"width: 14.2857%; height: 24px; text-align: center;\">0.0002<\/td>\n<td style=\"width: 14.2857%; height: 24px; text-align: center;\">0.00001<\/td>\n<\/tr>\n<\/tbody>\n<\/table>\n<h2><span style=\"font-size: 14pt;\">Applications<\/span><\/h2>\n<p>Domaine des semi-conducteurs : Utilis\u00e9 dans la fabrication de couches minces dans les dispositifs semi-conducteurs, comme dans la fabrication de plaquettes, il peut former une couche conductrice, une couche barri\u00e8re, etc., pour aider \u00e0 am\u00e9liorer les performances et l\u2019int\u00e9gration des puces semi-conductrices.<\/p>\n<p>Champ d\u2019affichage \u00e0 \u00e9cran plat : peut pr\u00e9parer des films conducteurs transparents dans les \u00e9crans plats, tels que les \u00e9crans \u00e0 cristaux liquides (LCD), les diodes \u00e9lectroluminescentes organiques (OLED) et d\u2019autres technologies d\u2019affichage, pour aider \u00e0 am\u00e9liorer la qualit\u00e9 d\u2019affichage et la conductivit\u00e9 de l\u2019\u00e9cran.<\/p>\n<p>Champ de cellules solaires\u00a0: utilis\u00e9 dans le d\u00e9p\u00f4t de couches minces de cellules solaires, peut am\u00e9liorer l\u2019efficacit\u00e9 de la conversion photo\u00e9lectrique et la stabilit\u00e9 des cellules solaires, telles que des \u00e9lectrodes conductrices transparentes ou d\u2019autres mat\u00e9riaux de pr\u00e9paration de film fonctionnels.<\/p>\n<p>Champ de rev\u00eatement optique\u00a0: peut \u00eatre trait\u00e9 sur des lentilles optiques, des fen\u00eatres optiques et d\u2019autres composants optiques, des films minces fonctionnels, am\u00e9liorer les performances des composants optiques, tels que l\u2019augmentation de la transmission de la lumi\u00e8re, antireflet, etc.<\/p>\n<p>Domaine des dispositifs \u00e9lectroniques\u00a0: utilis\u00e9 dans la pr\u00e9paration des dispositifs \u00e9lectroniques dans l\u2019\u00e9lectrode, le fil et d\u2019autres composants, en raison de sa bonne conductivit\u00e9 et de son adh\u00e9rence au substrat, peut r\u00e9duire la r\u00e9sistance du dispositif \u00e9lectronique, am\u00e9liorer la vitesse de transmission du signal et la fiabilit\u00e9 de l\u2019appareil.<\/p>\n<h2><span style=\"font-size: 14pt;\">Emballage<\/span><\/h2>\n<p>Sacs sous vide \u00e0 double couche, peuvent \u00eatre emball\u00e9s en bo\u00eete personnalis\u00e9s selon les exigences du client.<\/p>\n<h2><span style=\"font-size: 14pt;\">Contr\u00f4le de la qualit\u00e9<\/span><\/h2>\n<p><span style=\"color: #0000ff;\"><a style=\"color: #0000ff;\" href=\"https:\/\/vimaterial.de\/en\/quality-control\/\">Chaque lot<\/a> <\/span>sera inspect\u00e9 et accompagn\u00e9 d\u2019un rapport d\u2019inspection, d\u2019autres inspections peuvent \u00eatre effectu\u00e9es selon les exigences du client et des rapports d\u2019inspection seront joints.<\/p>\n<h2><span style=\"font-size: 14pt;\">Stockage<\/span><\/h2>\n<p>Les cibles de pulv\u00e9risation en alliage zinc gallium doivent \u00eatre stock\u00e9es dans un environnement sec, frais et bien ventil\u00e9, \u00e0 l\u2019abri de l\u2019humidit\u00e9, de l\u2019oxydation, des impuret\u00e9s et des chocs physiques, et \u00e0 l\u2019abri du feu et des substances corrosives fortes.<\/p>\n","protected":false},"excerpt":{"rendered":"<p>La cible de pulv\u00e9risation en <span style=\"color: #0000ff;\"><a style=\"color: #0000ff;\" href=\"https:\/\/vimaterial.de\/fr\/product\/gallium-metal-3\/\">alliage de zinc et de gallium <\/a><\/span>est une sorte de mat\u00e9riau fonctionnel avec l\u2019alliage de zinc-gallium comme composant principal, qui est utilis\u00e9 pour la technique de d\u00e9p\u00f4t physique en phase vapeur pour fabriquer les atomes de zinc-gallium d\u00e9pos\u00e9s sur le mat\u00e9riau du substrat par bombardement ionique, afin de pr\u00e9parer le film mince utilis\u00e9 dans le domaine des semi-conducteurs, de l\u2019opto\u00e9lectronique, etc.<\/p>\n<p>La cible de pulv\u00e9risation en alliage zinc gallium a une grande puret\u00e9 et le rapport zinc\/gallium dans la cible peut \u00eatre ajust\u00e9 en fonction des besoins sp\u00e9cifiques de l\u2019application, r\u00e9gulant ainsi avec pr\u00e9cision les caract\u00e9ristiques de la cible de pulv\u00e9risation.<\/p>\n<p>La cible de pulv\u00e9risation en alliage de zinc-gallium produite par VIMATERIAL a une bonne homog\u00e9n\u00e9it\u00e9 et peut \u00eatre un service de liaison est disponible.<\/p>\n","protected":false},"featured_media":1040249,"comment_status":"open","ping_status":"closed","template":"","meta":{"_acf_changed":false},"product_brand":[],"product_cat":[235],"product_tag":[],"class_list":{"0":"post-1018248","1":"product","2":"type-product","3":"status-publish","4":"has-post-thumbnail","6":"product_cat-cibles-de-pulverisation-planaire","8":"first","9":"instock","10":"shipping-taxable","11":"purchasable","12":"product-type-variable"},"acf":[],"_links":{"self":[{"href":"https:\/\/vimaterial.de\/fr\/wp-json\/wp\/v2\/product\/1018248","targetHints":{"allow":["GET"]}}],"collection":[{"href":"https:\/\/vimaterial.de\/fr\/wp-json\/wp\/v2\/product"}],"about":[{"href":"https:\/\/vimaterial.de\/fr\/wp-json\/wp\/v2\/types\/product"}],"replies":[{"embeddable":true,"href":"https:\/\/vimaterial.de\/fr\/wp-json\/wp\/v2\/comments?post=1018248"}],"wp:featuredmedia":[{"embeddable":true,"href":"https:\/\/vimaterial.de\/fr\/wp-json\/wp\/v2\/media\/1040249"}],"wp:attachment":[{"href":"https:\/\/vimaterial.de\/fr\/wp-json\/wp\/v2\/media?parent=1018248"}],"wp:term":[{"taxonomy":"product_brand","embeddable":true,"href":"https:\/\/vimaterial.de\/fr\/wp-json\/wp\/v2\/product_brand?post=1018248"},{"taxonomy":"product_cat","embeddable":true,"href":"https:\/\/vimaterial.de\/fr\/wp-json\/wp\/v2\/product_cat?post=1018248"},{"taxonomy":"product_tag","embeddable":true,"href":"https:\/\/vimaterial.de\/fr\/wp-json\/wp\/v2\/product_tag?post=1018248"}],"curies":[{"name":"wp","href":"https:\/\/api.w.org\/{rel}","templated":true}]}}