{"id":1018233,"date":"2024-06-17T15:05:19","date_gmt":"2024-06-17T07:05:19","guid":{"rendered":"https:\/\/vimaterial.de\/product\/oxyde-de-zinc-3\/"},"modified":"2025-03-25T14:04:49","modified_gmt":"2025-03-25T06:04:49","slug":"oxyde-de-zinc-3","status":"publish","type":"product","link":"https:\/\/vimaterial.de\/fr\/product\/oxyde-de-zinc-3\/","title":{"rendered":"Oxyde de zinc"},"content":{"rendered":"<p>Les granules <span style=\"color: #0000ff;\"><a style=\"color: #0000ff;\" href=\"https:\/\/vimaterial.de\/fr\/product\/oxyde-de-zinc-2\/\">d\u2019oxyde de zinc<\/a><\/span> sont une sorte de mat\u00e9riau granulaire compos\u00e9 d\u2019oxyde de zinc, g\u00e9n\u00e9ralement d\u2019apparence blanche, avec une certaine distribution granulom\u00e9trique, chimiquement stable, dans le caoutchouc, la c\u00e9ramique, les peintures, les produits pharmaceutiques et d\u2019autres domaines jouent une vari\u00e9t\u00e9 de r\u00f4les, tels que l\u2019agent actif de vulcanisation du caoutchouc, les composants de gla\u00e7ure c\u00e9ramique, les pigments de peinture et les pansements pharmaceutiques, etc.<\/p>\n<p>VIMATERIIAL peut fournir des granul\u00e9s d\u2019oxyde de zinc avec une puret\u00e9 de 99,9\u00a0% \u00e0 99,995\u00a0% dans la taille g\u00e9n\u00e9rale de 1 \u00e0 6 mm, d\u2019autres tailles sp\u00e9cifiques peuvent \u00eatre personnalis\u00e9es. Nous produisons des granul\u00e9s d\u2019oxyde de zinc de haute puret\u00e9, de couleur pure et de faibles impuret\u00e9s, l\u2019emballage peut \u00eatre personnalis\u00e9, si vous avez besoin d\u2019autres sp\u00e9cifications et tailles, vous pouvez nous contacter, nous acceptons le service personnalis\u00e9, n\u2019h\u00e9sitez pas \u00e0 <span style=\"color: #0000ff;\"><a style=\"color: #0000ff;\" href=\"https:\/\/vimaterial.de\/fr\/contact\/\">nous contacter.<\/a><\/span><\/p>\n<h2><span style=\"font-size: 14pt;\">Propri\u00e9t\u00e9s physiques<\/span><\/h2>\n<p>Formule mol\u00e9culaire : ZnO<\/p>\n<p>Poids mol\u00e9culaire : 81,3894<\/p>\n<p>Aspect : granule blanc<\/p>\n<p>Densit\u00e9 : 5,606 g\/cm\u00b3.<\/p>\n<p>Point de fusion : 1975\u00b0C<\/p>\n<p>Point d\u2019\u00e9bullition : 2360\u00b0C<\/p>\n<p>Structure cristalline : Structure hexagonale en zincite<\/p>\n<h2><span style=\"font-size: 14pt;\">Composition chimique<\/span><\/h2>\n<table style=\"border-collapse: collapse; width: 100%;\">\n<tbody>\n<tr>\n<td style=\"width: 100%;\" colspan=\"6\">\n<h2 style=\"text-align: center;\"><span style=\"font-size: 14pt;\">composition de l\u2019oxyde de zinc (% en poids)<\/span><\/h2>\n<\/td>\n<\/tr>\n<tr>\n<td style=\"width: 16.776%; text-align: center;\">ZnO<\/td>\n<td style=\"width: 16.5574%; text-align: center;\">Fe<\/td>\n<td style=\"width: 16.6667%; text-align: center;\">Cu<\/td>\n<td style=\"width: 16.6667%; text-align: center;\">Si<\/td>\n<td style=\"width: 16.6667%; text-align: center;\">Ni<\/td>\n<td style=\"width: 16.6667%; text-align: center;\">W<\/td>\n<\/tr>\n<tr>\n<td style=\"width: 16.776%; text-align: center;\">99.995<\/td>\n<td style=\"width: 16.5574%; text-align: center;\">0.0011<\/td>\n<td style=\"width: 16.6667%; text-align: center;\">0.0010<\/td>\n<td style=\"width: 16.6667%; text-align: center;\">0.0009<\/td>\n<td style=\"width: 16.6667%; text-align: center;\">0.0001<\/td>\n<td style=\"width: 16.6667%; text-align: center;\">0.0001<\/td>\n<\/tr>\n<\/tbody>\n<\/table>\n<h2><span style=\"font-size: 14pt;\">Applications<\/span><\/h2>\n<p>Industrie du caoutchouc\u00a0: utilis\u00e9 comme agent actif de vulcanisation, agent de renforcement du caoutchouc et agent anti-\u00e2ge des produits en caoutchouc, il peut am\u00e9liorer les propri\u00e9t\u00e9s physiques du caoutchouc, la r\u00e9sistance \u00e0 la d\u00e9chirure, la r\u00e9sistance \u00e0 l\u2019abrasion, etc., et \u00e9galement acc\u00e9l\u00e9rer la vitesse de vulcanisation.<\/p>\n<p>Industrie du rev\u00eatement\u00a0: Il est utilis\u00e9 comme pigment blanc pour fournir un bon pouvoir couvrant et une blancheur\u00a0; Il peut \u00e9galement \u00eatre utilis\u00e9 comme absorbeur d\u2019ultraviolets pour prot\u00e9ger le rev\u00eatement et les objets rev\u00eatus\u00a0; Il peut am\u00e9liorer l\u2019effet anti-corrosion des rev\u00eatements anti-corrosion.<\/p>\n<p>Industrie c\u00e9ramique\u00a0: Il s\u2019agit d\u2019un flux dans le processus de cuisson de la c\u00e9ramique, qui peut r\u00e9duire la temp\u00e9rature de frittage, et peut \u00e9galement \u00eatre utilis\u00e9 pour pr\u00e9parer des pigments c\u00e9ramiques.<\/p>\n<p>Domaine pharmaceutique : il a des effets antibact\u00e9riens, anti-inflammatoires et astringents, et peut \u00eatre utilis\u00e9 dans la pr\u00e9paration de m\u00e9dicaments topiques pour le traitement de l\u2019inflammation de la peau, des br\u00fblures, des traumatismes, etc. Il peut \u00e9galement \u00eatre utilis\u00e9 comme mati\u00e8re auxiliaire m\u00e9dicinale.<\/p>\n<p>Domaine cosm\u00e9tique : C\u2019est un ingr\u00e9dient de protection solaire courant, qui peut bloquer efficacement les dommages des rayons ultraviolets sur la peau ; Il peut \u00e9galement \u00eatre utilis\u00e9 dans le fond de teint, la poudre et d\u2019autres cosm\u00e9tiques pour fournir une dissimulation et un effet de modification de la couleur de la peau.<\/p>\n<p>Industrie \u00e9lectronique\u00a0: Il peut \u00eatre utilis\u00e9 dans la fabrication d\u2019appareils qui \u00e9mettent des ondes acoustiques de surface, des \u00e9metteurs de champ, des capteurs, des lasers UV et des cellules solaires, etc.\u00a0; Il est \u00e9galement utilis\u00e9 comme varistances et parafoudres dans les produits \u00e9lectroniques.<\/p>\n<p>Industrie de la construction : L\u2019ajout de nanoparticules d\u2019oxyde de zinc \u00e0 de nouveaux types de ciment est propice \u00e0 l\u2019am\u00e9lioration de la r\u00e9sistance \u00e0 la compression et des propri\u00e9t\u00e9s antisalissure des mat\u00e9riaux \u00e0 base de ciment.<\/p>\n<p>Industrie alimentaire : En tant que source importante de zinc, il est utilis\u00e9 dans les additifs alimentaires, les c\u00e9r\u00e9ales pour petit-d\u00e9jeuner et les aliments pour animaux.<\/p>\n<h2><span style=\"font-size: 14pt;\">Emballage<\/span><\/h2>\n<p>Sacs ou bouteilles sous vide double couche, capacit\u00e9 selon les exigences du client, unit\u00e9 d\u2019emballage minimum 50g.<\/p>\n<h2><span style=\"font-size: 14pt;\">Contr\u00f4le de la qualit\u00e9<\/span><\/h2>\n<p><span style=\"color: #0000ff;\"><a style=\"color: #0000ff;\" href=\"https:\/\/vimaterial.de\/fr\/controle-qualite\/\">Chaque lot<\/a> <\/span>sera inspect\u00e9 et accompagn\u00e9 d\u2019un rapport d\u2019inspection, d\u2019autres inspections peuvent \u00eatre effectu\u00e9es selon les exigences du client et des rapports d\u2019inspection seront joints.<\/p>\n<h2><span style=\"font-size: 14pt;\">Stockage<\/span><\/h2>\n<p>Les granul\u00e9s d\u2019oxyde de zinc doivent \u00eatre stock\u00e9s dans un environnement sec et ventil\u00e9 \u00e0 une temp\u00e9rature de 15 \u00e0 25 \u00b0C, une humidit\u00e9 relative de 40 % \u00e0 60 %, dans un emballage int\u00e9rieur bien scell\u00e9 et un emballage ext\u00e9rieur solide avec un mat\u00e9riau de rembourrage, dans un endroit stable loin des sources de chaleur, d\u2019eau et de contamination chimique, plac\u00e9 horizontalement et \u00e9tiquet\u00e9 correctement.<\/p>\n","protected":false},"excerpt":{"rendered":"<p>Les granules <span style=\"color: #0000ff;\"><a style=\"color: #0000ff;\" href=\"https:\/\/vimaterial.de\/fr\/product\/oxyde-de-zinc-2\/\">d\u2019oxyde de zinc<\/a><\/span> sont une sorte de mat\u00e9riau granulaire compos\u00e9 d\u2019oxyde de zinc, g\u00e9n\u00e9ralement d\u2019apparence blanche, avec une certaine distribution granulom\u00e9trique, chimiquement stable, dans le caoutchouc, la c\u00e9ramique, les peintures, les produits pharmaceutiques et d\u2019autres domaines jouent une vari\u00e9t\u00e9 de r\u00f4les, tels que l\u2019agent actif de vulcanisation du caoutchouc, les composants de gla\u00e7ure c\u00e9ramique, les pigments de peinture et les pansements pharmaceutiques, etc.<\/p>\n<p>VIMATERIIAL peut fournir des granul\u00e9s d\u2019oxyde de zinc avec une puret\u00e9 de 99,9\u00a0% \u00e0 99,995\u00a0% dans la taille g\u00e9n\u00e9rale de 1 \u00e0 6 mm, d\u2019autres tailles sp\u00e9cifiques peuvent \u00eatre personnalis\u00e9es. Nous produisons des granul\u00e9s d\u2019oxyde de zinc de haute puret\u00e9, de couleur pure et de faibles impuret\u00e9s, l\u2019emballage peut \u00eatre personnalis\u00e9, si vous avez besoin d\u2019autres sp\u00e9cifications et tailles, vous pouvez nous contacter, nous acceptons le service personnalis\u00e9, n\u2019h\u00e9sitez pas \u00e0 <span style=\"color: #0000ff;\"><a style=\"color: #0000ff;\" href=\"https:\/\/vimaterial.de\/fr\/contact\/\">nous contacter.<\/a><\/span><\/p>\n","protected":false},"featured_media":1048218,"comment_status":"open","ping_status":"closed","template":"","meta":{"_acf_changed":false},"product_brand":[],"product_cat":[236],"product_tag":[],"class_list":{"0":"post-1018233","1":"product","2":"type-product","3":"status-publish","4":"has-post-thumbnail","6":"product_cat-materiaux-devaporation","8":"first","9":"instock","10":"shipping-taxable","11":"purchasable","12":"product-type-variable"},"acf":[],"_links":{"self":[{"href":"https:\/\/vimaterial.de\/fr\/wp-json\/wp\/v2\/product\/1018233","targetHints":{"allow":["GET"]}}],"collection":[{"href":"https:\/\/vimaterial.de\/fr\/wp-json\/wp\/v2\/product"}],"about":[{"href":"https:\/\/vimaterial.de\/fr\/wp-json\/wp\/v2\/types\/product"}],"replies":[{"embeddable":true,"href":"https:\/\/vimaterial.de\/fr\/wp-json\/wp\/v2\/comments?post=1018233"}],"wp:featuredmedia":[{"embeddable":true,"href":"https:\/\/vimaterial.de\/fr\/wp-json\/wp\/v2\/media\/1048218"}],"wp:attachment":[{"href":"https:\/\/vimaterial.de\/fr\/wp-json\/wp\/v2\/media?parent=1018233"}],"wp:term":[{"taxonomy":"product_brand","embeddable":true,"href":"https:\/\/vimaterial.de\/fr\/wp-json\/wp\/v2\/product_brand?post=1018233"},{"taxonomy":"product_cat","embeddable":true,"href":"https:\/\/vimaterial.de\/fr\/wp-json\/wp\/v2\/product_cat?post=1018233"},{"taxonomy":"product_tag","embeddable":true,"href":"https:\/\/vimaterial.de\/fr\/wp-json\/wp\/v2\/product_tag?post=1018233"}],"curies":[{"name":"wp","href":"https:\/\/api.w.org\/{rel}","templated":true}]}}