{"id":1018224,"date":"2024-06-17T15:05:19","date_gmt":"2024-06-17T07:05:19","guid":{"rendered":"https:\/\/vimaterial.de\/product\/iodure-de-zinc\/"},"modified":"2025-03-25T08:44:06","modified_gmt":"2025-03-25T00:44:06","slug":"iodure-de-zinc","status":"publish","type":"product","link":"https:\/\/vimaterial.de\/fr\/product\/iodure-de-zinc\/","title":{"rendered":"Iodure de zinc"},"content":{"rendered":"<p><span style=\"color: #0000ff;\"><a style=\"color: #0000ff;\" href=\"https:\/\/vimaterial.de\/fr\/product\/zinc-metal-4\/\">La poudre d&#8217;iodure de zinc<\/a> <\/span>est une odeur de sel piquante blanche ou presque blanche, facilement d\u00e9liquescente, facilement soluble dans l\u2019eau et une vari\u00e9t\u00e9 de solvants organiques, expos\u00e9e \u00e0 l\u2019air et \u00e0 la lumi\u00e8re peut s\u2019\u00e9chapper de l\u2019iode et devenir brune, principalement utilis\u00e9e pour la pr\u00e9paration de r\u00e9actif d\u2019amidon iod\u00e9 et dans la synth\u00e8se organique comme catalyseur, d\u00e9sinfectant antiseptique et autres compos\u00e9s inorganiques.<\/p>\n<p>Notre soci\u00e9t\u00e9 peut fournir de la poudre d\u2019iodure de zinc d\u2019une puret\u00e9 de 98\u00a0%, -100mesh. VIMATERIIAL produit de la poudre d\u2019iodure de zinc de bonne qualit\u00e9, l\u2019emballage du produit peut \u00eatre personnalis\u00e9, si vous avez besoin d\u2019autres sp\u00e9cifications et tailles, vous pouvez nous contacter, nous acceptons le service personnalis\u00e9, n\u2019h\u00e9sitez pas \u00e0<span style=\"color: #0000ff;\"><a style=\"color: #0000ff;\" href=\"https:\/\/vimaterial.de\/fr\/contact\/\"> nous contacter.<\/a><\/span><\/p>\n<h2><span style=\"font-size: 14pt;\">Propri\u00e9t\u00e9s physiques<\/span><\/h2>\n<p>Formule mol\u00e9culaire : ZnI\u2082<\/p>\n<p>Poids mol\u00e9culaire : 319,18 g\/mol<\/p>\n<p>Apparence\u00a0: poudre blanche<\/p>\n<p>Densit\u00e9 : 4,74 g\/cm\u00b3<\/p>\n<p>Point de fusion : 446\u00b0C<\/p>\n<p>Point d\u2019\u00e9bullition : 1150\u00b0C<\/p>\n<p>Structure cristalline : Structure cristalline hexagonale<\/p>\n<h2><span style=\"font-size: 14pt;\">Composition chimique<\/span><\/h2>\n<table style=\"border-collapse: collapse; width: 100%; height: 91px;\">\n<tbody>\n<tr style=\"height: 74px;\">\n<td style=\"width: 100%; height: 44px;\" colspan=\"10\">\n<p style=\"text-align: center;\"><span style=\"font-size: 12pt;\"><strong>composition de l\u2019iodure de zinc (\u00a0% en poids)<\/strong><\/span><\/p>\n<\/td>\n<\/tr>\n<tr style=\"height: 24px;\">\n<td style=\"width: 10%; height: 24px; text-align: center;\">ZnI\u2082<\/td>\n<td style=\"width: 10%; height: 24px; text-align: center;\">Fe<\/td>\n<td style=\"width: 10%; height: 24px; text-align: center;\">Cu<\/td>\n<td style=\"width: 10%; height: 24px; text-align: center;\">Si<\/td>\n<td style=\"width: 10%; height: 24px; text-align: center;\">Na<\/td>\n<td style=\"width: 10%; height: 24px; text-align: center;\">K<\/td>\n<td style=\"width: 10%; height: 24px; text-align: center;\">Al<\/td>\n<td style=\"width: 10%; height: 24px; text-align: center;\">Ni<\/td>\n<td style=\"width: 10%; height: 24px; text-align: center;\">Pb<\/td>\n<td style=\"width: 10%; height: 24px; text-align: center;\">Cd<\/td>\n<\/tr>\n<tr style=\"height: 23px;\">\n<td style=\"width: 10%; height: 23px; text-align: center;\">98.9<\/td>\n<td style=\"width: 10%; height: 23px; text-align: center;\">0.5<\/td>\n<td style=\"width: 10%; height: 23px; text-align: center;\">0.2<\/td>\n<td style=\"width: 10%; height: 23px; text-align: center;\">0.3<\/td>\n<td style=\"width: 10%; height: 23px; text-align: center;\">0.03<\/td>\n<td style=\"width: 10%; height: 23px; text-align: center;\">0.01<\/td>\n<td style=\"width: 10%; height: 23px; text-align: center;\">0.01<\/td>\n<td style=\"width: 10%; height: 23px; text-align: center;\">0.01<\/td>\n<td style=\"width: 10%; height: 23px; text-align: center;\">0.003<\/td>\n<td style=\"width: 10%; height: 23px; text-align: center;\">0.003<\/td>\n<\/tr>\n<\/tbody>\n<\/table>\n<h2><span style=\"font-size: 14pt;\">Applications<\/span><\/h2>\n<p>Catalyseur : Dans la synth\u00e8se organique, l&#8217;iodure de zinc est un excellent catalyseur pour la conversion du m\u00e9thanol en tripentane et la synth\u00e8se de l\u2019hexam\u00e9thylbenz\u00e8ne, ce qui peut acc\u00e9l\u00e9rer la progression de ces r\u00e9actions chimiques et am\u00e9liorer l\u2019efficacit\u00e9 de la r\u00e9action et la s\u00e9lectivit\u00e9 du produit.<\/p>\n<p>Dans la recherche de d\u00e9fauts industriels : En radiologie industrielle, l&#8217;iodure de zinc est utilis\u00e9 comme p\u00e9n\u00e9trant opaque aux rayons X, ce qui peut am\u00e9liorer le contraste des rayons X avec les dommages internes et la partie intacte du mat\u00e9riau, et aider \u00e0 d\u00e9tecter les d\u00e9fauts et les probl\u00e8mes structurels \u00e0 l\u2019int\u00e9rieur du mat\u00e9riau, ce qui est d\u2019une grande importance pour les essais non destructifs des mat\u00e9riaux m\u00e9talliques, des mat\u00e9riaux composites, et ainsi de suite.<\/p>\n<p>Agent colorant pour microscope \u00e9lectronique : Combin\u00e9 avec le t\u00e9troxyde d\u2019osmium, l\u2019iodure de zinc peut \u00eatre utilis\u00e9 comme agent colorant pour le microscope \u00e9lectronique, ce qui peut am\u00e9liorer le contraste et la visibilit\u00e9 des \u00e9chantillons ou des mat\u00e9riaux biologiques au microscope \u00e9lectronique, et aider les chercheurs \u00e0 observer et \u00e0 analyser la microstructure plus clairement.<\/p>\n<p>Champ de la batterie : Il peut \u00eatre utilis\u00e9 comme \u00e9lectrolyte dans les batteries rechargeables aqueuses zinc-halog\u00e8ne, qui jouent le r\u00f4le de transport des ions pendant le processus de charge et de d\u00e9charge des batteries, et contribuent \u00e0 am\u00e9liorer les performances et la dur\u00e9e de vie des batteries.<\/p>\n<h2><span style=\"font-size: 14pt;\">Emballage<\/span><\/h2>\n<p>Sacs ou bouteilles sous vide double couche, capacit\u00e9 selon les exigences du client, unit\u00e9 d\u2019emballage minimale 10g.<\/p>\n<h2><span style=\"font-size: 14pt;\">Contr\u00f4le de la qualit\u00e9<\/span><\/h2>\n<p><a href=\"https:\/\/vimaterial.de\/fr\/controle-qualite\/\"><span style=\"color: #0000ff;\">Chaque lot<\/span><\/a> de produits sera test\u00e9 pour la taille et la composition des particules, et le rapport d\u2019inspection sera joint \u00e0 l\u2019exp\u00e9dition, et d\u2019autres tests peuvent \u00eatre effectu\u00e9s selon les exigences du client, et le rapport d\u2019inspection sera joint \u00e0 l\u2019exp\u00e9dition.<\/p>\n<h2><span style=\"font-size: 14pt;\">Stockage<\/span><\/h2>\n<p>La poudre d&#8217;iodure de zinc doit \u00eatre stock\u00e9e dans des r\u00e9cipients scell\u00e9s dans un environnement frais, sec et \u00e9tanche \u00e0 la lumi\u00e8re pour \u00e9viter la d\u00e9liquescence, l\u2019oxydation et la modification des propri\u00e9t\u00e9s due \u00e0 la lumi\u00e8re.<\/p>\n","protected":false},"excerpt":{"rendered":"<p><span style=\"color: #0000ff;\"><a style=\"color: #0000ff;\" href=\"https:\/\/vimaterial.de\/en\/product\/zinc-metal-3\/\">La poudre d&#8217;iodure de zinc<\/a> <\/span>est une odeur de sel piquante blanche ou presque blanche, facilement d\u00e9liquescente, facilement soluble dans l\u2019eau et une vari\u00e9t\u00e9 de solvants organiques, expos\u00e9e \u00e0 l\u2019air et \u00e0 la lumi\u00e8re peut s\u2019\u00e9chapper de l\u2019iode et devenir brune, principalement utilis\u00e9e pour la pr\u00e9paration de r\u00e9actif d\u2019amidon iod\u00e9 et dans la synth\u00e8se organique comme catalyseur, d\u00e9sinfectant antiseptique et autres compos\u00e9s inorganiques.<\/p>\n","protected":false},"featured_media":1040222,"comment_status":"open","ping_status":"closed","template":"","meta":{"_acf_changed":false},"product_brand":[],"product_cat":[239],"product_tag":[],"class_list":{"0":"post-1018224","1":"product","2":"type-product","3":"status-publish","4":"has-post-thumbnail","6":"product_cat-materiaux-halogenes","8":"first","9":"instock","10":"shipping-taxable","11":"purchasable","12":"product-type-variable"},"acf":[],"_links":{"self":[{"href":"https:\/\/vimaterial.de\/fr\/wp-json\/wp\/v2\/product\/1018224","targetHints":{"allow":["GET"]}}],"collection":[{"href":"https:\/\/vimaterial.de\/fr\/wp-json\/wp\/v2\/product"}],"about":[{"href":"https:\/\/vimaterial.de\/fr\/wp-json\/wp\/v2\/types\/product"}],"replies":[{"embeddable":true,"href":"https:\/\/vimaterial.de\/fr\/wp-json\/wp\/v2\/comments?post=1018224"}],"wp:featuredmedia":[{"embeddable":true,"href":"https:\/\/vimaterial.de\/fr\/wp-json\/wp\/v2\/media\/1040222"}],"wp:attachment":[{"href":"https:\/\/vimaterial.de\/fr\/wp-json\/wp\/v2\/media?parent=1018224"}],"wp:term":[{"taxonomy":"product_brand","embeddable":true,"href":"https:\/\/vimaterial.de\/fr\/wp-json\/wp\/v2\/product_brand?post=1018224"},{"taxonomy":"product_cat","embeddable":true,"href":"https:\/\/vimaterial.de\/fr\/wp-json\/wp\/v2\/product_cat?post=1018224"},{"taxonomy":"product_tag","embeddable":true,"href":"https:\/\/vimaterial.de\/fr\/wp-json\/wp\/v2\/product_tag?post=1018224"}],"curies":[{"name":"wp","href":"https:\/\/api.w.org\/{rel}","templated":true}]}}