{"id":1018205,"date":"2024-06-17T15:05:20","date_gmt":"2024-06-17T07:05:20","guid":{"rendered":"https:\/\/vimaterial.de\/product\/oxyde-de-zinc-2\/"},"modified":"2024-11-20T15:44:56","modified_gmt":"2024-11-20T07:44:56","slug":"oxyde-de-zinc-2","status":"publish","type":"product","link":"https:\/\/vimaterial.de\/fr\/product\/oxyde-de-zinc-2\/","title":{"rendered":"Oxyde de zinc"},"content":{"rendered":"<p>La cible de pulv\u00e9risation \u00e0 <span style=\"color: #0000ff;\"><a style=\"color: #0000ff;\" href=\"https:\/\/vimaterial.de\/fr\/product\/oxyde-de-zinc\/\">l\u2019oxyde de zinc<\/a><\/span> est une cible de pulv\u00e9risation en c\u00e9ramique utilis\u00e9e dans la pulv\u00e9risation cathodique magn\u00e9tron et d\u2019autres processus de rev\u00eatement. Il utilise de l\u2019oxyde de zinc comme composant principal et peut produire des films minces avec des propri\u00e9t\u00e9s opto\u00e9lectroniques sp\u00e9cifiques. Il est largement utilis\u00e9 dans les domaines de l\u2019information opto\u00e9lectronique tels que les \u00e9crans plats, les cellules solaires \u00e0 couche mince et le verre \u00e0 \u00e9conomie d\u2019\u00e9nergie des b\u00e2timents.<\/p>\n<p>Notre soci\u00e9t\u00e9 fournit des cibles de pulv\u00e9risation d\u2019oxyde de zinc de diff\u00e9rentes sp\u00e9cifications et puret\u00e9s, qui peuvent \u00eatre personnalis\u00e9es en fonction des exigences du client et fournir des services de liaison de produits. VIMATERIAL dispose de techniciens professionnels qui peuvent vous fournir une <span style=\"color: #0000ff;\"><a style=\"color: #0000ff;\" href=\"https:\/\/vimaterial.de\/fr\/contact\/\">assistance technique<\/a> professionnelle.<\/span><\/p>\n<h2><span style=\"font-size: 14pt;\">Propri\u00e9t\u00e9s physiques<\/span><\/h2>\n<p>Formule mol\u00e9culaire : ZnO<\/p>\n<p>Poids mol\u00e9culaire : 81.408<\/p>\n<p>Apparence : Cible blanche (comme ronde, carr\u00e9e, etc.)<\/p>\n<p>Densit\u00e9 : 5,61 g\/cm\u00b3<\/p>\n<p>Point de fusion : 1975 \u00b0C (3587 \u00b0F)<\/p>\n<p>Point d\u2019\u00e9bullition : 2360 \u00b0C (4280 \u00b0F)<\/p>\n<p>Structure cristalline : Structure hexagonale en wurtzite<\/p>\n<h2><span style=\"font-size: 14pt;\">Composition chimique<\/span><\/h2>\n<table style=\"border-collapse: collapse; width: 100%; height: 97px;\">\n<tbody>\n<tr style=\"height: 51px;\">\n<td style=\"width: 100%; height: 51px;\" colspan=\"10\">\n<p style=\"text-align: center;\"><strong><span style=\"font-size: 12pt;\">composition de l\u2019oxyde de zinc (% en poids)<\/span><\/strong><\/p>\n<\/td>\n<\/tr>\n<tr style=\"height: 23px;\">\n<td style=\"width: 10%; text-align: center; height: 23px;\">ZnO<\/td>\n<td style=\"width: 10%; text-align: center; height: 23px;\">Fe<\/td>\n<td style=\"width: 10%; height: 23px; text-align: center;\">Ni<\/td>\n<td style=\"width: 10%; height: 23px; text-align: center;\">Cu<\/td>\n<td style=\"width: 10%; height: 23px; text-align: center;\">Mo<\/td>\n<td style=\"width: 10%; height: 23px; text-align: center;\">Ta<\/td>\n<td style=\"width: 10%; height: 23px; text-align: center;\">W<\/td>\n<td style=\"width: 10%; height: 23px; text-align: center;\">Ti<\/td>\n<td style=\"width: 10%; height: 23px; text-align: center;\">V<\/td>\n<td style=\"width: 10%; height: 23px; text-align: center;\">Pb<\/td>\n<\/tr>\n<tr style=\"height: 23px;\">\n<td style=\"width: 10%; height: 23px; text-align: center;\">99.9<\/td>\n<td style=\"width: 10%; height: 23px; text-align: center;\">0.012<\/td>\n<td style=\"width: 10%; height: 23px; text-align: center;\">0.015<\/td>\n<td style=\"width: 10%; height: 23px; text-align: center;\">0.019<\/td>\n<td style=\"width: 10%; height: 23px; text-align: center;\">0.010<\/td>\n<td style=\"width: 10%; height: 23px; text-align: center;\">0.008<\/td>\n<td style=\"width: 10%; height: 23px; text-align: center;\">0.003<\/td>\n<td style=\"width: 10%; height: 23px; text-align: center;\">0.001<\/td>\n<td style=\"width: 10%; height: 23px; text-align: center;\">0.003<\/td>\n<td style=\"width: 10%; height: 23px; text-align: center;\">0.002<\/td>\n<\/tr>\n<\/tbody>\n<\/table>\n<h2><span style=\"font-size: 14pt;\">Application<\/span><\/h2>\n<p>\u00c9cran plat : utilis\u00e9 pour les \u00e9crans LCD et OLED, il peut pr\u00e9parer des films conducteurs transparents comme \u00e9lectrodes ou couches de transport d\u2019\u00e9lectrons\/tampons pour am\u00e9liorer les effets d\u2019affichage et la stabilit\u00e9 du dispositif.<\/p>\n<p>Industrie photovolta\u00efque : Pr\u00e9parez des couches de fen\u00eatre ou des couches tampons pour les cellules solaires \u00e0 couche mince afin d\u2019am\u00e9liorer l\u2019efficacit\u00e9 de l\u2019absorption de la lumi\u00e8re et la stabilit\u00e9 de la batterie, et \u00e9galement utilis\u00e9es pour construire des h\u00e9t\u00e9rojonctions afin d\u2019am\u00e9liorer l\u2019efficacit\u00e9 de la conversion photo\u00e9lectrique.<\/p>\n<p>Fabrication de semi-conducteurs : fabriquer des couches isolantes et des couches de passivation pour prot\u00e9ger les appareils, et peut \u00e9galement pr\u00e9parer des films pi\u00e9zo\u00e9lectriques pour des dispositifs acoustiques et \u00e9lectriques, jouant un r\u00f4le dans les domaines des communications et des capteurs.<\/p>\n<p>Verre intelligent : utilis\u00e9 comme mat\u00e9riau d\u2019\u00e9lectrode pour la gradation dans le verre \u00e9lectrochrome, et am\u00e9liore la conductivit\u00e9 et la stabilit\u00e9 dans le verre PDLC.<\/p>\n<h2><span style=\"font-size: 14pt;\">Emballage <\/span><\/h2>\n<p>Bo\u00eetes d\u2019ensachage, d\u2019aspiration et d\u2019emballage renforc\u00e9es double couche de tailles sp\u00e9cifiques<\/p>\n<h2><span style=\"font-size: 14pt;\">Contr\u00f4le qualit\u00e9<\/span><\/h2>\n<p><span style=\"color: #0000ff;\"><a style=\"color: #0000ff;\" href=\"https:\/\/vimaterial.de\/fr\/controle-qualite\/\">Assurez-vous <\/a><span style=\"color: #000000;\">que chaque<\/span><\/span> lot est inspect\u00e9 et qu\u2019un rapport d\u2019inspection est fourni. Les \u00e9chantillons peuvent \u00eatre fournis aux clients pour une r\u00e9inspection ou envoy\u00e9s \u00e0 un tiers pour inspection selon les exigences du client.<\/p>\n<h2><span style=\"font-size: 14pt;\">Stockage<\/span><\/h2>\n<p>Les cibles de pulv\u00e9risation \u00e0 l\u2019oxyde de zinc doivent \u00eatre stock\u00e9es dans un environnement sec et ventil\u00e9 \u00e0 temp\u00e9rature ambiante (15-25\u00b0C) et \u00e0 une humidit\u00e9 relative de %-60%, \u00e0 l\u2019aide d\u2019un emballage sous vide ou d\u2019un emballage int\u00e9rieur rempli de gaz inerte et d\u2019un emballage ext\u00e9rieur robuste avec des mat\u00e9riaux de rembourrage, \u00e0 l\u2019\u00e9cart des sources de chaleur, de l\u2019eau et des sources de pollution chimique, et stock\u00e9s horizontalement et de mani\u00e8re stable.<\/p>\n","protected":false},"excerpt":{"rendered":"<p>La cible de pulv\u00e9risation \u00e0 <span style=\"color: #0000ff;\"><a style=\"color: #0000ff;\" href=\"https:\/\/vimaterial.de\/en\/product\/zinc-oxide-2\/\">l\u2019oxyde de zinc<\/a><\/span> est une cible de pulv\u00e9risation en c\u00e9ramique utilis\u00e9e dans la pulv\u00e9risation cathodique magn\u00e9tron et d\u2019autres processus de rev\u00eatement. Il utilise de l\u2019oxyde de zinc comme composant principal et peut produire des films minces avec des propri\u00e9t\u00e9s opto\u00e9lectroniques sp\u00e9cifiques. Il est largement utilis\u00e9 dans les domaines de l\u2019information opto\u00e9lectronique tels que les \u00e9crans plats, les cellules solaires \u00e0 couche mince et le verre \u00e0 \u00e9conomie d\u2019\u00e9nergie des b\u00e2timents.<\/p>\n","protected":false},"featured_media":1003621,"comment_status":"open","ping_status":"closed","template":"","meta":{"_acf_changed":false},"product_brand":[],"product_cat":[235],"product_tag":[],"class_list":{"0":"post-1018205","1":"product","2":"type-product","3":"status-publish","4":"has-post-thumbnail","6":"product_cat-cibles-de-pulverisation-planaire","8":"first","9":"instock","10":"shipping-taxable","11":"purchasable","12":"product-type-variable"},"acf":[],"_links":{"self":[{"href":"https:\/\/vimaterial.de\/fr\/wp-json\/wp\/v2\/product\/1018205","targetHints":{"allow":["GET"]}}],"collection":[{"href":"https:\/\/vimaterial.de\/fr\/wp-json\/wp\/v2\/product"}],"about":[{"href":"https:\/\/vimaterial.de\/fr\/wp-json\/wp\/v2\/types\/product"}],"replies":[{"embeddable":true,"href":"https:\/\/vimaterial.de\/fr\/wp-json\/wp\/v2\/comments?post=1018205"}],"wp:featuredmedia":[{"embeddable":true,"href":"https:\/\/vimaterial.de\/fr\/wp-json\/wp\/v2\/media\/1003621"}],"wp:attachment":[{"href":"https:\/\/vimaterial.de\/fr\/wp-json\/wp\/v2\/media?parent=1018205"}],"wp:term":[{"taxonomy":"product_brand","embeddable":true,"href":"https:\/\/vimaterial.de\/fr\/wp-json\/wp\/v2\/product_brand?post=1018205"},{"taxonomy":"product_cat","embeddable":true,"href":"https:\/\/vimaterial.de\/fr\/wp-json\/wp\/v2\/product_cat?post=1018205"},{"taxonomy":"product_tag","embeddable":true,"href":"https:\/\/vimaterial.de\/fr\/wp-json\/wp\/v2\/product_tag?post=1018205"}],"curies":[{"name":"wp","href":"https:\/\/api.w.org\/{rel}","templated":true}]}}