{"id":1018136,"date":"2024-06-17T15:05:22","date_gmt":"2024-06-17T07:05:22","guid":{"rendered":"https:\/\/vimaterial.de\/product\/oxyde-de-zinc-dope-au-ga-2\/"},"modified":"2025-03-25T10:57:11","modified_gmt":"2025-03-25T02:57:11","slug":"oxyde-de-zinc-dope-au-ga-2","status":"publish","type":"product","link":"https:\/\/vimaterial.de\/fr\/product\/oxyde-de-zinc-dope-au-ga-2\/","title":{"rendered":"Oxyde de zinc (dop\u00e9 au Ga)"},"content":{"rendered":"<p>Les granules d\u2019oxyde de zinc (dop\u00e9s au Ga) sont des particules d\u2019oxyde de zinc dop\u00e9es au gallium aux propri\u00e9t\u00e9s physicochimiques uniques, qui ont des applications importantes dans les semi-conducteurs et les dispositifs opto\u00e9lectroniques.<\/p>\n<p>Les granul\u00e9s d\u2019oxyde de zinc (dop\u00e9s au Ga) de VIMATERIAL sont fabriqu\u00e9s \u00e0 partir d\u2019oxyde de zinc dop\u00e9 \u00e0 5\u00a0% de gallium. Par rapport aux granules d\u2019oxyde de zinc, les granules d\u2019oxyde de zinc dop\u00e9s \u00e0 5\u00a0% de gallium ont de meilleures propri\u00e9t\u00e9s \u00e9lectriques, des propri\u00e9t\u00e9s optiques, une stabilit\u00e9 de structure cristalline, etc., ce qui les rend plus adapt\u00e9s \u00e0 une utilisation dans des dispositifs \u00e9lectroniques et opto\u00e9lectroniques haute performance.<\/p>\n<h2><span style=\"font-size: 14pt;\">Propri\u00e9t\u00e9s physiques<\/span><\/h2>\n<p>Formule mol\u00e9culaire : ZnO-5wt\u00a0%Ga<\/p>\n<p>Apparence\u00a0: g\u00e9n\u00e9ralement poudre blanche<\/p>\n<p>Densit\u00e9 : environ 5,6 g\/cm\u00b3<\/p>\n<p>Point de fusion : au-dessus de 1900\u00b0C<\/p>\n<p>Point d\u2019\u00e9bullition : environ 2300\u00b0C-2400\u00b0C<\/p>\n<p>Structure cristalline : La structure wurtzite de l\u2019oxyde de zinc est maintenue, mais le dopage du gallium entra\u00eenera des modifications de la constante du r\u00e9seau, affectant ainsi les propri\u00e9t\u00e9s du cristal.<\/p>\n<h2><span style=\"font-size: 14pt;\">Applications<\/span><\/h2>\n<p>\u00c9lectronique\u00a0: En raison de la combinaison d\u2019une bonne conductivit\u00e9 \u00e9lectrique et d\u2019une transparence optique, le gallium peut \u00eatre utilis\u00e9 pour pr\u00e9parer des \u00e9lectrodes conductrices transparentes pour les dispositifs opto\u00e9lectroniques afin d\u2019am\u00e9liorer les performances et l\u2019affichage des appareils. Leurs propri\u00e9t\u00e9s \u00e9lectriques uniques les rendent adapt\u00e9s \u00e0 une utilisation comme mat\u00e9riaux de canal ou d\u2019\u00e9lectrode dans les transistors, ce qui peut am\u00e9liorer la mobilit\u00e9 de la porteuse et les performances de commutation et r\u00e9duire la consommation d\u2019\u00e9nergie.<\/p>\n<p>Champ optique\u00a0: Il peut absorber les rayons ultraviolets et \u00eatre utilis\u00e9 dans les cosm\u00e9tiques de protection solaire, les plastiques, les peintures, etc. pour pr\u00e9venir les dommages caus\u00e9s par les UV et donner aux produits des propri\u00e9t\u00e9s anti-\u00e2ge. Il peut g\u00e9n\u00e9rer des paires \u00e9lectron-cavit\u00e9 sous la lumi\u00e8re et a une forte capacit\u00e9 redox, qui peut \u00eatre utilis\u00e9e pour la d\u00e9gradation photocatalytique des polluants et la d\u00e9composition de l\u2019eau pour produire de l\u2019hydrog\u00e8ne.<\/p>\n<p>Champ d\u2019\u00e9nergie : en tant qu\u2019additif du mat\u00e9riau d\u2019anode, il peut am\u00e9liorer les performances de charge et de d\u00e9charge, la stabilit\u00e9 du cycle et la s\u00e9curit\u00e9 des batteries, et am\u00e9liorer les performances \u00e9lectrochimiques. De bonnes propri\u00e9t\u00e9s photo\u00e9lectriques peuvent \u00eatre utilis\u00e9es comme mat\u00e9riaux de photoanode ou de couche de transport d\u2019\u00e9lectrons pour am\u00e9liorer l\u2019efficacit\u00e9 de la conversion photo\u00e9lectrique.<\/p>\n<p>C\u00e9ramique\u00a0: ajout\u00e9 aux mat\u00e9riaux c\u00e9ramiques, il peut am\u00e9liorer le frittage, les propri\u00e9t\u00e9s m\u00e9caniques et \u00e9lectriques, r\u00e9duire la temp\u00e9rature de frittage, augmenter la densit\u00e9 et la duret\u00e9.<\/p>\n<p>Capteurs : Sensibles \u00e0 certains gaz, les propri\u00e9t\u00e9s \u00e9lectriques changent lorsqu\u2019ils sont expos\u00e9s \u00e0 des gaz sp\u00e9cifiques, sur la base desquels des capteurs peuvent \u00eatre pr\u00e9par\u00e9s pour d\u00e9tecter des gaz ou des biomol\u00e9cules nocifs. Sur la base d\u2019une bonne biocompatibilit\u00e9 et de bonnes propri\u00e9t\u00e9s de surface, des biocapteurs peuvent \u00eatre construits pour r\u00e9aliser une d\u00e9tection rapide et sensible des biomol\u00e9cules.<\/p>\n<p>Champ antimicrobien\u00a0: Il a des propri\u00e9t\u00e9s antimicrobiennes, et l\u2019effet antimicrobien peut \u00eatre renforc\u00e9 apr\u00e8s le dopage au gallium, qui peut \u00eatre utilis\u00e9 pour pr\u00e9parer des plastiques, des rev\u00eatements, des fibres, etc. antimicrobiens pour inhiber la croissance et la reproduction des bact\u00e9ries.<\/p>\n<h2><span style=\"font-size: 14pt;\">Contr\u00f4le de la qualit\u00e9<\/span><\/h2>\n<p>Chaque lot de produits a \u00e9t\u00e9 inspect\u00e9 et accompagn\u00e9 d\u2019un rapport d\u2019inspection, nous soutenons \u00e9galement l\u2019inspection par un tiers. Chaque lot de produits est accompagn\u00e9 d\u2019\u00e9chantillons, et nous aidons les clients \u00e0 r\u00e9inspecter.<\/p>\n<h2><span style=\"font-size: 14pt;\">Emballage et stockage<\/span><\/h2>\n<p>Bouteilles sous vide \u00e0 double couche, l\u2019unit\u00e9 de capacit\u00e9 g\u00e9n\u00e9rale est de 50 g, ou des bouteilles de 1 kg, de grandes quantit\u00e9s peuvent \u00e9galement \u00eatre des f\u00fbts ou des bo\u00eetes de 25 kg, une vari\u00e9t\u00e9 de m\u00e9thodes d\u2019emballage que vous pouvez choisir librement.<br \/>\nLes granul\u00e9s d\u2019oxyde de zinc (dop\u00e9s \u00e0 5 % au Ga) doivent \u00eatre stock\u00e9s dans un environnement sec, frais et bien ventil\u00e9, \u00e0 l\u2019abri de l\u2019humidit\u00e9, des sources d\u2019inflammation et des agents oxydants puissants, et doivent \u00eatre maintenus scell\u00e9s pour \u00e9viter qu\u2019ils n\u2019absorbent les impuret\u00e9s de l\u2019air et n\u2019affectent leurs performances.<\/p>\n","protected":false},"excerpt":{"rendered":"<p>Les granules d&#8217;oxyde de zinc (dop\u00e9s au Ga) sont des particules d\u2019oxyde de zinc dop\u00e9es au gallium aux propri\u00e9t\u00e9s physicochimiques uniques, qui ont des applications importantes dans les semi-conducteurs et les dispositifs opto\u00e9lectroniques.<\/p>\n<p>Les granul\u00e9s d&#8217;oxyde de zinc (dop\u00e9s au Ga) de VIMATERIAL sont fabriqu\u00e9s \u00e0 partir d\u2019oxyde de zinc dop\u00e9 \u00e0 5 % de gallium. Par rapport aux granules d\u2019oxyde de zinc, les granules d\u2019oxyde de zinc dop\u00e9s \u00e0 5 % de gallium ont de meilleures propri\u00e9t\u00e9s \u00e9lectriques, des propri\u00e9t\u00e9s optiques, une stabilit\u00e9 de structure cristalline, etc., ce qui les rend plus adapt\u00e9s \u00e0 une utilisation dans des dispositifs \u00e9lectroniques et opto\u00e9lectroniques haute performance.<\/p>\n","protected":false},"featured_media":1003639,"comment_status":"open","ping_status":"closed","template":"","meta":{"_acf_changed":false},"product_brand":[],"product_cat":[236],"product_tag":[],"class_list":{"0":"post-1018136","1":"product","2":"type-product","3":"status-publish","4":"has-post-thumbnail","6":"product_cat-materiaux-devaporation","8":"first","9":"instock","10":"shipping-taxable","11":"product-type-variable"},"acf":[],"_links":{"self":[{"href":"https:\/\/vimaterial.de\/fr\/wp-json\/wp\/v2\/product\/1018136","targetHints":{"allow":["GET"]}}],"collection":[{"href":"https:\/\/vimaterial.de\/fr\/wp-json\/wp\/v2\/product"}],"about":[{"href":"https:\/\/vimaterial.de\/fr\/wp-json\/wp\/v2\/types\/product"}],"replies":[{"embeddable":true,"href":"https:\/\/vimaterial.de\/fr\/wp-json\/wp\/v2\/comments?post=1018136"}],"wp:featuredmedia":[{"embeddable":true,"href":"https:\/\/vimaterial.de\/fr\/wp-json\/wp\/v2\/media\/1003639"}],"wp:attachment":[{"href":"https:\/\/vimaterial.de\/fr\/wp-json\/wp\/v2\/media?parent=1018136"}],"wp:term":[{"taxonomy":"product_brand","embeddable":true,"href":"https:\/\/vimaterial.de\/fr\/wp-json\/wp\/v2\/product_brand?post=1018136"},{"taxonomy":"product_cat","embeddable":true,"href":"https:\/\/vimaterial.de\/fr\/wp-json\/wp\/v2\/product_cat?post=1018136"},{"taxonomy":"product_tag","embeddable":true,"href":"https:\/\/vimaterial.de\/fr\/wp-json\/wp\/v2\/product_tag?post=1018136"}],"curies":[{"name":"wp","href":"https:\/\/api.w.org\/{rel}","templated":true}]}}