{"id":1018121,"date":"2024-06-17T15:05:26","date_gmt":"2024-06-17T07:05:26","guid":{"rendered":"https:\/\/vimaterial.de\/product\/oxyde-de-zinc-dope-a-lalumine-2\/"},"modified":"2025-04-09T17:42:47","modified_gmt":"2025-04-09T09:42:47","slug":"oxyde-de-zinc-dope-a-lalumine-2","status":"publish","type":"product","link":"https:\/\/vimaterial.de\/fr\/product\/oxyde-de-zinc-dope-a-lalumine-2\/","title":{"rendered":"Oxyde de zinc dop\u00e9 \u00e0 l\u2019alumine (AZO)"},"content":{"rendered":"<p><span style=\"color: #0000ff;\"><a style=\"color: #0000ff;\" href=\"https:\/\/vimaterial.de\/en\/product\/alumina-doped-zinc-oxide-2\/\">Les particules d\u2019oxyde de zinc dop\u00e9es \u00e0 l\u2019alumine sont des<\/a> <\/span>nanoparticules avec une bonne conductivit\u00e9 \u00e9lectrique, une transparence optique et diverses m\u00e9thodes de pr\u00e9paration, qui ont des applications importantes dans les dispositifs \u00e9lectroniques, l\u2019optique, l\u2019\u00e9nergie et d\u2019autres domaines.<\/p>\n<p>Les particules d\u2019oxyde de zinc dop\u00e9es \u00e0 l\u2019alumine produites par VIMATERIAL se caract\u00e9risent par une grande puret\u00e9 et une bonne qualit\u00e9, et nos clients ont tr\u00e8s bien r\u00e9agi \u00e0 leur utilisation. Notre soci\u00e9t\u00e9 dispose d\u2019une \u00e9quipe technique professionnelle, profond\u00e9ment engag\u00e9e dans le domaine des mat\u00e9riaux chimiques inorganiques, vous pouvez <span style=\"color: #0000ff;\"><a style=\"color: #0000ff;\" href=\"https:\/\/vimaterial.de\/en\/contact-us\/\">nous contacter<\/a><\/span> si vous avez des questions. <\/p>\n<h2><span style=\"font-size: 14pt;\">Propri\u00e9t\u00e9s physiques<\/span><\/h2>\n<p>Formule mol\u00e9culaire : AZO (ZnO-Al2O3)<\/p>\n<p>Poids mol\u00e9culaire : 183,34.<\/p>\n<p>Apparence&nbsp;: granule gris-noir<\/p>\n<p>Structure cristalline : Structure hexagonale en oxyde de zinc, similaire \u00e0 l\u2019oxyde de zinc.<\/p>\n<h2><span style=\"font-size: 14pt;\">Applications<\/span><\/h2>\n<p>Champ \u00e9lectronique : utilis\u00e9 comme \u00e9lectrode conductrice transparente pour les \u00e9crans \u00e0 cristaux liquides, les diodes \u00e9lectroluminescentes organiques, etc., rempla\u00e7ant les mat\u00e9riaux traditionnels pour r\u00e9duire les co\u00fbts. Utilis\u00e9 comme couche conductrice transparente dans les cellules solaires pour am\u00e9liorer l\u2019efficacit\u00e9 de la conversion photo\u00e9lectrique et faciliter la production de masse. <\/p>\n<p>Champ optique : Pr\u00e9paration des rev\u00eatements optiques, utilis\u00e9s \u00e0 la surface des composants optiques, pour obtenir une transmittance accrue, une r\u00e9flexion r\u00e9duite, un filtrage de la lumi\u00e8re et d\u2019autres fonctions. En tant que mat\u00e9riau de stockage optique, l\u2019utilisation des propri\u00e9t\u00e9s photochromiques de la production de disques optiques et d\u2019autres supports de stockage d\u2019informations. <\/p>\n<p>Champ d\u2019\u00e9nergie : ajout\u00e9 au mat\u00e9riau d\u2019\u00e9lectrode des batteries lithium-ion pour am\u00e9liorer la conductivit\u00e9 de l\u2019\u00e9lectrode et les performances de charge\/d\u00e9charge. Utilis\u00e9 comme mat\u00e9riau d\u2019\u00e9lectrode pour les supercondensateurs afin d\u2019am\u00e9liorer la capacit\u00e9 et l\u2019efficacit\u00e9 de charge\/d\u00e9charge. <\/p>\n<p>Domaine biom\u00e9dical : transform\u00e9 en vecteurs de m\u00e9dicaments, produisant un effet photothermique dans la r\u00e9gion de la lumi\u00e8re proche infrarouge pour r\u00e9aliser une lib\u00e9ration contr\u00f4l\u00e9e de m\u00e9dicaments. Fonctionnalis\u00e9 et modifi\u00e9 avec des colorants fluorescents ou des agents de contraste pour l\u2019imagerie in vivo. <\/p>\n<h2><span style=\"font-size: 14pt;\">Contr\u00f4le de la qualit\u00e9<\/span><\/h2>\n<p><a href=\"https:\/\/vimaterial.de\/en\/quality-control\/\"><span style=\"color: #0000ff;\">Chaque lot<\/span><\/a> de produits doit \u00eatre inspect\u00e9 et accompagn\u00e9 d\u2019un rapport d\u2019inspection, accompagn\u00e9 d\u2019\u00e9chantillons pour que les clients puissent les r\u00e9inspecter, peut \u00e9galement \u00eatre bas\u00e9 sur les exigences du client pour une inspection par un tiers.<\/p>\n<h2><span style=\"font-size: 14pt;\">Emballage et stockage<\/span><\/h2>\n<p>Bouteilles sous vide \u00e0 double couche, l\u2019unit\u00e9 de capacit\u00e9 g\u00e9n\u00e9rale est de 50 g, ou des bouteilles de 1 kg, de grandes quantit\u00e9s peuvent \u00e9galement \u00eatre des f\u00fbts ou des bo\u00eetes de 25 kg, une vari\u00e9t\u00e9 de m\u00e9thodes d\u2019emballage que vous pouvez choisir librement.<\/p>\n<p>Les granul\u00e9s d\u2019oxyde de zinc dop\u00e9s \u00e0 l\u2019alumine doivent \u00eatre stock\u00e9s dans un environnement sec, frais et bien ventil\u00e9, emball\u00e9s scell\u00e9s pour \u00e9viter l\u2019humidit\u00e9 et le contact avec l\u2019air, et \u00e0 l\u2019\u00e9cart du feu, des agents oxydants forts et des acides et alcalis pour maintenir leurs performances stables.<\/p>\n","protected":false},"excerpt":{"rendered":"<p>Les particules d\u2019oxyde de zinc dop\u00e9es \u00e0 l\u2019alumine sont des nanoparticules avec une bonne conductivit\u00e9 \u00e9lectrique, une transparence optique et diverses m\u00e9thodes de pr\u00e9paration, qui ont des applications importantes dans les dispositifs \u00e9lectroniques, l\u2019optique, l\u2019\u00e9nergie et d\u2019autres domaines.<\/p>\n","protected":false},"featured_media":1003649,"comment_status":"open","ping_status":"closed","template":"","meta":{"_acf_changed":false},"product_brand":[],"product_cat":[236],"product_tag":[],"class_list":{"0":"post-1018121","1":"product","2":"type-product","3":"status-publish","4":"has-post-thumbnail","6":"product_cat-materiaux-devaporation","8":"first","9":"instock","10":"shipping-taxable","11":"product-type-variable"},"acf":[],"_links":{"self":[{"href":"https:\/\/vimaterial.de\/fr\/wp-json\/wp\/v2\/product\/1018121","targetHints":{"allow":["GET"]}}],"collection":[{"href":"https:\/\/vimaterial.de\/fr\/wp-json\/wp\/v2\/product"}],"about":[{"href":"https:\/\/vimaterial.de\/fr\/wp-json\/wp\/v2\/types\/product"}],"replies":[{"embeddable":true,"href":"https:\/\/vimaterial.de\/fr\/wp-json\/wp\/v2\/comments?post=1018121"}],"wp:featuredmedia":[{"embeddable":true,"href":"https:\/\/vimaterial.de\/fr\/wp-json\/wp\/v2\/media\/1003649"}],"wp:attachment":[{"href":"https:\/\/vimaterial.de\/fr\/wp-json\/wp\/v2\/media?parent=1018121"}],"wp:term":[{"taxonomy":"product_brand","embeddable":true,"href":"https:\/\/vimaterial.de\/fr\/wp-json\/wp\/v2\/product_brand?post=1018121"},{"taxonomy":"product_cat","embeddable":true,"href":"https:\/\/vimaterial.de\/fr\/wp-json\/wp\/v2\/product_cat?post=1018121"},{"taxonomy":"product_tag","embeddable":true,"href":"https:\/\/vimaterial.de\/fr\/wp-json\/wp\/v2\/product_tag?post=1018121"}],"curies":[{"name":"wp","href":"https:\/\/api.w.org\/{rel}","templated":true}]}}