{"id":1018118,"date":"2024-06-17T15:05:26","date_gmt":"2024-06-17T07:05:26","guid":{"rendered":"https:\/\/vimaterial.de\/product\/oxyde-de-zinc-dope-au-ga\/"},"modified":"2024-07-12T11:55:01","modified_gmt":"2024-07-12T03:55:01","slug":"oxyde-de-zinc-dope-au-ga","status":"publish","type":"product","link":"https:\/\/vimaterial.de\/fr\/product\/oxyde-de-zinc-dope-au-ga\/","title":{"rendered":"Oxyde de zinc (dop\u00e9 au Ga)"},"content":{"rendered":"<p>VI HALBLEITERMATERIAL se sp\u00e9cialise dans la production de diverses sp\u00e9cifications de poudres chimiques inorganiques de haute puret\u00e9, de mat\u00e9riaux d\u2019\u00e9vaporation, de cibles de pulv\u00e9risation. Y compris toutes sortes de m\u00e9taux, de mat\u00e9riaux c\u00e9ramiques. Les produits sont appliqu\u00e9s \u00e0 divers domaines du rev\u00eatement sous vide par diverses m\u00e9thodes (pulv\u00e9risation magn\u00e9tron, placage sous vide, etc.) : recherche scientifique, a\u00e9rospatiale, automobile, micro\u00e9lectronique, industrie des circuits int\u00e9gr\u00e9s, source lumineuse, optique, d\u00e9coration, industrie de l\u2019affichage sur \u00e9cran plat, industrie du stockage d\u2019informations, stockage de donn\u00e9es, etc. Les mat\u00e9riaux d\u2019alliage de notre entreprise avec une excellente qualit\u00e9, le mod\u00e8le complet, le service attentionn\u00e9, par la majorit\u00e9 des utilisateurs font confiance, les produits sont vendus dans le monde entier, a une bonne r\u00e9putation. Nous fournissons \u00e9galement des services personnalis\u00e9s en fonction de vos besoinsNos entreprises bas\u00e9es sur l\u2019int\u00e9grit\u00e9, la qualit\u00e9 d\u2019abord, accueillent chaleureusement les clients \u00e0 consulter.<\/p>\n","protected":false},"excerpt":{"rendered":"<p>VI HALBLEITERMATERIAL se sp\u00e9cialise dans la production de diverses sp\u00e9cifications de poudres chimiques inorganiques de haute puret\u00e9, de mat\u00e9riaux d\u2019\u00e9vaporation, de cibles de pulv\u00e9risation. Y compris toutes sortes de m\u00e9taux, de mat\u00e9riaux c\u00e9ramiques. Les produits sont appliqu\u00e9s \u00e0 divers domaines du rev\u00eatement sous vide par diverses m\u00e9thodes (pulv\u00e9risation magn\u00e9tron, placage sous vide, etc.) : recherche [&hellip;]<\/p>\n","protected":false},"featured_media":1003639,"comment_status":"open","ping_status":"closed","template":"","meta":{"_acf_changed":false},"product_brand":[],"product_cat":[235],"product_tag":[],"class_list":{"0":"post-1018118","1":"product","2":"type-product","3":"status-publish","4":"has-post-thumbnail","6":"product_cat-cibles-de-pulverisation-planaire","8":"first","9":"instock","10":"shipping-taxable","11":"purchasable","12":"product-type-variable"},"acf":[],"_links":{"self":[{"href":"https:\/\/vimaterial.de\/fr\/wp-json\/wp\/v2\/product\/1018118","targetHints":{"allow":["GET"]}}],"collection":[{"href":"https:\/\/vimaterial.de\/fr\/wp-json\/wp\/v2\/product"}],"about":[{"href":"https:\/\/vimaterial.de\/fr\/wp-json\/wp\/v2\/types\/product"}],"replies":[{"embeddable":true,"href":"https:\/\/vimaterial.de\/fr\/wp-json\/wp\/v2\/comments?post=1018118"}],"wp:featuredmedia":[{"embeddable":true,"href":"https:\/\/vimaterial.de\/fr\/wp-json\/wp\/v2\/media\/1003639"}],"wp:attachment":[{"href":"https:\/\/vimaterial.de\/fr\/wp-json\/wp\/v2\/media?parent=1018118"}],"wp:term":[{"taxonomy":"product_brand","embeddable":true,"href":"https:\/\/vimaterial.de\/fr\/wp-json\/wp\/v2\/product_brand?post=1018118"},{"taxonomy":"product_cat","embeddable":true,"href":"https:\/\/vimaterial.de\/fr\/wp-json\/wp\/v2\/product_cat?post=1018118"},{"taxonomy":"product_tag","embeddable":true,"href":"https:\/\/vimaterial.de\/fr\/wp-json\/wp\/v2\/product_tag?post=1018118"}],"curies":[{"name":"wp","href":"https:\/\/api.w.org\/{rel}","templated":true}]}}