{"id":1018088,"date":"2024-06-17T15:05:27","date_gmt":"2024-06-17T07:05:27","guid":{"rendered":"https:\/\/vimaterial.de\/product\/oxyde-de-zinc-dope-a-lalumine\/"},"modified":"2025-04-09T17:50:02","modified_gmt":"2025-04-09T09:50:02","slug":"oxyde-de-zinc-dope-a-lalumine","status":"publish","type":"product","link":"https:\/\/vimaterial.de\/fr\/product\/oxyde-de-zinc-dope-a-lalumine\/","title":{"rendered":"Oxyde de zinc dop\u00e9 \u00e0 l\u2019alumine (AZO)"},"content":{"rendered":"<p>La cible <span style=\"color: #0000ff;\"><a style=\"color: #0000ff;\" href=\"https:\/\/vimaterial.de\/en\/product\/alumina-doped-zinc-oxide\/\">de pulv\u00e9risation d\u2019oxyde de zinc dop\u00e9 \u00e0 l\u2019alumine<\/a> <\/span>est un type de mat\u00e9riau qui dope l\u2019alumine en oxyde de zinc, qui a une bonne conductivit\u00e9 \u00e9lectrique, une stabilit\u00e9 chimique et une transparence optique, et est principalement utilis\u00e9 pour la pr\u00e9paration de films minces fonctionnels largement utilis\u00e9s dans les domaines de l\u2019\u00e9lectronique et de l\u2019optique par le processus de pulv\u00e9risation.<\/p>\n<p>VIMATERIAL peut fournir des cibles d\u2019oxyde de zinc dop\u00e9es \u00e0 l\u2019alumine dans diverses sp\u00e9cifications, et nos cibles AZO se caract\u00e9risent par une large gamme de produits et des performances stables. Nous sommes dans la production cible depuis de nombreuses ann\u00e9es, et nous avons une \u00e9quipe professionnelle de recherche et d\u00e9veloppement technologique, et nous pouvons accepter un service personnalis\u00e9. Nous avons \u00e9galement de nombreuses ann\u00e9es d\u2019exp\u00e9rience dans la fixation de cibles, si vous en avez besoin, veuillez<span style=\"color: #0000ff;\"> <a style=\"color: #0000ff;\" href=\"https:\/\/vimaterial.de\/en\/contact-us\/\">nous contacter.<\/a><\/span>  <\/p>\n<h2><span style=\"font-size: 14pt;\">Propri\u00e9t\u00e9s physiques<\/span><\/h2>\n<p>Formule mol\u00e9culaire : AZO (ZnO-Al2O3)<\/p>\n<p>Apparence&nbsp;: cibles en c\u00e9ramique g\u00e9n\u00e9ralement blanches ou grises<\/p>\n<p>Densit\u00e9 : g\u00e9n\u00e9ralement pas moins de 5,56 g\/cm\u00b3.<\/p>\n<p>Point de fusion : Le point de fusion de la cible d\u2019oxyde de zinc dop\u00e9 \u00e0 l\u2019alumine est proche de celui de l\u2019oxyde de zinc, \u00e0 peu pr\u00e8s au-dessus de 1900\u00b0C.<\/p>\n<p>Structure cristalline&nbsp;: Structure hexagonale en zincite, identique \u00e0 la structure cristalline de l\u2019oxyde de zinc.<\/p>\n<h2><span style=\"font-size: 14pt;\">Applications<\/span><\/h2>\n<p>Champ photovolta\u00efque \u00e0 couche mince : Utilis\u00e9 dans la fabrication de cellules solaires \u00e0 couche mince, fournissant des atomes cibles d\u2019oxyde de zinc dop\u00e9s \u00e0 l\u2019alumine pour former un film mince pour transmettre les \u00e9lectrons g\u00e9n\u00e9r\u00e9s par les photons.<\/p>\n<p>Champ d\u2019affichage \u00e0 cristaux liquides&nbsp;: \u00c9lectrode conductrice transparente pour LCD, avec une faible consommation d\u2019\u00e9nergie, aucun rayonnement et d\u2019autres avantages, utilis\u00e9e dans une vari\u00e9t\u00e9 de dispositifs d\u2019affichage.<\/p>\n<p>Champ de l\u2019\u00e9cran tactile&nbsp;: en tant que couche conductrice transparente de l\u2019\u00e9cran tactile, il peut d\u00e9tecter avec pr\u00e9cision la position tactile et conduire les signaux.<\/p>\n<p>Champ de film antistatique : En raison de sa bonne conductivit\u00e9, il peut \u00eatre utilis\u00e9 comme film antistatique pour \u00e9liminer l\u2019\u00e9lectricit\u00e9 statique \u00e0 la surface des instruments \u00e9lectroniques, \u00e9vitant ainsi les erreurs de fonctionnement et les pannes de semi-conducteurs.<\/p>\n<p>Champ de blindage contre les ondes \u00e9lectromagn\u00e9tiques : il peut bloquer efficacement les interf\u00e9rences d\u2019ondes \u00e9lectromagn\u00e9tiques, utilis\u00e9 dans la fabrication de mat\u00e9riaux de blindage \u00e9lectromagn\u00e9tique pour prot\u00e9ger les composants d\u2019\u00e9quipements \u00e9lectroniques.<\/p>\n<h1><span style=\"font-size: 14pt;\">Contr\u00f4le de la qualit\u00e9<\/span><\/h1>\n<p><span style=\"color: #0000ff;\"><a style=\"color: #0000ff;\" href=\"https:\/\/vimaterial.de\/en\/quality-control\/\">Chaque lot<\/a> <\/span>de produits sera inspect\u00e9 pour la composition, la microstructure, la force de liaison, la taille et d\u2019autres caract\u00e9ristiques et \u00e9mettra des rapports d\u2019inspection, et fournira \u00e9galement des \u00e9chantillons des produits. Chaque lot de produits sera inspect\u00e9 pour la composition, la microstructure, la force de liaison, la taille et d\u2019autres caract\u00e9ristiques et \u00e9mettra des rapports d\u2019inspection, et fournira \u00e9galement des \u00e9chantillons aux clients \u00e0 r\u00e9inspecter. <\/p>\n<h2><span style=\"font-size: 14pt;\">Emballage et stockage<\/span><\/h2>\n<p>Nous utilisons l\u2019ensachage sous vide, l\u2019ensachage sous vide double et, pour les cibles sp\u00e9ciales, nous utilisons \u00e9galement des emballages en bo\u00eete pour la protection.<\/p>\n<p>Les cibles d\u2019oxyde de zinc dop\u00e9 \u00e0 l\u2019alumine doivent \u00eatre plac\u00e9es dans un environnement sec, propre, \u00e0 temp\u00e9rature constante et bien ventil\u00e9, \u00e9viter l\u2019humidit\u00e9, la poussi\u00e8re, le contact avec des substances corrosives, et en m\u00eame temps pour pr\u00e9venir les dommages physiques tels que la collision, l\u2019extrusion, etc., il est pr\u00e9f\u00e9rable d\u2019utiliser des \u00e9tag\u00e8res sp\u00e9cialis\u00e9es pour le stockage, et si possible, vous pouvez contr\u00f4ler l\u2019humidit\u00e9 ambiante et la temp\u00e9rature dans la plage appropri\u00e9e pour vous assurer que ses performances ne sont pas endommag\u00e9es.<\/p>\n","protected":false},"excerpt":{"rendered":"<p>La cible de pulv\u00e9risation d\u2019oxyde de zinc dop\u00e9 \u00e0 l\u2019alumine est un type de mat\u00e9riau qui dope l\u2019alumine en oxyde de zinc, qui a une bonne conductivit\u00e9 \u00e9lectrique, une stabilit\u00e9 chimique et une transparence optique, et est principalement utilis\u00e9 pour la pr\u00e9paration de films minces fonctionnels largement utilis\u00e9s dans les domaines de l\u2019\u00e9lectronique et de l\u2019optique par le processus de pulv\u00e9risation.<\/p>\n","protected":false},"featured_media":1003657,"comment_status":"open","ping_status":"closed","template":"","meta":{"_acf_changed":false},"product_brand":[],"product_cat":[235],"product_tag":[],"class_list":{"0":"post-1018088","1":"product","2":"type-product","3":"status-publish","4":"has-post-thumbnail","6":"product_cat-cibles-de-pulverisation-planaire","8":"first","9":"instock","10":"shipping-taxable","11":"product-type-variable"},"acf":[],"_links":{"self":[{"href":"https:\/\/vimaterial.de\/fr\/wp-json\/wp\/v2\/product\/1018088","targetHints":{"allow":["GET"]}}],"collection":[{"href":"https:\/\/vimaterial.de\/fr\/wp-json\/wp\/v2\/product"}],"about":[{"href":"https:\/\/vimaterial.de\/fr\/wp-json\/wp\/v2\/types\/product"}],"replies":[{"embeddable":true,"href":"https:\/\/vimaterial.de\/fr\/wp-json\/wp\/v2\/comments?post=1018088"}],"wp:featuredmedia":[{"embeddable":true,"href":"https:\/\/vimaterial.de\/fr\/wp-json\/wp\/v2\/media\/1003657"}],"wp:attachment":[{"href":"https:\/\/vimaterial.de\/fr\/wp-json\/wp\/v2\/media?parent=1018088"}],"wp:term":[{"taxonomy":"product_brand","embeddable":true,"href":"https:\/\/vimaterial.de\/fr\/wp-json\/wp\/v2\/product_brand?post=1018088"},{"taxonomy":"product_cat","embeddable":true,"href":"https:\/\/vimaterial.de\/fr\/wp-json\/wp\/v2\/product_cat?post=1018088"},{"taxonomy":"product_tag","embeddable":true,"href":"https:\/\/vimaterial.de\/fr\/wp-json\/wp\/v2\/product_tag?post=1018088"}],"curies":[{"name":"wp","href":"https:\/\/api.w.org\/{rel}","templated":true}]}}