{"id":1017967,"date":"2024-06-17T15:06:41","date_gmt":"2024-06-17T07:06:41","guid":{"rendered":"https:\/\/vimaterial.de\/product\/sulfure-de-zinc-5\/"},"modified":"2024-10-11T11:21:02","modified_gmt":"2024-10-11T03:21:02","slug":"sulfure-de-zinc-5","status":"publish","type":"product","link":"https:\/\/vimaterial.de\/fr\/product\/sulfure-de-zinc-5\/","title":{"rendered":"Sulfure de zinc"},"content":{"rendered":"<p>Les particules de sulfure de zinc sont un mat\u00e9riau compos\u00e9 inorganique important avec diverses propri\u00e9t\u00e9s et de nombreuses applications.<\/p>\n<p>&nbsp;<\/p>\n<p>Propri\u00e9t\u00e9s de base :<\/p>\n<p>&nbsp;<\/p>\n<p>Apparence\u00a0: Les particules de sulfure de zinc sont blanches \u00e0 l\u00e9g\u00e8rement jaunes.<\/p>\n<p>&nbsp;<\/p>\n<p>Structure cristalline : Il existe deux structures cristallines principales, la variante \u03b1 et la variante \u03b2. La variante alpha est un cristal hexagonal incolore d\u2019une densit\u00e9 de 3,98 g\/cm\u00b3. La variante \u03b2 est un cristal cubique incolore d\u2019une densit\u00e9 de 4,102 g\/cm\u00b3, et peut \u00eatre converti en type \u03b1 \u00e0 1020\u00b0C.<\/p>\n<p>&nbsp;<\/p>\n<p>Solubilit\u00e9 : Insoluble dans l\u2019eau, mais soluble dans l\u2019acide.<\/p>\n<p>&nbsp;<\/p>\n<p>Point de fusion : Point de fusion \u00e9lev\u00e9, environ 1700 \u00b0 C (variante \u03b1).<\/p>\n<p>&nbsp;<\/p>\n<p>M\u00e9thode de pr\u00e9paration :<\/p>\n<p>&nbsp;<\/p>\n<p>M\u00e9thode courante\u00a0: Il est g\u00e9n\u00e9ralement obtenu par l\u2019interaction d\u2019une solution de sulfure d\u2019hydrog\u00e8ne et de sel de zinc.<\/p>\n<p>&nbsp;<\/p>\n<p>M\u00e9thode de pr\u00e9cipitation uniforme : Il s\u2019agit d\u2019une m\u00e9thode de pr\u00e9paration plus sp\u00e9ciale, l\u2019utilisation d\u2019une r\u00e9action chimique pour faire en sorte que les ions cristallins de la solution soient lib\u00e9r\u00e9s lentement et uniform\u00e9ment de la solution, en contr\u00f4lant la concentration de l\u2019agent pr\u00e9cipitant dans la solution, pour s\u2019assurer que la pr\u00e9cipitation dans la solution est dans un \u00e9tat d\u2019\u00e9quilibre, de mani\u00e8re \u00e0 pr\u00e9cipiter uniform\u00e9ment les particules de sulfure de zinc.<\/p>\n<p>&nbsp;<\/p>\n<p>Applications:<\/p>\n<p>&nbsp;<\/p>\n<p>Rev\u00eatement optique\u00a0: Le sulfure de zinc a un indice de r\u00e9fraction \u00e9lev\u00e9 et une bonne uniformit\u00e9, qui peut \u00eatre utilis\u00e9 pour le rev\u00eatement optique, tel que la fabrication de film de lumi\u00e8re froide, de film d\u00e9coratif, de filtre de lumi\u00e8re, de film \u00e0 haute r\u00e9flexion, de film infrarouge, etc.<\/p>\n<p>&nbsp;<\/p>\n<p>Composants optiques : C\u2019est un mat\u00e9riau important pour la fabrication de fen\u00eatres infrarouges, de car\u00e9nages et de composants optiques infrarouges, qui convient aux syst\u00e8mes d\u2019imagerie thermique.<\/p>\n<p>&nbsp;<\/p>\n<p>Domaine \u00e9lectronique\u00a0: Il a un potentiel d\u2019application dans les composants semi-conducteurs, la pi\u00e9zo\u00e9lectricit\u00e9, l\u2019opto\u00e9lectronique, les dispositifs thermo\u00e9lectriques, etc., tels que les mat\u00e9riaux de substrat qui peuvent \u00eatre utilis\u00e9s comme phosphores pour les dispositifs \u00e9lectroluminescents.<\/p>\n<p>&nbsp;<\/p>\n<p>Champ de pigments\u00a0: En raison de sa couleur et de son pouvoir couvrant et d\u2019autres caract\u00e9ristiques, il peut \u00eatre utilis\u00e9 dans la fabrication de colorants, de rev\u00eatements, de pigments et de verre, qui peuvent fournir une bonne couleur et un effet cachant pour les produits.<\/p>\n<p>&nbsp;<\/p>\n<p>Caract\u00e9ristiques de fluorescence\u00a0: En ajoutant des traces de cuivre, de mangan\u00e8se, d\u2019argent et ainsi de suite au sulfure de zinc cristallin en tant qu\u2019activateurs, apr\u00e8s que la lumi\u00e8re puisse \u00e9mettre diff\u00e9rentes couleurs de fluorescence, cette caract\u00e9ristique fait que le sulfure de zinc dans le phosphore, les mat\u00e9riaux luminescents fluorescents et d\u2019autres aspects ont des applications importantes.<\/p>\n","protected":false},"excerpt":{"rendered":"<p>Les particules de sulfure de zinc sont un mat\u00e9riau compos\u00e9 inorganique important avec diverses propri\u00e9t\u00e9s et de nombreuses applications.<\/p>\n<p>Rev\u00eatement optique\u00a0: Le sulfure de zinc a un indice de r\u00e9fraction \u00e9lev\u00e9 et une bonne uniformit\u00e9, qui peut \u00eatre utilis\u00e9 pour le rev\u00eatement optique, tel que la fabrication de film de lumi\u00e8re froide, de film d\u00e9coratif, de filtre de lumi\u00e8re, de film \u00e0 haute r\u00e9flexion, de film infrarouge, etc.<\/p>\n<p>Composants optiques : C\u2019est un mat\u00e9riau important pour la fabrication de fen\u00eatres infrarouges, de car\u00e9nages et de composants optiques infrarouges, qui convient aux syst\u00e8mes d\u2019imagerie thermique.<\/p>\n<p>Domaine \u00e9lectronique\u00a0: Il a un potentiel d\u2019application dans les composants semi-conducteurs, la pi\u00e9zo\u00e9lectricit\u00e9, l\u2019opto\u00e9lectronique, les dispositifs thermo\u00e9lectriques, etc., tels que les mat\u00e9riaux de substrat qui peuvent \u00eatre utilis\u00e9s comme phosphores pour les dispositifs \u00e9lectroluminescents.<\/p>\n","protected":false},"featured_media":1003713,"comment_status":"open","ping_status":"closed","template":"","meta":{"_acf_changed":false},"product_brand":[],"product_cat":[236],"product_tag":[],"class_list":{"0":"post-1017967","1":"product","2":"type-product","3":"status-publish","4":"has-post-thumbnail","6":"product_cat-materiaux-devaporation","8":"first","9":"instock","10":"shipping-taxable","11":"purchasable","12":"product-type-variable"},"acf":[],"_links":{"self":[{"href":"https:\/\/vimaterial.de\/fr\/wp-json\/wp\/v2\/product\/1017967","targetHints":{"allow":["GET"]}}],"collection":[{"href":"https:\/\/vimaterial.de\/fr\/wp-json\/wp\/v2\/product"}],"about":[{"href":"https:\/\/vimaterial.de\/fr\/wp-json\/wp\/v2\/types\/product"}],"replies":[{"embeddable":true,"href":"https:\/\/vimaterial.de\/fr\/wp-json\/wp\/v2\/comments?post=1017967"}],"wp:featuredmedia":[{"embeddable":true,"href":"https:\/\/vimaterial.de\/fr\/wp-json\/wp\/v2\/media\/1003713"}],"wp:attachment":[{"href":"https:\/\/vimaterial.de\/fr\/wp-json\/wp\/v2\/media?parent=1017967"}],"wp:term":[{"taxonomy":"product_brand","embeddable":true,"href":"https:\/\/vimaterial.de\/fr\/wp-json\/wp\/v2\/product_brand?post=1017967"},{"taxonomy":"product_cat","embeddable":true,"href":"https:\/\/vimaterial.de\/fr\/wp-json\/wp\/v2\/product_cat?post=1017967"},{"taxonomy":"product_tag","embeddable":true,"href":"https:\/\/vimaterial.de\/fr\/wp-json\/wp\/v2\/product_tag?post=1017967"}],"curies":[{"name":"wp","href":"https:\/\/api.w.org\/{rel}","templated":true}]}}