{"id":1017934,"date":"2024-06-17T15:06:42","date_gmt":"2024-06-17T07:06:42","guid":{"rendered":"https:\/\/vimaterial.de\/product\/sulfure-de-zinc-3\/"},"modified":"2024-10-10T17:36:46","modified_gmt":"2024-10-10T09:36:46","slug":"sulfure-de-zinc-3","status":"publish","type":"product","link":"https:\/\/vimaterial.de\/fr\/product\/sulfure-de-zinc-3\/","title":{"rendered":"Sulfure de zinc"},"content":{"rendered":"<p>La tige de sulfure de zinc est une sorte d\u2019objet en forme de tige en mat\u00e9riau sulfure de zinc.<\/p>\n<p>&nbsp;<\/p>\n<p>Informations de base :<\/p>\n<p>&nbsp;<\/p>\n<p>Formule chimique : ZnS<\/p>\n<p>Aspect : Tige solide blanche \u00e0 blanc cass\u00e9<\/p>\n<p>Densit\u00e9 : 4,1 g\/cm3<\/p>\n<p>Duret\u00e9 : duret\u00e9 mod\u00e9r\u00e9e, mais relativement fragile<\/p>\n<p>Point de fusion : 1700\u00b0C<\/p>\n<p>Transparence : A un certain degr\u00e9 de transparence dans une gamme de longueurs d\u2019onde sp\u00e9cifique.<\/p>\n<p>Propri\u00e9t\u00e9s lumineuses : Lorsqu\u2019il est excit\u00e9 par des longueurs d\u2019onde sp\u00e9cifiques de la lumi\u00e8re, le ZnS peut devenir fluorescent ou phosphorescent.<\/p>\n<p>Stabilit\u00e9\u00a0: \u00e0 temp\u00e9rature et pression normales, la tige ZnS a une bonne stabilit\u00e9 chimique.<\/p>\n<p>&nbsp;<\/p>\n<p>Processus de production :<\/p>\n<p>&nbsp;<\/p>\n<p>Pr\u00e9paration des mati\u00e8res premi\u00e8res : la poudre de zinc de haute puret\u00e9 et la poudre de soufre sont s\u00e9lectionn\u00e9es comme mati\u00e8res premi\u00e8res pour garantir que la puret\u00e9 des mati\u00e8res premi\u00e8res r\u00e9pond aux exigences de production.<\/p>\n<p>&nbsp;<\/p>\n<p>R\u00e9action de synth\u00e8se : Apr\u00e8s avoir m\u00e9lang\u00e9 de la poudre de zinc et de la poudre de soufre dans une certaine proportion, la r\u00e9action de synth\u00e8se est effectu\u00e9e dans des conditions sp\u00e9cifiques telles que haute temp\u00e9rature et haute pression pour produire du ZnS.<\/p>\n<p>&nbsp;<\/p>\n<p>Processus de formage : Le mat\u00e9riau ZnS synth\u00e9tis\u00e9 est transform\u00e9 en forme de tige par extrusion, tr\u00e9filage et autres processus. Dans le processus de traitement, il est n\u00e9cessaire de contr\u00f4ler strictement les param\u00e8tres du processus pour garantir la pr\u00e9cision dimensionnelle et la qualit\u00e9 de la tige.<\/p>\n<p>&nbsp;<\/p>\n<p>Post-traitement\u00a0: Apr\u00e8s la formation de la tige de ZnS, le traitement de surface, les tests de qualit\u00e9 et d\u2019autres processus de post-traitement pour am\u00e9liorer les performances et la qualit\u00e9 du produit.<\/p>\n<p>&nbsp;<\/p>\n<p>Appliquer<\/p>\n<p>&nbsp;<\/p>\n<p>Champ optique : En raison de la bonne transmission du ZnS dans la r\u00e9gion infrarouge, les tiges de ZnS peuvent \u00eatre utilis\u00e9es pour fabriquer des dispositifs optiques infrarouges.<\/p>\n<p>&nbsp;<\/p>\n<p>Domaine \u00e9lectronique : Dans certains appareils \u00e9lectroniques, les tiges de ZnS peuvent \u00eatre utilis\u00e9es comme mat\u00e9riaux isolants ou mat\u00e9riaux fluorescents.<\/p>\n<p>&nbsp;<\/p>\n<p>Recherche scientifique\u00a0: Dans le domaine de la science des mat\u00e9riaux, de la physique et d\u2019autres recherches scientifiques, les tiges de sulfure de zinc peuvent \u00eatre utilis\u00e9es comme objets de recherche pour \u00e9tudier les propri\u00e9t\u00e9s physiques et chimiques du sulfure de zinc, les propri\u00e9t\u00e9s optiques, etc.<\/p>\n","protected":false},"excerpt":{"rendered":"<p>La tige de sulfure de zinc est une sorte d\u2019objet en forme de tige en mat\u00e9riau ZnS.<\/p>\n<p>Champ optique : En raison de la bonne transmission du sulfure de zinc dans la r\u00e9gion infrarouge, les tiges de sulfure de zinc peuvent \u00eatre utilis\u00e9es pour fabriquer des dispositifs optiques infrarouges.<\/p>\n<p>Domaine \u00e9lectronique : Dans certains appareils \u00e9lectroniques, les tiges de sulfure de zinc peuvent \u00eatre utilis\u00e9es comme mat\u00e9riaux isolants ou mat\u00e9riaux fluorescents.<\/p>\n<p>&nbsp;<\/p>\n","protected":false},"featured_media":1003736,"comment_status":"open","ping_status":"closed","template":"","meta":{"_acf_changed":false},"product_brand":[],"product_cat":[245],"product_tag":[],"class_list":{"0":"post-1017934","1":"product","2":"type-product","3":"status-publish","4":"has-post-thumbnail","6":"product_cat-profil-fr","8":"first","9":"instock","10":"shipping-taxable","11":"product-type-variable"},"acf":[],"_links":{"self":[{"href":"https:\/\/vimaterial.de\/fr\/wp-json\/wp\/v2\/product\/1017934","targetHints":{"allow":["GET"]}}],"collection":[{"href":"https:\/\/vimaterial.de\/fr\/wp-json\/wp\/v2\/product"}],"about":[{"href":"https:\/\/vimaterial.de\/fr\/wp-json\/wp\/v2\/types\/product"}],"replies":[{"embeddable":true,"href":"https:\/\/vimaterial.de\/fr\/wp-json\/wp\/v2\/comments?post=1017934"}],"wp:featuredmedia":[{"embeddable":true,"href":"https:\/\/vimaterial.de\/fr\/wp-json\/wp\/v2\/media\/1003736"}],"wp:attachment":[{"href":"https:\/\/vimaterial.de\/fr\/wp-json\/wp\/v2\/media?parent=1017934"}],"wp:term":[{"taxonomy":"product_brand","embeddable":true,"href":"https:\/\/vimaterial.de\/fr\/wp-json\/wp\/v2\/product_brand?post=1017934"},{"taxonomy":"product_cat","embeddable":true,"href":"https:\/\/vimaterial.de\/fr\/wp-json\/wp\/v2\/product_cat?post=1017934"},{"taxonomy":"product_tag","embeddable":true,"href":"https:\/\/vimaterial.de\/fr\/wp-json\/wp\/v2\/product_tag?post=1017934"}],"curies":[{"name":"wp","href":"https:\/\/api.w.org\/{rel}","templated":true}]}}