{"id":1017913,"date":"2024-06-17T15:06:45","date_gmt":"2024-06-17T07:06:45","guid":{"rendered":"https:\/\/vimaterial.de\/product\/sulfure-de-zinc\/"},"modified":"2024-10-10T16:32:38","modified_gmt":"2024-10-10T08:32:38","slug":"sulfure-de-zinc","status":"publish","type":"product","link":"https:\/\/vimaterial.de\/fr\/product\/sulfure-de-zinc\/","title":{"rendered":"Sulfure de zinc"},"content":{"rendered":"<p>La cible de sulfure de zinc est un mat\u00e9riau de rev\u00eatement important.<\/p>\n<p>&nbsp;<\/p>\n<p>Informations de base :<\/p>\n<p>&nbsp;<\/p>\n<p>Formule chimique\u00a0: ZnS<\/p>\n<p>Caract\u00e9ristiques d\u2019apparence\u00a0: Appara\u00eet blanc \u00e0 blanc cass\u00e9 solide<\/p>\n<p>Densit\u00e9\u00a0: 4,1g \/ cm\u00b3<\/p>\n<p>Point de fusion\u00a0: 1700\u00b0C<\/p>\n<p>Duret\u00e9\u00a0: a une certaine duret\u00e9, mais est relativement fragile<\/p>\n<p>Stabilit\u00e9\u00a0: \u00c0 temp\u00e9rature et pression normales, la cible de sulfure de zinc a une bonne stabilit\u00e9 chimique et il n\u2019est pas facile de r\u00e9agir avec l\u2019oxyg\u00e8ne, l\u2019eau et d\u2019autres substances dans l\u2019air.<\/p>\n<p>Solubilit\u00e9 : insoluble dans l\u2019eau, soluble dans l\u2019acide inorganique dilu\u00e9.<\/p>\n<p>&nbsp;<\/p>\n<p>Processus de production :<\/p>\n<p>&nbsp;<\/p>\n<p>Pr\u00e9paration des mati\u00e8res premi\u00e8res : la poudre de zinc de haute puret\u00e9 et la poudre de soufre sont s\u00e9lectionn\u00e9es comme mati\u00e8res premi\u00e8res pour garantir que la puret\u00e9 des mati\u00e8res premi\u00e8res r\u00e9pond aux exigences de production afin de garantir la qualit\u00e9 de la cible finale de sulfure de zinc.<\/p>\n<p>&nbsp;<\/p>\n<p>R\u00e9action de synth\u00e8se : la poudre de zinc et la poudre de soufre sont m\u00e9lang\u00e9es uniform\u00e9ment selon une certaine proportion, puis synth\u00e9tis\u00e9es \u00e0 haute temp\u00e9rature, \u00e0 haute pression et dans d\u2019autres conditions pour produire des compos\u00e9s de sulfure de zinc.<\/p>\n<p>&nbsp;<\/p>\n<p>Processus de formage : La poudre de sulfure de zinc synth\u00e9tis\u00e9e est transform\u00e9e en mat\u00e9riau cible de la forme et de la taille requises par pressage, frittage et autres processus.<\/p>\n<p>&nbsp;<\/p>\n<p>Test de qualit\u00e9 : Test de qualit\u00e9 strict de la cible de sulfure de zinc termin\u00e9e, y compris l\u2019analyse de la composition, les tests de puret\u00e9, la mesure de la densit\u00e9, les tests de pr\u00e9cision dimensionnelle, l\u2019inspection de la qualit\u00e9 de surface, etc., pour s\u2019assurer que les indicateurs de performance de la cible r\u00e9pondent aux exigences.<\/p>\n<p>&nbsp;<\/p>\n<p>Domaine d\u2019application :<\/p>\n<p>&nbsp;<\/p>\n<p>Champ optique\u00a0: C\u2019est un mat\u00e9riau important pour la pr\u00e9paration de films optiques, tels que le rev\u00eatement de surface des lentilles de lunettes, des lentilles optiques, des dispositifs laser et d\u2019autres produits, qui peuvent am\u00e9liorer la transmittance, la r\u00e9flectivit\u00e9, la r\u00e9sistance \u00e0 l\u2019usure et d\u2019autres propri\u00e9t\u00e9s des composants optiques.<\/p>\n<p>&nbsp;<\/p>\n<p>Domaine \u00e9lectronique\u00a0: Il peut \u00eatre utilis\u00e9 pour pr\u00e9parer des films minces dans des appareils \u00e9lectroniques, tels que des dispositifs \u00e0 semi-conducteurs, des \u00e9crans plats, des cellules solaires et d\u2019autres domaines, le film de sulfure de zinc peut \u00eatre utilis\u00e9 comme couche isolante, couche tampon, mat\u00e9riau d\u2019\u00e9lectrode, etc., pour prot\u00e9ger les appareils et am\u00e9liorer les performances.<\/p>\n","protected":false},"excerpt":{"rendered":"<p>La cible de sulfure de zinc est un mat\u00e9riau de rev\u00eatement important.<\/p>\n<p>Champ optique\u00a0: C\u2019est un mat\u00e9riau important pour la pr\u00e9paration de films optiques, tels que le rev\u00eatement de surface des lentilles de lunettes, des lentilles optiques, des dispositifs laser et d\u2019autres produits, qui peuvent am\u00e9liorer la transmittance, la r\u00e9flectivit\u00e9, la r\u00e9sistance \u00e0 l\u2019usure et d\u2019autres propri\u00e9t\u00e9s des composants optiques.<\/p>\n<p>Domaine \u00e9lectronique\u00a0: Il peut \u00eatre utilis\u00e9 pour pr\u00e9parer des films minces dans des appareils \u00e9lectroniques, tels que des dispositifs \u00e0 semi-conducteurs, des \u00e9crans plats, des cellules solaires et d\u2019autres domaines, le film de sulfure de zinc peut \u00eatre utilis\u00e9 comme couche isolante, couche tampon, mat\u00e9riau d\u2019\u00e9lectrode, etc., pour prot\u00e9ger les appareils et am\u00e9liorer les performances.<\/p>\n","protected":false},"featured_media":1003743,"comment_status":"open","ping_status":"closed","template":"","meta":{"_acf_changed":false},"product_brand":[],"product_cat":[235],"product_tag":[],"class_list":{"0":"post-1017913","1":"product","2":"type-product","3":"status-publish","4":"has-post-thumbnail","6":"product_cat-cibles-de-pulverisation-planaire","8":"first","9":"instock","10":"shipping-taxable","11":"product-type-variable"},"acf":[],"_links":{"self":[{"href":"https:\/\/vimaterial.de\/fr\/wp-json\/wp\/v2\/product\/1017913","targetHints":{"allow":["GET"]}}],"collection":[{"href":"https:\/\/vimaterial.de\/fr\/wp-json\/wp\/v2\/product"}],"about":[{"href":"https:\/\/vimaterial.de\/fr\/wp-json\/wp\/v2\/types\/product"}],"replies":[{"embeddable":true,"href":"https:\/\/vimaterial.de\/fr\/wp-json\/wp\/v2\/comments?post=1017913"}],"wp:featuredmedia":[{"embeddable":true,"href":"https:\/\/vimaterial.de\/fr\/wp-json\/wp\/v2\/media\/1003743"}],"wp:attachment":[{"href":"https:\/\/vimaterial.de\/fr\/wp-json\/wp\/v2\/media?parent=1017913"}],"wp:term":[{"taxonomy":"product_brand","embeddable":true,"href":"https:\/\/vimaterial.de\/fr\/wp-json\/wp\/v2\/product_brand?post=1017913"},{"taxonomy":"product_cat","embeddable":true,"href":"https:\/\/vimaterial.de\/fr\/wp-json\/wp\/v2\/product_cat?post=1017913"},{"taxonomy":"product_tag","embeddable":true,"href":"https:\/\/vimaterial.de\/fr\/wp-json\/wp\/v2\/product_tag?post=1017913"}],"curies":[{"name":"wp","href":"https:\/\/api.w.org\/{rel}","templated":true}]}}