{"id":1017848,"date":"2024-06-17T15:07:45","date_gmt":"2024-06-17T07:07:45","guid":{"rendered":"https:\/\/vimaterial.de\/product\/seleniure-de-zinc\/"},"modified":"2024-07-12T11:56:45","modified_gmt":"2024-07-12T03:56:45","slug":"seleniure-de-zinc","status":"publish","type":"product","link":"https:\/\/vimaterial.de\/fr\/product\/seleniure-de-zinc\/","title":{"rendered":"S\u00e9l\u00e9niure de zinc"},"content":{"rendered":"<p>Caract\u00e9ristiqueLe s\u00e9l\u00e9niure de zinc (ZnSe) est un compos\u00e9 solide jaune clair compos\u00e9 de zinc (Zn) et de s\u00e9l\u00e9nium (Se). Il s\u2019agit d\u2019un semi-conducteur intrins\u00e8que avec une bande interdite d\u2019environ 2,70 eV \u00e0 25 \u00b0C (77 \u00b0F). Formule chimique&nbsp;:ZnSeCAS#&nbsp;:1315-09-9Masse molaire&nbsp;:144.35 g\/molApparence&nbsp;:solide jaune clairDensit\u00e9&nbsp;:5,27 g\/cm3Point de fusion&nbsp;:1 525 \u00b0C (2 777 \u00b0F)Solubilit\u00e9 dans l\u2019eau&nbsp;:n\u00e9gligeable\u00c9cart de bande&nbsp;:2.82 eV (10 K)Indice de r\u00e9fraction (nD)&nbsp;:2.67 (550 nm) 2.40 (10.6 \u03bcm)Structure cristalline&nbsp;:Zincblende (cubique)Application1. Mat\u00e9riaux fluorescents et dopants semi-conducteurs&nbsp;;2. Largement utilis\u00e9 dans le laser, la m\u00e9decine, l\u2019astronomie, la vision nocturne infrarouge et d\u2019autres domaines.<\/p>\n","protected":false},"excerpt":{"rendered":"<p>Caract\u00e9ristiqueLe s\u00e9l\u00e9niure de zinc (ZnSe) est un compos\u00e9 solide jaune clair compos\u00e9 de zinc (Zn) et de s\u00e9l\u00e9nium (Se). Il s\u2019agit d\u2019un semi-conducteur intrins\u00e8que avec une bande interdite d\u2019environ 2,70 eV \u00e0 25 \u00b0C (77 \u00b0F). Formule chimique&nbsp;:ZnSeCAS#&nbsp;:1315-09-9Masse molaire&nbsp;:144.35 g\/molApparence&nbsp;:solide jaune clairDensit\u00e9&nbsp;:5,27 g\/cm3Point de fusion&nbsp;:1 525 \u00b0C (2 777 \u00b0F)Solubilit\u00e9 dans l\u2019eau&nbsp;:n\u00e9gligeable\u00c9cart de bande&nbsp;:2.82 eV [&hellip;]<\/p>\n","protected":false},"featured_media":1003770,"comment_status":"open","ping_status":"closed","template":"","meta":{"_acf_changed":false},"product_brand":[],"product_cat":[238],"product_tag":[],"class_list":{"0":"post-1017848","1":"product","2":"type-product","3":"status-publish","4":"has-post-thumbnail","6":"product_cat-materiaux-de-chalcogenure","8":"first","9":"instock","10":"shipping-taxable","11":"purchasable","12":"product-type-variable"},"acf":[],"_links":{"self":[{"href":"https:\/\/vimaterial.de\/fr\/wp-json\/wp\/v2\/product\/1017848","targetHints":{"allow":["GET"]}}],"collection":[{"href":"https:\/\/vimaterial.de\/fr\/wp-json\/wp\/v2\/product"}],"about":[{"href":"https:\/\/vimaterial.de\/fr\/wp-json\/wp\/v2\/types\/product"}],"replies":[{"embeddable":true,"href":"https:\/\/vimaterial.de\/fr\/wp-json\/wp\/v2\/comments?post=1017848"}],"wp:featuredmedia":[{"embeddable":true,"href":"https:\/\/vimaterial.de\/fr\/wp-json\/wp\/v2\/media\/1003770"}],"wp:attachment":[{"href":"https:\/\/vimaterial.de\/fr\/wp-json\/wp\/v2\/media?parent=1017848"}],"wp:term":[{"taxonomy":"product_brand","embeddable":true,"href":"https:\/\/vimaterial.de\/fr\/wp-json\/wp\/v2\/product_brand?post=1017848"},{"taxonomy":"product_cat","embeddable":true,"href":"https:\/\/vimaterial.de\/fr\/wp-json\/wp\/v2\/product_cat?post=1017848"},{"taxonomy":"product_tag","embeddable":true,"href":"https:\/\/vimaterial.de\/fr\/wp-json\/wp\/v2\/product_tag?post=1017848"}],"curies":[{"name":"wp","href":"https:\/\/api.w.org\/{rel}","templated":true}]}}