{"id":1017829,"date":"2024-06-17T15:04:20","date_gmt":"2024-06-17T07:04:20","guid":{"rendered":"https:\/\/vimaterial.de\/product\/stannate-de-zinc-zto-oxyde-detain-et-de-zinc-2\/"},"modified":"2025-03-26T17:38:15","modified_gmt":"2025-03-26T09:38:15","slug":"stannate-de-zinc-zto-oxyde-detain-et-de-zinc-2","status":"publish","type":"product","link":"https:\/\/vimaterial.de\/fr\/product\/stannate-de-zinc-zto-oxyde-detain-et-de-zinc-2\/","title":{"rendered":"Stannate de zinc (ZTO) (oxyde de zinc et d\u2019\u00e9tain)"},"content":{"rendered":"<p><span style=\"font-family: arial, helvetica, sans-serif; font-size: 12pt;\">La cible d\u2019oxyde de zinc et d\u2019\u00e9tain (ZTO) est un mat\u00e9riau de rev\u00eatement important avec une large gamme d\u2019applications.<\/span><\/p>\n<p><span style=\"font-family: arial, helvetica, sans-serif; font-size: 12pt;\">VIMATERIAL peut fournir la cible ZTO dans divers emballages et sp\u00e9cifications, il produit par notre soci\u00e9t\u00e9 se caract\u00e9rise par une grande puret\u00e9 et une excellente qualit\u00e9, et la r\u00e9ponse de nos clients \u00e0 ce produit est tr\u00e8s bonne en termes de qualit\u00e9. Il a une bonne conductivit\u00e9 \u00e9lectrique et une bonne dissipation thermique, et il joue un r\u00f4le indispensable dans la production industrielle proprement dite.<\/span><\/p>\n<p><span style=\"color: #0000ff;\"><a style=\"color: #0000ff;\" href=\"https:\/\/vimaterial.de\/en\/contact-us\/\">Contactez-nous.<\/a><\/span><\/p>\n<h2><span style=\"font-family: arial, helvetica, sans-serif; font-size: 14pt;\">Propri\u00e9t\u00e9s physiques\u00a0:<\/span><\/h2>\n<p><span style=\"font-family: arial, helvetica, sans-serif; font-size: 12pt;\">Formule mol\u00e9culaire : ZnSnO\u2083<\/span><\/p>\n<p><span style=\"font-family: arial, helvetica, sans-serif; font-size: 12pt;\">Poids mol\u00e9culaire : 232.087<\/span><\/p>\n<p><span style=\"font-family: arial, helvetica, sans-serif; font-size: 12pt;\">Aspect : Cible blanche \u00e0 blanc cass\u00e9<\/span><\/p>\n<p><span style=\"font-family: arial, helvetica, sans-serif; font-size: 12pt;\">Densit\u00e9 : 4,25 g\/cm\u00b3<\/span><\/p>\n<p><span style=\"font-family: arial, helvetica, sans-serif; font-size: 12pt;\">Structure cristalline : Il a une structure cristalline de type chalcog\u00e9nure, dans laquelle les ions zinc (Zn\u00b2\u207a) et les ions \u00e9tain (Sn\u2074\u207a) occupent ensemble le site B dans la structure chalcog\u00e9nure, et les ions oxyg\u00e8ne (O\u00b2-) forment un r\u00e9seau cubique centr\u00e9 sur la face. <\/span><\/p>\n<h2><span style=\"font-family: arial, helvetica, sans-serif; font-size: 14pt;\">Application:<\/span><\/h2>\n<p><span style=\"font-family: arial, helvetica, sans-serif; font-size: 12pt;\">Cellules solaires : Dans les cellules solaires, les films ZTO peuvent \u00eatre utilis\u00e9s comme \u00e9lectrodes conductrices transparentes qui peuvent collecter efficacement l\u2019\u00e9nergie solaire et la convertir en \u00e9lectricit\u00e9. <\/span><\/p>\n<p><span style=\"font-family: arial, helvetica, sans-serif; font-size: 12pt;\">\u00c9crans plats : les films ZTO ayant une transmittance \u00e9lev\u00e9e et une faible r\u00e9sistivit\u00e9, ils peuvent \u00eatre utilis\u00e9s dans les transistors \u00e0 couche mince (TFT) des \u00e9crans plats pour am\u00e9liorer les performances de l\u2019\u00e9cran en termes de r\u00e9solution, de contraste et de vitesse de r\u00e9ponse.<\/span><\/p>\n<p><span style=\"font-family: arial, helvetica, sans-serif; font-size: 12pt;\">\u00c9cran tactile\u00a0: Dans la technologie des \u00e9crans tactiles, les cibles peuvent \u00eatre utilis\u00e9es pour pr\u00e9parer la couche conductrice des capteurs tactiles, afin d\u2019obtenir une d\u00e9tection pr\u00e9cise du fonctionnement tactile.<\/span><\/p>\n<p><span style=\"font-family: arial, helvetica, sans-serif; font-size: 12pt;\">Autres domaines : les cibles peuvent \u00e9galement \u00eatre utilis\u00e9es dans les diodes \u00e9lectroluminescentes (LED), le papier \u00e9lectronique.<\/span><\/p>\n<h2><span style=\"font-family: arial, helvetica, sans-serif; font-size: 14pt;\">Emballage et stockage :<\/span><\/h2>\n<p>Les cibles de pulv\u00e9risation en zinc stannate sont emball\u00e9es dans des sacs sous vide doubles et emball\u00e9es dans des cartons ext\u00e9rieurs.<\/p>\n<p>Les cibles de pulv\u00e9risation de stannate de zinc doivent \u00eatre stock\u00e9es dans un environnement sec, \u00e9tanche \u00e0 l\u2019humidit\u00e9 et scell\u00e9s, conserv\u00e9es \u00e0 temp\u00e9rature ambiante et \u00e0 l\u2019abri de la lumi\u00e8re, stock\u00e9es verticalement et \u00e0 l\u2019abri des acides et des alcalis et autres sources de pollution.<\/p>\n<h2><span style=\"font-family: arial, helvetica, sans-serif; font-size: 14pt;\">Contr\u00f4le qualit\u00e9:<\/span><\/h2>\n<p><span style=\"font-family: arial, helvetica, sans-serif; font-size: 12pt;\">Chaque lot de marchandises est accompagn\u00e9 d\u2019un certificat d\u2019authenticit\u00e9 et d\u2019un rapport d\u2019analyse, les marchandises sont toutes qualifi\u00e9es, soyez assur\u00e9 que la commande.<\/span><\/p>\n","protected":false},"excerpt":{"rendered":"<p><span style=\"font-family: arial, helvetica, sans-serif; font-size: 12pt;\">La cible d\u2019oxyde de zinc et d\u2019\u00e9tain (ZTO) est un mat\u00e9riau de rev\u00eatement important avec une large gamme d\u2019applications.<\/span><\/p>\n<p><span style=\"font-family: arial, helvetica, sans-serif; font-size: 12pt;\">VIMATERIAL peut fournir la cible ZTO dans divers emballages et sp\u00e9cifications, il produit par notre soci\u00e9t\u00e9 se caract\u00e9rise par une grande puret\u00e9 et une excellente qualit\u00e9, et la r\u00e9ponse de nos clients \u00e0 ce produit est tr\u00e8s bonne en termes de qualit\u00e9. Il a une bonne conductivit\u00e9 \u00e9lectrique et une bonne dissipation thermique, et il joue un r\u00f4le indispensable dans la production industrielle proprement dite.<\/span><\/p>\n","protected":false},"featured_media":1003799,"comment_status":"open","ping_status":"closed","template":"","meta":{"_acf_changed":false},"product_brand":[],"product_cat":[235],"product_tag":[],"class_list":{"0":"post-1017829","1":"product","2":"type-product","3":"status-publish","4":"has-post-thumbnail","6":"product_cat-cibles-de-pulverisation-planaire","8":"first","9":"instock","10":"shipping-taxable","11":"product-type-variable"},"acf":[],"_links":{"self":[{"href":"https:\/\/vimaterial.de\/fr\/wp-json\/wp\/v2\/product\/1017829","targetHints":{"allow":["GET"]}}],"collection":[{"href":"https:\/\/vimaterial.de\/fr\/wp-json\/wp\/v2\/product"}],"about":[{"href":"https:\/\/vimaterial.de\/fr\/wp-json\/wp\/v2\/types\/product"}],"replies":[{"embeddable":true,"href":"https:\/\/vimaterial.de\/fr\/wp-json\/wp\/v2\/comments?post=1017829"}],"wp:featuredmedia":[{"embeddable":true,"href":"https:\/\/vimaterial.de\/fr\/wp-json\/wp\/v2\/media\/1003799"}],"wp:attachment":[{"href":"https:\/\/vimaterial.de\/fr\/wp-json\/wp\/v2\/media?parent=1017829"}],"wp:term":[{"taxonomy":"product_brand","embeddable":true,"href":"https:\/\/vimaterial.de\/fr\/wp-json\/wp\/v2\/product_brand?post=1017829"},{"taxonomy":"product_cat","embeddable":true,"href":"https:\/\/vimaterial.de\/fr\/wp-json\/wp\/v2\/product_cat?post=1017829"},{"taxonomy":"product_tag","embeddable":true,"href":"https:\/\/vimaterial.de\/fr\/wp-json\/wp\/v2\/product_tag?post=1017829"}],"curies":[{"name":"wp","href":"https:\/\/api.w.org\/{rel}","templated":true}]}}