{"id":1017811,"date":"2024-06-17T15:07:46","date_gmt":"2024-06-17T07:07:46","guid":{"rendered":"https:\/\/vimaterial.de\/product\/alliage-de-zinc-et-detain\/"},"modified":"2024-07-12T11:57:05","modified_gmt":"2024-07-12T03:57:05","slug":"alliage-de-zinc-et-detain","status":"publish","type":"product","link":"https:\/\/vimaterial.de\/fr\/product\/alliage-de-zinc-et-detain\/","title":{"rendered":"Alliage de zinc et d\u2019\u00e9tain"},"content":{"rendered":"<p>VI HALBLEITERMATERIALse sp\u00e9cialise dans la production de cibles de pulv\u00e9risation cathodique, de cibles en c\u00e9ramique, de cibles m\u00e9talliques. Les produits sont appliqu\u00e9s \u00e0 divers domaines du rev\u00eatement sous vide par diverses m\u00e9thodes (pulv\u00e9risation magn\u00e9tron, placage sous vide, etc.) : Recherche scientifique, a\u00e9rospatiale, automobile, micro\u00e9lectronique, industrie des circuits int\u00e9gr\u00e9s, source lumineuse, optique, d\u00e9coration, industrie de l\u2019affichage \u00e0 \u00e9cran plat, industrie du stockage d\u2019informations, stockage de donn\u00e9es, etc.1. Cible m\u00e9talliqueCible en nickel, Cible en titane, Cible en zinc, Cible en chrome, Cible en magn\u00e9sium, Cible en niobium, Cible en \u00e9tain, Cible en aluminium, Cible en indium, Cible en fer, Cible en zirconium, Cible en silicium, Cible en cuivre, Cible en tantale, Cible en germanium, Cible en argent, Cible en or, Cible en gadolinium, Cible en lanthane, Cible en yttrium, Cible en c\u00e9rium, Cible en hafnium, Cible en molybd\u00e8ne, Cible en tungst\u00e8ne, Cible en acier inoxydable, Cible en aluminium zirconium, Cible en nickel fer,  Cible en titane et aluminium, cible en nickel-chrome, cible en cuivre, indium et gallium, s\u00e9l\u00e9nium, cible en aluminium et en silicium, cible en zinc et en aluminium, etc.2. Cible ITO, cible AZO, cible IGZO, cible d\u2019oxyde de magn\u00e9sium, cible d\u2019oxyde d\u2019yttrium, cible d\u2019oxyde de fer, cible d\u2019oxyde de nickel, cible d\u2019oxyde de chrome, cible d\u2019oxyde de zinc, cible de sulfure de zinc, cible de sulfure de cadmium, cible de sulfure de molybd\u00e8ne, cible de dioxyde de silicium, cible de monoxyde de silicium, cible d\u2019oxyde de c\u00e9rium, cible de dioxyde de zirconium, cible de pentoxyde de niobium, cible de dioxyde de titane, cible de disulfure de molybd\u00e8ne,  Cible de dioxyde d\u2019hafnium, cible de diborure de titane, cible de diborure de zirconium, cible de trioxyde de tungst\u00e8ne, cible de trioxyde d\u2019aluminium, cible de pentoxyde de tantale, cible de fluorure de magn\u00e9sium, cible de fluorure d\u2019yttrium, cible de s\u00e9l\u00e9niure de zinc, cible de nitrure d\u2019aluminium, cible de nitrure de silicium, cible de nitrure de bore, cible de nitrure de titanure de titane, cible de carbure de silicium, cible de niobate de lithium, cible de titanate de pras\u00e9odyme, cible de titanate de baryum, cible de titanate de lanthane, etc.3. Mat\u00e9riau en alliageCibleTitane AluminiumTi-Al, Silicate d\u2019aluminium Al-Si, Aluminium Titane Al-Ti, Argent Cuivre Ag-Cu, AluminiumMagn\u00e9sium Al-Mg, Cobalt Fer BoronCo-Fe-B, Cuivre Indium Gallium Cu-In-Ga, Ferrimanganic Fe-Mn, Indium Tin In-Sn, Cobalt Fer Co-Fe, Nickel Cobalt Ni-Co, Nickel Fer Ni-Fe, NickelChrome Ni-Cr, NickelZirconium Ni-Zr, Nickel Aluminium Ni-Al, Nickel Cuivre Ni-Cu, NickelVanadium Ni-V, TitaneTungst\u00e8ne Ti-W, Zinc Aluminium Zn-Al, Aluminium Aluminium Aluminium Bore Al-Ti-B,  Aluminium, vanadium, Al-V, aluminium, scandium, al-sc, cuivre, \u00e9tain, Cu-Sn, zirconium, aluminium, zr-al, bore, fer, etc.<\/p>\n","protected":false},"excerpt":{"rendered":"<p>VI HALBLEITERMATERIALse sp\u00e9cialise dans la production de cibles de pulv\u00e9risation cathodique, de cibles en c\u00e9ramique, de cibles m\u00e9talliques. Les produits sont appliqu\u00e9s \u00e0 divers domaines du rev\u00eatement sous vide par diverses m\u00e9thodes (pulv\u00e9risation magn\u00e9tron, placage sous vide, etc.) : Recherche scientifique, a\u00e9rospatiale, automobile, micro\u00e9lectronique, industrie des circuits int\u00e9gr\u00e9s, source lumineuse, optique, d\u00e9coration, industrie de l\u2019affichage [&hellip;]<\/p>\n","protected":false},"featured_media":1003792,"comment_status":"open","ping_status":"closed","template":"","meta":{"_acf_changed":false},"product_brand":[],"product_cat":[235],"product_tag":[],"class_list":{"0":"post-1017811","1":"product","2":"type-product","3":"status-publish","4":"has-post-thumbnail","6":"product_cat-cibles-de-pulverisation-planaire","8":"first","9":"instock","10":"shipping-taxable","11":"purchasable","12":"product-type-variable"},"acf":[],"_links":{"self":[{"href":"https:\/\/vimaterial.de\/fr\/wp-json\/wp\/v2\/product\/1017811","targetHints":{"allow":["GET"]}}],"collection":[{"href":"https:\/\/vimaterial.de\/fr\/wp-json\/wp\/v2\/product"}],"about":[{"href":"https:\/\/vimaterial.de\/fr\/wp-json\/wp\/v2\/types\/product"}],"replies":[{"embeddable":true,"href":"https:\/\/vimaterial.de\/fr\/wp-json\/wp\/v2\/comments?post=1017811"}],"wp:featuredmedia":[{"embeddable":true,"href":"https:\/\/vimaterial.de\/fr\/wp-json\/wp\/v2\/media\/1003792"}],"wp:attachment":[{"href":"https:\/\/vimaterial.de\/fr\/wp-json\/wp\/v2\/media?parent=1017811"}],"wp:term":[{"taxonomy":"product_brand","embeddable":true,"href":"https:\/\/vimaterial.de\/fr\/wp-json\/wp\/v2\/product_brand?post=1017811"},{"taxonomy":"product_cat","embeddable":true,"href":"https:\/\/vimaterial.de\/fr\/wp-json\/wp\/v2\/product_cat?post=1017811"},{"taxonomy":"product_tag","embeddable":true,"href":"https:\/\/vimaterial.de\/fr\/wp-json\/wp\/v2\/product_tag?post=1017811"}],"curies":[{"name":"wp","href":"https:\/\/api.w.org\/{rel}","templated":true}]}}