{"id":1017788,"date":"2024-06-17T15:07:50","date_gmt":"2024-06-17T07:07:50","guid":{"rendered":"https:\/\/vimaterial.de\/product\/sulfate-de-zinc-heptaydrate\/"},"modified":"2024-07-12T11:57:09","modified_gmt":"2024-07-12T03:57:09","slug":"sulfate-de-zinc-heptaydrate","status":"publish","type":"product","link":"https:\/\/vimaterial.de\/fr\/product\/sulfate-de-zinc-heptaydrate\/","title":{"rendered":"Zinc Sulfate Heptaydrate"},"content":{"rendered":"<p>Caract\u00e9ristiqueLe sulfate de zinc est un compos\u00e9 inorganique et un compl\u00e9ment alimentaire. En compl\u00e9ment, il est utilis\u00e9 pour traiter la carence en zinc et pour pr\u00e9venir la maladie chez les personnes \u00e0 haut risque. Les effets secondaires d\u2019une suppl\u00e9mentation excessive peuvent inclure des douleurs abdominales, des vomissements, des maux de t\u00eate et de la fatigue. Il a la formule ZnSO4 ainsi que l\u2019un des trois hydrates. Il \u00e9tait historiquement connu sous le nom de vitriol blanc. Toutes les diff\u00e9rentes formes sont des solides incolores. La forme heptahydrat\u00e9e est couramment rencontr\u00e9e. Formule chimique&nbsp;:ZnSO4Masse molaire&nbsp;: 161,47 g \/ mol (anhydre)&nbsp;; 179,47 g\/mol (monohydrat\u00e9) ; 287,53 g\/mol (heptahydrat\u00e9)Aspect : poudre blancheOdeur : inodoreDensit\u00e9 : 3,54 g\/cm3 (anhydre) ; 2,072 g\/cm3 (hexahydrat\u00e9)Point de fusion : 680 \u00b0C (1 256 \u00b0F&nbsp;; 953 K) se d\u00e9compose (anhydre)&nbsp;; 100 \u00b0C (heptahydrat\u00e9) ; 70 \u00b0C, se d\u00e9compose (hexahydrat\u00e9)Point d\u2019\u00e9bullition : 740 \u00b0C (1 360 \u00b0F&nbsp;; 1 010 K) (anhydre)&nbsp;; 280 \u00b0C, se d\u00e9compose (heptahydrat\u00e9)Solubilit\u00e9 dans l\u2019eau :57,7 g\/100 mL, anhydre (20 \u00b0C) (Dans des solutions aqueuses avec un pH de 5)Alcools de solubilit\u00e9Sensibilit\u00e9 magn\u00e9tique (\u03c7) :\u221245,0\u00b710\u22126 cm3\/molIndice de r\u00e9fraction (nD) :1,658 (anhydre), 1,4357 (heptahydrat\u00e9)ApplicationLe sulfate de zinc heptahydrat\u00e9 est largement utilis\u00e9 comme coagulant dans la production de rayonne. Il trouve une application dans la fabrication de l\u2019impression calicot, de la pr\u00e9servation du bois et du lithopone. C\u2019est la source du zinc qui est fourni dans les aliments pour animaux, les engrais et les sprays agricoles. Il est utilis\u00e9 comme \u00e9lectrolytes pour le zingage et les agents de traitement de surface. Il est \u00e9galement utilis\u00e9 comme mordant dans la teinture, conservateur pour la peau et le cuir et en m\u00e9decine comme astringent et \u00e9m\u00e9tique.<\/p>\n","protected":false},"excerpt":{"rendered":"<p>Caract\u00e9ristiqueLe sulfate de zinc est un compos\u00e9 inorganique et un compl\u00e9ment alimentaire. En compl\u00e9ment, il est utilis\u00e9 pour traiter la carence en zinc et pour pr\u00e9venir la maladie chez les personnes \u00e0 haut risque. Les effets secondaires d\u2019une suppl\u00e9mentation excessive peuvent inclure des douleurs abdominales, des vomissements, des maux de t\u00eate et de la fatigue. [&hellip;]<\/p>\n","protected":false},"featured_media":1003810,"comment_status":"open","ping_status":"closed","template":"","meta":{"_acf_changed":false},"product_brand":[],"product_cat":[244],"product_tag":[],"class_list":{"0":"post-1017788","1":"product","2":"type-product","3":"status-publish","4":"has-post-thumbnail","6":"product_cat-autres-materiaux","8":"first","9":"instock","10":"shipping-taxable","11":"purchasable","12":"product-type-variable"},"acf":[],"_links":{"self":[{"href":"https:\/\/vimaterial.de\/fr\/wp-json\/wp\/v2\/product\/1017788","targetHints":{"allow":["GET"]}}],"collection":[{"href":"https:\/\/vimaterial.de\/fr\/wp-json\/wp\/v2\/product"}],"about":[{"href":"https:\/\/vimaterial.de\/fr\/wp-json\/wp\/v2\/types\/product"}],"replies":[{"embeddable":true,"href":"https:\/\/vimaterial.de\/fr\/wp-json\/wp\/v2\/comments?post=1017788"}],"wp:featuredmedia":[{"embeddable":true,"href":"https:\/\/vimaterial.de\/fr\/wp-json\/wp\/v2\/media\/1003810"}],"wp:attachment":[{"href":"https:\/\/vimaterial.de\/fr\/wp-json\/wp\/v2\/media?parent=1017788"}],"wp:term":[{"taxonomy":"product_brand","embeddable":true,"href":"https:\/\/vimaterial.de\/fr\/wp-json\/wp\/v2\/product_brand?post=1017788"},{"taxonomy":"product_cat","embeddable":true,"href":"https:\/\/vimaterial.de\/fr\/wp-json\/wp\/v2\/product_cat?post=1017788"},{"taxonomy":"product_tag","embeddable":true,"href":"https:\/\/vimaterial.de\/fr\/wp-json\/wp\/v2\/product_tag?post=1017788"}],"curies":[{"name":"wp","href":"https:\/\/api.w.org\/{rel}","templated":true}]}}