{"id":1017688,"date":"2024-06-17T15:09:07","date_gmt":"2024-06-17T07:09:07","guid":{"rendered":"https:\/\/vimaterial.de\/product\/gallium-metal-3\/"},"modified":"2024-07-12T11:57:29","modified_gmt":"2024-07-12T03:57:29","slug":"gallium-metal-3","status":"publish","type":"product","link":"https:\/\/vimaterial.de\/fr\/product\/gallium-metal-3\/","title":{"rendered":"Gallium m\u00e9tal"},"content":{"rendered":"<p>En raison de mat\u00e9riaux dangereux, le d\u00e9lai de livraison ne peut pas \u00eatre enti\u00e8rement garanti (\u00e9ventuellement prolong\u00e9). N\u2019h\u00e9sitez pas \u00e0 nous contacter pour plus de d\u00e9tails. Caract\u00e9ristiqueLe gallium est un \u00e9l\u00e9ment chimique de num\u00e9ro atomique 31. Le groupe 13 du tableau p\u00e9riodique est un m\u00e9tal pauvre avec des propri\u00e9t\u00e9s similaires \u00e0 celles de l\u2019aluminium, de l\u2019indium et du thallium. Le gallium est tr\u00e8s doux et mall\u00e9able. Il est gris bleut\u00e9 \u00e0 l\u2019\u00e9tat solide et blanc argent\u00e9 \u00e0 l\u2019\u00e9tat liquide. Point de fusion du gallium \u00e0 29,78 \u00b0 C, donc plac\u00e9 dans la paume de la main fondra, mais le point d\u2019\u00e9bullition du gallium est \u00e9lev\u00e9. L\u00e9g\u00e8rement soluble dans le mercure, forme un amalgame de gallium. Le gallium peut s\u2019infiltrer dans le verre, il n\u2019est donc pas appropri\u00e9 d\u2019utiliser des r\u00e9cipients en verre pour le stockage. Phase \u00e0 STP :solideAspect :bleu argent\u00e9Point de fusion :302.9146 K (29.7646 \u00b0C, 85.5763 \u00b0F)Point d\u2019\u00e9bullition :2673 K (2400 \u00b0C, 4352 \u00b0F)Densit\u00e9 (pr\u00e8s de r.t.) :5,91 g\/cm3lorsqu\u2019il est liquide (\u00e0 M.P.) :6.095 g\/cm3Chaleur de fusion :5.59 kJ\/molChaleur de vaporisation :256 kJ\/molCapacit\u00e9 thermique molaire :25.86 J\/(mol\u00b7 K) ApplicationUtilisations industrielles&nbsp;: Fabrication de nitrure de gallium semi-conducteur, d\u2019ars\u00e9niure de gallium, de phosphure de gallium, d\u2019\u00e9l\u00e9ment dopant semi-conducteur de germanium&nbsp;; Le gallium pur et l\u2019alliage \u00e0 faible fusion peuvent \u00eatre utilis\u00e9s comme moyen d\u2019\u00e9change de chaleur pour la r\u00e9action nucl\u00e9aire. Remplisseuse pour thermom\u00e8tres \u00e0 haute temp\u00e9rature&nbsp;; Catalyseur de la diest\u00e9rification en r\u00e9action organique. Applications m\u00e9dicales&nbsp;: Apr\u00e8s avoir observ\u00e9 que le tissu canc\u00e9reux \u00e9tait attrayant pour le 67Ga, la soci\u00e9t\u00e9 nationale du cancer a not\u00e9 que le gallium stable \u00e9tait efficace dans les tumeurs de rongeurs. Cela a \u00e9t\u00e9 test\u00e9 sur des patients atteints de cancer. Le gallium est nocif pour les reins lorsqu\u2019il est pris \u00e0 des doses de 750 mg \/ kg. L\u2019infusion continue de gallium peut r\u00e9duire la toxicit\u00e9 du gallium pour les tubules r\u00e9naux.<\/p>\n","protected":false},"excerpt":{"rendered":"<p>En raison de mat\u00e9riaux dangereux, le d\u00e9lai de livraison ne peut pas \u00eatre enti\u00e8rement garanti (\u00e9ventuellement prolong\u00e9). N\u2019h\u00e9sitez pas \u00e0 nous contacter pour plus de d\u00e9tails. Caract\u00e9ristiqueLe gallium est un \u00e9l\u00e9ment chimique de num\u00e9ro atomique 31. Le groupe 13 du tableau p\u00e9riodique est un m\u00e9tal pauvre avec des propri\u00e9t\u00e9s similaires \u00e0 celles de l\u2019aluminium, de [&hellip;]<\/p>\n","protected":false},"featured_media":1003874,"comment_status":"open","ping_status":"closed","template":"","meta":{"_acf_changed":false},"product_brand":[],"product_cat":[236],"product_tag":[],"class_list":{"0":"post-1017688","1":"product","2":"type-product","3":"status-publish","4":"has-post-thumbnail","6":"product_cat-materiaux-devaporation","8":"first","9":"instock","10":"shipping-taxable","11":"purchasable","12":"product-type-variable"},"acf":[],"_links":{"self":[{"href":"https:\/\/vimaterial.de\/fr\/wp-json\/wp\/v2\/product\/1017688","targetHints":{"allow":["GET"]}}],"collection":[{"href":"https:\/\/vimaterial.de\/fr\/wp-json\/wp\/v2\/product"}],"about":[{"href":"https:\/\/vimaterial.de\/fr\/wp-json\/wp\/v2\/types\/product"}],"replies":[{"embeddable":true,"href":"https:\/\/vimaterial.de\/fr\/wp-json\/wp\/v2\/comments?post=1017688"}],"wp:featuredmedia":[{"embeddable":true,"href":"https:\/\/vimaterial.de\/fr\/wp-json\/wp\/v2\/media\/1003874"}],"wp:attachment":[{"href":"https:\/\/vimaterial.de\/fr\/wp-json\/wp\/v2\/media?parent=1017688"}],"wp:term":[{"taxonomy":"product_brand","embeddable":true,"href":"https:\/\/vimaterial.de\/fr\/wp-json\/wp\/v2\/product_brand?post=1017688"},{"taxonomy":"product_cat","embeddable":true,"href":"https:\/\/vimaterial.de\/fr\/wp-json\/wp\/v2\/product_cat?post=1017688"},{"taxonomy":"product_tag","embeddable":true,"href":"https:\/\/vimaterial.de\/fr\/wp-json\/wp\/v2\/product_tag?post=1017688"}],"curies":[{"name":"wp","href":"https:\/\/api.w.org\/{rel}","templated":true}]}}