{"id":1017612,"date":"2024-06-17T15:09:11","date_gmt":"2024-06-17T07:09:11","guid":{"rendered":"https:\/\/vimaterial.de\/product\/oxyde-de-gallium-2\/"},"modified":"2024-07-12T11:58:22","modified_gmt":"2024-07-12T03:58:22","slug":"oxyde-de-gallium-2","status":"publish","type":"product","link":"https:\/\/vimaterial.de\/fr\/product\/oxyde-de-gallium-2\/","title":{"rendered":"Oxyde de gallium"},"content":{"rendered":"<p>Caract\u00e9ristiqueLe trioxyde de gallium(III) est un compos\u00e9 inorganique de formule Ga2O3. Il existe en plusieurs polymorphes, qui sont tous des solides blancs et insolubles dans l\u2019eau. Bien qu\u2019il n\u2019existe aucune application commerciale, le Ga2O3 est un interm\u00e9diaire dans la purification du gallium, qui est consomm\u00e9 presque exclusivement sous forme d\u2019ars\u00e9niure de gallium. Formule chimique&nbsp;:Ga2O3Masse molaire&nbsp;:187.444 g\/molApparence&nbsp;:poudre cristalline blancheDensit\u00e9&nbsp;:6,44 g\/cm3, alpha 5,88 g\/cm3, b\u00eataPoint de fusion&nbsp;:1 900 \u00b0C (3 450 \u00b0F&nbsp;; 2 170 K) alpha 1725 \u00b0C, b\u00eataSolubilit\u00e9 dans l\u2019eau&nbsp;:insolubleSolubilit\u00e9&nbsp;:soluble dans la plupart des acidesApplicationL\u2019oxyde de gallium(III) a \u00e9t\u00e9 \u00e9tudi\u00e9 \u00e0 l\u2019aide de lasers, de phosphores et de mat\u00e9riaux luminescents. Il a \u00e9galement \u00e9t\u00e9 utilis\u00e9 comme barri\u00e8re isolante dans les jonctions \u00e9troites. La monoclinique \u03b2-Ga2O3 est utilis\u00e9e dans les capteurs de gaz et les phosphores luminescents et peut \u00eatre appliqu\u00e9e aux rev\u00eatements di\u00e9lectriques des cellules solaires. Cet oxyde stable a \u00e9galement montr\u00e9 un potentiel pour les applications d\u2019oxydes conducteurs transparents dans l\u2019ultraviolet profond et les transistors.\u03b5-Ga2O3Les films minces d\u00e9pos\u00e9s sur saphir montrent des applications potentielles en tant que photod\u00e9tecteur UV aveugle au soleil. Les films minces de Ga2O3 pr\u00e9sentent un int\u00e9r\u00eat commercial en tant que mat\u00e9riaux sensibles aux gaz et au Ga2O3. L\u2019ellipsom\u00e9trie est une proc\u00e9dure qui peut \u00eatre utilis\u00e9e pour d\u00e9terminer les fonctions optiques du catalyseur \u03b2-Ga2O3.\u03b2-Ga2O3est utilis\u00e9 dans la production du catalyseur Ga2O3-Al2O3.<\/p>\n","protected":false},"excerpt":{"rendered":"<p>Caract\u00e9ristiqueLe trioxyde de gallium(III) est un compos\u00e9 inorganique de formule Ga2O3. Il existe en plusieurs polymorphes, qui sont tous des solides blancs et insolubles dans l\u2019eau. Bien qu\u2019il n\u2019existe aucune application commerciale, le Ga2O3 est un interm\u00e9diaire dans la purification du gallium, qui est consomm\u00e9 presque exclusivement sous forme d\u2019ars\u00e9niure de gallium. Formule chimique&nbsp;:Ga2O3Masse molaire&nbsp;:187.444 [&hellip;]<\/p>\n","protected":false},"featured_media":1003918,"comment_status":"open","ping_status":"closed","template":"","meta":{"_acf_changed":false},"product_brand":[],"product_cat":[235],"product_tag":[],"class_list":{"0":"post-1017612","1":"product","2":"type-product","3":"status-publish","4":"has-post-thumbnail","6":"product_cat-cibles-de-pulverisation-planaire","8":"first","9":"instock","10":"shipping-taxable","11":"product-type-variable"},"acf":[],"_links":{"self":[{"href":"https:\/\/vimaterial.de\/fr\/wp-json\/wp\/v2\/product\/1017612","targetHints":{"allow":["GET"]}}],"collection":[{"href":"https:\/\/vimaterial.de\/fr\/wp-json\/wp\/v2\/product"}],"about":[{"href":"https:\/\/vimaterial.de\/fr\/wp-json\/wp\/v2\/types\/product"}],"replies":[{"embeddable":true,"href":"https:\/\/vimaterial.de\/fr\/wp-json\/wp\/v2\/comments?post=1017612"}],"wp:featuredmedia":[{"embeddable":true,"href":"https:\/\/vimaterial.de\/fr\/wp-json\/wp\/v2\/media\/1003918"}],"wp:attachment":[{"href":"https:\/\/vimaterial.de\/fr\/wp-json\/wp\/v2\/media?parent=1017612"}],"wp:term":[{"taxonomy":"product_brand","embeddable":true,"href":"https:\/\/vimaterial.de\/fr\/wp-json\/wp\/v2\/product_brand?post=1017612"},{"taxonomy":"product_cat","embeddable":true,"href":"https:\/\/vimaterial.de\/fr\/wp-json\/wp\/v2\/product_cat?post=1017612"},{"taxonomy":"product_tag","embeddable":true,"href":"https:\/\/vimaterial.de\/fr\/wp-json\/wp\/v2\/product_tag?post=1017612"}],"curies":[{"name":"wp","href":"https:\/\/api.w.org\/{rel}","templated":true}]}}