{"id":1017544,"date":"2024-06-17T15:10:33","date_gmt":"2024-06-17T07:10:33","guid":{"rendered":"https:\/\/vimaterial.de\/product\/arseniure-de-gallium-3\/"},"modified":"2024-07-12T11:59:34","modified_gmt":"2024-07-12T03:59:34","slug":"arseniure-de-gallium-3","status":"publish","type":"product","link":"https:\/\/vimaterial.de\/fr\/product\/arseniure-de-gallium-3\/","title":{"rendered":"Ars\u00e9niure de gallium"},"content":{"rendered":"<p>En raison de mat\u00e9riaux dangereux, le d\u00e9lai de livraison ne peut pas \u00eatre enti\u00e8rement garanti (\u00e9ventuellement prolong\u00e9). N\u2019h\u00e9sitez pas \u00e0 nous contacter pour plus de d\u00e9tails. Caract\u00e9ristiqueL\u2019ars\u00e9niure de gallium (GaAs) est un compos\u00e9 des \u00e9l\u00e9ments gallium et arsenic. Il s\u2019agit d\u2019un semi-conducteur \u00e0 bande interdite directe III-V avec une structure cristalline de blende de zinc. Formule chimique&nbsp;:GaAsMasse molaire&nbsp;:144.645 g\/molApparence&nbsp;:Cristaux grisOdeur&nbsp;:semblable \u00e0 celle de l\u2019ail lorsqu\u2019il est humidifi\u00e9Densit\u00e9&nbsp;:5.3176 g\/cm3Point de fusion&nbsp;:1 238 \u00b0C (2 260 \u00b0F&nbsp;; 1,511 K)Solubilit\u00e9 dans l\u2019eau&nbsp;:insolubleSolubilit\u00e9&nbsp;:soluble dans HCl insoluble dans l\u2019\u00e9thanol, le m\u00e9thanol, l\u2019ac\u00e9tone\u00c9cart de bande&nbsp;:1.441 eV (\u00e0 300 K)Mobilit\u00e9 des \u00e9lectrons&nbsp;:9000 cm2\/(V\u00b7s) (\u00e0 300 K)Susceptibilit\u00e9 magn\u00e9tique (\u03c7)&nbsp;:-16,2\u00d710\u22126cgsConductivit\u00e9 thermique&nbsp;:0,56 W\/(cm\u00b7K) (\u00e0 300 K)Indice de r\u00e9fraction (nD)&nbsp;:3,3Structure cristalline&nbsp;:Blende de zincApplicationArs\u00e9niure de gallium est utilis\u00e9 dans la fabrication de dispositifs tels que les circuits int\u00e9gr\u00e9s \u00e0 fr\u00e9quence micro-ondes, les circuits int\u00e9gr\u00e9s \u00e0 micro-ondes monolithiques, les diodes \u00e9lectroluminescentes infrarouges, les diodes laser, les cellules solaires et les fen\u00eatres optiques. Le GaAs est souvent utilis\u00e9 comme mat\u00e9riau de substrat pour la croissance \u00e9pitaxiale d\u2019autres semi-conducteurs III-V, notamment l\u2019ars\u00e9niure d\u2019indium et de gallium, l\u2019ars\u00e9niure d\u2019aluminium et de gallium et d\u2019autres.<\/p>\n","protected":false},"excerpt":{"rendered":"<p>En raison de mat\u00e9riaux dangereux, le d\u00e9lai de livraison ne peut pas \u00eatre enti\u00e8rement garanti (\u00e9ventuellement prolong\u00e9). N\u2019h\u00e9sitez pas \u00e0 nous contacter pour plus de d\u00e9tails. Caract\u00e9ristiqueL\u2019ars\u00e9niure de gallium (GaAs) est un compos\u00e9 des \u00e9l\u00e9ments gallium et arsenic. Il s\u2019agit d\u2019un semi-conducteur \u00e0 bande interdite directe III-V avec une structure cristalline de blende de zinc. [&hellip;]<\/p>\n","protected":false},"featured_media":1003986,"comment_status":"open","ping_status":"closed","template":"","meta":{"_acf_changed":false},"product_brand":[],"product_cat":[235],"product_tag":[],"class_list":{"0":"post-1017544","1":"product","2":"type-product","3":"status-publish","4":"has-post-thumbnail","6":"product_cat-cibles-de-pulverisation-planaire","8":"first","9":"instock","10":"shipping-taxable","11":"product-type-variable"},"acf":[],"_links":{"self":[{"href":"https:\/\/vimaterial.de\/fr\/wp-json\/wp\/v2\/product\/1017544","targetHints":{"allow":["GET"]}}],"collection":[{"href":"https:\/\/vimaterial.de\/fr\/wp-json\/wp\/v2\/product"}],"about":[{"href":"https:\/\/vimaterial.de\/fr\/wp-json\/wp\/v2\/types\/product"}],"replies":[{"embeddable":true,"href":"https:\/\/vimaterial.de\/fr\/wp-json\/wp\/v2\/comments?post=1017544"}],"wp:featuredmedia":[{"embeddable":true,"href":"https:\/\/vimaterial.de\/fr\/wp-json\/wp\/v2\/media\/1003986"}],"wp:attachment":[{"href":"https:\/\/vimaterial.de\/fr\/wp-json\/wp\/v2\/media?parent=1017544"}],"wp:term":[{"taxonomy":"product_brand","embeddable":true,"href":"https:\/\/vimaterial.de\/fr\/wp-json\/wp\/v2\/product_brand?post=1017544"},{"taxonomy":"product_cat","embeddable":true,"href":"https:\/\/vimaterial.de\/fr\/wp-json\/wp\/v2\/product_cat?post=1017544"},{"taxonomy":"product_tag","embeddable":true,"href":"https:\/\/vimaterial.de\/fr\/wp-json\/wp\/v2\/product_tag?post=1017544"}],"curies":[{"name":"wp","href":"https:\/\/api.w.org\/{rel}","templated":true}]}}