{"id":1017506,"date":"2024-06-17T15:10:36","date_gmt":"2024-06-17T07:10:36","guid":{"rendered":"https:\/\/vimaterial.de\/product\/bromure-de-gallium\/"},"modified":"2024-07-12T11:59:33","modified_gmt":"2024-07-12T03:59:33","slug":"bromure-de-gallium","status":"publish","type":"product","link":"https:\/\/vimaterial.de\/fr\/product\/bromure-de-gallium\/","title":{"rendered":"Bromure de gallium"},"content":{"rendered":"<p>Caract\u00e9ristiqueLe bromure de gallium(III) (GaBr3) est un compos\u00e9 chimique, et l\u2019un des quatre trihalog\u00e9nures de gallium. Formule chimique&nbsp;:GaBr3Masse molaire&nbsp;:309.435 g\/molApparence&nbsp;:poudre blancheDensit\u00e9&nbsp;:3.69 g\/cm3Point de fusion&nbsp;:121.5 \u00b0C (250.7 \u00b0F&nbsp;; 394.6 K)Point d\u2019\u00e9bullition&nbsp;:278.8 \u00b0C (533.8 \u00b0F&nbsp;; 552.0 K)Solubilit\u00e9 dans l\u2019eau&nbsp;:solubleApplicationLe GaBr3 est utilis\u00e9 comme catalyseur dans la synth\u00e8se organique, avec un m\u00e9canisme similaire au GaCl3, mais en raison de sa plus grande r\u00e9activit\u00e9, il est parfois d\u00e9favoris\u00e9 en raison de la plus grande polyvalence du GaCl3. Le GaBr3 ainsi que d\u2019autres trihalog\u00e9nures de gallium et trihalog\u00e9nures m\u00e9talliques du groupe 13 peuvent \u00eatre utilis\u00e9s comme catalyseurs dans l\u2019ajout oxydatif de compos\u00e9s organiques. Il a \u00e9t\u00e9 v\u00e9rifi\u00e9 que le dim\u00e8re GaBr3 se divise de mani\u00e8re in\u00e9gale en [GaBr4]\u2212 et [GaBr2]+. L\u2019ensemble du m\u00e9canisme est incertain, en partie parce que les \u00e9tats interm\u00e9diaires ne sont pas toujours assez stables pour \u00eatre \u00e9tudi\u00e9s, et en partie parce que GaBr3 est \u00e9tudi\u00e9 moins fr\u00e9quemment que GaCl3. Le Ga(III) lui-m\u00eame est un acide de Lewis utile pour les r\u00e9actions organiques car sa couche compl\u00e8te d\u2019\u00e9lectrons d le rend capable d\u2019accepter un nombre variable de ligands, mais abandonnera facilement les ligands si les conditions s\u2019av\u00e8rent favorables.<\/p>\n","protected":false},"excerpt":{"rendered":"<p>Caract\u00e9ristiqueLe bromure de gallium(III) (GaBr3) est un compos\u00e9 chimique, et l\u2019un des quatre trihalog\u00e9nures de gallium. Formule chimique&nbsp;:GaBr3Masse molaire&nbsp;:309.435 g\/molApparence&nbsp;:poudre blancheDensit\u00e9&nbsp;:3.69 g\/cm3Point de fusion&nbsp;:121.5 \u00b0C (250.7 \u00b0F&nbsp;; 394.6 K)Point d\u2019\u00e9bullition&nbsp;:278.8 \u00b0C (533.8 \u00b0F&nbsp;; 552.0 K)Solubilit\u00e9 dans l\u2019eau&nbsp;:solubleApplicationLe GaBr3 est utilis\u00e9 comme catalyseur dans la synth\u00e8se organique, avec un m\u00e9canisme similaire au GaCl3, mais en raison [&hellip;]<\/p>\n","protected":false},"featured_media":1004003,"comment_status":"open","ping_status":"closed","template":"","meta":{"_acf_changed":false},"product_brand":[],"product_cat":[236],"product_tag":[],"class_list":{"0":"post-1017506","1":"product","2":"type-product","3":"status-publish","4":"has-post-thumbnail","6":"product_cat-materiaux-devaporation","8":"first","9":"instock","10":"shipping-taxable","11":"purchasable","12":"product-type-variable"},"acf":[],"_links":{"self":[{"href":"https:\/\/vimaterial.de\/fr\/wp-json\/wp\/v2\/product\/1017506","targetHints":{"allow":["GET"]}}],"collection":[{"href":"https:\/\/vimaterial.de\/fr\/wp-json\/wp\/v2\/product"}],"about":[{"href":"https:\/\/vimaterial.de\/fr\/wp-json\/wp\/v2\/types\/product"}],"replies":[{"embeddable":true,"href":"https:\/\/vimaterial.de\/fr\/wp-json\/wp\/v2\/comments?post=1017506"}],"wp:featuredmedia":[{"embeddable":true,"href":"https:\/\/vimaterial.de\/fr\/wp-json\/wp\/v2\/media\/1004003"}],"wp:attachment":[{"href":"https:\/\/vimaterial.de\/fr\/wp-json\/wp\/v2\/media?parent=1017506"}],"wp:term":[{"taxonomy":"product_brand","embeddable":true,"href":"https:\/\/vimaterial.de\/fr\/wp-json\/wp\/v2\/product_brand?post=1017506"},{"taxonomy":"product_cat","embeddable":true,"href":"https:\/\/vimaterial.de\/fr\/wp-json\/wp\/v2\/product_cat?post=1017506"},{"taxonomy":"product_tag","embeddable":true,"href":"https:\/\/vimaterial.de\/fr\/wp-json\/wp\/v2\/product_tag?post=1017506"}],"curies":[{"name":"wp","href":"https:\/\/api.w.org\/{rel}","templated":true}]}}