{"id":1017494,"date":"2024-06-17T15:10:37","date_gmt":"2024-06-17T07:10:37","guid":{"rendered":"https:\/\/vimaterial.de\/product\/fluorure-de-gallium\/"},"modified":"2024-07-12T11:59:46","modified_gmt":"2024-07-12T03:59:46","slug":"fluorure-de-gallium","status":"publish","type":"product","link":"https:\/\/vimaterial.de\/fr\/product\/fluorure-de-gallium\/","title":{"rendered":"Fluorure de gallium"},"content":{"rendered":"<p>Caract\u00e9ristiqueLe fluorure de gallium(III) (GaF3) est un compos\u00e9 chimique. C\u2019est un solide blanc qui fond sous pression au-dessus de 1000 \u00b0C mais se sublime autour de 950 \u00b0C. Il a la structure FeF3 o\u00f9 les atomes de gallium sont de 6 coordonn\u00e9es. Le GaF3 est pratiquement insoluble dans l\u2019eau. Les solutions de GaF3 dans HF peuvent \u00eatre \u00e9vapor\u00e9es pour former le trihydrate, GaF3\u00b73H2O, qui, en chauffant, donne une forme hydrat\u00e9e de GaF2(OH).<\/p>\n","protected":false},"excerpt":{"rendered":"<p>Caract\u00e9ristiqueLe fluorure de gallium(III) (GaF3) est un compos\u00e9 chimique. C\u2019est un solide blanc qui fond sous pression au-dessus de 1000 \u00b0C mais se sublime autour de 950 \u00b0C. Il a la structure FeF3 o\u00f9 les atomes de gallium sont de 6 coordonn\u00e9es. Le GaF3 est pratiquement insoluble dans l\u2019eau. Les solutions de GaF3 dans HF [&hellip;]<\/p>\n","protected":false},"featured_media":1004012,"comment_status":"open","ping_status":"closed","template":"","meta":{"_acf_changed":false},"product_brand":[],"product_cat":[239],"product_tag":[],"class_list":{"0":"post-1017494","1":"product","2":"type-product","3":"status-publish","4":"has-post-thumbnail","6":"product_cat-materiaux-halogenes","8":"first","9":"instock","10":"shipping-taxable","11":"product-type-variable"},"acf":[],"_links":{"self":[{"href":"https:\/\/vimaterial.de\/fr\/wp-json\/wp\/v2\/product\/1017494","targetHints":{"allow":["GET"]}}],"collection":[{"href":"https:\/\/vimaterial.de\/fr\/wp-json\/wp\/v2\/product"}],"about":[{"href":"https:\/\/vimaterial.de\/fr\/wp-json\/wp\/v2\/types\/product"}],"replies":[{"embeddable":true,"href":"https:\/\/vimaterial.de\/fr\/wp-json\/wp\/v2\/comments?post=1017494"}],"wp:featuredmedia":[{"embeddable":true,"href":"https:\/\/vimaterial.de\/fr\/wp-json\/wp\/v2\/media\/1004012"}],"wp:attachment":[{"href":"https:\/\/vimaterial.de\/fr\/wp-json\/wp\/v2\/media?parent=1017494"}],"wp:term":[{"taxonomy":"product_brand","embeddable":true,"href":"https:\/\/vimaterial.de\/fr\/wp-json\/wp\/v2\/product_brand?post=1017494"},{"taxonomy":"product_cat","embeddable":true,"href":"https:\/\/vimaterial.de\/fr\/wp-json\/wp\/v2\/product_cat?post=1017494"},{"taxonomy":"product_tag","embeddable":true,"href":"https:\/\/vimaterial.de\/fr\/wp-json\/wp\/v2\/product_tag?post=1017494"}],"curies":[{"name":"wp","href":"https:\/\/api.w.org\/{rel}","templated":true}]}}