{"id":1017488,"date":"2024-06-17T15:10:37","date_gmt":"2024-06-17T07:10:37","guid":{"rendered":"https:\/\/vimaterial.de\/product\/chlorure-de-gallium\/"},"modified":"2024-07-12T11:59:54","modified_gmt":"2024-07-12T03:59:54","slug":"chlorure-de-gallium","status":"publish","type":"product","link":"https:\/\/vimaterial.de\/fr\/product\/chlorure-de-gallium\/","title":{"rendered":"Chlorure de gallium"},"content":{"rendered":"<p>Caract\u00e9ristiqueLe trichlorure de gallium est le compos\u00e9 chimique de formule GaCl3. Le trichlorure de gallium solide existe sous forme de dim\u00e8re de formule Ga2Cl6. Il est incolore et soluble dans pratiquement tous les solvantsFormule chimique :GaCl3Masse molaire :176,073 g\/molAspect :cristaux incolores d\u00e9liquescentDensit\u00e9 :2,47 g\/cm32,053 g\/cm3 au point de fusionPoint de fusion :77,9 \u00b0C (172,2 \u00b0F&nbsp;; 351,0 K) (anhydre) 44,4 \u00b0C (hydrat\u00e9)Point d\u2019\u00e9bullition :201 \u00b0C (394 \u00b0F&nbsp;; 474 K)Solubilit\u00e9 dans l\u2019eau :tr\u00e8s solubleSolubilit\u00e9 :soluble dans le benz\u00e8ne, CCl4, CS2Susceptibilit\u00e9 magn\u00e9tique (\u03c7) :\u221263,0\u00b710\u22126cm3\/molApplicationUtilis\u00e9 comme r\u00e9actif spectral. Le chlorure de gallium et l\u2019acide dibutylphosphonique ont \u00e9t\u00e9 m\u00e9lang\u00e9s \u00e0 100 ~ 250 \u00b0C et utilis\u00e9s comme catalyseurs pour la polym\u00e9risation de l\u2019\u00e9poxyde.<\/p>\n","protected":false},"excerpt":{"rendered":"<p>Caract\u00e9ristiqueLe trichlorure de gallium est le compos\u00e9 chimique de formule GaCl3. Le trichlorure de gallium solide existe sous forme de dim\u00e8re de formule Ga2Cl6. Il est incolore et soluble dans pratiquement tous les solvantsFormule chimique :GaCl3Masse molaire :176,073 g\/molAspect :cristaux incolores d\u00e9liquescentDensit\u00e9 :2,47 g\/cm32,053 g\/cm3 au point de fusionPoint de fusion :77,9 \u00b0C (172,2 \u00b0F&nbsp;; [&hellip;]<\/p>\n","protected":false},"featured_media":998651,"comment_status":"open","ping_status":"closed","template":"","meta":{"_acf_changed":false},"product_brand":[],"product_cat":[239],"product_tag":[],"class_list":{"0":"post-1017488","1":"product","2":"type-product","3":"status-publish","4":"has-post-thumbnail","6":"product_cat-materiaux-halogenes","8":"first","9":"instock","10":"shipping-taxable","11":"purchasable","12":"product-type-variable"},"acf":[],"_links":{"self":[{"href":"https:\/\/vimaterial.de\/fr\/wp-json\/wp\/v2\/product\/1017488","targetHints":{"allow":["GET"]}}],"collection":[{"href":"https:\/\/vimaterial.de\/fr\/wp-json\/wp\/v2\/product"}],"about":[{"href":"https:\/\/vimaterial.de\/fr\/wp-json\/wp\/v2\/types\/product"}],"replies":[{"embeddable":true,"href":"https:\/\/vimaterial.de\/fr\/wp-json\/wp\/v2\/comments?post=1017488"}],"wp:featuredmedia":[{"embeddable":true,"href":"https:\/\/vimaterial.de\/fr\/wp-json\/wp\/v2\/media\/998651"}],"wp:attachment":[{"href":"https:\/\/vimaterial.de\/fr\/wp-json\/wp\/v2\/media?parent=1017488"}],"wp:term":[{"taxonomy":"product_brand","embeddable":true,"href":"https:\/\/vimaterial.de\/fr\/wp-json\/wp\/v2\/product_brand?post=1017488"},{"taxonomy":"product_cat","embeddable":true,"href":"https:\/\/vimaterial.de\/fr\/wp-json\/wp\/v2\/product_cat?post=1017488"},{"taxonomy":"product_tag","embeddable":true,"href":"https:\/\/vimaterial.de\/fr\/wp-json\/wp\/v2\/product_tag?post=1017488"}],"curies":[{"name":"wp","href":"https:\/\/api.w.org\/{rel}","templated":true}]}}