{"id":1017462,"date":"2024-06-17T15:13:02","date_gmt":"2024-06-17T07:13:02","guid":{"rendered":"https:\/\/vimaterial.de\/product\/germanium-metal-5\/"},"modified":"2024-09-30T17:21:49","modified_gmt":"2024-09-30T09:21:49","slug":"germanium-metal-5","status":"publish","type":"product","link":"https:\/\/vimaterial.de\/fr\/product\/germanium-metal-5\/","title":{"rendered":"Germanium m\u00e9tal"},"content":{"rendered":"<p>La tige m\u00e9tallique de germanium est un mat\u00e9riau semblable \u00e0 une tige compos\u00e9 d\u2019un \u00e9l\u00e9ment germanium.<\/p>\n<p>Propri\u00e9t\u00e9s de base :<\/p>\n<p>Apparence\u00a0: G\u00e9n\u00e9ralement solide en forme de tige gris argent\u00e9 avec un \u00e9clat m\u00e9tallique.<br \/>\nPoint de fusion : 937,4 \u00b0C<\/p>\n<p>Point d\u2019\u00e9bullition : 2830 \u00b0C, avec un point d\u2019\u00e9bullition \u00e9lev\u00e9.<\/p>\n<p>En tant que type de mat\u00e9riau semi-conducteur, la conductivit\u00e9 de la tige de germanium m\u00e9tallique se situe entre le conducteur et l\u2019isolant, et elle pr\u00e9sente de bonnes caract\u00e9ristiques semi-conductrices \u00e0 basse temp\u00e9rature.<\/p>\n<p>Domaine d\u2019application :<\/p>\n<p>Industrie des semi-conducteurs : peut \u00eatre utilis\u00e9 pour fabriquer des dispositifs \u00e0 semi-conducteurs, tels que des transistors, des redresseurs, des photod\u00e9tecteurs, etc.<\/p>\n<p>Champ optique infrarouge : Le germanium peut \u00eatre utilis\u00e9 pour fabriquer des dispositifs optiques infrarouges en raison de sa bonne transmission \u00e0 l\u2019infrarouge.<\/p>\n<p>Champ de cellules solaires\u00a0: La tige de germanium peut \u00eatre utilis\u00e9e comme mat\u00e9riau pour les cellules solaires afin d\u2019am\u00e9liorer l\u2019efficacit\u00e9 de conversion photo\u00e9lectrique des batteries, en particulier dans la recherche et le d\u00e9veloppement de certaines cellules solaires \u00e0 haut rendement, le germanium a une valeur d\u2019application importante.<\/p>\n<p>Communication par fibre optique : Dans la communication par fibre optique, le germanium peut \u00eatre utilis\u00e9 comme dopant pour am\u00e9liorer l\u2019indice de r\u00e9fraction et la distance de transmission de la fibre optique, et r\u00e9duire la perte de transmission du signal.<\/p>\n","protected":false},"excerpt":{"rendered":"<p>La tige de germanium est un mat\u00e9riau semblable \u00e0 une tige compos\u00e9 d\u2019un \u00e9l\u00e9ment germanium.<\/p>\n<p>Industrie des semi-conducteurs : Le germanium m\u00e9tal peut \u00eatre utilis\u00e9 pour fabriquer des dispositifs \u00e0 semi-conducteurs, tels que des transistors, des redresseurs, des photod\u00e9tecteurs, etc.<br \/>\nChamp optique infrarouge : Le germanium peut \u00eatre utilis\u00e9 pour fabriquer des dispositifs optiques infrarouges en raison de sa bonne transmission \u00e0 l\u2019infrarouge.<br \/>\nChamp de cellules solaires\u00a0: Le germanium peut \u00eatre utilis\u00e9 comme mat\u00e9riau pour les cellules solaires afin d\u2019am\u00e9liorer l\u2019efficacit\u00e9 de conversion photo\u00e9lectrique des batteries, en particulier dans la recherche et le d\u00e9veloppement de certaines cellules solaires \u00e0 haut rendement, le germanium a une valeur d\u2019application importante.<\/p>\n","protected":false},"featured_media":1004117,"comment_status":"open","ping_status":"closed","template":"","meta":{"_acf_changed":false},"product_brand":[],"product_cat":[245],"product_tag":[],"class_list":{"0":"post-1017462","1":"product","2":"type-product","3":"status-publish","4":"has-post-thumbnail","6":"product_cat-profil-fr","8":"first","9":"instock","10":"shipping-taxable","11":"purchasable","12":"product-type-variable"},"acf":[],"_links":{"self":[{"href":"https:\/\/vimaterial.de\/fr\/wp-json\/wp\/v2\/product\/1017462","targetHints":{"allow":["GET"]}}],"collection":[{"href":"https:\/\/vimaterial.de\/fr\/wp-json\/wp\/v2\/product"}],"about":[{"href":"https:\/\/vimaterial.de\/fr\/wp-json\/wp\/v2\/types\/product"}],"replies":[{"embeddable":true,"href":"https:\/\/vimaterial.de\/fr\/wp-json\/wp\/v2\/comments?post=1017462"}],"wp:featuredmedia":[{"embeddable":true,"href":"https:\/\/vimaterial.de\/fr\/wp-json\/wp\/v2\/media\/1004117"}],"wp:attachment":[{"href":"https:\/\/vimaterial.de\/fr\/wp-json\/wp\/v2\/media?parent=1017462"}],"wp:term":[{"taxonomy":"product_brand","embeddable":true,"href":"https:\/\/vimaterial.de\/fr\/wp-json\/wp\/v2\/product_brand?post=1017462"},{"taxonomy":"product_cat","embeddable":true,"href":"https:\/\/vimaterial.de\/fr\/wp-json\/wp\/v2\/product_cat?post=1017462"},{"taxonomy":"product_tag","embeddable":true,"href":"https:\/\/vimaterial.de\/fr\/wp-json\/wp\/v2\/product_tag?post=1017462"}],"curies":[{"name":"wp","href":"https:\/\/api.w.org\/{rel}","templated":true}]}}