{"id":1017436,"date":"2024-06-17T15:13:02","date_gmt":"2024-06-17T07:13:02","guid":{"rendered":"https:\/\/vimaterial.de\/product\/germanium-metal-2\/"},"modified":"2024-09-30T16:51:38","modified_gmt":"2024-09-30T08:51:38","slug":"germanium-metal-2","status":"publish","type":"product","link":"https:\/\/vimaterial.de\/fr\/product\/germanium-metal-2\/","title":{"rendered":"Germanium m\u00e9tal"},"content":{"rendered":"<p>Le lingot de germanium est une sorte de mat\u00e9riau m\u00e9tallique massif compos\u00e9 d\u2019un \u00e9l\u00e9ment de germanium de haute puret\u00e9.<\/p>\n<p>Propri\u00e9t\u00e9s de base :<\/p>\n<p>Apparence\u00a0: Le lingot de germanium est g\u00e9n\u00e9ralement un bloc de m\u00e9tal gris argent\u00e9, la surface a un \u00e9clat m\u00e9tallique, un examen plus approfondi peut avoir un motif polycristallin.<br \/>\nDensit\u00e9\u00a0: 5,35 g \/ cm3<\/p>\n<p>Duret\u00e9\u00a0: environ 5,0, cassant, facile \u00e0 casser<\/p>\n<p>Point de fusion\u00a0: 937,4 \u00b0C<\/p>\n<p>Point d\u2019\u00e9bullition\u00a0: 2830 \u00b0C, avec un point d\u2019\u00e9bullition \u00e9lev\u00e9.<\/p>\n<p>Le germanium est insoluble dans l\u2019acide chlorhydrique, l\u2019acide nitrique et l\u2019alcali, mais soluble dans l\u2019acide fluorhydrique, l\u2019eau r\u00e9gale et la solution chaude d\u2019hydroxyde de sodium, en pr\u00e9sence de peroxyde d\u2019hydrog\u00e8ne, le taux de dissolution est plus rapide.<\/p>\n<p>Processus de production :<\/p>\n<p>Mati\u00e8res premi\u00e8res : Les mati\u00e8res premi\u00e8res du germanium proviennent principalement de minerais contenant du germanium, tels que l\u2019argent-germanite, ainsi que des sous-produits de fusion du cuivre, du plomb et du zinc.Apr\u00e8s une s\u00e9rie de pr\u00e9traitements, tels que le broyage et l\u2019enrichissement, ces min\u00e9raux contenant du germanium peuvent obtenir des concentr\u00e9s \u00e0 plus forte teneur en germanium.<\/p>\n<p>Processus de purification : Les m\u00e9thodes de purification les plus courantes sont la m\u00e9thode de fusion par zone.Le lingot de germanium zon\u00e9 est purifi\u00e9 par la m\u00e9thode zon\u00e9e.La puret\u00e9 du produit qualifi\u00e9 est sup\u00e9rieure \u00e0 99,9999%.<\/p>\n<p>Domaine d\u2019application :<\/p>\n<p>Industrie des semi-conducteurs : Le germanium m\u00e9tal peut \u00eatre utilis\u00e9 pour fabriquer des dispositifs \u00e0 semi-conducteurs, tels que des transistors, des circuits int\u00e9gr\u00e9s, etc.<\/p>\n<p>Optique infrarouge : Germanium m\u00e9tal souvent utilis\u00e9 pour fabriquer des fen\u00eatres, des lentilles, des prismes et des filtres pour les cam\u00e9ras thermiques et autres dispositifs optiques infrarouges.<\/p>\n<p>Domaine de d\u00e9tection de la physique nucl\u00e9aire : Le germanium m\u00e9tal peut \u00eatre utilis\u00e9 comme d\u00e9tecteur de rayonnements ionisants pour d\u00e9tecter le spectre gamma et le spectre des rayons X, etc., et a des applications importantes dans la recherche en physique nucl\u00e9aire et la surveillance des rayonnements nucl\u00e9aires.<\/p>\n<p>Champ de catalyseur chimique : Le dioxyde de germanium est un catalyseur pour la polym\u00e9risation, et le verre au germanium fabriqu\u00e9 avec celui-ci a un indice de r\u00e9fraction et une dispersion plus \u00e9lev\u00e9s que le verre de silicate.<\/p>\n","protected":false},"excerpt":{"rendered":"<p>Le lingot de germanium est une sorte de mat\u00e9riau m\u00e9tallique massif compos\u00e9 d\u2019un \u00e9l\u00e9ment de germanium de haute puret\u00e9.<\/p>\n<p>Industrie des semi-conducteurs : Le germanium m\u00e9tal peut \u00eatre utilis\u00e9 pour fabriquer des dispositifs semi-conducteurs, tels que des transistors, des circuits int\u00e9gr\u00e9s, etc.<\/p>\n<p>Optique infrarouge : Germanium m\u00e9tal 0ften utilis\u00e9 pour fabriquer des fen\u00eatres, des lentilles, des prismes et des filtres pour les cam\u00e9ras thermiques et autres dispositifs optiques infrarouges.<\/p>\n","protected":false},"featured_media":1004117,"comment_status":"open","ping_status":"closed","template":"","meta":{"_acf_changed":false},"product_brand":[],"product_cat":[245],"product_tag":[],"class_list":{"0":"post-1017436","1":"product","2":"type-product","3":"status-publish","4":"has-post-thumbnail","6":"product_cat-profil-fr","8":"first","9":"instock","10":"shipping-taxable","11":"product-type-variable"},"acf":[],"_links":{"self":[{"href":"https:\/\/vimaterial.de\/fr\/wp-json\/wp\/v2\/product\/1017436","targetHints":{"allow":["GET"]}}],"collection":[{"href":"https:\/\/vimaterial.de\/fr\/wp-json\/wp\/v2\/product"}],"about":[{"href":"https:\/\/vimaterial.de\/fr\/wp-json\/wp\/v2\/types\/product"}],"replies":[{"embeddable":true,"href":"https:\/\/vimaterial.de\/fr\/wp-json\/wp\/v2\/comments?post=1017436"}],"wp:featuredmedia":[{"embeddable":true,"href":"https:\/\/vimaterial.de\/fr\/wp-json\/wp\/v2\/media\/1004117"}],"wp:attachment":[{"href":"https:\/\/vimaterial.de\/fr\/wp-json\/wp\/v2\/media?parent=1017436"}],"wp:term":[{"taxonomy":"product_brand","embeddable":true,"href":"https:\/\/vimaterial.de\/fr\/wp-json\/wp\/v2\/product_brand?post=1017436"},{"taxonomy":"product_cat","embeddable":true,"href":"https:\/\/vimaterial.de\/fr\/wp-json\/wp\/v2\/product_cat?post=1017436"},{"taxonomy":"product_tag","embeddable":true,"href":"https:\/\/vimaterial.de\/fr\/wp-json\/wp\/v2\/product_tag?post=1017436"}],"curies":[{"name":"wp","href":"https:\/\/api.w.org\/{rel}","templated":true}]}}