{"id":1017414,"date":"2024-06-17T15:13:03","date_gmt":"2024-06-17T07:13:03","guid":{"rendered":"https:\/\/vimaterial.de\/product\/germanium-metal\/"},"modified":"2024-09-30T15:57:03","modified_gmt":"2024-09-30T07:57:03","slug":"germanium-metal","status":"publish","type":"product","link":"https:\/\/vimaterial.de\/fr\/product\/germanium-metal\/","title":{"rendered":"Germanium m\u00e9tal"},"content":{"rendered":"<p>La cible au germanium est une sorte de cible faite d\u2019\u00e9l\u00e9ment germanium, qui a une application importante dans de nombreux domaines.<\/p>\n<p>Caract\u00e9ristiques de l\u2019\u00e9l\u00e9ment : \u00a0 Le germanium (Ge) est un \u00e9l\u00e9ment chimique de num\u00e9ro atomique 32 appartenant au groupe IVA.Normalement c\u2019est un quasi-m\u00e9tal blanc cass\u00e9, brillant et dur.<br \/>\nPoint de fusion : 938,25 \u00b0C<\/p>\n<p>Point d\u2019\u00e9bullition : 2830 \u00b0C<\/p>\n<p>Duret\u00e9 de Mohs : 6<\/p>\n<p>Caract\u00e9ristiques et avantages :<\/p>\n<p>Haute densit\u00e9 : Il peut fournir un grand nombre d\u2019atomes de germanium dans le processus de d\u00e9p\u00f4t du film, ce qui contribue \u00e0 am\u00e9liorer la qualit\u00e9 et les performances du film.Excellente conductivit\u00e9 thermique : lorsqu\u2019elle est chauff\u00e9e, la chaleur peut \u00eatre transf\u00e9r\u00e9e rapidement et uniform\u00e9ment, ce qui peut am\u00e9liorer l\u2019efficacit\u00e9 du d\u00e9p\u00f4t de film.<br \/>\nPoint de fusion \u00e9lev\u00e9\u00a0: peut r\u00e9sister \u00e0 des temp\u00e9ratures \u00e9lev\u00e9es lors du d\u00e9p\u00f4t du film et maintenir des propri\u00e9t\u00e9s physiques et chimiques stables.<br \/>\nBonne conductivit\u00e9 : le film de germanium d\u00e9pos\u00e9 par le mat\u00e9riau cible au germanium poss\u00e8de d\u2019excellentes propri\u00e9t\u00e9s \u00e9lectriques.<br \/>\nForte capacit\u00e9 antioxydante\u00a0: stable \u00e0 haute temp\u00e9rature et dans un environnement oxyd\u00e9, pas facile \u00e0 oxyder.<\/p>\n<p>Domaine d\u2019application\u00a0:<\/p>\n<p>Industrie des semi-conducteurs\u00a0: Germanium m\u00e9tal pour la pr\u00e9paration de couches minces de germanium et de couches minces composites de germanium, appliqu\u00e9es dans les dispositifs \u00e0 semi-conducteurs, les circuits int\u00e9gr\u00e9s, les dispositifs opto\u00e9lectroniques et d\u2019autres aspects.<\/p>\n<p>Industrie opto\u00e9lectronique\u00a0: Germanium m\u00e9tal cible m\u00e9tallique au germanium principalement utilis\u00e9e dans la pr\u00e9paration de dispositifs photo\u00e9lectroniques infrarouges, car le germanium a de bonnes propri\u00e9t\u00e9s optiques dans la bande infrarouge, il est donc largement utilis\u00e9 dans les d\u00e9tecteurs infrarouges, les syst\u00e8mes d\u2019imagerie infrarouge et d\u2019autres \u00e9quipements.<\/p>\n<p>Cellules solaires\u00a0: cible m\u00e9tallique en germanium utilis\u00e9e pour pr\u00e9parer des cellules solaires multi-jonctions \u00e0 haut rendement, les couches minces de germanium peuvent \u00eatre utilis\u00e9es comme couche inf\u00e9rieure de cellules solaires multi-jonctions, absorbant la partie \u00e0 ondes longues du spectre solaire et am\u00e9liorant l\u2019efficacit\u00e9 de conversion photo\u00e9lectrique des cellules solaires.<\/p>\n<p>Communication par fibre optique\u00a0: Germanium m\u00e9tal cible en germanium m\u00e9tal utilis\u00e9e pour pr\u00e9parer des amplificateurs optiques, les amplificateurs optiques dop\u00e9s au germanium peuvent amplifier efficacement les signaux optiques, am\u00e9liorer la distance de transmission et le taux de communication par fibre optique.<\/p>\n","protected":false},"excerpt":{"rendered":"<p>La cible m\u00e9tallique au germanium est une sorte de cible en \u00e9l\u00e9ment germanium, qui a une application importante dans de nombreux domaines.<\/p>\n<p>Industrie des semi-conducteurs : Germanium m\u00e9tal pour la pr\u00e9paration de couches minces de germanium et de couches minces composites de germanium, appliqu\u00e9es dans les dispositifs \u00e0 semi-conducteurs, les circuits int\u00e9gr\u00e9s, les dispositifs opto\u00e9lectroniques et d\u2019autres aspects.<\/p>\n<p>Industrie opto\u00e9lectronique\u00a0: Germanium m\u00e9tal principalement utilis\u00e9 dans la pr\u00e9paration de dispositifs photo\u00e9lectroniques infrarouges, car le germanium a de bonnes propri\u00e9t\u00e9s optiques dans la bande infrarouge, il est donc largement utilis\u00e9 dans les d\u00e9tecteurs infrarouges, les syst\u00e8mes d\u2019imagerie infrarouge et d\u2019autres \u00e9quipements.<\/p>\n","protected":false},"featured_media":1004135,"comment_status":"open","ping_status":"closed","template":"","meta":{"_acf_changed":false},"product_brand":[],"product_cat":[235],"product_tag":[],"class_list":{"0":"post-1017414","1":"product","2":"type-product","3":"status-publish","4":"has-post-thumbnail","6":"product_cat-cibles-de-pulverisation-planaire","8":"first","9":"instock","10":"shipping-taxable","11":"product-type-variable"},"acf":[],"_links":{"self":[{"href":"https:\/\/vimaterial.de\/fr\/wp-json\/wp\/v2\/product\/1017414","targetHints":{"allow":["GET"]}}],"collection":[{"href":"https:\/\/vimaterial.de\/fr\/wp-json\/wp\/v2\/product"}],"about":[{"href":"https:\/\/vimaterial.de\/fr\/wp-json\/wp\/v2\/types\/product"}],"replies":[{"embeddable":true,"href":"https:\/\/vimaterial.de\/fr\/wp-json\/wp\/v2\/comments?post=1017414"}],"wp:featuredmedia":[{"embeddable":true,"href":"https:\/\/vimaterial.de\/fr\/wp-json\/wp\/v2\/media\/1004135"}],"wp:attachment":[{"href":"https:\/\/vimaterial.de\/fr\/wp-json\/wp\/v2\/media?parent=1017414"}],"wp:term":[{"taxonomy":"product_brand","embeddable":true,"href":"https:\/\/vimaterial.de\/fr\/wp-json\/wp\/v2\/product_brand?post=1017414"},{"taxonomy":"product_cat","embeddable":true,"href":"https:\/\/vimaterial.de\/fr\/wp-json\/wp\/v2\/product_cat?post=1017414"},{"taxonomy":"product_tag","embeddable":true,"href":"https:\/\/vimaterial.de\/fr\/wp-json\/wp\/v2\/product_tag?post=1017414"}],"curies":[{"name":"wp","href":"https:\/\/api.w.org\/{rel}","templated":true}]}}