{"id":1017292,"date":"2024-06-17T15:14:10","date_gmt":"2024-06-17T07:14:10","guid":{"rendered":"https:\/\/vimaterial.de\/product\/sulfure-de-germanium-3\/"},"modified":"2024-10-11T13:41:02","modified_gmt":"2024-10-11T05:41:02","slug":"sulfure-de-germanium-3","status":"publish","type":"product","link":"https:\/\/vimaterial.de\/fr\/product\/sulfure-de-germanium-3\/","title":{"rendered":"Sulfure de germanium"},"content":{"rendered":"<p>La poudre GeS est une poudre de sulfure de germanium.<\/p>\n<p>&nbsp;<\/p>\n<p>Informations de base :<\/p>\n<p>&nbsp;<\/p>\n<p>Formule chimique\u00a0: GeS<\/p>\n<p>Poids mol\u00e9culaire\u00a0: 105.67<\/p>\n<p>Apparence\u00a0: G\u00e9n\u00e9ralement poudre noire ou gris fonc\u00e9.<\/p>\n<p>Structure cristalline : Il a une structure en couches, similaire \u00e0 la structure de plissement atomique du phosphore noir.<\/p>\n<p>Bande interdite : est un mat\u00e9riau semi-conducteur avec une bande interdite dans la r\u00e9gion de la lumi\u00e8re visible (environ 1,65-1,8 eV).<\/p>\n<p>&nbsp;<\/p>\n<p>Point de fusion et point d\u2019\u00e9bullition : Le point de fusion est relativement \u00e9lev\u00e9 et la valeur sp\u00e9cifique peut varier en raison de facteurs tels que la m\u00e9thode de pr\u00e9paration et la puret\u00e9 ; Les donn\u00e9es sur les points d\u2019\u00e9bullition sont relativement rares.<\/p>\n<p>&nbsp;<\/p>\n<p>Propri\u00e9t\u00e9s chimiques :<\/p>\n<p>&nbsp;<\/p>\n<p>Stabilit\u00e9 : Relativement stable \u00e0 temp\u00e9rature ambiante, mais des r\u00e9actions chimiques peuvent se produire \u00e0 haute temp\u00e9rature, dans l\u2019air humide ou dans des environnements chimiques sp\u00e9cifiques. Par exemple, lorsqu\u2019il est chauff\u00e9 \u00e0 l\u2019air, il peut \u00eatre oxyd\u00e9 pour produire des substances telles que les oxydes de germanium et le dioxyde de soufre.<\/p>\n<p>&nbsp;<\/p>\n<p>R\u00e9activit\u00e9 : peut r\u00e9agir avec des oxydants forts, des agents r\u00e9ducteurs ou des produits chimiques sp\u00e9cifiques, la r\u00e9action sp\u00e9cifique d\u00e9pend des conditions de r\u00e9action et de la nature des r\u00e9actifs.<\/p>\n<p>&nbsp;<\/p>\n<p>M\u00e9thode de pr\u00e9paration :<\/p>\n<p>&nbsp;<\/p>\n<p>M\u00e9thode de synth\u00e8se directe\u00a0: La poudre GeS peut \u00eatre pr\u00e9par\u00e9e en m\u00e9langeant de la poudre de germanium et de la poudre de soufre dans une certaine proportion et en r\u00e9agissant \u00e0 haute temp\u00e9rature et haute pression. Au cours du processus de r\u00e9action, des param\u00e8tres tels que la temp\u00e9rature, la pression et le temps de r\u00e9action doivent \u00eatre strictement contr\u00f4l\u00e9s pour garantir la puret\u00e9 et la qualit\u00e9 du produit.<\/p>\n<p>&nbsp;<\/p>\n<p>M\u00e9thode de d\u00e9p\u00f4t chimique en phase vapeur : en utilisant des compos\u00e9s de germanium et des compos\u00e9s soufr\u00e9s comme pr\u00e9curseurs, des films ou des poudres GeS sont cultiv\u00e9s sur le substrat par d\u00e9p\u00f4t chimique en phase vapeur dans certaines conditions de temp\u00e9rature et d\u2019atmosph\u00e8re.<\/p>\n<p>&nbsp;<\/p>\n<p>Domaine d\u2019application :<\/p>\n<p>&nbsp;<\/p>\n<p>Champ des semi-conducteurs : En raison de ses propri\u00e9t\u00e9s semi-conductrices, la poudre de sulfure de germanium peut \u00eatre utilis\u00e9e pour pr\u00e9parer divers dispositifs semi-conducteurs, tels que des photod\u00e9tecteurs, des cellules solaires, etc.<\/p>\n<p>&nbsp;<\/p>\n<p>Recherche en science des mat\u00e9riaux : En tant que nouveau type de mat\u00e9riau stratifi\u00e9, la poudre de sulfure de germanium fait l\u2019objet d\u2019une attention particuli\u00e8re dans la recherche en science des mat\u00e9riaux, les chercheurs s\u2019effor\u00e7ant d\u2019explorer ses propri\u00e9t\u00e9s physiques et chimiques uniques, ainsi que ses applications potentielles.<\/p>\n<p>&nbsp;<\/p>\n<p>Domaine du stockage d\u2019\u00e9nergie : Dans les batteries lithium-ion, les batteries sodium-ion et autres dispositifs de stockage d\u2019\u00e9nergie, le GeS en tant que mat\u00e9riau d\u2019\u00e9lectrode a un certain potentiel d\u2019application, et sa structure en couches peut fournir un espace pour l\u2019insertion et l\u2019\u00e9limination des ions, afin de r\u00e9aliser le stockage et la lib\u00e9ration de charge.<\/p>\n","protected":false},"excerpt":{"rendered":"<p>La poudre GeS est une poudre de sulfure de germanium.<\/p>\n<p>Champ des semi-conducteurs : En raison de ses propri\u00e9t\u00e9s semi-conductrices, la poudre de sulfure de germanium peut \u00eatre utilis\u00e9e pour pr\u00e9parer divers dispositifs semi-conducteurs, tels que des photod\u00e9tecteurs, des cellules solaires, etc.<\/p>\n<p>Recherche en science des mat\u00e9riaux : En tant que nouveau type de mat\u00e9riau stratifi\u00e9, le GeS fait l\u2019objet d\u2019une attention particuli\u00e8re dans la recherche en science des mat\u00e9riaux, les chercheurs s\u2019effor\u00e7ant d\u2019explorer ses propri\u00e9t\u00e9s physiques et chimiques uniques, ainsi que ses applications potentielles.<\/p>\n<p>&nbsp;<\/p>\n","protected":false},"featured_media":1004207,"comment_status":"open","ping_status":"closed","template":"","meta":{"_acf_changed":false},"product_brand":[],"product_cat":[238],"product_tag":[],"class_list":{"0":"post-1017292","1":"product","2":"type-product","3":"status-publish","4":"has-post-thumbnail","6":"product_cat-materiaux-de-chalcogenure","8":"first","9":"instock","10":"shipping-taxable","11":"purchasable","12":"product-type-variable"},"acf":[],"_links":{"self":[{"href":"https:\/\/vimaterial.de\/fr\/wp-json\/wp\/v2\/product\/1017292","targetHints":{"allow":["GET"]}}],"collection":[{"href":"https:\/\/vimaterial.de\/fr\/wp-json\/wp\/v2\/product"}],"about":[{"href":"https:\/\/vimaterial.de\/fr\/wp-json\/wp\/v2\/types\/product"}],"replies":[{"embeddable":true,"href":"https:\/\/vimaterial.de\/fr\/wp-json\/wp\/v2\/comments?post=1017292"}],"wp:featuredmedia":[{"embeddable":true,"href":"https:\/\/vimaterial.de\/fr\/wp-json\/wp\/v2\/media\/1004207"}],"wp:attachment":[{"href":"https:\/\/vimaterial.de\/fr\/wp-json\/wp\/v2\/media?parent=1017292"}],"wp:term":[{"taxonomy":"product_brand","embeddable":true,"href":"https:\/\/vimaterial.de\/fr\/wp-json\/wp\/v2\/product_brand?post=1017292"},{"taxonomy":"product_cat","embeddable":true,"href":"https:\/\/vimaterial.de\/fr\/wp-json\/wp\/v2\/product_cat?post=1017292"},{"taxonomy":"product_tag","embeddable":true,"href":"https:\/\/vimaterial.de\/fr\/wp-json\/wp\/v2\/product_tag?post=1017292"}],"curies":[{"name":"wp","href":"https:\/\/api.w.org\/{rel}","templated":true}]}}