{"id":1017289,"date":"2024-06-17T15:14:06","date_gmt":"2024-06-17T07:14:06","guid":{"rendered":"https:\/\/vimaterial.de\/product\/sulfure-de-germanium-2\/"},"modified":"2024-10-11T13:22:51","modified_gmt":"2024-10-11T05:22:51","slug":"sulfure-de-germanium-2","status":"publish","type":"product","link":"https:\/\/vimaterial.de\/fr\/product\/sulfure-de-germanium-2\/","title":{"rendered":"Sulfure de germanium"},"content":{"rendered":"<p>Les particules de sulfure de germanium sont des particules compos\u00e9es d\u2019\u00e9l\u00e9ments germanif\u00e8res et soufr\u00e9s.<\/p>\n<p>&nbsp;<\/p>\n<p>Propri\u00e9t\u00e9s physiques\u00a0:<\/p>\n<p>&nbsp;<\/p>\n<p>Apparence\u00a0: Cristal g\u00e9n\u00e9ralement brun rouge\u00e2tre. Densit\u00e9 : Relativement grande, environ 3,78 g\/cm\u00b3 (25 \u00b0 C). Point de fusion : \u00e9lev\u00e9, entre 625\u00b0C et 665\u00b0C.<\/p>\n<p>&nbsp;<\/p>\n<p>Propri\u00e9t\u00e9s chimiques :<\/p>\n<p>&nbsp;<\/p>\n<p>Stabilit\u00e9\u00a0: Relativement stable \u00e0 temp\u00e9rature ambiante, mais facile \u00e0 changer \u00e0 des temp\u00e9ratures \u00e9lev\u00e9es, telles que la sublimation et l\u2019oxydation. Il est insoluble dans l\u2019eau et les acides inorganiques (y compris les acides forts), mais il est facilement soluble dans les bases chaudes et peut \u00e9galement se dissoudre dans l\u2019ammoniac ou le sulfure de diamine pour former de l\u2019imide de germanium.<\/p>\n<p>&nbsp;<\/p>\n<p>Structure cristalline : Le sulfure de germanium a une vari\u00e9t\u00e9 de structures cristallines, qui peuvent \u00eatre des cristaux monocliniques, des cristaux orthogonaux, etc. Cette structure cristalline d\u00e9termine ses propri\u00e9t\u00e9s \u00e9lectriques et optiques.<\/p>\n<p>&nbsp;<\/p>\n<p>M\u00e9thode de pr\u00e9paration\u00a0: Principalement par la r\u00e9action de la poudre de germanium et de la vapeur de soufre ou du m\u00e9lange de sulfure d\u2019hydrog\u00e8ne et de soufre. Les conditions de r\u00e9action telles que la temp\u00e9rature et le rapport gazeux ont des effets importants sur la qualit\u00e9 et les propri\u00e9t\u00e9s des particules de sulfure de germanium.<\/p>\n<p>&nbsp;<\/p>\n<p>Domaine d\u2019application :<\/p>\n<p>&nbsp;<\/p>\n<p>Champ des semi-conducteurs : En tant que mat\u00e9riau semi-conducteur, il peut \u00eatre utilis\u00e9 pour fabriquer des dispositifs semi-conducteurs et pr\u00e9sente un certain potentiel d\u2019application dans les capteurs photo\u00e9lectriques, les d\u00e9tecteurs infrarouges, etc.<\/p>\n<p>&nbsp;<\/p>\n<p>Champ de batterie : En raison de ses performances \u00e9lectrochimiques certaines, il peut jouer un r\u00f4le dans l\u2019expansion de la capacit\u00e9 et l\u2019augmentation du stockage dans les dispositifs de stockage d\u2019\u00e9nergie tels que les batteries lithium-ion et les supercondensateurs.<\/p>\n<p>&nbsp;<\/p>\n<p>Champ catalytique : peut \u00eatre utilis\u00e9 comme catalyseur dans certaines r\u00e9actions chimiques, telles que le craquage catalytique, l\u2019hydrocraquage et d\u2019autres r\u00e9actions, et a une bonne performance anti-empoisonnement.<\/p>\n","protected":false},"excerpt":{"rendered":"<p>Les particules de sulfure de germanium sont des particules compos\u00e9es d\u2019\u00e9l\u00e9ments germanif\u00e8res et soufr\u00e9s.<\/p>\n<p>Champ des semi-conducteurs : En tant que mat\u00e9riau semi-conducteur, il peut \u00eatre utilis\u00e9 pour fabriquer des dispositifs semi-conducteurs et pr\u00e9sente un certain potentiel d\u2019application dans les capteurs photo\u00e9lectriques, les d\u00e9tecteurs infrarouges, etc.<\/p>\n<p>Champ de batterie : En raison de ses performances \u00e9lectrochimiques certaines, il peut jouer un r\u00f4le dans l\u2019expansion de la capacit\u00e9 et l\u2019augmentation du stockage dans les dispositifs de stockage d\u2019\u00e9nergie tels que les batteries lithium-ion et les supercondensateurs.<\/p>\n","protected":false},"featured_media":1004207,"comment_status":"open","ping_status":"closed","template":"","meta":{"_acf_changed":false},"product_brand":[],"product_cat":[236],"product_tag":[],"class_list":{"0":"post-1017289","1":"product","2":"type-product","3":"status-publish","4":"has-post-thumbnail","6":"product_cat-materiaux-devaporation","8":"first","9":"instock","10":"shipping-taxable","11":"product-type-variable"},"acf":[],"_links":{"self":[{"href":"https:\/\/vimaterial.de\/fr\/wp-json\/wp\/v2\/product\/1017289","targetHints":{"allow":["GET"]}}],"collection":[{"href":"https:\/\/vimaterial.de\/fr\/wp-json\/wp\/v2\/product"}],"about":[{"href":"https:\/\/vimaterial.de\/fr\/wp-json\/wp\/v2\/types\/product"}],"replies":[{"embeddable":true,"href":"https:\/\/vimaterial.de\/fr\/wp-json\/wp\/v2\/comments?post=1017289"}],"wp:featuredmedia":[{"embeddable":true,"href":"https:\/\/vimaterial.de\/fr\/wp-json\/wp\/v2\/media\/1004207"}],"wp:attachment":[{"href":"https:\/\/vimaterial.de\/fr\/wp-json\/wp\/v2\/media?parent=1017289"}],"wp:term":[{"taxonomy":"product_brand","embeddable":true,"href":"https:\/\/vimaterial.de\/fr\/wp-json\/wp\/v2\/product_brand?post=1017289"},{"taxonomy":"product_cat","embeddable":true,"href":"https:\/\/vimaterial.de\/fr\/wp-json\/wp\/v2\/product_cat?post=1017289"},{"taxonomy":"product_tag","embeddable":true,"href":"https:\/\/vimaterial.de\/fr\/wp-json\/wp\/v2\/product_tag?post=1017289"}],"curies":[{"name":"wp","href":"https:\/\/api.w.org\/{rel}","templated":true}]}}