{"id":1017271,"date":"2024-06-17T15:14:10","date_gmt":"2024-06-17T07:14:10","guid":{"rendered":"https:\/\/vimaterial.de\/product\/sulfure-de-germanium\/"},"modified":"2024-10-11T14:05:03","modified_gmt":"2024-10-11T06:05:03","slug":"sulfure-de-germanium","status":"publish","type":"product","link":"https:\/\/vimaterial.de\/fr\/product\/sulfure-de-germanium\/","title":{"rendered":"Sulfure de germanium"},"content":{"rendered":"<p>La cible GeS est un mat\u00e9riau important utilis\u00e9 dans le d\u00e9p\u00f4t de couches minces et d\u2019autres processus.<\/p>\n<p>&nbsp;<\/p>\n<p>Informations de base :<\/p>\n<p>&nbsp;<\/p>\n<p>Composition chimique : Principalement compos\u00e9 de germanium (Ge) et de soufre (S) deux \u00e9l\u00e9ments.<\/p>\n<p>&nbsp;<\/p>\n<p>Caract\u00e9ristiques d\u2019apparence\u00a0: G\u00e9n\u00e9ralement des flocons ronds ou carr\u00e9s solides, la couleur peut varier en fonction de la puret\u00e9 et de la composition sp\u00e9cifique, par exemple, peut appara\u00eetre gris, noir, etc.<\/p>\n<p>&nbsp;<\/p>\n<p>Point de fusion : Avoir un point de fusion \u00e9lev\u00e9<\/p>\n<p>&nbsp;<\/p>\n<p>Structure cristalline : Poss\u00e8de une structure cristalline sp\u00e9cifique, qui d\u00e9termine ses propri\u00e9t\u00e9s physiques et chimiques, et a un impact important sur la croissance et les performances du film lors de la pulv\u00e9risation.<\/p>\n<p>&nbsp;<\/p>\n<p>Stabilit\u00e9 : Relativement stable \u00e0 temp\u00e9rature ambiante, mais des r\u00e9actions chimiques peuvent se produire \u00e0 haute temp\u00e9rature, dans l\u2019air humide ou dans des environnements chimiques sp\u00e9cifiques. Par exemple, il peut \u00eatre oxyd\u00e9 lorsqu\u2019il est chauff\u00e9 \u00e0 l\u2019air.<\/p>\n<p>&nbsp;<\/p>\n<p>R\u00e9activit\u00e9\u00a0: Il peut r\u00e9agir avec des oxydants puissants, des agents r\u00e9ducteurs ou des substances chimiques sp\u00e9cifiques, mais ses propri\u00e9t\u00e9s chimiques sont relativement stables et il n\u2019est pas facile de r\u00e9agir violemment avec des substances chimiques courantes.<\/p>\n<p>&nbsp;<\/p>\n<p>M\u00e9thode de pr\u00e9paration :<\/p>\n<p>&nbsp;<\/p>\n<p>M\u00e9thode de m\u00e9tallurgie des poudres\u00a0: la poudre de germanium de haute puret\u00e9 et la poudre de soufre conform\u00e9ment \u00e0 une certaine proportion de m\u00e9lange, de broyage, de pressage et d\u2019autres processus pour fabriquer des billettes, puis frittage dans des conditions de haute temp\u00e9rature et de haute pression pour obtenir une cible de germanium sulfur\u00e9. Cette m\u00e9thode permet de pr\u00e9parer le mat\u00e9riau cible avec une composition uniforme et une densit\u00e9 \u00e9lev\u00e9e.<\/p>\n<p>&nbsp;<\/p>\n<p>M\u00e9thode de d\u00e9p\u00f4t chimique en phase vapeur : utilisation de compos\u00e9s de germanium et de compos\u00e9s soufr\u00e9s comme pr\u00e9curseurs, dans certaines conditions de temp\u00e9rature et d\u2019atmosph\u00e8re, par la m\u00e9thode de d\u00e9p\u00f4t chimique en phase vapeur pour se d\u00e9velopper sur le substrat d\u2019un film de sulfure de germanium, puis le film est d\u00e9coll\u00e9 du substrat pour fabriquer un mat\u00e9riau cible de sulfure de germanium.<\/p>\n<p>&nbsp;<\/p>\n<p>Domaine d\u2019application :<\/p>\n<p>&nbsp;<\/p>\n<p>Industrie des semi-conducteurs\u00a0: Dans la fabrication de dispositifs \u00e0 semi-conducteurs, les cibles GeS peuvent \u00eatre utilis\u00e9es pour pr\u00e9parer des films minces, ces films peuvent \u00eatre utilis\u00e9s comme couche fonctionnelle de dispositifs \u00e0 semi-conducteurs, tels que des cellules solaires, des photod\u00e9tecteurs et d\u2019autres dispositifs, les films GeS peuvent jouer un r\u00f4le dans l\u2019absorption de la lumi\u00e8re, la conversion de l\u2019\u00e9nergie, etc.<\/p>\n<p>&nbsp;<\/p>\n<p>Champ optique : Parce que le sulfure de germanium a certaines propri\u00e9t\u00e9s optiques, il peut \u00eatre utilis\u00e9 pour pr\u00e9parer des films optiques, comme dans les dispositifs optiques infrarouges, les films de sulfure de germanium peuvent \u00eatre utilis\u00e9s comme films antireflets, films r\u00e9fl\u00e9chissants, etc., pour am\u00e9liorer les performances des dispositifs optiques.<\/p>\n<p>&nbsp;<\/p>\n<p>Recherche en science des mat\u00e9riaux : En tant que nouveau type de mat\u00e9riau, la cible de sulfure de germanium fait \u00e9galement l\u2019objet d\u2019une attention particuli\u00e8re dans la recherche en science des mat\u00e9riaux, et les chercheurs l\u2019utilisent pour explorer les propri\u00e9t\u00e9s physiques et chimiques de nouveaux mat\u00e9riaux, ainsi que pour d\u00e9velopper de nouveaux domaines d\u2019application.<\/p>\n","protected":false},"excerpt":{"rendered":"<p>La cible GeS est un mat\u00e9riau important utilis\u00e9 dans le d\u00e9p\u00f4t de couches minces et d\u2019autres processus.<\/p>\n<p>Industrie des semi-conducteurs\u00a0: Dans la fabrication de dispositifs \u00e0 semi-conducteurs, les cibles GeS peuvent \u00eatre utilis\u00e9es pour pr\u00e9parer des films minces, ces films peuvent \u00eatre utilis\u00e9s comme couche fonctionnelle de dispositifs \u00e0 semi-conducteurs, tels que des cellules solaires, des photod\u00e9tecteurs et d\u2019autres dispositifs, les films de sulfure de germanium peuvent jouer un r\u00f4le dans l\u2019absorption de la lumi\u00e8re, la conversion de l\u2019\u00e9nergie, etc.<\/p>\n<p>Champ optique : Parce que le GeS poss\u00e8de certaines propri\u00e9t\u00e9s optiques, il peut \u00eatre utilis\u00e9 pour pr\u00e9parer des films optiques, comme dans les dispositifs optiques infrarouges, les films de sulfure de germanium peuvent \u00eatre utilis\u00e9s comme films antireflets, films r\u00e9fl\u00e9chissants, etc., pour am\u00e9liorer les performances des dispositifs optiques.<\/p>\n<p>&nbsp;<\/p>\n","protected":false},"featured_media":1004207,"comment_status":"open","ping_status":"closed","template":"","meta":{"_acf_changed":false},"product_brand":[],"product_cat":[235],"product_tag":[],"class_list":{"0":"post-1017271","1":"product","2":"type-product","3":"status-publish","4":"has-post-thumbnail","6":"product_cat-cibles-de-pulverisation-planaire","8":"first","9":"instock","10":"shipping-taxable","11":"purchasable","12":"product-type-variable"},"acf":[],"_links":{"self":[{"href":"https:\/\/vimaterial.de\/fr\/wp-json\/wp\/v2\/product\/1017271","targetHints":{"allow":["GET"]}}],"collection":[{"href":"https:\/\/vimaterial.de\/fr\/wp-json\/wp\/v2\/product"}],"about":[{"href":"https:\/\/vimaterial.de\/fr\/wp-json\/wp\/v2\/types\/product"}],"replies":[{"embeddable":true,"href":"https:\/\/vimaterial.de\/fr\/wp-json\/wp\/v2\/comments?post=1017271"}],"wp:featuredmedia":[{"embeddable":true,"href":"https:\/\/vimaterial.de\/fr\/wp-json\/wp\/v2\/media\/1004207"}],"wp:attachment":[{"href":"https:\/\/vimaterial.de\/fr\/wp-json\/wp\/v2\/media?parent=1017271"}],"wp:term":[{"taxonomy":"product_brand","embeddable":true,"href":"https:\/\/vimaterial.de\/fr\/wp-json\/wp\/v2\/product_brand?post=1017271"},{"taxonomy":"product_cat","embeddable":true,"href":"https:\/\/vimaterial.de\/fr\/wp-json\/wp\/v2\/product_cat?post=1017271"},{"taxonomy":"product_tag","embeddable":true,"href":"https:\/\/vimaterial.de\/fr\/wp-json\/wp\/v2\/product_tag?post=1017271"}],"curies":[{"name":"wp","href":"https:\/\/api.w.org\/{rel}","templated":true}]}}