{"id":1017254,"date":"2024-06-17T15:10:41","date_gmt":"2024-06-17T07:10:41","guid":{"rendered":"https:\/\/vimaterial.de\/product\/iodure-de-gallium\/"},"modified":"2024-07-12T11:59:53","modified_gmt":"2024-07-12T03:59:53","slug":"iodure-de-gallium","status":"publish","type":"product","link":"https:\/\/vimaterial.de\/fr\/product\/iodure-de-gallium\/","title":{"rendered":"Iodure de gallium"},"content":{"rendered":"<p>Caract\u00e9ristiqueL\u2019iodure de gallium(III) est le compos\u00e9 chimique de formule GaI3. C\u2019est l\u2019iodure le plus courant du gallium. Dans la m\u00e9thode de transport chimique de vapeur de croissance des cristaux de gallium, l\u2019ars\u00e9niure utilise l\u2019iode comme agent de transport. Formule chimique&nbsp;:GaI3Masse molaire&nbsp;:450.436 g\/molApparence&nbsp;:poudre jaune clairDensit\u00e9&nbsp;:4.15 g\/cm3Point de fusion&nbsp;:212 \u00b0C (414 \u00b0F&nbsp;; 485 K)Point d\u2019\u00e9bullition&nbsp;:345 \u00b0C (653 \u00b0F&nbsp;; 618 K)Solubilit\u00e9 dans l\u2019eau&nbsp;:se d\u00e9composeSusceptibilit\u00e9 magn\u00e9tique (\u03c7)&nbsp;:\u2212149,0\u00b710\u22126cm3\/mol<\/p>\n","protected":false},"excerpt":{"rendered":"<p>Caract\u00e9ristiqueL\u2019iodure de gallium(III) est le compos\u00e9 chimique de formule GaI3. C\u2019est l\u2019iodure le plus courant du gallium. Dans la m\u00e9thode de transport chimique de vapeur de croissance des cristaux de gallium, l\u2019ars\u00e9niure utilise l\u2019iode comme agent de transport. Formule chimique&nbsp;:GaI3Masse molaire&nbsp;:450.436 g\/molApparence&nbsp;:poudre jaune clairDensit\u00e9&nbsp;:4.15 g\/cm3Point de fusion&nbsp;:212 \u00b0C (414 \u00b0F&nbsp;; 485 K)Point d\u2019\u00e9bullition&nbsp;:345 \u00b0C (653 [&hellip;]<\/p>\n","protected":false},"featured_media":1004026,"comment_status":"open","ping_status":"closed","template":"","meta":{"_acf_changed":false},"product_brand":[],"product_cat":[239],"product_tag":[],"class_list":{"0":"post-1017254","1":"product","2":"type-product","3":"status-publish","4":"has-post-thumbnail","6":"product_cat-materiaux-halogenes","8":"first","9":"instock","10":"shipping-taxable","11":"purchasable","12":"product-type-variable"},"acf":[],"_links":{"self":[{"href":"https:\/\/vimaterial.de\/fr\/wp-json\/wp\/v2\/product\/1017254","targetHints":{"allow":["GET"]}}],"collection":[{"href":"https:\/\/vimaterial.de\/fr\/wp-json\/wp\/v2\/product"}],"about":[{"href":"https:\/\/vimaterial.de\/fr\/wp-json\/wp\/v2\/types\/product"}],"replies":[{"embeddable":true,"href":"https:\/\/vimaterial.de\/fr\/wp-json\/wp\/v2\/comments?post=1017254"}],"wp:featuredmedia":[{"embeddable":true,"href":"https:\/\/vimaterial.de\/fr\/wp-json\/wp\/v2\/media\/1004026"}],"wp:attachment":[{"href":"https:\/\/vimaterial.de\/fr\/wp-json\/wp\/v2\/media?parent=1017254"}],"wp:term":[{"taxonomy":"product_brand","embeddable":true,"href":"https:\/\/vimaterial.de\/fr\/wp-json\/wp\/v2\/product_brand?post=1017254"},{"taxonomy":"product_cat","embeddable":true,"href":"https:\/\/vimaterial.de\/fr\/wp-json\/wp\/v2\/product_cat?post=1017254"},{"taxonomy":"product_tag","embeddable":true,"href":"https:\/\/vimaterial.de\/fr\/wp-json\/wp\/v2\/product_tag?post=1017254"}],"curies":[{"name":"wp","href":"https:\/\/api.w.org\/{rel}","templated":true}]}}