{"id":1017243,"date":"2024-06-17T15:11:28","date_gmt":"2024-06-17T07:11:28","guid":{"rendered":"https:\/\/vimaterial.de\/product\/nitrure-de-gallium-2\/"},"modified":"2024-07-12T11:49:44","modified_gmt":"2024-07-12T03:49:44","slug":"nitrure-de-gallium-2","status":"publish","type":"product","link":"https:\/\/vimaterial.de\/fr\/product\/nitrure-de-gallium-2\/","title":{"rendered":"Nitrure de gallium"},"content":{"rendered":"<p>Le nitrure de gallium (GaN) est un semi-conducteur binaire \u00e0 bande interdite directe III\/V couramment utilis\u00e9 dans les diodes \u00e9lectroluminescentes depuis les ann\u00e9es 1990. Le compos\u00e9 est un mat\u00e9riau tr\u00e8s dur qui a une structure cristalline de Wurtzite. Sa large bande interdite de 3,4 eV lui conf\u00e8re des propri\u00e9t\u00e9s sp\u00e9ciales[clarification needed] pour des applications dans les dispositifs opto\u00e9lectroniques[8],[9], \u00e0 haute puissance et \u00e0 haute fr\u00e9quence. Formule chimique&nbsp;:GaNMmasse mol\u00e9culaire&nbsp;:83.730 g\/molApparence&nbsp;:poudre jauneDensit\u00e9&nbsp;:6.1 g\/cm3Point de fusion&nbsp;:1600 \u00b0CSolubilit\u00e9 dans l\u2019eau&nbsp;:Insoluble\u00c9cart de bande&nbsp;:3,4 eV (300 K, direct)Mobilit\u00e9 \u00e9lectronique&nbsp;:1500 cm2\/(V\u00b7s) (300 K)Conductivit\u00e9 thermique&nbsp;:1,3 W\/(cm\u00b7K) (300 K)Indice de r\u00e9fraction (nD)&nbsp;:2.429Structure cristalline&nbsp;:WurtziteApplicationSa sensibilit\u00e9 aux rayonnements ionisants est faible (comme les autres nitrures du groupe III), ce qui en fait un mat\u00e9riau appropri\u00e9 pour les r\u00e9seaux de cellules solaires pour satellites. Les applications militaires et spatiales pourraient \u00e9galement en b\u00e9n\u00e9ficier, car les dispositifs ont montr\u00e9 une stabilit\u00e9 dans des environnements radioactifs. \u00c9tant donn\u00e9 que les transistors GaN peuvent fonctionner \u00e0 des temp\u00e9ratures et \u00e0 des tensions beaucoup plus \u00e9lev\u00e9es que les transistors \u00e0 l\u2019ars\u00e9niure de gallium (GaAs), ils constituent des amplificateurs de puissance id\u00e9aux aux fr\u00e9quences micro-ondes. De plus, le GaN offre des caract\u00e9ristiques prometteuses pour les appareils THz.<\/p>\n","protected":false},"excerpt":{"rendered":"<p>Le nitrure de gallium (GaN) est un semi-conducteur binaire \u00e0 bande interdite directe III\/V couramment utilis\u00e9 dans les diodes \u00e9lectroluminescentes depuis les ann\u00e9es 1990. Le compos\u00e9 est un mat\u00e9riau tr\u00e8s dur qui a une structure cristalline de Wurtzite. Sa large bande interdite de 3,4 eV lui conf\u00e8re des propri\u00e9t\u00e9s sp\u00e9ciales[clarification needed] pour des applications dans [&hellip;]<\/p>\n","protected":false},"featured_media":1004049,"comment_status":"open","ping_status":"closed","template":"","meta":{"_acf_changed":false},"product_brand":[],"product_cat":[235],"product_tag":[],"class_list":{"0":"post-1017243","1":"product","2":"type-product","3":"status-publish","4":"has-post-thumbnail","6":"product_cat-cibles-de-pulverisation-planaire","8":"first","9":"instock","10":"shipping-taxable","11":"purchasable","12":"product-type-variable"},"acf":[],"_links":{"self":[{"href":"https:\/\/vimaterial.de\/fr\/wp-json\/wp\/v2\/product\/1017243","targetHints":{"allow":["GET"]}}],"collection":[{"href":"https:\/\/vimaterial.de\/fr\/wp-json\/wp\/v2\/product"}],"about":[{"href":"https:\/\/vimaterial.de\/fr\/wp-json\/wp\/v2\/types\/product"}],"replies":[{"embeddable":true,"href":"https:\/\/vimaterial.de\/fr\/wp-json\/wp\/v2\/comments?post=1017243"}],"wp:featuredmedia":[{"embeddable":true,"href":"https:\/\/vimaterial.de\/fr\/wp-json\/wp\/v2\/media\/1004049"}],"wp:attachment":[{"href":"https:\/\/vimaterial.de\/fr\/wp-json\/wp\/v2\/media?parent=1017243"}],"wp:term":[{"taxonomy":"product_brand","embeddable":true,"href":"https:\/\/vimaterial.de\/fr\/wp-json\/wp\/v2\/product_brand?post=1017243"},{"taxonomy":"product_cat","embeddable":true,"href":"https:\/\/vimaterial.de\/fr\/wp-json\/wp\/v2\/product_cat?post=1017243"},{"taxonomy":"product_tag","embeddable":true,"href":"https:\/\/vimaterial.de\/fr\/wp-json\/wp\/v2\/product_tag?post=1017243"}],"curies":[{"name":"wp","href":"https:\/\/api.w.org\/{rel}","templated":true}]}}