{"id":1017207,"date":"2024-06-17T15:11:28","date_gmt":"2024-06-17T07:11:28","guid":{"rendered":"https:\/\/vimaterial.de\/product\/phosphure-de-gallium-3\/"},"modified":"2025-01-06T17:09:07","modified_gmt":"2025-01-06T09:09:07","slug":"phosphure-de-gallium-3","status":"publish","type":"product","link":"https:\/\/vimaterial.de\/fr\/product\/phosphure-de-gallium-3\/","title":{"rendered":"Phosphure de gallium"},"content":{"rendered":"<p>Les particules de phosphure de gallium sont des particules semi-conductrices orange rouge\u00e2tre, insolubles dans l\u2019eau, \u00e0 point de fusion \u00e9lev\u00e9 et \u00e0 duret\u00e9 \u00e9lev\u00e9e, compos\u00e9es de gallium et de phosphore, qui sont principalement utilis\u00e9es dans les dispositifs opto\u00e9lectroniques et les circuits int\u00e9gr\u00e9s. Caract\u00e9risation Formule chimique : GaP Poids mol\u00e9culaire : 100,697 g\/mol N\u00b0 CAS : 12063-98-8. Apparence&nbsp;: Apparaissent g\u00e9n\u00e9ralement sous forme de grumeaux bruns ou de poudres. Densit\u00e9 : 4,13 g\/cm\u00b3 Point de fusion : 1465\u00b0C Solubilit\u00e9 : insoluble dans l\u2019eau, inodore. Propri\u00e9t\u00e9s chimiques&nbsp;: bonne stabilit\u00e9 chimique, pas facile \u00e0 r\u00e9agir chimiquement avec d\u2019autres substances \u00e0 temp\u00e9rature et pression ambiantes, mais dans certaines conditions sp\u00e9cifiques, telles qu\u2019une temp\u00e9rature \u00e9lev\u00e9e, un environnement fortement acide et alcalin, une r\u00e9action chimique peut se produire.<\/p>\n<p>Applications<\/p>\n<p>Dispositifs opto\u00e9lectroniques : peuvent \u00eatre utilis\u00e9s dans la fabrication de diodes \u00e9lectroluminescentes, de diodes laser et d\u2019autres dispositifs opto\u00e9lectroniques tels que la couche active, la couche limitante et d\u2019autres structures, ce qui contribue \u00e0 am\u00e9liorer l\u2019efficacit\u00e9 lumineuse, la stabilit\u00e9 de la longueur d\u2019onde et la fiabilit\u00e9 des dispositifs opto\u00e9lectroniques. Circuits int\u00e9gr\u00e9s&nbsp;: Dans les circuits int\u00e9gr\u00e9s, les particules de phosphure de gallium peuvent \u00eatre utilis\u00e9es dans la fabrication de transistors \u00e0 haute fr\u00e9quence, \u00e0 grande vitesse et \u00e0 haute puissance et d\u2019interconnexions dans les circuits int\u00e9gr\u00e9s, les couches barri\u00e8res et autres structures, pour am\u00e9liorer la vitesse de fonctionnement des circuits int\u00e9gr\u00e9s, r\u00e9duire la consommation d\u2019\u00e9nergie et am\u00e9liorer le degr\u00e9 d\u2019int\u00e9gration. Champ photovolta\u00efque&nbsp;: Il peut \u00eatre utilis\u00e9 comme mat\u00e9riau de couche absorbante des cellules photovolta\u00efques, avec un coefficient d\u2019absorption de la lumi\u00e8re et une efficacit\u00e9 de conversion photo\u00e9lectrique \u00e9lev\u00e9s, ce qui devrait am\u00e9liorer les performances des cellules photovolta\u00efques et r\u00e9duire le co\u00fbt. Capteurs : Sensibles \u00e0 certains gaz, biomol\u00e9cules et autres substances, ils peuvent \u00eatre utilis\u00e9s pour fabriquer des capteurs de gaz haute performance, des biocapteurs, etc., afin de r\u00e9aliser la d\u00e9tection et la surveillance de la substance cible.<\/p>\n","protected":false},"excerpt":{"rendered":"<p>Les particules de phosphure de gallium sont des particules semi-conductrices orange rouge\u00e2tre, insolubles dans l\u2019eau, \u00e0 point de fusion \u00e9lev\u00e9 et \u00e0 duret\u00e9 \u00e9lev\u00e9e, compos\u00e9es de gallium et de phosphore, qui sont principalement utilis\u00e9es dans les dispositifs opto\u00e9lectroniques et les circuits int\u00e9gr\u00e9s.<\/p>\n","protected":false},"featured_media":1004061,"comment_status":"open","ping_status":"closed","template":"","meta":{"_acf_changed":false},"product_brand":[],"product_cat":[236],"product_tag":[],"class_list":{"0":"post-1017207","1":"product","2":"type-product","3":"status-publish","4":"has-post-thumbnail","6":"product_cat-materiaux-devaporation","8":"first","9":"instock","10":"shipping-taxable","11":"purchasable","12":"product-type-variable"},"acf":[],"_links":{"self":[{"href":"https:\/\/vimaterial.de\/fr\/wp-json\/wp\/v2\/product\/1017207","targetHints":{"allow":["GET"]}}],"collection":[{"href":"https:\/\/vimaterial.de\/fr\/wp-json\/wp\/v2\/product"}],"about":[{"href":"https:\/\/vimaterial.de\/fr\/wp-json\/wp\/v2\/types\/product"}],"replies":[{"embeddable":true,"href":"https:\/\/vimaterial.de\/fr\/wp-json\/wp\/v2\/comments?post=1017207"}],"wp:featuredmedia":[{"embeddable":true,"href":"https:\/\/vimaterial.de\/fr\/wp-json\/wp\/v2\/media\/1004061"}],"wp:attachment":[{"href":"https:\/\/vimaterial.de\/fr\/wp-json\/wp\/v2\/media?parent=1017207"}],"wp:term":[{"taxonomy":"product_brand","embeddable":true,"href":"https:\/\/vimaterial.de\/fr\/wp-json\/wp\/v2\/product_brand?post=1017207"},{"taxonomy":"product_cat","embeddable":true,"href":"https:\/\/vimaterial.de\/fr\/wp-json\/wp\/v2\/product_cat?post=1017207"},{"taxonomy":"product_tag","embeddable":true,"href":"https:\/\/vimaterial.de\/fr\/wp-json\/wp\/v2\/product_tag?post=1017207"}],"curies":[{"name":"wp","href":"https:\/\/api.w.org\/{rel}","templated":true}]}}