{"id":1017164,"date":"2024-06-17T14:56:34","date_gmt":"2024-06-17T06:56:34","guid":{"rendered":"https:\/\/vimaterial.de\/product\/tellurure-de-cuivre-6\/"},"modified":"2025-04-11T16:54:30","modified_gmt":"2025-04-11T08:54:30","slug":"tellurure-de-cuivre-6","status":"publish","type":"product","link":"https:\/\/vimaterial.de\/fr\/product\/tellurure-de-cuivre-6\/","title":{"rendered":"Tellurure de cuivre"},"content":{"rendered":"<p><span style=\"color: #0000ff;\"><a style=\"color: #0000ff;\" href=\"https:\/\/vimaterial.de\/fr\/product\/tellurure-de-cuivre-5\/\">Tellurure de cuivre<\/a><\/span> La poudre est une poudre compos\u00e9e de cuivre et de tellure, g\u00e9n\u00e9ralement de couleur noire ou gris-noir, avec des propri\u00e9t\u00e9s semi-conductrices et une taille de particule fine, qui joue un r\u00f4le important dans les domaines de l\u2019opto\u00e9lectronique, de la thermo\u00e9lectricit\u00e9 et des mat\u00e9riaux \u00e9lectroniques.<\/p>\n<p>VIMATERIAL fournit de la poudre de tellurure de cuivre dans une large gamme de puret\u00e9, la taille de nos particules de poudre de tellurure de cuivre peut \u00eatre personnalis\u00e9e et peut \u00eatre command\u00e9e en petites quantit\u00e9s. Nos produits sont bon march\u00e9 et stables, nous avons un approvisionnement et un stock suffisants, un d\u00e9lai de livraison court, veuillez <span style=\"color: #0000ff;\"><a style=\"color: #0000ff;\" href=\"https:\/\/vimaterial.de\/fr\/contact\/\">nous contacter<\/a><\/span> si vous en avez besoin.<\/p>\n<h2><span style=\"font-size: 14pt;\">Propri\u00e9t\u00e9s physiques<\/span><\/h2>\n<p>Formule mol\u00e9culaire : Cu\u2082Te<\/p>\n<p>Poids mol\u00e9culaire : 254,692<\/p>\n<p>Apparence\u00a0: g\u00e9n\u00e9ralement noir ou poudre ou cristal bleu-noir<\/p>\n<p>Densit\u00e9 : environ 7,27 g\/cm\u00b3.<\/p>\n<p>Structure cristalline : Sa structure cristalline est compliqu\u00e9e, appartient g\u00e9n\u00e9ralement au syst\u00e8me cristallin hexagonal ou au syst\u00e8me cristallin cubique.<\/p>\n<h2><span style=\"font-size: 14pt;\">Applications<\/span><\/h2>\n<p>Champ opto\u00e9lectronique : Il peut \u00eatre utilis\u00e9 pour pr\u00e9parer des photod\u00e9tecteurs, qui peuvent convertir efficacement les signaux optiques en signaux \u00e9lectriques afin d\u2019am\u00e9liorer la sensibilit\u00e9 et la vitesse de r\u00e9ponse de la d\u00e9tection en raison de ses propri\u00e9t\u00e9s photo\u00e9lectriques uniques.<\/p>\n<p>Domaine thermo\u00e9lectrique : Dans l\u2019application de mat\u00e9riaux thermo\u00e9lectriques, des \u00e9l\u00e9ments thermo\u00e9lectriques peuvent \u00eatre fabriqu\u00e9s en optimisant les formulations et les processus, en r\u00e9alisant une conversion efficace de la chaleur et de l\u2019\u00e9lectricit\u00e9 et en facilitant le recyclage de la chaleur r\u00e9siduelle.<\/p>\n<p>Domaine des semi-conducteurs : En tant que composant important des mat\u00e9riaux semi-conducteurs, il peut \u00eatre impliqu\u00e9 dans la fabrication de dispositifs semi-conducteurs, tels que dans une structure d\u2019h\u00e9t\u00e9rojonction sp\u00e9cifique, en ajustant les caract\u00e9ristiques de transport des porteurs pour am\u00e9liorer les performances du dispositif.<\/p>\n<p>Dans le domaine des mat\u00e9riaux \u00e9lectroniques, il peut \u00eatre utilis\u00e9 dans la formulation de p\u00e2tes \u00e9lectroniques, et dans le processus de fabrication de composants \u00e9lectroniques tels que les circuits \u00e0 couche \u00e9paisse, il offre une garantie pour obtenir de bonnes performances de conductivit\u00e9 et de soudure.<\/p>\n<h2><span style=\"font-size: 14pt;\">Contr\u00f4le de la qualit\u00e9<\/span><\/h2>\n<p><a href=\"https:\/\/vimaterial.de\/fr\/controle-qualite\/\"><span style=\"color: #0000ff;\">Chaque lot<\/span><\/a> de produits met en \u0153uvre le syst\u00e8me de contr\u00f4le de qualit\u00e9 le plus strict, nous avons compl\u00e9t\u00e9 les registres des produits, la tra\u00e7abilit\u00e9 des produits avec une assurance qualit\u00e9 stricte. Nous avons un processus complet pour la manipulation des produits non conformes, et nous ne transmettrons pas les produits non conformes au processus suivant. Nous fournissons des \u00e9chantillons pour la r\u00e9inspection des clients et nous soutenons \u00e9galement les organismes d\u2019inspection tiers d\u00e9sign\u00e9s par les clients.<\/p>\n<h2><span style=\"font-size: 14pt;\">Emballage et stockage<\/span><\/h2>\n<p>La poudre de tellurure de cuivre est emball\u00e9e dans des sacs ou des bouteilles sous vide double apr\u00e8s un double ensachage. L\u2019unit\u00e9 d\u2019emballage minimale est de 100 g\/bouteille.<\/p>\n<p>Les poudres de tellurure de cuivre doivent \u00eatre stock\u00e9es dans un environnement sec, frais et bien scell\u00e9, en \u00e9vitant le contact avec l\u2019air, l\u2019humidit\u00e9, les agents oxydants forts et les acides, et en pr\u00e9venant les dommages physiques \u00e0 la poudre ou \u00e0 l\u2019agglom\u00e9ration dus \u00e0 l\u2019\u00e9lectricit\u00e9 statique afin de maintenir sa stabilit\u00e9 chimique et ses propri\u00e9t\u00e9s physiques.<\/p>\n","protected":false},"excerpt":{"rendered":"<p><span style=\"color: #0000ff;\"><a style=\"color: #0000ff;\" href=\"https:\/\/vimaterial.de\/fr\/product\/tellurure-de-cuivre-5\/\">Tellurure de cuivre<\/a><\/span> La poudre est une poudre compos\u00e9e de cuivre et de tellure, g\u00e9n\u00e9ralement de couleur noire ou gris-noir, avec des propri\u00e9t\u00e9s semi-conductrices et une taille de particule fine, qui joue un r\u00f4le important dans les domaines de l\u2019opto\u00e9lectronique, de la thermo\u00e9lectricit\u00e9 et des mat\u00e9riaux \u00e9lectroniques.<\/p>\n<p>VIMATERIAL fournit de la poudre de tellurure de cuivre dans une large gamme de puret\u00e9, la taille de nos particules de poudre de tellurure de cuivre peut \u00eatre personnalis\u00e9e et peut \u00eatre command\u00e9e en petites quantit\u00e9s. Nos produits sont bon march\u00e9 et stables, nous avons un approvisionnement et un stock suffisants, un d\u00e9lai de livraison court, veuillez <span style=\"color: #0000ff;\"><a style=\"color: #0000ff;\" href=\"https:\/\/vimaterial.de\/fr\/contact\/\">nous contacter<\/a><\/span> si vous en avez besoin.<\/p>\n","protected":false},"featured_media":1003015,"comment_status":"open","ping_status":"closed","template":"","meta":{"_acf_changed":false},"product_brand":[],"product_cat":[238],"product_tag":[],"class_list":{"0":"post-1017164","1":"product","2":"type-product","3":"status-publish","4":"has-post-thumbnail","6":"product_cat-materiaux-de-chalcogenure","8":"first","9":"instock","10":"shipping-taxable","11":"product-type-variable"},"acf":[],"_links":{"self":[{"href":"https:\/\/vimaterial.de\/fr\/wp-json\/wp\/v2\/product\/1017164","targetHints":{"allow":["GET"]}}],"collection":[{"href":"https:\/\/vimaterial.de\/fr\/wp-json\/wp\/v2\/product"}],"about":[{"href":"https:\/\/vimaterial.de\/fr\/wp-json\/wp\/v2\/types\/product"}],"replies":[{"embeddable":true,"href":"https:\/\/vimaterial.de\/fr\/wp-json\/wp\/v2\/comments?post=1017164"}],"wp:featuredmedia":[{"embeddable":true,"href":"https:\/\/vimaterial.de\/fr\/wp-json\/wp\/v2\/media\/1003015"}],"wp:attachment":[{"href":"https:\/\/vimaterial.de\/fr\/wp-json\/wp\/v2\/media?parent=1017164"}],"wp:term":[{"taxonomy":"product_brand","embeddable":true,"href":"https:\/\/vimaterial.de\/fr\/wp-json\/wp\/v2\/product_brand?post=1017164"},{"taxonomy":"product_cat","embeddable":true,"href":"https:\/\/vimaterial.de\/fr\/wp-json\/wp\/v2\/product_cat?post=1017164"},{"taxonomy":"product_tag","embeddable":true,"href":"https:\/\/vimaterial.de\/fr\/wp-json\/wp\/v2\/product_tag?post=1017164"}],"curies":[{"name":"wp","href":"https:\/\/api.w.org\/{rel}","templated":true}]}}