{"id":1017156,"date":"2024-06-17T14:56:34","date_gmt":"2024-06-17T06:56:34","guid":{"rendered":"https:\/\/vimaterial.de\/product\/tellurure-de-cuivre-5\/"},"modified":"2025-04-11T17:02:27","modified_gmt":"2025-04-11T09:02:27","slug":"tellurure-de-cuivre-5","status":"publish","type":"product","link":"https:\/\/vimaterial.de\/fr\/product\/tellurure-de-cuivre-5\/","title":{"rendered":"Tellurure de cuivre"},"content":{"rendered":"<p>Les morceaux de <span style=\"color: #0000ff;\"><a style=\"color: #0000ff;\" href=\"https:\/\/vimaterial.de\/fr\/product\/tellurure-de-cuivre\/\">tellurure de cuivre<\/a><\/span> sont des compos\u00e9s grumeleux constitu\u00e9s de cuivre et de tellure, g\u00e9n\u00e9ralement d\u2019apparence noire ou grise, avec des propri\u00e9t\u00e9s semi-conductrices, qui ont des applications potentielles dans les domaines des mat\u00e9riaux thermo\u00e9lectriques, des mat\u00e9riaux photovolta\u00efques et des dispositifs \u00e9lectroniques, et doivent \u00eatre stock\u00e9s dans un environnement appropri\u00e9 afin de maintenir leurs propri\u00e9t\u00e9s stables.<\/p>\n<p>VIMATERIAL fournit des morceaux de Tellurure de cuivre de haute puret\u00e9, nous fournissons des morceaux de Tellurure de cuivre avec des performances stables et une faible teneur en impuret\u00e9s, nous avons une \u00e9quipe technique professionnelle, veuillez <span style=\"color: #0000ff;\"><a style=\"color: #0000ff;\" href=\"https:\/\/vimaterial.de\/fr\/contact\/\">nous contacter<\/a><\/span> si vous en avez besoin.<\/p>\n<h2><span style=\"font-size: 14pt;\">Propri\u00e9t\u00e9s physiques<\/span><\/h2>\n<p>Formule analytique : Cu\u2082Te<\/p>\n<p>Poids mol\u00e9culaire : 254,692 g\/mol<\/p>\n<p>Aspect : g\u00e9n\u00e9ralement grumeleux, la couleur peut \u00eatre gris-noir, avec un certain \u00e9clat m\u00e9tallique.<\/p>\n<p>Densit\u00e9 : environ 7,27 g\/cm\u00b3.<\/p>\n<p>Point de fusion : 900\u00b0C<\/p>\n<p>Structure cristalline : Le Cu\u2082Te a une structure cristalline sp\u00e9cifique, appartenant au syst\u00e8me cristallin t\u00e9tragonal. Les atomes de cuivre et de tellure de la structure cristalline sont dispos\u00e9s selon un certain motif, et les atomes de cuivre et de tellure interagissent les uns avec les autres par liaison chimique pour former une structure cristalline stable, ce qui conf\u00e8re au Cu\u2082Te certaines propri\u00e9t\u00e9s physiques et chimiques, et lui fait montrer des propri\u00e9t\u00e9s uniques en \u00e9lectricit\u00e9, en optique et dans d\u2019autres aspects.<\/p>\n<h2><span style=\"font-size: 14pt;\">Applications<\/span><\/h2>\n<p>Champ de cellules solaires\u00a0: peut \u00eatre utilis\u00e9 comme une mati\u00e8re premi\u00e8re importante pour la pr\u00e9paration de cellules solaires \u00e0 couche mince haute performance, telles que les cellules solaires au s\u00e9l\u00e9niure de cuivre, d\u2019indium et de gallium, aident \u00e0 am\u00e9liorer l\u2019efficacit\u00e9 de conversion photo\u00e9lectrique de la batterie.<\/p>\n<p>Mat\u00e9riaux thermo\u00e9lectriques : Dans les mat\u00e9riaux thermo\u00e9lectriques, les propri\u00e9t\u00e9s thermo\u00e9lectriques peuvent \u00eatre optimis\u00e9es par la formation de nanocristaux, etc., pour obtenir une interconversion efficace de la chaleur et de l\u2019\u00e9lectricit\u00e9.<\/p>\n<p>Dispositifs nano\u00e9lectroniques : En raison de sa conductivit\u00e9 \u00e9lectrique et de sa photor\u00e9activit\u00e9 \u00e9lev\u00e9es, CuTe peut \u00eatre utilis\u00e9 pour fabriquer des dispositifs nano\u00e9lectroniques, tels que des photod\u00e9tecteurs haute performance.<\/p>\n<p>Fabrication industrielle : Le tellure en morceaux de Cu\u2082Te peut am\u00e9liorer la maniabilit\u00e9 du cuivre, de sorte que les morceaux de Cu\u2082Te peuvent \u00eatre utilis\u00e9s comme mati\u00e8re premi\u00e8re industrielle pour am\u00e9liorer la maniabilit\u00e9 des produits en cuivre.<\/p>\n<h2><span style=\"font-size: 14pt;\">Contr\u00f4le de la qualit\u00e9<\/span><\/h2>\n<p><span style=\"color: #0000ff;\"><a style=\"color: #0000ff;\" href=\"https:\/\/vimaterial.de\/fr\/controle-qualite\/\">Chaque lot<\/a><\/span> de produits met en \u0153uvre le syst\u00e8me de contr\u00f4le de qualit\u00e9 le plus strict, nous avons compl\u00e9t\u00e9 les registres des produits, la tra\u00e7abilit\u00e9 des produits avec une assurance qualit\u00e9 stricte. Nous avons un processus complet pour la manipulation des produits non conformes, et nous ne transmettrons pas les produits non conformes au processus suivant. Nous fournissons des \u00e9chantillons pour la r\u00e9inspection des clients et nous soutenons \u00e9galement les organismes d\u2019inspection tiers d\u00e9sign\u00e9s par les clients.<\/p>\n<h2><span style=\"font-size: 14pt;\">Emballage et stockage<\/span><\/h2>\n<p>Les morceaux de tellurure de cuivre sont emball\u00e9s dans des sacs sous vide doubles ou des sacs doubles, puis dans des bouteilles. L\u2019unit\u00e9 d\u2019emballage minimale est de 100 g\/bouteille.<\/p>\n<p>Les morceaux de tellurure de cuivre doivent \u00eatre stock\u00e9s dans un environnement sec, frais, bien ventil\u00e9 et scell\u00e9, en \u00e9vitant tout contact avec l\u2019air humide, les acides forts, les bases fortes et les substances oxydantes, et en pr\u00e9venant les chocs physiques violents pour maintenir la stabilit\u00e9 de ses propri\u00e9t\u00e9s physiques et chimiques.<\/p>\n","protected":false},"excerpt":{"rendered":"<p>Les morceaux de <span style=\"color: #0000ff;\"><a style=\"color: #0000ff;\" href=\"https:\/\/vimaterial.de\/fr\/product\/tellurure-de-cuivre\/\">tellurure de cuivre<\/a><\/span> sont des compos\u00e9s grumeleux constitu\u00e9s de cuivre et de tellure, g\u00e9n\u00e9ralement d\u2019apparence noire ou grise, avec des propri\u00e9t\u00e9s semi-conductrices, qui ont des applications potentielles dans les domaines des mat\u00e9riaux thermo\u00e9lectriques, des mat\u00e9riaux photovolta\u00efques et des dispositifs \u00e9lectroniques, et doivent \u00eatre stock\u00e9s dans un environnement appropri\u00e9 afin de maintenir leurs propri\u00e9t\u00e9s stables.<\/p>\n<p>VIMATERIAL fournit des morceaux de Tellurure de cuivre de haute puret\u00e9, nous fournissons des morceaux de Tellurure de cuivre avec des performances stables et une faible teneur en impuret\u00e9s, nous avons une \u00e9quipe technique professionnelle, veuillez <span style=\"color: #0000ff;\"><a style=\"color: #0000ff;\" href=\"https:\/\/vimaterial.de\/fr\/contact\/\">nous contacter<\/a><\/span> si vous en avez besoin.<\/p>\n","protected":false},"featured_media":1003015,"comment_status":"open","ping_status":"closed","template":"","meta":{"_acf_changed":false},"product_brand":[],"product_cat":[236],"product_tag":[],"class_list":{"0":"post-1017156","1":"product","2":"type-product","3":"status-publish","4":"has-post-thumbnail","6":"product_cat-materiaux-devaporation","8":"first","9":"instock","10":"shipping-taxable","11":"product-type-variable"},"acf":[],"_links":{"self":[{"href":"https:\/\/vimaterial.de\/fr\/wp-json\/wp\/v2\/product\/1017156","targetHints":{"allow":["GET"]}}],"collection":[{"href":"https:\/\/vimaterial.de\/fr\/wp-json\/wp\/v2\/product"}],"about":[{"href":"https:\/\/vimaterial.de\/fr\/wp-json\/wp\/v2\/types\/product"}],"replies":[{"embeddable":true,"href":"https:\/\/vimaterial.de\/fr\/wp-json\/wp\/v2\/comments?post=1017156"}],"wp:featuredmedia":[{"embeddable":true,"href":"https:\/\/vimaterial.de\/fr\/wp-json\/wp\/v2\/media\/1003015"}],"wp:attachment":[{"href":"https:\/\/vimaterial.de\/fr\/wp-json\/wp\/v2\/media?parent=1017156"}],"wp:term":[{"taxonomy":"product_brand","embeddable":true,"href":"https:\/\/vimaterial.de\/fr\/wp-json\/wp\/v2\/product_brand?post=1017156"},{"taxonomy":"product_cat","embeddable":true,"href":"https:\/\/vimaterial.de\/fr\/wp-json\/wp\/v2\/product_cat?post=1017156"},{"taxonomy":"product_tag","embeddable":true,"href":"https:\/\/vimaterial.de\/fr\/wp-json\/wp\/v2\/product_tag?post=1017156"}],"curies":[{"name":"wp","href":"https:\/\/api.w.org\/{rel}","templated":true}]}}