{"id":1017149,"date":"2024-06-17T14:56:34","date_gmt":"2024-06-17T06:56:34","guid":{"rendered":"https:\/\/vimaterial.de\/product\/sulfure-de-cuivre-de-zinc-et-detain-czts-3\/"},"modified":"2025-04-11T16:15:03","modified_gmt":"2025-04-11T08:15:03","slug":"sulfure-de-cuivre-de-zinc-et-detain-czts-3","status":"publish","type":"product","link":"https:\/\/vimaterial.de\/fr\/product\/sulfure-de-cuivre-de-zinc-et-detain-czts-3\/","title":{"rendered":"Sulfure de cuivre, de zinc et d\u2019\u00e9tain (CZTS)"},"content":{"rendered":"<p>Les granules <span style=\"color: #0000ff;\"><a style=\"color: #0000ff;\" href=\"https:\/\/vimaterial.de\/fr\/product\/sulfure-de-cuivre-de-zinc-et-detain-czts\/\">de sulfure de cuivre et de zinc<\/a><\/span> sont une sorte de particules compos\u00e9es t\u00e9tram\u00e8res, principalement compos\u00e9es des \u00e9l\u00e9ments cuivre, zinc, \u00e9tain et soufre, qui ont de bonnes propri\u00e9t\u00e9s photo\u00e9lectriques et ont un grand potentiel d\u2019application dans le domaine des cellules solaires et d\u2019autres dispositifs photo\u00e9lectriques.<\/p>\n<p>VIMATERIAL fournit des granul\u00e9s de sulfure de cuivre et de zinc et d\u2019\u00e9tain, nous avons un approvisionnement abondant, un d\u00e9lai de livraison court, un prix bon march\u00e9 et prenons en charge les commandes en petite quantit\u00e9, pas besoin de garder du stock, achetez au fur et \u00e0 mesure. Si vous avez une demande, veuillez <span style=\"color: #0000ff;\"><a style=\"color: #0000ff;\" href=\"https:\/\/vimaterial.de\/fr\/contact\/\">nous contacter<\/a><\/span> \u00e0 temps.<\/p>\n<h2><span style=\"font-size: 14pt;\">Propri\u00e9t\u00e9s physiques<\/span><\/h2>\n<p>Formule mol\u00e9culaire : Cu\u2082ZnSnS\u2084<\/p>\n<p>Poids mol\u00e9culaire : 439.471<\/p>\n<p>Apparence\u00a0: g\u00e9n\u00e9ralement des granules noirs<\/p>\n<p>Densit\u00e9 : environ 4,56 g\/cm\u00b3.<\/p>\n<p>Point de fusion : 990\u00b0C<\/p>\n<p>Structure cristalline : Syst\u00e8me cristallin t\u00e9tragonal<\/p>\n<h2><span style=\"font-size: 14pt;\">Applications<\/span><\/h2>\n<p>Champ photovolta\u00efque\u00a0: Il peut \u00eatre utilis\u00e9 pour pr\u00e9parer la couche absorbante des cellules solaires \u00e0 couche mince, qui peuvent absorber efficacement la lumi\u00e8re du soleil et convertir l\u2019\u00e9nergie lumineuse en \u00e9lectricit\u00e9 en vertu de sa largeur de bande interdite appropri\u00e9e et de son coefficient d\u2019absorption \u00e9lev\u00e9, ce qui devrait r\u00e9duire le co\u00fbt des cellules solaires et augmenter l\u2019efficacit\u00e9 de conversion.<\/p>\n<p>Champ du photod\u00e9tecteur : Dans les photod\u00e9tecteurs, ces particules peuvent produire un effet photo\u00e9lectrique dans des conditions de lumi\u00e8re pour d\u00e9tecter des signaux lumineux, et peuvent \u00eatre utilis\u00e9es comme mat\u00e9riaux absorbants pour convertir les signaux lumineux en signaux \u00e9lectriques, r\u00e9alisant la d\u00e9tection de l\u2019intensit\u00e9 lumineuse, de la longueur d\u2019onde et d\u2019autres param\u00e8tres, et jouant un r\u00f4le dans la communication optique et la d\u00e9tection optique.<\/p>\n<p>Champ de photocatalyse : Il peut \u00eatre utilis\u00e9 comme photocatalyseur pour d\u00e9grader les polluants organiques ou effectuer la d\u00e9composition photocatalytique de l\u2019eau pour la r\u00e9action de production d\u2019hydrog\u00e8ne. Sous la lumi\u00e8re, ses paires \u00e9lectron-cavit\u00e9 peuvent participer \u00e0 des r\u00e9actions d\u2019oxydor\u00e9duction, provoquant la d\u00e9composition des polluants organiques ou la d\u00e9composition de l\u2019eau en hydrog\u00e8ne et en oxyg\u00e8ne.<\/p>\n<h2><span style=\"font-size: 14pt;\">Contr\u00f4le de la qualit\u00e9<\/span><\/h2>\n<p><span style=\"color: #0000ff;\"><a style=\"color: #0000ff;\" href=\"https:\/\/vimaterial.de\/fr\/controle-qualite\/\">Chaque lot<\/a><\/span> de produits met en \u0153uvre le syst\u00e8me de contr\u00f4le de qualit\u00e9 le plus strict, nous avons compl\u00e9t\u00e9 les registres des produits, la tra\u00e7abilit\u00e9 des produits avec une assurance qualit\u00e9 stricte. Nous avons un processus complet pour la manipulation des produits non conformes, et nous ne transmettrons pas les produits non conformes au processus suivant. Nous fournissons des \u00e9chantillons pour la r\u00e9inspection des clients et nous soutenons \u00e9galement les organismes d\u2019inspection tiers d\u00e9sign\u00e9s par les clients.<\/p>\n<h2><span style=\"font-size: 14pt;\">Emballage et stockage<\/span><\/h2>\n<p>Les granul\u00e9s de sulfure de cuivre et de zinc et d\u2019\u00e9tain sont emball\u00e9s dans des sacs sous vide double ou des bouteilles sous vide, et l\u2019unit\u00e9 d\u2019emballage minimale est de 100 g \/ bouteille.<\/p>\n<p>Les granules de sulfure de cuivre et de zinc et d\u2019\u00e9tain doivent \u00eatre stock\u00e9s dans un environnement sec, frais et scell\u00e9, en \u00e9vitant l\u2019humidit\u00e9 et l\u2019oxydation, et \u00e0 l\u2019\u00e9cart des sources de chaleur et d\u2019autres substances susceptibles de produire des r\u00e9actions chimiques, afin de maintenir la stabilit\u00e9 chimique et les propri\u00e9t\u00e9s physiques des granul\u00e9s.<\/p>\n","protected":false},"excerpt":{"rendered":"<p>Les granules <span style=\"color: #0000ff;\"><a style=\"color: #0000ff;\" href=\"https:\/\/vimaterial.de\/fr\/product\/sulfure-de-cuivre-de-zinc-et-detain-czts\/\">de sulfure de cuivre et de zinc<\/a><\/span> sont une sorte de particules compos\u00e9es t\u00e9tram\u00e8res, principalement compos\u00e9es des \u00e9l\u00e9ments cuivre, zinc, \u00e9tain et soufre, qui ont de bonnes propri\u00e9t\u00e9s photo\u00e9lectriques et ont un grand potentiel d\u2019application dans le domaine des cellules solaires et d\u2019autres dispositifs photo\u00e9lectriques.<\/p>\n<p>VIMATERIAL fournit des granul\u00e9s de sulfure de cuivre et de zinc et d\u2019\u00e9tain, nous avons un approvisionnement abondant, un d\u00e9lai de livraison court, un prix bon march\u00e9 et prenons en charge les commandes en petite quantit\u00e9, pas besoin de garder du stock, achetez au fur et \u00e0 mesure. Si vous avez une demande, veuillez <span style=\"color: #0000ff;\"><a style=\"color: #0000ff;\" href=\"https:\/\/vimaterial.de\/fr\/contact\/\">nous contacter<\/a><\/span> \u00e0 temps.<\/p>\n","protected":false},"featured_media":1003031,"comment_status":"open","ping_status":"closed","template":"","meta":{"_acf_changed":false},"product_brand":[],"product_cat":[236],"product_tag":[],"class_list":{"0":"post-1017149","1":"product","2":"type-product","3":"status-publish","4":"has-post-thumbnail","6":"product_cat-materiaux-devaporation","8":"first","9":"instock","10":"shipping-taxable","11":"product-type-variable"},"acf":[],"_links":{"self":[{"href":"https:\/\/vimaterial.de\/fr\/wp-json\/wp\/v2\/product\/1017149","targetHints":{"allow":["GET"]}}],"collection":[{"href":"https:\/\/vimaterial.de\/fr\/wp-json\/wp\/v2\/product"}],"about":[{"href":"https:\/\/vimaterial.de\/fr\/wp-json\/wp\/v2\/types\/product"}],"replies":[{"embeddable":true,"href":"https:\/\/vimaterial.de\/fr\/wp-json\/wp\/v2\/comments?post=1017149"}],"wp:featuredmedia":[{"embeddable":true,"href":"https:\/\/vimaterial.de\/fr\/wp-json\/wp\/v2\/media\/1003031"}],"wp:attachment":[{"href":"https:\/\/vimaterial.de\/fr\/wp-json\/wp\/v2\/media?parent=1017149"}],"wp:term":[{"taxonomy":"product_brand","embeddable":true,"href":"https:\/\/vimaterial.de\/fr\/wp-json\/wp\/v2\/product_brand?post=1017149"},{"taxonomy":"product_cat","embeddable":true,"href":"https:\/\/vimaterial.de\/fr\/wp-json\/wp\/v2\/product_cat?post=1017149"},{"taxonomy":"product_tag","embeddable":true,"href":"https:\/\/vimaterial.de\/fr\/wp-json\/wp\/v2\/product_tag?post=1017149"}],"curies":[{"name":"wp","href":"https:\/\/api.w.org\/{rel}","templated":true}]}}