{"id":1017126,"date":"2024-06-17T14:57:38","date_gmt":"2024-06-17T06:57:38","guid":{"rendered":"https:\/\/vimaterial.de\/product\/sulfure-de-cuivre-de-zinc-et-detain-czts-2\/"},"modified":"2025-04-11T16:04:54","modified_gmt":"2025-04-11T08:04:54","slug":"sulfure-de-cuivre-de-zinc-et-detain-czts-2","status":"publish","type":"product","link":"https:\/\/vimaterial.de\/fr\/product\/sulfure-de-cuivre-de-zinc-et-detain-czts-2\/","title":{"rendered":"Sulfure de cuivre, de zinc et d\u2019\u00e9tain (CZTS)"},"content":{"rendered":"<p><a href=\"https:\/\/vimaterial.de\/fr\/product\/sulfure-de-cuivre-de-zinc-et-detain-czts\/\"><span style=\"color: #0000ff;\">Sulfure de cuivre et de zinc<\/span><\/a> La poudre est une poudre compos\u00e9e t\u00e9tram\u00e8re compos\u00e9e de cuivre, de zinc, d\u2019\u00e9tain et de soufre, qui a des applications potentielles dans les domaines photovolta\u00efques tels que les cellules solaires.<\/p>\n<p>VIMATERIAL fournit de la poudre de sulfure de cuivre, de zinc, d\u2019\u00e9tain de haute puret\u00e9. La poudre de sulfure de cuivre, de zinc et d\u2019\u00e9tain que nous fournissons se caract\u00e9rise par une composition contr\u00f4l\u00e9e, une stabilit\u00e9 du produit, une grande puret\u00e9 et une faible teneur en impuret\u00e9s. Nous prenons en charge les commandes en petits lots et les produits personnalis\u00e9s, veuillez <span style=\"color: #0000ff;\"><a style=\"color: #0000ff;\" href=\"https:\/\/vimaterial.de\/fr\/contact\/\">nous contacter\u00a0!<\/a><\/span><\/p>\n<h2><span style=\"font-size: 14pt;\">Propri\u00e9t\u00e9s physiques<\/span><\/h2>\n<p>Formule mol\u00e9culaire : Cu2ZnSnS4<\/p>\n<p>Poids mol\u00e9culaire : environ 439,47 g\/mol<\/p>\n<p>Apparence\u00a0: g\u00e9n\u00e9ralement poudre noire<\/p>\n<p>Densit\u00e9 : La densit\u00e9 th\u00e9orique est d\u2019environ 4,56 g\/cm3.<\/p>\n<p>Point de fusion : environ 990\u00b0C<\/p>\n<p>Structure cristalline : Syst\u00e8me cristallin t\u00e9tragonal<\/p>\n<h2><span style=\"font-size: 14pt;\">Applications<\/span><\/h2>\n<p>Champ de cellules solaires\u00a0: utilis\u00e9 comme mat\u00e9riau de couche absorbante dans les cellules solaires \u00e0 couche mince, peut remplacer le CIGS, r\u00e9duire les co\u00fbts et am\u00e9liorer le respect de l\u2019environnement.<\/p>\n<p>Opto\u00e9lectronique : Sur la base de ses excellentes propri\u00e9t\u00e9s photo\u00e9lectriques, il peut \u00eatre utilis\u00e9 pour pr\u00e9parer des photod\u00e9tecteurs haute performance pour la d\u00e9tection et la conversion de signaux lumineux de diff\u00e9rentes longueurs d\u2019onde. Convient \u00e0 la fabrication de dispositifs opto\u00e9lectroniques tels que les LED, les lasers, etc., en utilisant ses propri\u00e9t\u00e9s optiques et \u00e9lectriques pour r\u00e9aliser l\u2019\u00e9mission et le contr\u00f4le de la lumi\u00e8re.<\/p>\n<p>Capteurs : Peuvent \u00eatre utilis\u00e9s comme mat\u00e9riaux sensibles pour la pr\u00e9paration de capteurs afin de d\u00e9tecter et de d\u00e9tecter des substances sp\u00e9cifiques ou des quantit\u00e9s physiques, telles que des capteurs de gaz et des capteurs de pression.<\/p>\n<p>Champ de puce m\u00e9moire : peut \u00eatre appliqu\u00e9 au d\u00e9veloppement et \u00e0 la production de puces m\u00e9moire, en utilisant ses propri\u00e9t\u00e9s \u00e9lectriques pour r\u00e9aliser le stockage et la lecture de donn\u00e9es et d\u2019autres fonctions.<\/p>\n<h2><span style=\"font-size: 14pt;\">Contr\u00f4le de la qualit\u00e9<\/span><\/h2>\n<p><span style=\"color: #0000ff;\"><a style=\"color: #0000ff;\" href=\"https:\/\/vimaterial.de\/fr\/controle-qualite\/\">Chaque lot<\/a> <\/span>de produits met en \u0153uvre le syst\u00e8me de contr\u00f4le de qualit\u00e9 le plus strict, nous avons compl\u00e9t\u00e9 les registres des produits, la tra\u00e7abilit\u00e9 des produits avec une assurance qualit\u00e9 stricte. Nous avons un processus complet pour la manipulation des produits non conformes, et nous ne transmettrons pas les produits non conformes au processus suivant. Nous fournissons des \u00e9chantillons pour la r\u00e9inspection des clients et nous soutenons \u00e9galement les organismes d\u2019inspection tiers d\u00e9sign\u00e9s par les clients.<\/p>\n<h2><span style=\"font-size: 14pt;\">Emballage et stockage<\/span><\/h2>\n<p>La poudre de sulfure de cuivre et de zinc et d\u2019\u00e9tain est emball\u00e9e dans des sacs ou des bouteilles sous vide doubles avec une unit\u00e9 d\u2019emballage minimale de 100 g \/ bouteille.<\/p>\n<p>Les poudres de sulfure de cuivre et de zinc et d\u2019\u00e9tain doivent \u00eatre stock\u00e9es dans un environnement sec, frais et bien ventil\u00e9, \u00e0 l\u2019abri de l\u2019humidit\u00e9, de l\u2019oxydation et de la lumi\u00e8re directe, et \u00e0 l\u2019\u00e9cart des sources d\u2019inflammation et des substances corrosives, et de pr\u00e9f\u00e9rence dans des r\u00e9cipients herm\u00e9tiques pour \u00e9viter les modifications de leurs propri\u00e9t\u00e9s physiques et chimiques.<\/p>\n","protected":false},"excerpt":{"rendered":"<p><a href=\"https:\/\/vimaterial.de\/en\/product\/copper-zinc-tin-sulfide-czts-3\/\"><span style=\"color: #0000ff;\">Sulfure de cuivre et de zinc<\/span><\/a> La poudre est une poudre compos\u00e9e t\u00e9tram\u00e8re compos\u00e9e de cuivre, de zinc, d\u2019\u00e9tain et de soufre, qui a des applications potentielles dans les domaines photovolta\u00efques tels que les cellules solaires.<\/p>\n<p>VIMATERIAL fournit de la poudre de sulfure de cuivre, de zinc, d\u2019\u00e9tain de haute puret\u00e9. La poudre de sulfure de cuivre, de zinc et d\u2019\u00e9tain que nous fournissons se caract\u00e9rise par une composition contr\u00f4l\u00e9e, une stabilit\u00e9 du produit, une grande puret\u00e9 et une faible teneur en impuret\u00e9s. Nous prenons en charge les commandes en petits lots et les produits personnalis\u00e9s, veuillez <span style=\"color: #0000ff;\"><a style=\"color: #0000ff;\" href=\"https:\/\/vimaterial.de\/en\/contact-us\/\">nous contacter\u00a0!<\/a><\/span><\/p>\n","protected":false},"featured_media":1003031,"comment_status":"open","ping_status":"closed","template":"","meta":{"_acf_changed":false},"product_brand":[],"product_cat":[238],"product_tag":[],"class_list":{"0":"post-1017126","1":"product","2":"type-product","3":"status-publish","4":"has-post-thumbnail","6":"product_cat-materiaux-de-chalcogenure","8":"first","9":"instock","10":"shipping-taxable","11":"product-type-variable"},"acf":[],"_links":{"self":[{"href":"https:\/\/vimaterial.de\/fr\/wp-json\/wp\/v2\/product\/1017126","targetHints":{"allow":["GET"]}}],"collection":[{"href":"https:\/\/vimaterial.de\/fr\/wp-json\/wp\/v2\/product"}],"about":[{"href":"https:\/\/vimaterial.de\/fr\/wp-json\/wp\/v2\/types\/product"}],"replies":[{"embeddable":true,"href":"https:\/\/vimaterial.de\/fr\/wp-json\/wp\/v2\/comments?post=1017126"}],"wp:featuredmedia":[{"embeddable":true,"href":"https:\/\/vimaterial.de\/fr\/wp-json\/wp\/v2\/media\/1003031"}],"wp:attachment":[{"href":"https:\/\/vimaterial.de\/fr\/wp-json\/wp\/v2\/media?parent=1017126"}],"wp:term":[{"taxonomy":"product_brand","embeddable":true,"href":"https:\/\/vimaterial.de\/fr\/wp-json\/wp\/v2\/product_brand?post=1017126"},{"taxonomy":"product_cat","embeddable":true,"href":"https:\/\/vimaterial.de\/fr\/wp-json\/wp\/v2\/product_cat?post=1017126"},{"taxonomy":"product_tag","embeddable":true,"href":"https:\/\/vimaterial.de\/fr\/wp-json\/wp\/v2\/product_tag?post=1017126"}],"curies":[{"name":"wp","href":"https:\/\/api.w.org\/{rel}","templated":true}]}}