{"id":1017104,"date":"2024-06-17T14:57:38","date_gmt":"2024-06-17T06:57:38","guid":{"rendered":"https:\/\/vimaterial.de\/product\/cuivre-zinc-etain-seleniure\/"},"modified":"2025-04-11T13:31:29","modified_gmt":"2025-04-11T05:31:29","slug":"cuivre-zinc-etain-seleniure","status":"publish","type":"product","link":"https:\/\/vimaterial.de\/fr\/product\/cuivre-zinc-etain-seleniure\/","title":{"rendered":"Cuivre, zinc, \u00e9tain, s\u00e9l\u00e9niure"},"content":{"rendered":"<p>La cible de pulv\u00e9risation de <span style=\"color: #0000ff;\"><a style=\"color: #0000ff;\" href=\"https:\/\/vimaterial.de\/fr\/product\/sulfure-de-cuivre-de-zinc-et-detain-czts-3\/\">s\u00e9l\u00e9niure de cuivre et de zinc et d\u2019\u00e9tain<\/a><\/span> est un mat\u00e9riau compos\u00e9 de cuivre, de zinc, d\u2019\u00e9tain et de s\u00e9l\u00e9nium, qui est principalement utilis\u00e9 pour le d\u00e9p\u00f4t de couches minces. CZTSe film mince peut \u00eatre form\u00e9 sur le substrat par la technologie de pulv\u00e9risation, et il montre une bonne application dans le domaine des convertisseurs photovolta\u00efques tels que les cellules solaires.<\/p>\n<p>VIMATERIAL fournit des cibles de pulv\u00e9risation de s\u00e9l\u00e9niure de cuivre-zinc-\u00e9tain de haute puret\u00e9, nos cibles de pulv\u00e9risation de sulfure de cuivre-zinc-\u00e9tain prennent en charge des tailles et des ratios personnalis\u00e9s, et nous avons \u00e9galement un service de collage de cibles, nous avons des techniciens professionnels qui sont dans le domaine depuis plus de 20 ans, veuillez <span style=\"color: #0000ff;\"><a style=\"color: #0000ff;\" href=\"https:\/\/vimaterial.de\/fr\/contact\/\">nous contacter<\/a><\/span> si vous en avez besoin.<\/p>\n<h2><span style=\"font-size: 14pt;\">Propri\u00e9t\u00e9s physiques<\/span><\/h2>\n<p>Formule mol\u00e9culaire : Cu\u2082ZnSnSe\u2084<\/p>\n<p>Poids mol\u00e9culaire : environ 674,88 g\/mol<\/p>\n<p>Aspect : G\u00e9n\u00e9ralement noir ou gris-noir<\/p>\n<p>Densit\u00e9\u00a0: La densit\u00e9 est d\u2019environ 5,5-5,8 g \/ cm\u00b3.<\/p>\n<p>Point de fusion : point de fusion compris entre 900 et 950 \u00b0C<\/p>\n<p>Structure cristalline : T\u00e9tragonale<\/p>\n<h2><span style=\"font-size: 14pt;\">Applications<\/span><\/h2>\n<p>Champ solaire photovolta\u00efque : Il peut \u00eatre utilis\u00e9 comme couche absorbante dans les cellules solaires \u00e0 couche mince. Avec son excellent coefficient d\u2019absorption de la lumi\u00e8re, il peut absorber efficacement la lumi\u00e8re du soleil et la convertir en \u00e9lectricit\u00e9, am\u00e9liorant ainsi l\u2019efficacit\u00e9 de conversion photo\u00e9lectrique des cellules solaires.<\/p>\n<p>Domaine des photod\u00e9tecteurs : dans la fabrication des photod\u00e9tecteurs, en raison de la bande interdite et des propri\u00e9t\u00e9s photo\u00e9lectriques appropri\u00e9es, ils peuvent r\u00e9pondre rapidement aux signaux optiques, convertir les signaux optiques en signaux \u00e9lectriques et sont utilis\u00e9s pour d\u00e9tecter des param\u00e8tres tels que l\u2019intensit\u00e9 lumineuse et la fr\u00e9quence lumineuse.<\/p>\n<p>Champ des dispositifs \u00e0 semi-conducteurs : En tant que nouveau type de mat\u00e9riau semi-conducteur utilis\u00e9 dans la fabrication de dispositifs \u00e0 semi-conducteurs, tels que les transistors, sa structure cristalline sp\u00e9ciale et ses propri\u00e9t\u00e9s \u00e9lectriques contribuent \u00e0 am\u00e9liorer les performances des dispositifs, tels que la mobilit\u00e9 des porteurs et la vitesse de commutation.<\/p>\n<p>Champ laser : Dans la recherche de mat\u00e9riaux laser, il est possible d\u2019\u00eatre utilis\u00e9 dans la fabrication de supports de gain laser pour r\u00e9aliser la g\u00e9n\u00e9ration et l\u2019amplification du laser en tirant parti de ses propri\u00e9t\u00e9s d\u2019absorption et d\u2019\u00e9mission de lumi\u00e8re de longueurs d\u2019onde sp\u00e9cifiques.<\/p>\n<h2><span style=\"font-size: 14pt;\">Contr\u00f4le de la qualit\u00e9<\/span><\/h2>\n<p><span style=\"color: #0000ff;\"><a style=\"color: #0000ff;\" href=\"https:\/\/vimaterial.de\/fr\/controle-qualite\/\">Chaque lot<\/a><\/span> de produits met en \u0153uvre le syst\u00e8me de contr\u00f4le de qualit\u00e9 le plus strict, nous avons compl\u00e9t\u00e9 les registres des produits, la tra\u00e7abilit\u00e9 des produits avec une assurance qualit\u00e9 stricte. Nous avons un processus complet pour la manipulation des produits non conformes, et nous ne transmettrons pas les produits non conformes au processus suivant. Nous fournissons des \u00e9chantillons pour la r\u00e9inspection des clients et nous soutenons \u00e9galement les organismes d\u2019inspection tiers d\u00e9sign\u00e9s par les clients.<\/p>\n<h2><span style=\"font-size: 14pt;\">Emballage et stockage<\/span><\/h2>\n<p>Les cibles de pulv\u00e9risation cathodique cuivre-zinc-\u00e9tain s\u00e9l\u00e9niure sont emball\u00e9es dans des sacs sous vide doubles, puis emball\u00e9es.<\/p>\n<p>Les cibles de pulv\u00e9risation cathodique de cuivre-zinc-\u00e9tain doivent \u00eatre stock\u00e9es dans un environnement sec, \u00e0 basse temp\u00e9rature, \u00e9tanche \u00e0 la lumi\u00e8re et bien scell\u00e9, en \u00e9vitant le contact avec l\u2019air, l\u2019humidit\u00e9 et les substances corrosives, ainsi qu\u2019en pr\u00e9venant les collisions physiques et l\u2019extrusion, afin de maintenir sa stabilit\u00e9 chimique et ses propri\u00e9t\u00e9s physiques.<\/p>\n","protected":false},"excerpt":{"rendered":"<p>La cible de pulv\u00e9risation de <span style=\"color: #0000ff;\"><a style=\"color: #0000ff;\" href=\"https:\/\/vimaterial.de\/fr\/product\/sulfure-de-cuivre-de-zinc-et-detain-czts-3\/\">s\u00e9l\u00e9niure de cuivre et de zinc et d\u2019\u00e9tain<\/a><\/span> est un mat\u00e9riau compos\u00e9 de cuivre, de zinc, d\u2019\u00e9tain et de s\u00e9l\u00e9nium, qui est principalement utilis\u00e9 pour le d\u00e9p\u00f4t de couches minces. CZTSe film mince peut \u00eatre form\u00e9 sur le substrat par la technologie de pulv\u00e9risation, et il montre une bonne application dans le domaine des convertisseurs photovolta\u00efques tels que les cellules solaires.<\/p>\n","protected":false},"featured_media":1003047,"comment_status":"open","ping_status":"closed","template":"","meta":{"_acf_changed":false},"product_brand":[],"product_cat":[235],"product_tag":[],"class_list":{"0":"post-1017104","1":"product","2":"type-product","3":"status-publish","4":"has-post-thumbnail","6":"product_cat-cibles-de-pulverisation-planaire","8":"first","9":"instock","10":"shipping-taxable","11":"product-type-variable"},"acf":[],"_links":{"self":[{"href":"https:\/\/vimaterial.de\/fr\/wp-json\/wp\/v2\/product\/1017104","targetHints":{"allow":["GET"]}}],"collection":[{"href":"https:\/\/vimaterial.de\/fr\/wp-json\/wp\/v2\/product"}],"about":[{"href":"https:\/\/vimaterial.de\/fr\/wp-json\/wp\/v2\/types\/product"}],"replies":[{"embeddable":true,"href":"https:\/\/vimaterial.de\/fr\/wp-json\/wp\/v2\/comments?post=1017104"}],"wp:featuredmedia":[{"embeddable":true,"href":"https:\/\/vimaterial.de\/fr\/wp-json\/wp\/v2\/media\/1003047"}],"wp:attachment":[{"href":"https:\/\/vimaterial.de\/fr\/wp-json\/wp\/v2\/media?parent=1017104"}],"wp:term":[{"taxonomy":"product_brand","embeddable":true,"href":"https:\/\/vimaterial.de\/fr\/wp-json\/wp\/v2\/product_brand?post=1017104"},{"taxonomy":"product_cat","embeddable":true,"href":"https:\/\/vimaterial.de\/fr\/wp-json\/wp\/v2\/product_cat?post=1017104"},{"taxonomy":"product_tag","embeddable":true,"href":"https:\/\/vimaterial.de\/fr\/wp-json\/wp\/v2\/product_tag?post=1017104"}],"curies":[{"name":"wp","href":"https:\/\/api.w.org\/{rel}","templated":true}]}}