{"id":1017097,"date":"2024-06-17T14:57:38","date_gmt":"2024-06-17T06:57:38","guid":{"rendered":"https:\/\/vimaterial.de\/product\/sulfure-de-cuivre-de-zinc-et-detain-czts\/"},"modified":"2025-04-11T13:58:34","modified_gmt":"2025-04-11T05:58:34","slug":"sulfure-de-cuivre-de-zinc-et-detain-czts","status":"publish","type":"product","link":"https:\/\/vimaterial.de\/fr\/product\/sulfure-de-cuivre-de-zinc-et-detain-czts\/","title":{"rendered":"Sulfure de cuivre, de zinc et d\u2019\u00e9tain (CZTS)"},"content":{"rendered":"<p>La cible de pulv\u00e9risation de <span style=\"color: #0000ff;\"><a style=\"color: #0000ff;\" href=\"https:\/\/vimaterial.de\/fr\/product\/sulfure-de-cuivre-de-zinc-et-detain-czts-2\/\">sulfure de cuivre et de zinc et d\u2019\u00e9tain<\/a> <\/span>est un mat\u00e9riau utilis\u00e9 dans la technologie de d\u00e9p\u00f4t de couches minces, qui est principalement compos\u00e9e d\u2019\u00e9l\u00e9ments de cuivre, de zinc, d\u2019\u00e9tain et de soufre. Gr\u00e2ce au processus de pulv\u00e9risation, un film CZTS peut \u00eatre form\u00e9 sur le substrat, ce qui est potentiellement applicable dans le domaine des applications photovolta\u00efques, telles que les cellules solaires.<\/p>\n<p>VIMATERIAL fournit des cibles de pulv\u00e9risation de sulfure de cuivre-zinc-\u00e9tain de haute puret\u00e9, nos cibles de pulv\u00e9risation de sulfure de cuivre-zinc et d\u2019\u00e9tain prennent en charge des tailles et des ratios personnalis\u00e9s, et nous avons \u00e9galement un service de collage de cibles, nous avons des techniciens professionnels qui sont dans le domaine depuis plus de 20 ans, veuillez <span style=\"color: #0000ff;\"><a style=\"color: #0000ff;\" href=\"https:\/\/vimaterial.de\/fr\/contact\/\">nous contacter<\/a><\/span> si vous en avez besoin.<\/p>\n<h2><span style=\"font-size: 14pt;\">Propri\u00e9t\u00e9s physiques<i class=\"otgs-ico-refresh js-otgs-popover-tooltip tippy-active\" tabindex=\"0\" data-original-title=\"Update French translation\" aria-describedby=\"tippy-2\"><\/i><\/span><\/h2>\n<p>Formule mol\u00e9culaire : Cu2ZnSnS4<\/p>\n<p>Poids mol\u00e9culaire : environ 439,47 g\/mol<\/p>\n<p>Aspect : cible g\u00e9n\u00e9ralement noire<\/p>\n<p>Densit\u00e9 : La densit\u00e9 th\u00e9orique est d\u2019environ 4,56 g\/cm3.<\/p>\n<p>Point de fusion : environ 990\u00b0C<\/p>\n<p>Structure cristalline : Syst\u00e8me cristallin t\u00e9tragonal<\/p>\n<h2><span style=\"font-size: 14pt;\">Applications<\/span><\/h2>\n<p>Champ d\u2019\u00e9nergie solaire\u00a0: utilis\u00e9 dans la pr\u00e9paration de cellules solaires \u00e0 couche mince, en tant que mat\u00e9riau de couche d\u2019absorption, peut absorber efficacement la lumi\u00e8re du soleil et la convertir en \u00e9lectricit\u00e9.<\/p>\n<p>Domaine opto\u00e9lectronique : Il joue un r\u00f4le dans la recherche et le d\u00e9veloppement de dispositifs opto\u00e9lectroniques tels que les photod\u00e9tecteurs et les lasers, en utilisant ses propri\u00e9t\u00e9s semi-conductrices pour r\u00e9aliser la conversion photo\u00e9lectrique et d\u2019autres fonctions.<\/p>\n<p>Domaine des semi-conducteurs : Il peut \u00eatre utilis\u00e9 dans la recherche et le d\u00e9veloppement de mat\u00e9riaux semi-conducteurs, fournissant des mat\u00e9riaux de base pour le d\u00e9veloppement de nouveaux dispositifs semi-conducteurs et contribuant \u00e0 am\u00e9liorer les performances des dispositifs semi-conducteurs.<\/p>\n<h2><span style=\"font-size: 14pt;\">Contr\u00f4le de la qualit\u00e9<\/span><\/h2>\n<p><span style=\"color: #0000ff;\"><a style=\"color: #0000ff;\" href=\"https:\/\/vimaterial.de\/fr\/controle-qualite\/\">Chaque lot<\/a><\/span> de produits met en \u0153uvre le syst\u00e8me de contr\u00f4le de qualit\u00e9 le plus strict, nous avons compl\u00e9t\u00e9 les registres des produits, la tra\u00e7abilit\u00e9 des produits avec une assurance qualit\u00e9 stricte. Nous avons un processus complet pour la manipulation des produits non conformes, et nous ne transmettrons pas les produits non conformes au processus suivant. Nous fournissons des \u00e9chantillons pour la r\u00e9inspection des clients et nous soutenons \u00e9galement les organismes d\u2019inspection tiers d\u00e9sign\u00e9s par les clients.<\/p>\n<h2><span style=\"font-size: 14pt;\">Emballage et stockage<\/span><\/h2>\n<p>Les cibles de pulv\u00e9risation au sulfure de cuivre et de zinc sont emball\u00e9es dans des sacs sous vide doubles, puis emball\u00e9es.<\/p>\n<p>Les cibles de pulv\u00e9risation de sulfure de cuivre et de zinc et d\u2019\u00e9tain doivent \u00eatre stock\u00e9es dans un environnement sec, frais et bien ventil\u00e9, en \u00e9vitant l\u2019humidit\u00e9, l\u2019oxydation et le contact avec des substances corrosives, tout en pr\u00e9venant les dommages physiques, de pr\u00e9f\u00e9rence dans des emballages scell\u00e9s pour s\u2019assurer que ses performances et sa qualit\u00e9 ne sont pas affect\u00e9es.<\/p>\n","protected":false},"excerpt":{"rendered":"<p>La cible de pulv\u00e9risation de <span style=\"color: #0000ff;\"><a style=\"color: #0000ff;\" href=\"https:\/\/vimaterial.de\/fr\/product\/sulfure-de-cuivre-de-zinc-et-detain-czts-2\/\">sulfure de cuivre et de zinc et d\u2019\u00e9tain<\/a> <\/span>est un mat\u00e9riau utilis\u00e9 dans la technologie de d\u00e9p\u00f4t de couches minces, qui est principalement compos\u00e9e d\u2019\u00e9l\u00e9ments de cuivre, de zinc, d\u2019\u00e9tain et de soufre. Gr\u00e2ce au processus de pulv\u00e9risation, un film CZTS peut \u00eatre form\u00e9 sur le substrat, ce qui est potentiellement applicable dans le domaine des applications photovolta\u00efques, telles que les cellules solaires.<\/p>\n","protected":false},"featured_media":1003031,"comment_status":"open","ping_status":"closed","template":"","meta":{"_acf_changed":false},"product_brand":[],"product_cat":[235],"product_tag":[],"class_list":{"0":"post-1017097","1":"product","2":"type-product","3":"status-publish","4":"has-post-thumbnail","6":"product_cat-cibles-de-pulverisation-planaire","8":"first","9":"instock","10":"shipping-taxable","11":"product-type-variable"},"acf":[],"_links":{"self":[{"href":"https:\/\/vimaterial.de\/fr\/wp-json\/wp\/v2\/product\/1017097","targetHints":{"allow":["GET"]}}],"collection":[{"href":"https:\/\/vimaterial.de\/fr\/wp-json\/wp\/v2\/product"}],"about":[{"href":"https:\/\/vimaterial.de\/fr\/wp-json\/wp\/v2\/types\/product"}],"replies":[{"embeddable":true,"href":"https:\/\/vimaterial.de\/fr\/wp-json\/wp\/v2\/comments?post=1017097"}],"wp:featuredmedia":[{"embeddable":true,"href":"https:\/\/vimaterial.de\/fr\/wp-json\/wp\/v2\/media\/1003031"}],"wp:attachment":[{"href":"https:\/\/vimaterial.de\/fr\/wp-json\/wp\/v2\/media?parent=1017097"}],"wp:term":[{"taxonomy":"product_brand","embeddable":true,"href":"https:\/\/vimaterial.de\/fr\/wp-json\/wp\/v2\/product_brand?post=1017097"},{"taxonomy":"product_cat","embeddable":true,"href":"https:\/\/vimaterial.de\/fr\/wp-json\/wp\/v2\/product_cat?post=1017097"},{"taxonomy":"product_tag","embeddable":true,"href":"https:\/\/vimaterial.de\/fr\/wp-json\/wp\/v2\/product_tag?post=1017097"}],"curies":[{"name":"wp","href":"https:\/\/api.w.org\/{rel}","templated":true}]}}