{"id":1017083,"date":"2024-06-17T14:57:45","date_gmt":"2024-06-17T06:57:45","guid":{"rendered":"https:\/\/vimaterial.de\/product\/alliage-cuivre-aluminium\/"},"modified":"2025-04-11T12:18:30","modified_gmt":"2025-04-11T04:18:30","slug":"alliage-cuivre-aluminium","status":"publish","type":"product","link":"https:\/\/vimaterial.de\/fr\/product\/alliage-cuivre-aluminium\/","title":{"rendered":"Alliage de cuivre et d\u2019aluminium"},"content":{"rendered":"<p><span style=\"color: #0000ff;\"><a style=\"color: #0000ff;\" href=\"https:\/\/vimaterial.de\/fr\/product\/alliage-de-cuivre-et-de-nickel-3\/\">Alliage de cuivre et d\u2019aluminium<\/a><\/span> Les cibles de pulv\u00e9risation sont des alliages de cuivre et d\u2019aluminium qui sont utilis\u00e9s dans des processus tels que le d\u00e9p\u00f4t physique en phase vapeur pour former des films minces avec des propri\u00e9t\u00e9s sp\u00e9cifiques \u00e0 la surface d\u2019un mat\u00e9riau de substrat par pulv\u00e9risation.<\/p>\n<p>VIMATERIAL en tant qu\u2019entreprise professionnelle de mati\u00e8res premi\u00e8res chimiques inorganiques, notre cible de pulv\u00e9risation en alliage de cuivre et d\u2019aluminium a une grande puret\u00e9, la taille peut \u00eatre personnalis\u00e9e et nous pouvons fournir un service de liaison de cible,<span style=\"color: #0000ff;\"><a style=\"color: #0000ff;\" href=\"https:\/\/vimaterial.de\/fr\/contact\/\"> contactez-nous.<\/a><\/span><\/p>\n<h2><span style=\"font-size: 14pt;\">Propri\u00e9t\u00e9s physiques<\/span><\/h2>\n<p>Formule mol\u00e9culaire : CuAl<\/p>\n<p>Apparence\u00a0: Pr\u00e9sentant g\u00e9n\u00e9ralement un \u00e9clat m\u00e9tallique, la couleur varie en fonction de la teneur en cuivre, g\u00e9n\u00e9ralement entre le blanc argent\u00e9 et le rouge clair, la surface est relativement lisse.<\/p>\n<p>Point de fusion : g\u00e9n\u00e9ralement autour de 640\u00b0C, inf\u00e9rieur au point de fusion du cuivre pur (1083,4\u00b0C).<\/p>\n<p>Structure cristalline : structure cubique g\u00e9n\u00e9ralement centr\u00e9e sur la face, etc.<\/p>\n<h2><span style=\"font-size: 14pt;\">Applications<\/span><\/h2>\n<p>\u00c9lectronique\u00a0: L\u2019alliage de cuivre et d\u2019aluminium est utilis\u00e9 dans la fabrication de dispositifs \u00e9lectroniques, tels que la fabrication de puces semi-conductrices comme mat\u00e9riaux de c\u00e2blage, peut fournir une bonne conductivit\u00e9 \u00e9lectrique et des propri\u00e9t\u00e9s anti-\u00e9lectromigration, ce qui contribue \u00e0 am\u00e9liorer les performances et la stabilit\u00e9 de la puce.<\/p>\n<p>Champ optique : Dans la pr\u00e9paration des films optiques, ces cibles de pulv\u00e9risation peuvent \u00eatre utilis\u00e9es pour fabriquer des lentilles optiques, des filtres, etc. Les films form\u00e9s par pulv\u00e9risation cathodique peuvent modifier les caract\u00e9ristiques de r\u00e9flexion et de transmission de la lumi\u00e8re, afin d\u2019obtenir les propri\u00e9t\u00e9s optiques requises, telles qu\u2019une transparence accrue, une r\u00e9flexion et d\u2019autres effets.<\/p>\n<p>A\u00e9rospatiale : Les cibles de pulv\u00e9risation en alliage de cuivre et d\u2019aluminium sont utilis\u00e9es pour rev\u00eatir des pi\u00e8ces d\u2019\u00e9quipements a\u00e9rospatiaux afin d\u2019am\u00e9liorer la r\u00e9sistance \u00e0 la corrosion et aux intemp\u00e9ries, de prot\u00e9ger les pi\u00e8ces dans des environnements extr\u00eames et d\u2019aider \u00e0 dissiper la chaleur dans les pi\u00e8ces n\u00e9cessitant une bonne conductivit\u00e9 thermique.<\/p>\n<h2><span style=\"font-size: 14pt;\">Contr\u00f4le de la qualit\u00e9<\/span><\/h2>\n<p><span style=\"color: #0000ff;\"><a style=\"color: #0000ff;\" href=\"https:\/\/vimaterial.de\/fr\/controle-qualite\/\">VIMATERIAL<\/a><\/span> a construit un syst\u00e8me de contr\u00f4le de qualit\u00e9 complet, \u00e0 plusieurs niveaux et \u00e0 angle mort z\u00e9ro, de la s\u00e9lection des mati\u00e8res premi\u00e8res, un suivi pr\u00e9cis et des sp\u00e9cifications strictes tout au long du processus de production, une inspection compl\u00e8te avant que les produits finis ne quittent l\u2019usine et un retour d\u2019information ult\u00e9rieur sur la tra\u00e7abilit\u00e9, nous respectons strictement les normes et standards ultimes \u00e0 chaque \u00e9tape pour fournir les produits les meilleurs et les plus appropri\u00e9s \u00e0 nos clients. Nous fournirons des \u00e9chantillons \u00e0 nos clients et les aiderons lors de la r\u00e9inspection.<\/p>\n<h2><span style=\"font-size: 14pt;\">Emballage et stockage<\/span><\/h2>\n<p>Les cibles de pulv\u00e9risation en alliage de cuivre et d\u2019aluminium sont emball\u00e9es dans des sacs sous vide en couches.<\/p>\n<p>Les cibles de pulv\u00e9risation en alliage de cuivre et d\u2019aluminium doivent \u00eatre stock\u00e9es dans un environnement sec et bien ventil\u00e9 avec une temp\u00e9rature et une humidit\u00e9 relativement stables et exemptes de gaz corrosifs, \u00e9vitant les collisions physiques et l\u2019extrusion, et n\u00e9cessitant des mesures anti-poussi\u00e8re.<\/p>\n","protected":false},"excerpt":{"rendered":"<p><span style=\"color: #0000ff;\"><a style=\"color: #0000ff;\" href=\"https:\/\/vimaterial.de\/fr\/product\/alliage-de-cuivre-et-de-nickel-3\/\">Alliage de cuivre et d\u2019aluminium<\/a><\/span> Les cibles de pulv\u00e9risation sont des alliages de cuivre et d\u2019aluminium qui sont utilis\u00e9s dans des processus tels que le d\u00e9p\u00f4t physique en phase vapeur pour former des films minces avec des propri\u00e9t\u00e9s sp\u00e9cifiques \u00e0 la surface d\u2019un mat\u00e9riau de substrat par pulv\u00e9risation.<\/p>\n","protected":false},"featured_media":1003061,"comment_status":"open","ping_status":"closed","template":"","meta":{"_acf_changed":false},"product_brand":[],"product_cat":[235],"product_tag":[],"class_list":{"0":"post-1017083","1":"product","2":"type-product","3":"status-publish","4":"has-post-thumbnail","6":"product_cat-cibles-de-pulverisation-planaire","8":"first","9":"instock","10":"shipping-taxable","11":"purchasable","12":"product-type-variable"},"acf":[],"_links":{"self":[{"href":"https:\/\/vimaterial.de\/fr\/wp-json\/wp\/v2\/product\/1017083","targetHints":{"allow":["GET"]}}],"collection":[{"href":"https:\/\/vimaterial.de\/fr\/wp-json\/wp\/v2\/product"}],"about":[{"href":"https:\/\/vimaterial.de\/fr\/wp-json\/wp\/v2\/types\/product"}],"replies":[{"embeddable":true,"href":"https:\/\/vimaterial.de\/fr\/wp-json\/wp\/v2\/comments?post=1017083"}],"wp:featuredmedia":[{"embeddable":true,"href":"https:\/\/vimaterial.de\/fr\/wp-json\/wp\/v2\/media\/1003061"}],"wp:attachment":[{"href":"https:\/\/vimaterial.de\/fr\/wp-json\/wp\/v2\/media?parent=1017083"}],"wp:term":[{"taxonomy":"product_brand","embeddable":true,"href":"https:\/\/vimaterial.de\/fr\/wp-json\/wp\/v2\/product_brand?post=1017083"},{"taxonomy":"product_cat","embeddable":true,"href":"https:\/\/vimaterial.de\/fr\/wp-json\/wp\/v2\/product_cat?post=1017083"},{"taxonomy":"product_tag","embeddable":true,"href":"https:\/\/vimaterial.de\/fr\/wp-json\/wp\/v2\/product_tag?post=1017083"}],"curies":[{"name":"wp","href":"https:\/\/api.w.org\/{rel}","templated":true}]}}