{"id":1017076,"date":"2024-06-17T14:57:42","date_gmt":"2024-06-17T06:57:42","guid":{"rendered":"https:\/\/vimaterial.de\/product\/siliciure-de-cuivre\/"},"modified":"2025-04-11T13:20:16","modified_gmt":"2025-04-11T05:20:16","slug":"siliciure-de-cuivre","status":"publish","type":"product","link":"https:\/\/vimaterial.de\/fr\/product\/siliciure-de-cuivre\/","title":{"rendered":"Siliciure de cuivre"},"content":{"rendered":"<p>Les particules de <span style=\"color: #0000ff;\"><a style=\"color: #0000ff;\" href=\"https:\/\/vimaterial.de\/fr\/product\/siliciure-de-fer-2\/\">siliciure de cuivre<\/a> <\/span>sont des particules solides compos\u00e9es de cuivre et de silicium, qui ont des propri\u00e9t\u00e9s semi-conductrices, et peuvent \u00eatre utilis\u00e9es dans de nombreuses applications dans le domaine de la micro\u00e9lectronique, telles que les mat\u00e9riaux de contact, la fabrication de circuits int\u00e9gr\u00e9s, et peuvent \u00e9galement jouer un r\u00f4le dans le domaine des mat\u00e9riaux opto\u00e9lectroniques et d\u2019autres domaines sous forme de particules.<\/p>\n<p>La puret\u00e9 des particules de siliciure de cuivre fournie par VIMATERIAL, nous prenons en charge les produits personnalis\u00e9s, les petites commandes de lots, les d\u00e9lais de livraison courts et les performances stables du produit. Nous avons une \u00e9quipe de R&amp;D professionnelle, vous pouvez<span style=\"color: #0000ff;\"><a style=\"color: #0000ff;\" href=\"https:\/\/vimaterial.de\/fr\/contact\/\"> nous contacter<\/a><\/span> si vous avez des questions.<\/p>\n<h2><span style=\"font-size: 14pt;\">Propri\u00e9t\u00e9s physiques<\/span><\/h2>\n<p>Formule mol\u00e9culaire : Cu\u2085Si<\/p>\n<p>Poids mol\u00e9culaire : environ 345,81-345,82<\/p>\n<p>Apparence\u00a0: granul\u00e9s de couleur argent\u00e9e.<\/p>\n<p>Densit\u00e9 : 7,7-7,8 g\/cm\u00b3.<\/p>\n<p>Point de fusion : 825\u00b0C<\/p>\n<p>Structure cristalline : Il a la structure cristalline des compos\u00e9s interm\u00e9talliques, et les d\u00e9tails de sa structure cristalline sp\u00e9cifique sont plus compliqu\u00e9s, entre les compos\u00e9s ioniques et les alliages, c\u2019est un cristal solide poly\u00e9drique.<\/p>\n<h2><span style=\"font-size: 14pt;\">Applications<\/span><\/h2>\n<p>Champ \u00e9lectronique\u00a0: Il peut \u00eatre utilis\u00e9 pour fabriquer des mat\u00e9riaux de contact pour les composants \u00e9lectroniques, en utilisant sa bonne conductivit\u00e9 pour r\u00e9duire la r\u00e9sistance de contact et am\u00e9liorer les performances des \u00e9quipements \u00e9lectroniques.<\/p>\n<p>Industrie des semi-conducteurs : Dans la fabrication de semi-conducteurs, il peut \u00eatre utilis\u00e9 comme mat\u00e9riau dopant pour modifier les propri\u00e9t\u00e9s \u00e9lectriques des semi-conducteurs, ce qui contribue \u00e0 la fabrication de dispositifs semi-conducteurs haute performance.<\/p>\n<p>Renforcement du mat\u00e9riau : Des particules de Cu5Si peuvent \u00eatre ajout\u00e9es aux alliages \u00e0 base de cuivre en tant qu\u2019additif d\u2019alliage pour augmenter la r\u00e9sistance et la duret\u00e9 de l\u2019alliage gr\u00e2ce \u00e0 un m\u00e9canisme de renforcement diffus, tout en maintenant un certain degr\u00e9 de t\u00e9nacit\u00e9.<\/p>\n<p>Champ de gestion thermique : En raison de sa conductivit\u00e9 thermique relativement \u00e9lev\u00e9e, il peut \u00eatre utilis\u00e9 pour pr\u00e9parer des mat\u00e9riaux de dissipation de chaleur afin d\u2019aider les \u00e9quipements \u00e9lectroniques et d\u2019autres dissipations thermiques efficaces.<\/p>\n<p>Champ photovolta\u00efque : Dans la fabrication de cellules solaires, il peut \u00eatre utilis\u00e9 comme mat\u00e9riau de contact arri\u00e8re ou mat\u00e9riau de connexion interm\u00e9diaire, ce qui contribue \u00e0 am\u00e9liorer l\u2019efficacit\u00e9 de la conversion photo\u00e9lectrique et la stabilit\u00e9 de la cellule.<\/p>\n<h2><span style=\"font-size: 14pt;\">Contr\u00f4le de la qualit\u00e9<\/span><\/h2>\n<p><span style=\"color: #0000ff;\"><a style=\"color: #0000ff;\" href=\"https:\/\/vimaterial.de\/fr\/controle-qualite\/\">Le syst\u00e8me de contr\u00f4le de qualit\u00e9 le plus strict<\/a><\/span> est mis en place pour chaque lot de produits, et la tra\u00e7abilit\u00e9 de nos produits et la r\u00e9gularit\u00e9 de nos produits sont bien garanties. Nous avons un processus de traitement strict pour les produits non conformes afin de garantir qu\u2019aucun produit non qualifi\u00e9 ne passe au processus suivant.<\/p>\n<h2><span style=\"font-size: 14pt;\">Emballage et stockage<\/span><\/h2>\n<p>Les granul\u00e9s de siliciure de cuivre sont emball\u00e9s dans des sacs ou des bouteilles sous vide doubles. Notre unit\u00e9 d\u2019emballage minimale est de 100g\/bouteille.<\/p>\n<p>Les granul\u00e9s de siliciure de cuivre doivent \u00eatre stock\u00e9s dans un environnement sec, frais et bien ventil\u00e9, en \u00e9vitant l\u2019humidit\u00e9, l\u2019oxydation et le contact avec des acides, des alcalis et d\u2019autres substances corrosives, et en m\u00eame temps doivent \u00eatre tenus \u00e0 l\u2019\u00e9cart des sources d\u2019inflammation et de chaleur, et il est pr\u00e9f\u00e9rable d\u2019utiliser des r\u00e9cipients scell\u00e9s pour la conservation afin d\u2019assurer la stabilit\u00e9 de ses propri\u00e9t\u00e9s physiques et chimiques.<\/p>\n","protected":false},"excerpt":{"rendered":"<p>Les particules de <span style=\"color: #0000ff;\"><a style=\"color: #0000ff;\" href=\"https:\/\/vimaterial.de\/fr\/product\/siliciure-de-fer-2\/\">siliciure de cuivre<\/a> <\/span>sont des particules solides compos\u00e9es de cuivre et de silicium, qui ont des propri\u00e9t\u00e9s semi-conductrices, et peuvent \u00eatre utilis\u00e9es dans de nombreuses applications dans le domaine de la micro\u00e9lectronique, telles que les mat\u00e9riaux de contact, la fabrication de circuits int\u00e9gr\u00e9s, et peuvent \u00e9galement jouer un r\u00f4le dans le domaine des mat\u00e9riaux opto\u00e9lectroniques et d\u2019autres domaines sous forme de particules.<\/p>\n<p>La puret\u00e9 des particules de siliciure de cuivre fournie par VIMATERIAL, nous prenons en charge les produits personnalis\u00e9s, les petites commandes de lots, les d\u00e9lais de livraison courts et les performances stables du produit. Nous avons une \u00e9quipe de R&amp;D professionnelle, vous pouvez<span style=\"color: #0000ff;\"><a style=\"color: #0000ff;\" href=\"https:\/\/vimaterial.de\/fr\/contact\/\"> nous contacter<\/a><\/span> si vous avez des questions.<\/p>\n","protected":false},"featured_media":1003054,"comment_status":"open","ping_status":"closed","template":"","meta":{"_acf_changed":false},"product_brand":[],"product_cat":[236],"product_tag":[],"class_list":{"0":"post-1017076","1":"product","2":"type-product","3":"status-publish","4":"has-post-thumbnail","6":"product_cat-materiaux-devaporation","8":"first","9":"instock","10":"shipping-taxable","11":"product-type-variable"},"acf":[],"_links":{"self":[{"href":"https:\/\/vimaterial.de\/fr\/wp-json\/wp\/v2\/product\/1017076","targetHints":{"allow":["GET"]}}],"collection":[{"href":"https:\/\/vimaterial.de\/fr\/wp-json\/wp\/v2\/product"}],"about":[{"href":"https:\/\/vimaterial.de\/fr\/wp-json\/wp\/v2\/types\/product"}],"replies":[{"embeddable":true,"href":"https:\/\/vimaterial.de\/fr\/wp-json\/wp\/v2\/comments?post=1017076"}],"wp:featuredmedia":[{"embeddable":true,"href":"https:\/\/vimaterial.de\/fr\/wp-json\/wp\/v2\/media\/1003054"}],"wp:attachment":[{"href":"https:\/\/vimaterial.de\/fr\/wp-json\/wp\/v2\/media?parent=1017076"}],"wp:term":[{"taxonomy":"product_brand","embeddable":true,"href":"https:\/\/vimaterial.de\/fr\/wp-json\/wp\/v2\/product_brand?post=1017076"},{"taxonomy":"product_cat","embeddable":true,"href":"https:\/\/vimaterial.de\/fr\/wp-json\/wp\/v2\/product_cat?post=1017076"},{"taxonomy":"product_tag","embeddable":true,"href":"https:\/\/vimaterial.de\/fr\/wp-json\/wp\/v2\/product_tag?post=1017076"}],"curies":[{"name":"wp","href":"https:\/\/api.w.org\/{rel}","templated":true}]}}