{"id":1017064,"date":"2024-06-17T14:57:45","date_gmt":"2024-06-17T06:57:45","guid":{"rendered":"https:\/\/vimaterial.de\/product\/oxyde-de-cuivre-et-daluminium\/"},"modified":"2025-04-11T11:30:50","modified_gmt":"2025-04-11T03:30:50","slug":"oxyde-de-cuivre-et-daluminium","status":"publish","type":"product","link":"https:\/\/vimaterial.de\/fr\/product\/oxyde-de-cuivre-et-daluminium\/","title":{"rendered":"Cuivre Oxyde d&#8217;aluminium"},"content":{"rendered":"<p><span style=\"color: #0000ff;\"><a style=\"color: #0000ff;\" href=\"https:\/\/vimaterial.de\/fr\/product\/aluminate-de-cuivre-oxyde-de-cuivre-et-daluminium-3\/\">La poudre Cuivre Oxyde d&#8217;aluminium<\/a><\/span>\u00a0est une poudre compos\u00e9e \u00e0 structure spinelle, principalement compos\u00e9e de cuivre, d\u2019aluminium et d\u2019oxyg\u00e8ne, avec diff\u00e9rentes couleurs, g\u00e9n\u00e9ralement bleu-vert, avec une bonne stabilit\u00e9 chimique, une stabilit\u00e9 thermique et des propri\u00e9t\u00e9s optiques, qui joue un r\u00f4le important dans la catalyse, les mat\u00e9riaux luminescents, la c\u00e9ramique et de nombreux autres domaines.<\/p>\n<p>VIMATERIAL fournit de la poudre d\u2019oxyde d\u2019aluminium de cuivre de haute puret\u00e9, en tant qu\u2019entreprise professionnelle de mati\u00e8res premi\u00e8res chimiques inorganiques, notre poudre d\u2019oxyde d\u2019aluminium et de cuivre a une grande puret\u00e9 et une fiabilit\u00e9 de produit \u00e9lev\u00e9e, nous prenons en charge la commande de petits lots, pour r\u00e9soudre les soucis du client, nous avons une \u00e9quipe technique professionnelle, veuillez <span style=\"color: #0000ff;\"><a style=\"color: #0000ff;\" href=\"https:\/\/vimaterial.de\/fr\/contact\/\">nous contacter.<\/a><\/span><\/p>\n<h2><span style=\"font-size: 14pt;\">Propri\u00e9t\u00e9s physiques<\/span><\/h2>\n<p>Formule mol\u00e9culaire : CuAl2O4<\/p>\n<p>Poids mol\u00e9culaire : 181,51 g\/mol<\/p>\n<p>Apparence\u00a0: g\u00e9n\u00e9ralement poudre brune<\/p>\n<p>Point de fusion : &gt;1000 \u00b0C (d\u00e9composition)<\/p>\n<p>Structure cristalline : Structure spinelle<\/p>\n<h2><span style=\"font-size: 14pt;\">Applications<\/span><\/h2>\n<p>Photocatalyse : Il peut \u00eatre utilis\u00e9 comme photocatalyseur pour d\u00e9grader les polluants organiques, tels que la solution de colorant indigo cochenille sous la lumi\u00e8re UV avec une efficacit\u00e9 \u00e9lev\u00e9e.<\/p>\n<p>\u00c9lectronique\u00a0: Dans les appareils \u00e9lectroniques, il peut \u00eatre utilis\u00e9 comme mat\u00e9riau de couche tampon, ce qui contribue \u00e0 am\u00e9liorer les performances et la stabilit\u00e9 de l\u2019appareil.<\/p>\n<p>Champ optique : en raison de ses propri\u00e9t\u00e9s optiques particuli\u00e8res, il peut \u00eatre utilis\u00e9 pour pr\u00e9parer des dispositifs optiques, tels que des diodes \u00e9lectroluminescentes.<\/p>\n<p>Domaine de la c\u00e9ramique : en tant qu\u2019additif aux mat\u00e9riaux c\u00e9ramiques, il peut am\u00e9liorer les propri\u00e9t\u00e9s m\u00e9caniques, la stabilit\u00e9 thermique et la stabilit\u00e9 chimique des c\u00e9ramiques, et \u00eatre utilis\u00e9 pour fabriquer des produits c\u00e9ramiques haute performance.<\/p>\n<p>Domaine des batteries lithium-ion : il peut \u00eatre utilis\u00e9 comme additif pour les mat\u00e9riaux de cathode ou les mat\u00e9riaux d\u2019\u00e9lectrode des batteries lithium-ion afin d\u2019am\u00e9liorer les performances \u00e9lectrochimiques et la stabilit\u00e9 de cycle de la batterie.<\/p>\n<h2><span style=\"font-size: 14pt;\">Contr\u00f4le de la qualit\u00e9<\/span><\/h2>\n<p><span style=\"color: #0000ff;\"><a style=\"color: #0000ff;\" href=\"https:\/\/vimaterial.de\/fr\/controle-qualite\/\">VIMATERIAL<\/a><\/span> a construit un syst\u00e8me de contr\u00f4le de qualit\u00e9 complet, \u00e0 plusieurs niveaux et \u00e0 angle mort z\u00e9ro, de la s\u00e9lection des mati\u00e8res premi\u00e8res, un suivi pr\u00e9cis et des sp\u00e9cifications strictes tout au long du processus de production, une inspection compl\u00e8te avant que les produits finis ne quittent l\u2019usine et un retour d\u2019information ult\u00e9rieur sur la tra\u00e7abilit\u00e9, nous respectons strictement les normes et standards ultimes \u00e0 chaque \u00e9tape pour fournir les produits les meilleurs et les plus appropri\u00e9s \u00e0 nos clients. Nous fournirons des \u00e9chantillons \u00e0 nos clients et les aiderons lors de la r\u00e9inspection.<\/p>\n<h2><span style=\"font-size: 14pt;\">Emballage et stockage<\/span><\/h2>\n<p>La poudre d\u2019oxyde d\u2019aluminium et de cuivre est emball\u00e9e dans des sacs ou des bouteilles sous vide.<\/p>\n<p>La poudre d\u2019oxyde d\u2019aluminium et de cuivre doit \u00eatre stock\u00e9e dans un environnement sec, frais et bien ventil\u00e9, scell\u00e9e pour \u00e9viter l\u2019humidit\u00e9 et la r\u00e9action avec l\u2019humidit\u00e9 de l\u2019air, les gaz acides ou alcalins, et doit \u00eatre tenue \u00e0 l\u2019\u00e9cart du feu et des sources de chaleur.<\/p>\n<p>&nbsp;<\/p>\n","protected":false},"excerpt":{"rendered":"<p><span style=\"color: #0000ff;\"><a style=\"color: #0000ff;\" href=\"https:\/\/vimaterial.de\/fr\/product\/aluminate-de-cuivre-oxyde-de-cuivre-et-daluminium-3\/\">La poudre Cuivre Oxyde d&#8217;aluminium<\/a><\/span>\u00a0est une poudre compos\u00e9e \u00e0 structure spinelle, principalement compos\u00e9e de cuivre, d\u2019aluminium et d\u2019oxyg\u00e8ne, avec diff\u00e9rentes couleurs, g\u00e9n\u00e9ralement bleu-vert, avec une bonne stabilit\u00e9 chimique, une stabilit\u00e9 thermique et des propri\u00e9t\u00e9s optiques, qui joue un r\u00f4le important dans la catalyse, les mat\u00e9riaux luminescents, la c\u00e9ramique et de nombreux autres domaines.<\/p>\n","protected":false},"featured_media":1003069,"comment_status":"open","ping_status":"closed","template":"","meta":{"_acf_changed":false},"product_brand":[],"product_cat":[244],"product_tag":[],"class_list":{"0":"post-1017064","1":"product","2":"type-product","3":"status-publish","4":"has-post-thumbnail","6":"product_cat-autres-materiaux","8":"first","9":"instock","10":"shipping-taxable","11":"product-type-variable"},"acf":[],"_links":{"self":[{"href":"https:\/\/vimaterial.de\/fr\/wp-json\/wp\/v2\/product\/1017064","targetHints":{"allow":["GET"]}}],"collection":[{"href":"https:\/\/vimaterial.de\/fr\/wp-json\/wp\/v2\/product"}],"about":[{"href":"https:\/\/vimaterial.de\/fr\/wp-json\/wp\/v2\/types\/product"}],"replies":[{"embeddable":true,"href":"https:\/\/vimaterial.de\/fr\/wp-json\/wp\/v2\/comments?post=1017064"}],"wp:featuredmedia":[{"embeddable":true,"href":"https:\/\/vimaterial.de\/fr\/wp-json\/wp\/v2\/media\/1003069"}],"wp:attachment":[{"href":"https:\/\/vimaterial.de\/fr\/wp-json\/wp\/v2\/media?parent=1017064"}],"wp:term":[{"taxonomy":"product_brand","embeddable":true,"href":"https:\/\/vimaterial.de\/fr\/wp-json\/wp\/v2\/product_brand?post=1017064"},{"taxonomy":"product_cat","embeddable":true,"href":"https:\/\/vimaterial.de\/fr\/wp-json\/wp\/v2\/product_cat?post=1017064"},{"taxonomy":"product_tag","embeddable":true,"href":"https:\/\/vimaterial.de\/fr\/wp-json\/wp\/v2\/product_tag?post=1017064"}],"curies":[{"name":"wp","href":"https:\/\/api.w.org\/{rel}","templated":true}]}}