{"id":1017048,"date":"2024-06-17T14:58:25","date_gmt":"2024-06-17T06:58:25","guid":{"rendered":"https:\/\/vimaterial.de\/product\/aluminate-de-cuivre-oxyde-de-cuivre-et-daluminium-3\/"},"modified":"2025-04-11T11:03:00","modified_gmt":"2025-04-11T03:03:00","slug":"aluminate-de-cuivre-oxyde-de-cuivre-et-daluminium-3","status":"publish","type":"product","link":"https:\/\/vimaterial.de\/fr\/product\/aluminate-de-cuivre-oxyde-de-cuivre-et-daluminium-3\/","title":{"rendered":"Aluminate de cuivre (oxyde d\u2019aluminium et de cuivre)"},"content":{"rendered":"<p><span style=\"color: #0000ff;\"><a style=\"color: #0000ff;\" href=\"https:\/\/vimaterial.de\/fr\/product\/aluminate-de-cuivre-oxyde-de-cuivre-et-daluminium\/\">La poudre d\u2019aluminate de cuivre<\/a><\/span> est une poudre compos\u00e9e inorganique avec une structure cristalline de d\u00e9lafossite. En tant que premier mat\u00e9riau d\u2019oxyde conducteur transparent de type p \u00e0 la delafossite, il a des applications importantes dans de nombreux domaines tels que les dispositifs opto\u00e9lectroniques.<\/p>\n<p>VIMATERIAL fournit de l\u2019aluminate de cuivre. Le produit a des performances stables, un petit emballage et des bouteilles exquises. Nous avons une \u00e9quipe technique professionnelle de R&amp;D. <a href=\"https:\/\/vimaterial.de\/fr\/contact\/\"><span style=\"color: #0000ff;\">N\u2019h\u00e9sitez pas \u00e0 nous contacter<\/span>.<\/a><\/p>\n<h2><span style=\"font-size: 14pt;\">Propri\u00e9t\u00e9s physiques<\/span><\/h2>\n<p>Formule mol\u00e9culaire : CuAlO\u2082<\/p>\n<p>Poids mol\u00e9culaire : environ 120,54<\/p>\n<p>Apparence\u00a0: poudre noire ou bleu-gris<\/p>\n<p>Densit\u00e9 : environ 6,3 g\/cm\u00b3<\/p>\n<p>Point de fusion : environ 1200 \u00b0C<\/p>\n<p>Structure cristalline : Il a une structure cristalline unique et appartient \u00e0 la structure cristalline de la d\u00e9lafossite. Dans sa structure, les ions Cu\u207a et Al\u00b3\u207a occupent respectivement diff\u00e9rentes positions du r\u00e9seau pour former une structure cristalline en couches. Cette structure lui conf\u00e8re des propri\u00e9t\u00e9s physiques et chimiques particuli\u00e8res.<\/p>\n<h2><span style=\"font-size: 14pt;\">Applications<\/span><\/h2>\n<p>Domaine \u00e9lectronique\u00a0: Il peut \u00eatre utilis\u00e9 pour fabriquer des composants \u00e9lectroniques avec une bonne gestion thermique et des propri\u00e9t\u00e9s \u00e9lectriques.<\/p>\n<p>Champ de gestion thermique : Avec son excellente conductivit\u00e9 thermique, il convient \u00e0 diverses applications de gestion thermique qui n\u00e9cessitent une dissipation efficace de la chaleur.<\/p>\n<p>Domaine des dispositifs opto\u00e9lectroniques : Il peut \u00eatre utilis\u00e9 comme additif dans l\u2019\u00e9lectrolyte de gel composite de cellules solaires sensibilis\u00e9es \u00e0 un colorant \u00e0 l\u2019\u00e9tat quasi solide pour am\u00e9liorer les performances de la batterie.<\/p>\n<p>Domaine des semi-conducteurs : Dans des processus tels que le d\u00e9p\u00f4t de semi-conducteurs, il peut \u00eatre utilis\u00e9 pour pr\u00e9parer des rev\u00eatements avec des propri\u00e9t\u00e9s \u00e9lectriques, optiques ou thermiques sp\u00e9cifiques, ce qui joue un r\u00f4le important dans l\u2019optimisation des performances des dispositifs \u00e0 semi-conducteurs.<\/p>\n<p>Champ optique : Il peut \u00eatre utilis\u00e9 pour fabriquer des rev\u00eatements de protection r\u00e9sistants \u00e0 l\u2019usure, des rev\u00eatements d\u00e9coratifs et des affichages pour les composants optiques, etc., afin de tirer pleinement parti de ses avantages en mati\u00e8re de performances optiques.<\/p>\n<h2><span style=\"font-size: 14pt;\">Contr\u00f4le qualit\u00e9<\/span><\/h2>\n<p><span style=\"color: #0000ff;\"><a style=\"color: #0000ff;\" href=\"https:\/\/vimaterial.de\/fr\/controle-qualite\/\">Chaque lot<\/a><\/span> de produits fait l\u2019objet d\u2019un processus de contr\u00f4le de qualit\u00e9 strict. Nous fournirons des \u00e9chantillons aux clients pour qu\u2019ils puissent r\u00e9inspecter chaque lot, et nous aiderons \u00e9galement les clients \u00e0 d\u00e9signer des agences de test tierces pour les tests.<\/p>\n<h2><span style=\"font-size: 14pt;\">Emballage et stockage<\/span><\/h2>\n<p>La poudre d\u2019aluminate de cuivre est emball\u00e9e dans des sacs sous vide \u00e0 double couche ou des bouteilles sous vide.<\/p>\n<p>La poudre d\u2019aluminate de cuivre doit \u00eatre stock\u00e9e dans un environnement sec, frais et bien ventil\u00e9, \u00e9viter l\u2019humidit\u00e9 et le contact avec des substances acides et alcalines, et tenir \u00e0 l\u2019\u00e9cart du feu et des sources de chaleur. Il est pr\u00e9f\u00e9rable de le stocker dans un r\u00e9cipient scell\u00e9 pour \u00e9viter que ses propri\u00e9t\u00e9s ne changent.<\/p>\n","protected":false},"excerpt":{"rendered":"<p><span style=\"color: #0000ff;\"><a style=\"color: #0000ff;\" href=\"https:\/\/vimaterial.de\/fr\/product\/aluminate-de-cuivre-oxyde-de-cuivre-et-daluminium\/\">La poudre d\u2019aluminate de cuivre<\/a><\/span> est une poudre compos\u00e9e inorganique avec une structure cristalline de d\u00e9lafossite. En tant que premier mat\u00e9riau d\u2019oxyde conducteur transparent de type p \u00e0 la delafossite, il a des applications importantes dans de nombreux domaines tels que les dispositifs opto\u00e9lectroniques.<\/p>\n<p>VIMATERIAL fournit de l\u2019aluminate de cuivre. Le produit a des performances stables, un petit emballage et des bouteilles exquises. Nous avons une \u00e9quipe technique professionnelle de R&amp;D. <a href=\"https:\/\/vimaterial.de\/fr\/contact\/\"><span style=\"color: #0000ff;\">N\u2019h\u00e9sitez pas \u00e0 nous contacter<\/span>.<\/a><\/p>\n","protected":false},"featured_media":1003076,"comment_status":"open","ping_status":"closed","template":"","meta":{"_acf_changed":false},"product_brand":[],"product_cat":[244],"product_tag":[],"class_list":{"0":"post-1017048","1":"product","2":"type-product","3":"status-publish","4":"has-post-thumbnail","6":"product_cat-autres-materiaux","8":"first","9":"instock","10":"shipping-taxable","11":"product-type-variable"},"acf":[],"_links":{"self":[{"href":"https:\/\/vimaterial.de\/fr\/wp-json\/wp\/v2\/product\/1017048","targetHints":{"allow":["GET"]}}],"collection":[{"href":"https:\/\/vimaterial.de\/fr\/wp-json\/wp\/v2\/product"}],"about":[{"href":"https:\/\/vimaterial.de\/fr\/wp-json\/wp\/v2\/types\/product"}],"replies":[{"embeddable":true,"href":"https:\/\/vimaterial.de\/fr\/wp-json\/wp\/v2\/comments?post=1017048"}],"wp:featuredmedia":[{"embeddable":true,"href":"https:\/\/vimaterial.de\/fr\/wp-json\/wp\/v2\/media\/1003076"}],"wp:attachment":[{"href":"https:\/\/vimaterial.de\/fr\/wp-json\/wp\/v2\/media?parent=1017048"}],"wp:term":[{"taxonomy":"product_brand","embeddable":true,"href":"https:\/\/vimaterial.de\/fr\/wp-json\/wp\/v2\/product_brand?post=1017048"},{"taxonomy":"product_cat","embeddable":true,"href":"https:\/\/vimaterial.de\/fr\/wp-json\/wp\/v2\/product_cat?post=1017048"},{"taxonomy":"product_tag","embeddable":true,"href":"https:\/\/vimaterial.de\/fr\/wp-json\/wp\/v2\/product_tag?post=1017048"}],"curies":[{"name":"wp","href":"https:\/\/api.w.org\/{rel}","templated":true}]}}