{"id":1017044,"date":"2024-06-17T14:57:48","date_gmt":"2024-06-17T06:57:48","guid":{"rendered":"https:\/\/vimaterial.de\/product\/aluminate-de-cuivre-oxyde-de-cuivre-et-daluminium-2\/"},"modified":"2025-04-11T11:16:05","modified_gmt":"2025-04-11T03:16:05","slug":"aluminate-de-cuivre-oxyde-de-cuivre-et-daluminium-2","status":"publish","type":"product","link":"https:\/\/vimaterial.de\/fr\/product\/aluminate-de-cuivre-oxyde-de-cuivre-et-daluminium-2\/","title":{"rendered":"Aluminate de cuivre (oxyde d\u2019aluminium et de cuivre)"},"content":{"rendered":"<p><a href=\"https:\/\/vimaterial.de\/fr\/product\/aluminate-de-cuivre-oxyde-de-cuivre-et-daluminium\/\"><span style=\"color: #0000ff;\">Aluminate de cuivre<\/span><\/a> granules solides compos\u00e9es d\u2019\u00e9l\u00e9ments de cuivre, d\u2019aluminium et d\u2019oxyg\u00e8ne. Ils ont g\u00e9n\u00e9ralement des propri\u00e9t\u00e9s chimiques stables. L\u2019apparence peut varier en fonction de facteurs tels que la proportion d\u2019ingr\u00e9dients. Ils jouent un r\u00f4le important dans de nombreux domaines tels que l\u2019\u00e9lectronique et l\u2019optique, et doivent \u00eatre correctement stock\u00e9s dans un environnement sec et \u00e0 temp\u00e9rature appropri\u00e9e pour maintenir leurs performances.<\/p>\n<p>VIMATERIAL fournit des particules de cuivre et d&#8217;oxyde d&#8217;aluminium de haute puret\u00e9. Le produit a des performances stables, un petit emballage et des bouteilles exquises, une petite quantit\u00e9 minimale de commande, un inventaire suffisant, un service apr\u00e8s-vente parfait et une \u00e9quipe technique professionnelle de R &amp; D. <span style=\"color: #0000ff;\"><a style=\"color: #0000ff;\" href=\"https:\/\/vimaterial.de\/fr\/contact\/\">Contactez-nous<\/a><\/span> d\u00e8s maintenant.<\/p>\n<h2><span style=\"font-size: 14pt;\">Propri\u00e9t\u00e9s physiques<\/span><\/h2>\n<p>Formule mol\u00e9culaire : CuAlO\u2082<\/p>\n<p>Poids mol\u00e9culaire : 120,54<\/p>\n<p>Apparence\u00a0: G\u00e9n\u00e9ralement poudre noire ou bleu fonc\u00e9<\/p>\n<p>Densit\u00e9 : environ 5,4 g\/cm\u00b3<\/p>\n<p>Point de fusion : environ 1800\u00b0C<\/p>\n<p>Structure cristalline : appartient au syst\u00e8me hexagonal<\/p>\n<h2><span style=\"font-size: 14pt;\">Applications<\/span><\/h2>\n<p>Champ d\u2019\u00e9nergie : Dans les cellules solaires, il peut \u00eatre utilis\u00e9 comme mat\u00e9riau de couche d\u2019absorption pour convertir l\u2019\u00e9nergie solaire en \u00e9nergie \u00e9lectrique en utilisant ses excellentes propri\u00e9t\u00e9s photo\u00e9lectriques.<\/p>\n<p>Domaine \u00e9lectronique : Utilis\u00e9 pour pr\u00e9parer des substrats c\u00e9ramiques recouverts de cuivre, formant du CuAlO\u2082 entre le cuivre et la c\u00e9ramique, ce qui peut am\u00e9liorer la force de liaison entre le m\u00e9tal et la c\u00e9ramique et am\u00e9liorer les performances du substrat.<\/p>\n<p>Champ des dispositifs opto\u00e9lectroniques : Avec sa large bande interdite, sa grande transparence et sa bonne conductivit\u00e9, il peut \u00eatre utilis\u00e9 pour fabriquer des dispositifs opto\u00e9lectroniques tels que des photod\u00e9tecteurs et des transistors \u00e0 couche mince.<\/p>\n<p>Domaine de la catalyse : Dans la r\u00e9action \u00e9lectrochimique de r\u00e9duction du CO\u2082, il peut \u00eatre utilis\u00e9 comme stabilisateur d\u2019interface pour am\u00e9liorer la s\u00e9lectivit\u00e9 et la stabilit\u00e9 du catalyseur et aider le CO\u2082 \u00e0 \u00eatre converti en hydrocarbures \u00e0 haute valeur ajout\u00e9e.<\/p>\n<p>Domaine de la c\u00e9ramique : Dans les c\u00e9ramiques en nitrure d\u2019aluminium, la pr\u00e9sence de CuAlO\u2082 peut r\u00e9duire la construction de la couche d\u2019interface lorsque les c\u00e9ramiques et les m\u00e9taux sont composites, am\u00e9liorer la force de liaison entre les deux et est propice \u00e0 la pr\u00e9paration de mat\u00e9riaux composites en nitrure d\u2019aluminium \u00e0 base de m\u00e9tal haute performance.<\/p>\n<h2><span style=\"font-size: 14pt;\">Contr\u00f4le qualit\u00e9<\/span><\/h2>\n<p><span style=\"color: #0000ff;\"><a style=\"color: #0000ff;\" href=\"https:\/\/vimaterial.de\/fr\/controle-qualite\/\">Chaque lot<\/a><\/span> de produits fait l\u2019objet d\u2019un processus de contr\u00f4le de qualit\u00e9 strict. Nous fournirons des \u00e9chantillons aux clients pour qu\u2019ils puissent r\u00e9inspecter chaque lot, et nous aiderons \u00e9galement les clients \u00e0 d\u00e9signer des agences de test tierces pour les tests.<\/p>\n<h2><span style=\"font-size: 14pt;\">Emballage et stockage<\/span><\/h2>\n<p>Les particules de cuivre et d&#8217;oxyde d&#8217;aluminium sont emball\u00e9es dans des sacs sous vide \u00e0 double couche ou des bouteilles sous vide.<\/p>\n<p>Les particules d&#8217;oxyde d&#8217;aluminium et de cuivre doivent \u00eatre stock\u00e9es dans un environnement sec, frais et bien ventil\u00e9, \u00e9viter l\u2019humidit\u00e9, \u00e9viter le contact avec des substances corrosives telles que les acides et les alcalis, et rester \u00e0 l\u2019\u00e9cart des temp\u00e9ratures \u00e9lev\u00e9es et des zones o\u00f9 un incendie peut se produire. Utilisez des r\u00e9cipients scell\u00e9s pour assurer la stabilit\u00e9 de ses propri\u00e9t\u00e9s physiques et chimiques.<\/p>\n","protected":false},"excerpt":{"rendered":"<p><a href=\"https:\/\/vimaterial.de\/fr\/product\/aluminate-de-cuivre-oxyde-de-cuivre-et-daluminium\/\"><span style=\"color: #0000ff;\">Aluminate de cuivre<\/span><\/a> granules solides compos\u00e9es d\u2019\u00e9l\u00e9ments de cuivre, d\u2019aluminium et d\u2019oxyg\u00e8ne. Ils ont g\u00e9n\u00e9ralement des propri\u00e9t\u00e9s chimiques stables. L\u2019apparence peut varier en fonction de facteurs tels que la proportion d\u2019ingr\u00e9dients. Ils jouent un r\u00f4le important dans de nombreux domaines tels que l\u2019\u00e9lectronique et l\u2019optique, et doivent \u00eatre correctement stock\u00e9s dans un environnement sec et \u00e0 temp\u00e9rature appropri\u00e9e pour maintenir leurs performances.<\/p>\n","protected":false},"featured_media":1003076,"comment_status":"open","ping_status":"closed","template":"","meta":{"_acf_changed":false},"product_brand":[],"product_cat":[236],"product_tag":[],"class_list":{"0":"post-1017044","1":"product","2":"type-product","3":"status-publish","4":"has-post-thumbnail","6":"product_cat-materiaux-devaporation","8":"first","9":"instock","10":"shipping-taxable","11":"product-type-variable"},"acf":[],"_links":{"self":[{"href":"https:\/\/vimaterial.de\/fr\/wp-json\/wp\/v2\/product\/1017044","targetHints":{"allow":["GET"]}}],"collection":[{"href":"https:\/\/vimaterial.de\/fr\/wp-json\/wp\/v2\/product"}],"about":[{"href":"https:\/\/vimaterial.de\/fr\/wp-json\/wp\/v2\/types\/product"}],"replies":[{"embeddable":true,"href":"https:\/\/vimaterial.de\/fr\/wp-json\/wp\/v2\/comments?post=1017044"}],"wp:featuredmedia":[{"embeddable":true,"href":"https:\/\/vimaterial.de\/fr\/wp-json\/wp\/v2\/media\/1003076"}],"wp:attachment":[{"href":"https:\/\/vimaterial.de\/fr\/wp-json\/wp\/v2\/media?parent=1017044"}],"wp:term":[{"taxonomy":"product_brand","embeddable":true,"href":"https:\/\/vimaterial.de\/fr\/wp-json\/wp\/v2\/product_brand?post=1017044"},{"taxonomy":"product_cat","embeddable":true,"href":"https:\/\/vimaterial.de\/fr\/wp-json\/wp\/v2\/product_cat?post=1017044"},{"taxonomy":"product_tag","embeddable":true,"href":"https:\/\/vimaterial.de\/fr\/wp-json\/wp\/v2\/product_tag?post=1017044"}],"curies":[{"name":"wp","href":"https:\/\/api.w.org\/{rel}","templated":true}]}}