{"id":1017033,"date":"2024-06-17T14:58:26","date_gmt":"2024-06-17T06:58:26","guid":{"rendered":"https:\/\/vimaterial.de\/product\/aluminate-de-cuivre-oxyde-de-cuivre-et-daluminium\/"},"modified":"2025-04-11T10:55:16","modified_gmt":"2025-04-11T02:55:16","slug":"aluminate-de-cuivre-oxyde-de-cuivre-et-daluminium","status":"publish","type":"product","link":"https:\/\/vimaterial.de\/fr\/product\/aluminate-de-cuivre-oxyde-de-cuivre-et-daluminium\/","title":{"rendered":"Aluminate de cuivre (oxyde d\u2019aluminium et de cuivre)"},"content":{"rendered":"<p>La cible de pulv\u00e9risation <span style=\"color: #0000ff;\"><a style=\"color: #0000ff;\" href=\"https:\/\/vimaterial.de\/fr\/product\/aluminate-de-cuivre-oxyde-de-cuivre-et-daluminium-3\/\">cathodique \u00e0 l\u2019aluminate de cuivre<\/a><\/span> est une cible compos\u00e9e de c\u00e9ramique utilis\u00e9e dans la pulv\u00e9risation cathodique magn\u00e9tron et d\u2019autres proc\u00e9d\u00e9s de rev\u00eatement. Il peut d\u00e9poser des couches minces d\u2019aluminate de cuivre sur des substrats par bombardement ionique pour r\u00e9pondre aux besoins de films de performance sp\u00e9cifiques dans les domaines de l\u2019\u00e9lectronique et de l\u2019optique.<\/p>\n<p>VIMATERIAL fournit des cibles de pulv\u00e9risation en aluminate de cuivre de haute puret\u00e9. Nous pouvons fournir des services de reliure et personnaliser les proportions du produit. Nos produits sont tr\u00e8s fiables, d\u2019excellente qualit\u00e9 et b\u00e9n\u00e9ficient d\u2019un bon service apr\u00e8s-vente. <span style=\"color: #0000ff;\"><a style=\"color: #0000ff;\" href=\"https:\/\/vimaterial.de\/fr\/contact\/\">Contactez-nous<\/a><\/span> d\u00e8s maintenant.<\/p>\n<h2><span style=\"font-size: 14pt;\">Propri\u00e9t\u00e9s physiques<\/span><\/h2>\n<p>Formule mol\u00e9culaire : CuAlO2<\/p>\n<p>Poids mol\u00e9culaire : environ 122,55<\/p>\n<p>Aspect : g\u00e9n\u00e9ralement bleu<\/p>\n<p>Densit\u00e9 : environ 5,95 g\/cm\u00b3.<\/p>\n<p>Structure cristalline : g\u00e9n\u00e9ralement trigonale<\/p>\n<h2><span style=\"font-size: 14pt;\">Applications<\/span><\/h2>\n<p>Opto\u00e9lectronique : Le CuAlO\u2082 peut \u00eatre utilis\u00e9 pour pr\u00e9parer des diodes transparentes, des transistors transparents et d\u2019autres dispositifs opto\u00e9lectroniques enti\u00e8rement transparents.<\/p>\n<p>\u00c9nergie\u00a0: En tant que mat\u00e9riau de couche d\u2019absorption des cellules solaires, il a le potentiel d\u2019am\u00e9liorer l\u2019efficacit\u00e9 de conversion des cellules solaires.<\/p>\n<p>Capteur\u00a0: Il peut \u00eatre utilis\u00e9 pour pr\u00e9parer des capteurs d\u2019ozone \u00e0 d\u00e9tecter la concentration d\u2019ozone dans l\u2019environnement.<\/p>\n<p>Thermo\u00e9lectrique : Ses bonnes performances thermo\u00e9lectriques lui conf\u00e8rent de larges perspectives d\u2019application dans le domaine de la conversion thermo\u00e9lectrique.<\/p>\n<h2><span style=\"font-size: 14pt;\">Contr\u00f4le qualit\u00e9<\/span><\/h2>\n<p><span style=\"color: #0000ff;\"><a style=\"color: #0000ff;\" href=\"https:\/\/vimaterial.de\/fr\/controle-qualite\/\">Chaque lot<\/a><\/span> de produits fait l\u2019objet d\u2019un processus de contr\u00f4le de qualit\u00e9 strict. Nous fournirons des \u00e9chantillons aux clients pour qu\u2019ils puissent r\u00e9inspecter chaque lot, et nous aiderons \u00e9galement les clients \u00e0 d\u00e9signer des agences de test tierces pour les tests.<\/p>\n<h2><span style=\"font-size: 14pt;\">Emballage et stockage<\/span><\/h2>\n<p>Les cibles de pulv\u00e9risation \u00e0 l\u2019aluminate de cuivre sont emball\u00e9es dans des sacs sous vide \u00e0 double couche ou des bo\u00eetes \u00e0 vide.<\/p>\n<p>Les cibles de pulv\u00e9risation d\u2019aluminate de cuivre doivent \u00eatre stock\u00e9es dans un environnement sec, frais et bien ventil\u00e9, \u00e9viter l\u2019humidit\u00e9, l\u2019emp\u00eacher d\u2019entrer en contact avec des substances corrosives telles que l\u2019acide et l\u2019alcalin, et tenir \u00e0 l\u2019\u00e9cart du feu et des environnements \u00e0 haute temp\u00e9rature pour assurer la stabilit\u00e9 de sa structure cristalline et de ses propri\u00e9t\u00e9s chimiques.<\/p>\n","protected":false},"excerpt":{"rendered":"<p>La cible de pulv\u00e9risation <span style=\"color: #0000ff;\"><a style=\"color: #0000ff;\" href=\"https:\/\/vimaterial.de\/fr\/product\/aluminate-de-cuivre-oxyde-de-cuivre-et-daluminium-3\/\">cathodique \u00e0 l\u2019aluminate de cuivre<\/a><\/span> est une cible compos\u00e9e de c\u00e9ramique utilis\u00e9e dans la pulv\u00e9risation cathodique magn\u00e9tron et d\u2019autres proc\u00e9d\u00e9s de rev\u00eatement. Il peut d\u00e9poser des couches minces d\u2019aluminate de cuivre sur des substrats par bombardement ionique pour r\u00e9pondre aux besoins de films de performance sp\u00e9cifiques dans les domaines de l\u2019\u00e9lectronique et de l\u2019optique.<\/p>\n<p>VIMATERIAL fournit des cibles de pulv\u00e9risation en aluminate de cuivre de haute puret\u00e9. Nous pouvons fournir des services de reliure et personnaliser les proportions du produit. Nos produits sont tr\u00e8s fiables, d\u2019excellente qualit\u00e9 et b\u00e9n\u00e9ficient d\u2019un bon service apr\u00e8s-vente. <span style=\"color: #0000ff;\"><a style=\"color: #0000ff;\" href=\"https:\/\/vimaterial.de\/fr\/contact\/\">Contactez-nous<\/a><\/span> d\u00e8s maintenant.<\/p>\n","protected":false},"featured_media":1003076,"comment_status":"open","ping_status":"closed","template":"","meta":{"_acf_changed":false},"product_brand":[],"product_cat":[235],"product_tag":[],"class_list":{"0":"post-1017033","1":"product","2":"type-product","3":"status-publish","4":"has-post-thumbnail","6":"product_cat-cibles-de-pulverisation-planaire","8":"first","9":"instock","10":"shipping-taxable","11":"product-type-variable"},"acf":[],"_links":{"self":[{"href":"https:\/\/vimaterial.de\/fr\/wp-json\/wp\/v2\/product\/1017033","targetHints":{"allow":["GET"]}}],"collection":[{"href":"https:\/\/vimaterial.de\/fr\/wp-json\/wp\/v2\/product"}],"about":[{"href":"https:\/\/vimaterial.de\/fr\/wp-json\/wp\/v2\/types\/product"}],"replies":[{"embeddable":true,"href":"https:\/\/vimaterial.de\/fr\/wp-json\/wp\/v2\/comments?post=1017033"}],"wp:featuredmedia":[{"embeddable":true,"href":"https:\/\/vimaterial.de\/fr\/wp-json\/wp\/v2\/media\/1003076"}],"wp:attachment":[{"href":"https:\/\/vimaterial.de\/fr\/wp-json\/wp\/v2\/media?parent=1017033"}],"wp:term":[{"taxonomy":"product_brand","embeddable":true,"href":"https:\/\/vimaterial.de\/fr\/wp-json\/wp\/v2\/product_brand?post=1017033"},{"taxonomy":"product_cat","embeddable":true,"href":"https:\/\/vimaterial.de\/fr\/wp-json\/wp\/v2\/product_cat?post=1017033"},{"taxonomy":"product_tag","embeddable":true,"href":"https:\/\/vimaterial.de\/fr\/wp-json\/wp\/v2\/product_tag?post=1017033"}],"curies":[{"name":"wp","href":"https:\/\/api.w.org\/{rel}","templated":true}]}}