{"id":1017009,"date":"2024-06-17T14:58:26","date_gmt":"2024-06-17T06:58:26","guid":{"rendered":"https:\/\/vimaterial.de\/product\/chlorure-de-cuivre-2\/"},"modified":"2024-09-24T11:11:53","modified_gmt":"2024-09-24T03:11:53","slug":"chlorure-de-cuivre-2","status":"publish","type":"product","link":"https:\/\/vimaterial.de\/fr\/product\/chlorure-de-cuivre-2\/","title":{"rendered":"Chlorure de cuivre"},"content":{"rendered":"<p>Caract\u00e9ristiques<\/p>\n<p>Chimique Formule\u00a0:CuCl<\/p>\n<p>Colcr\u00a0: Blanc ou jaune p\u00e2le<\/p>\n<p>Poids mol\u00e9culaire\u00a0: 99.0 g\/mol<\/p>\n<p>Solubilit\u00e9\u00a0:Le chlorure de cuivre est moins soluble dans l\u2019eau mais se dissout bien dans l\u2019acide chlorhydrique concentr\u00e9.<\/p>\n<p>Stabilit\u00e9 thermique\u00a0: Le chlorure de cuivre peut s\u2019oxyder dans l\u2019air pour former du chlorure de cuivre (II).<\/p>\n<p>Propri\u00e9t\u00e9s oxydantes et r\u00e9ductrices :Le chlorure de cuivre est souvent utilis\u00e9 comme agent r\u00e9ducteur dans les r\u00e9actions chimiques.<\/p>\n<p>Applications<\/p>\n<p>Catalyseur en synth\u00e8se organique<br \/>\nCucl est utilis\u00e9 dans les r\u00e9actions de type Ullmann, facilitant la formation de liaisons carbone-carbone ou carbone-h\u00e9t\u00e9roatome. Il est souvent utilis\u00e9 dans la synth\u00e8se de compos\u00e9s biaryles, d&#8217;\u00e9thers et d&#8217;autres compos\u00e9s organiques.<\/p>\n<p>Fabrication de chlorure de vinyle<br \/>\nCuCl est un catalyseur dans la production de chlorure de vinyle \u00e0 partir d&#8217;ac\u00e9tyl\u00e8ne. Le chlorure de vinyle est un monom\u00e8re cl\u00e9 utilis\u00e9 dans la fabrication du PVC (polychlorure de vinyle), un mat\u00e9riau plastique important.<\/p>\n<p>Photographie<br \/>\nCuCl a toujours \u00e9t\u00e9 utilis\u00e9 dans les proc\u00e9d\u00e9s photographiques. Il \u00e9tait utilis\u00e9 dans les \u00e9mulsions photographiques pour produire des effets sp\u00e9cifiques ou dans les proc\u00e9d\u00e9s de virage pour modifier les couleurs de l&#8217;image.<\/p>\n<p>Synth\u00e8se chimique inorganique<br \/>\nIl est utilis\u00e9 dans la pr\u00e9paration d&#8217;autres compos\u00e9s de cuivre, en particulier le cyanure de cuivre (I) (CuCN), qui est largement utilis\u00e9 dans les proc\u00e9d\u00e9s de galvanoplastie et de raffinage des m\u00e9taux.<\/p>\n<p>D\u00e9sulfuration des flux gazeux<br \/>\n-Le chlorure de cuivre (I) peut \u00eatre utilis\u00e9 dans les \u00e9purateurs de gaz pour \u00e9liminer le sulfure d&#8217;hydrog\u00e8ne (H\u2082S) du gaz naturel ou des gaz industriels. Ce proc\u00e9d\u00e9 emp\u00eache la corrosion et la lib\u00e9ration de H\u2082S toxique dans l&#8217;environnement.<\/p>\n<p>Encres conductrices<br \/>\nLe chlorure cuivreux est parfois utilis\u00e9 dans le d\u00e9veloppement d&#8217;encres conductrices, qui sont appliqu\u00e9es en \u00e9lectronique, en particulier dans les circuits imprim\u00e9s (PCB).<\/p>\n<p>Inhibiteur de corrosion<br \/>\nLe CuCl est utilis\u00e9 comme inhibiteur de corrosion dans certaines applications m\u00e9tallurgiques, prot\u00e9geant l&#8217;acier et d&#8217;autres m\u00e9taux de l&#8217;oxydation dans des environnements corrosifs.<\/p>\n<p>Verre et c\u00e9ramique<br \/>\nLe chlorure de cuivre (I) est utilis\u00e9 pour donner une couleur bleu-vert au verre et aux mat\u00e9riaux c\u00e9ramiques. Il agit comme colorant dans la production de vitraux, de gla\u00e7ures c\u00e9ramiques et de mat\u00e9riaux similaires.<\/p>\n<p>Pr\u00e9servation du bois<br \/>\nLe chlorure cuivreux est utilis\u00e9 dans certaines techniques de pr\u00e9servation du bois, agissant comme fongicide et pesticide pour prot\u00e9ger le bois de la pourriture et des dommages caus\u00e9s par les insectes.<\/p>\n<p>Galvanoplastie<br \/>\nLe CuCl est parfois utilis\u00e9 dans l&#8217;industrie de la galvanoplastie, pour permettre le d\u00e9p\u00f4t de fines couches de cuivre sur des surfaces afin d&#8217;obtenir une r\u00e9sistance \u00e0 la corrosion ou des finitions d\u00e9coratives.<\/p>\n<p>Ces applications exploitent les propri\u00e9t\u00e9s du chlorure de cuivre (I) comme catalyseur, agent r\u00e9ducteur et pigment, ce qui en fait un mat\u00e9riau pr\u00e9cieux dans divers secteurs industriels.<\/p>\n","protected":false},"excerpt":{"rendered":"<p><strong>La poudre de chlorure de cuivre<\/strong> fait r\u00e9f\u00e9rence au <strong>chlorure de cuivre(I) (CuCl)<\/strong> ou au <strong>chlorure de cuivre(II) (CuCl\u2082),<\/strong> chacun ayant des propri\u00e9t\u00e9s et des utilisations distinctes.<br \/>\nLes deux sont disponibles sous forme de poudres fines et sont couramment utilis\u00e9s dans diverses industries.<\/p>\n<h3><\/h3>\n","protected":false},"featured_media":1003097,"comment_status":"open","ping_status":"closed","template":"","meta":{"_acf_changed":false},"product_brand":[],"product_cat":[239],"product_tag":[],"class_list":{"0":"post-1017009","1":"product","2":"type-product","3":"status-publish","4":"has-post-thumbnail","6":"product_cat-materiaux-halogenes","8":"first","9":"instock","10":"shipping-taxable","11":"purchasable","12":"product-type-variable"},"acf":[],"_links":{"self":[{"href":"https:\/\/vimaterial.de\/fr\/wp-json\/wp\/v2\/product\/1017009","targetHints":{"allow":["GET"]}}],"collection":[{"href":"https:\/\/vimaterial.de\/fr\/wp-json\/wp\/v2\/product"}],"about":[{"href":"https:\/\/vimaterial.de\/fr\/wp-json\/wp\/v2\/types\/product"}],"replies":[{"embeddable":true,"href":"https:\/\/vimaterial.de\/fr\/wp-json\/wp\/v2\/comments?post=1017009"}],"wp:featuredmedia":[{"embeddable":true,"href":"https:\/\/vimaterial.de\/fr\/wp-json\/wp\/v2\/media\/1003097"}],"wp:attachment":[{"href":"https:\/\/vimaterial.de\/fr\/wp-json\/wp\/v2\/media?parent=1017009"}],"wp:term":[{"taxonomy":"product_brand","embeddable":true,"href":"https:\/\/vimaterial.de\/fr\/wp-json\/wp\/v2\/product_brand?post=1017009"},{"taxonomy":"product_cat","embeddable":true,"href":"https:\/\/vimaterial.de\/fr\/wp-json\/wp\/v2\/product_cat?post=1017009"},{"taxonomy":"product_tag","embeddable":true,"href":"https:\/\/vimaterial.de\/fr\/wp-json\/wp\/v2\/product_tag?post=1017009"}],"curies":[{"name":"wp","href":"https:\/\/api.w.org\/{rel}","templated":true}]}}