{"id":1016988,"date":"2024-09-24T13:21:29","date_gmt":"2024-09-24T05:21:29","guid":{"rendered":"https:\/\/vimaterial.de\/product\/chlorure-de-cuivre\/"},"modified":"2025-02-06T11:08:57","modified_gmt":"2025-02-06T03:08:57","slug":"chlorure-de-cuivre","status":"publish","type":"product","link":"https:\/\/vimaterial.de\/fr\/product\/chlorure-de-cuivre\/","title":{"rendered":"Chlorure de cuivre"},"content":{"rendered":"<p><span style=\"color: #0000ff;\"><a style=\"color: #0000ff;\" href=\"https:\/\/vimaterial.de\/fr\/product\/chlorure-de-cuivre-2\/\">La poudre de chlorure de cuivre<\/a> <\/span>est d\u2019une couleur brun jaun\u00e2tre, facilement soluble dans l\u2019eau, l\u2019\u00e9thanol et le m\u00e9thanol, la solution aqueuse est de couleur bleue, facilement d\u00e9liquescente \u00e0 l\u2019air humide, facilement alt\u00e9r\u00e9e \u00e0 l\u2019air sec, principalement utilis\u00e9e dans les pigments, les produits pharmaceutiques, l\u2019industrie du placage, les r\u00e9actifs analytiques et d\u2019autres domaines.<\/p>\n<p>VIMATERIAL est une entreprise d\u2019innovation chimique de pointe, sp\u00e9cialis\u00e9e dans les mat\u00e9riaux haute performance pour les applications d\u2019ing\u00e9nierie avanc\u00e9es. Nos produits se caract\u00e9risent par une grande puret\u00e9, des performances stables, une prise en charge des commandes de petits lots, un stock suffisant et des d\u00e9lais de livraison courts. Nous prenons \u00e9galement en charge le service de liaison de cible et acceptons toute personnalisation et exp\u00e9rimentation de produit, veuillez <span style=\"color: #0000ff;\"><a style=\"color: #0000ff;\" href=\"https:\/\/vimaterial.de\/fr\/a-propos-de-nous\/\">nous contacter<\/a><\/span> si vous avez besoin de quoi que ce soit.<\/p>\n<h2><span style=\"font-size: 14pt;\">Caract\u00e9ristiques<\/span><\/h2>\n<p>Formule mol\u00e9culaire : CuCl\u2082<\/p>\n<p>Poids mol\u00e9culaire : 134,45<\/p>\n<p>Densit\u00e9 : environ 3,386 g\/cm\u00b3.<\/p>\n<p>Point de fusion : environ 620\u00b0C<\/p>\n<p>Point d\u2019\u00e9bullition : environ 993\u00b0C (se d\u00e9composera \u00e0 cette temp\u00e9rature)<\/p>\n<p>Structure cristalline : Structure en couches, les atomes de cuivre sont coordonn\u00e9s avec six atomes de chlore pour former une configuration octa\u00e9drique, les couches interagissent les unes avec les autres par de faibles forces de van der Waals.<\/p>\n<h2><span style=\"font-size: 14pt;\">Applications<\/span><\/h2>\n<p>Industrie chimique\u00a0: La poudre de chlorure de cuivre peut \u00eatre utilis\u00e9e comme catalyseur pour de nombreuses r\u00e9actions de synth\u00e8se organique, par exemple utilis\u00e9e pour catalyser la r\u00e9action d\u2019oxydation des ol\u00e9fines afin d\u2019am\u00e9liorer l\u2019efficacit\u00e9 et la s\u00e9lectivit\u00e9 de la r\u00e9action.<\/p>\n<p>Industrie de la galvanoplastie\u00a0: En tant que composant important de la solution de placage dans la galvanoplastie, il peut former une couche de placage de cuivre uniforme et dense sur la surface m\u00e9tallique, am\u00e9liorant la r\u00e9sistance \u00e0 la corrosion et les propri\u00e9t\u00e9s d\u00e9coratives du m\u00e9tal.<\/p>\n<p>Mat\u00e9riau de la batterie : Il est utilis\u00e9 comme mat\u00e9riau d\u2019anode ou additif dans certains syst\u00e8mes de batterie, ce qui contribue \u00e0 am\u00e9liorer les performances de charge et de d\u00e9charge et la stabilit\u00e9 du cycle de la batterie.<\/p>\n<h2><span style=\"font-size: 14pt;\">Contr\u00f4le de la qualit\u00e9<\/span><\/h2>\n<p><span style=\"color: #0000ff;\"><a style=\"color: #0000ff;\" href=\"https:\/\/vimaterial.de\/fr\/controle-qualite\/\">Nos produits<\/a><\/span> sont soumis \u00e0 un syst\u00e8me strict de gestion de la qualit\u00e9. Des mat\u00e9riaux entrants, du traitement, de l\u2019inspection finale \u00e0 l\u2019inspection de l\u2019usine, il existe des normes d\u2019inspection strictes. Des mesures d\u2019isolement strictes sont prises pour le traitement non qualifi\u00e9 afin d\u2019\u00e9viter que les produits non qualifi\u00e9s ne passent au processus suivant. Selon les exigences du client, nous fournissons des \u00e9chantillons pour la r\u00e9inspection du client.<\/p>\n<h2><span style=\"font-size: 14pt;\">Emballage et stockage<\/span><\/h2>\n<p>La poudre de chlorure de cuivre est emball\u00e9e dans un sac sous vide \u00e0 double couche ou une bouteille sous vide \u00e0 double couche avec carton ext\u00e9rieur.<\/p>\n<p>La poudre de chlorure de cuivre doit \u00eatre stock\u00e9e dans un entrep\u00f4t frais, sec et bien ventil\u00e9, \u00e0 l\u2019abri du feu, de la chaleur et des alcalis, des produits chimiques comestibles, etc., un stockage s\u00e9par\u00e9, un stockage ne pas m\u00e9langer et un emballage scell\u00e9 pour \u00e9viter l\u2019humidit\u00e9 et la d\u00e9t\u00e9rioration.<\/p>\n","protected":false},"excerpt":{"rendered":"<p><span style=\"color: #0000ff;\"><a style=\"color: #0000ff;\" href=\"https:\/\/vimaterial.de\/fr\/product\/chlorure-de-cuivre-2\/\">La poudre de chlorure de cuivre<\/a> <\/span>est d\u2019une couleur brun jaun\u00e2tre, facilement soluble dans l\u2019eau, l\u2019\u00e9thanol et le m\u00e9thanol, la solution aqueuse est de couleur bleue, facilement d\u00e9liquescente \u00e0 l\u2019air humide, facilement alt\u00e9r\u00e9e \u00e0 l\u2019air sec, principalement utilis\u00e9e dans les pigments, les produits pharmaceutiques, l\u2019industrie du placage, les r\u00e9actifs analytiques et d\u2019autres domaines.<\/p>\n","protected":false},"featured_media":1003105,"comment_status":"open","ping_status":"closed","template":"","meta":{"_acf_changed":false},"product_brand":[],"product_cat":[239],"product_tag":[],"class_list":{"0":"post-1016988","1":"product","2":"type-product","3":"status-publish","4":"has-post-thumbnail","6":"product_cat-materiaux-halogenes","8":"first","9":"instock","10":"shipping-taxable","11":"product-type-variable"},"acf":[],"_links":{"self":[{"href":"https:\/\/vimaterial.de\/fr\/wp-json\/wp\/v2\/product\/1016988","targetHints":{"allow":["GET"]}}],"collection":[{"href":"https:\/\/vimaterial.de\/fr\/wp-json\/wp\/v2\/product"}],"about":[{"href":"https:\/\/vimaterial.de\/fr\/wp-json\/wp\/v2\/types\/product"}],"replies":[{"embeddable":true,"href":"https:\/\/vimaterial.de\/fr\/wp-json\/wp\/v2\/comments?post=1016988"}],"wp:featuredmedia":[{"embeddable":true,"href":"https:\/\/vimaterial.de\/fr\/wp-json\/wp\/v2\/media\/1003105"}],"wp:attachment":[{"href":"https:\/\/vimaterial.de\/fr\/wp-json\/wp\/v2\/media?parent=1016988"}],"wp:term":[{"taxonomy":"product_brand","embeddable":true,"href":"https:\/\/vimaterial.de\/fr\/wp-json\/wp\/v2\/product_brand?post=1016988"},{"taxonomy":"product_cat","embeddable":true,"href":"https:\/\/vimaterial.de\/fr\/wp-json\/wp\/v2\/product_cat?post=1016988"},{"taxonomy":"product_tag","embeddable":true,"href":"https:\/\/vimaterial.de\/fr\/wp-json\/wp\/v2\/product_tag?post=1016988"}],"curies":[{"name":"wp","href":"https:\/\/api.w.org\/{rel}","templated":true}]}}