{"id":1016941,"date":"2024-06-17T15:09:13","date_gmt":"2024-06-17T07:09:13","guid":{"rendered":"https:\/\/vimaterial.de\/product\/seleniure-de-gallium-3\/"},"modified":"2024-07-12T11:59:08","modified_gmt":"2024-07-12T03:59:08","slug":"seleniure-de-gallium-3","status":"publish","type":"product","link":"https:\/\/vimaterial.de\/fr\/product\/seleniure-de-gallium-3\/","title":{"rendered":"S\u00e9l\u00e9niure de gallium"},"content":{"rendered":"<p>Caract\u00e9ristiqueLe s\u00e9l\u00e9niure de gallium(II) (GaSe) est un compos\u00e9 chimique. Il a une structure de couche hexagonale, similaire \u00e0 celle du GaS. Il s\u2019agit d\u2019un photoconducteur, d\u2019un cristal de g\u00e9n\u00e9ration de seconde harmonique dans l\u2019optique non lin\u00e9aire, et a \u00e9t\u00e9 utilis\u00e9 comme mat\u00e9riau de conversion infrarouge lointain \u00e0 14-31 THz et plus. Formule chimique&nbsp;:GaMasse molaire&nbsp;:148,69 g\/molApparence&nbsp;:solide brunDensit\u00e9&nbsp;:5,03 g\/cm3Point de fusion&nbsp;:960 \u00b0C (1 760 \u00b0F&nbsp;; 1 230 K)\u00c9cart de bande&nbsp;:2,1 eV (indirect)Indice de r\u00e9fraction (nD)&nbsp;:2.6Structure cristalline&nbsp;:hexagonale, hP8ApplicationOn dit qu\u2019elle a un potentiel pour des applications optiques, mais l\u2019exploitation de ce potentiel a \u00e9t\u00e9 limit\u00e9e par la capacit\u00e9 de d\u00e9velopper facilement des monocristaux Les cristaux de s\u00e9l\u00e9niure de gallium sont tr\u00e8s prometteurs en tant que mat\u00e9riau optique non lin\u00e9aire et photoconducteur. Il existe plusieurs m\u00e9thodes de conversion de fr\u00e9quence utilisant des mat\u00e9riaux optiques non lin\u00e9aires. La deuxi\u00e8me g\u00e9n\u00e9ration d\u2019harmoniques conduit au doublement de la fr\u00e9quence des lasers infrarouges \u00e0 dioxyde de carbone. Les couches uniques de s\u00e9l\u00e9niure de gallium sont des semi-conducteurs bidimensionnels dynamiquement stables, dans lesquels la bande de valence a une forme de chapeau mexicain invers\u00e9, conduisant \u00e0 une transition de Lifshitz \u00e0 mesure que le dopage est augment\u00e9.<\/p>\n","protected":false},"excerpt":{"rendered":"<p>Caract\u00e9ristiqueLe s\u00e9l\u00e9niure de gallium(II) (GaSe) est un compos\u00e9 chimique. Il a une structure de couche hexagonale, similaire \u00e0 celle du GaS. Il s\u2019agit d\u2019un photoconducteur, d\u2019un cristal de g\u00e9n\u00e9ration de seconde harmonique dans l\u2019optique non lin\u00e9aire, et a \u00e9t\u00e9 utilis\u00e9 comme mat\u00e9riau de conversion infrarouge lointain \u00e0 14-31 THz et plus. Formule chimique&nbsp;:GaMasse molaire&nbsp;:148,69 g\/molApparence&nbsp;:solide [&hellip;]<\/p>\n","protected":false},"featured_media":1004092,"comment_status":"open","ping_status":"closed","template":"","meta":{"_acf_changed":false},"product_brand":[],"product_cat":[238],"product_tag":[],"class_list":{"0":"post-1016941","1":"product","2":"type-product","3":"status-publish","4":"has-post-thumbnail","6":"product_cat-materiaux-de-chalcogenure","8":"first","9":"instock","10":"shipping-taxable","11":"product-type-variable"},"acf":[],"_links":{"self":[{"href":"https:\/\/vimaterial.de\/fr\/wp-json\/wp\/v2\/product\/1016941","targetHints":{"allow":["GET"]}}],"collection":[{"href":"https:\/\/vimaterial.de\/fr\/wp-json\/wp\/v2\/product"}],"about":[{"href":"https:\/\/vimaterial.de\/fr\/wp-json\/wp\/v2\/types\/product"}],"replies":[{"embeddable":true,"href":"https:\/\/vimaterial.de\/fr\/wp-json\/wp\/v2\/comments?post=1016941"}],"wp:featuredmedia":[{"embeddable":true,"href":"https:\/\/vimaterial.de\/fr\/wp-json\/wp\/v2\/media\/1004092"}],"wp:attachment":[{"href":"https:\/\/vimaterial.de\/fr\/wp-json\/wp\/v2\/media?parent=1016941"}],"wp:term":[{"taxonomy":"product_brand","embeddable":true,"href":"https:\/\/vimaterial.de\/fr\/wp-json\/wp\/v2\/product_brand?post=1016941"},{"taxonomy":"product_cat","embeddable":true,"href":"https:\/\/vimaterial.de\/fr\/wp-json\/wp\/v2\/product_cat?post=1016941"},{"taxonomy":"product_tag","embeddable":true,"href":"https:\/\/vimaterial.de\/fr\/wp-json\/wp\/v2\/product_tag?post=1016941"}],"curies":[{"name":"wp","href":"https:\/\/api.w.org\/{rel}","templated":true}]}}